{"id":20369,"date":"2022-08-16T19:12:39","date_gmt":"2022-08-16T23:12:39","guid":{"rendered":"https:\/\/test-inca-link.pantheonsite.io\/?page_id=20369"},"modified":"2025-05-30T15:03:51","modified_gmt":"2025-05-30T19:03:51","slug":"latino-intern-scholarship-fund","status":"publish","type":"page","link":"https:\/\/www.incalink.org\/es\/donate\/latino-intern-scholarship-fund","title":{"rendered":"Fondo de Becas para Pasantes Latinos"},"content":{"rendered":"<div data-elementor-type=\"wp-page\" data-elementor-id=\"20369\" class=\"elementor elementor-20369\" data-elementor-post-type=\"page\">\n\t\t\t\t\t\t<section class=\"elementor-section elementor-top-section elementor-element elementor-element-45875a5b elementor-section-full_width elementor-section-height-min-height elementor-section-content-middle elementor-section-height-default elementor-section-items-middle\" data-id=\"45875a5b\" data-element_type=\"section\" data-e-type=\"section\" data-settings=\"{&quot;background_background&quot;:&quot;classic&quot;}\">\n\t\t\t\t\t\t<div class=\"elementor-container elementor-column-gap-default\">\n\t\t\t\t\t<div class=\"elementor-column elementor-col-100 elementor-top-column elementor-element elementor-element-52b4b041\" data-id=\"52b4b041\" data-element_type=\"column\" data-e-type=\"column\">\n\t\t\t<div class=\"elementor-widget-wrap elementor-element-populated\">\n\t\t\t\t\t\t\t<\/div>\n\t\t<\/div>\n\t\t\t\t\t<\/div>\n\t\t<\/section>\n\t\t\t\t<section class=\"elementor-section elementor-top-section elementor-element elementor-element-191dd45b elementor-section-boxed elementor-section-height-default elementor-section-height-default\" data-id=\"191dd45b\" data-element_type=\"section\" data-e-type=\"section\">\n\t\t\t\t\t\t<div class=\"elementor-container elementor-column-gap-wide\">\n\t\t\t\t\t<div class=\"elementor-column elementor-col-50 elementor-top-column elementor-element elementor-element-73c96a9b\" data-id=\"73c96a9b\" data-element_type=\"column\" data-e-type=\"column\">\n\t\t\t<div class=\"elementor-widget-wrap elementor-element-populated\">\n\t\t\t\t\t\t<div class=\"elementor-element elementor-element-51aab214 elementor-widget elementor-widget-image\" data-id=\"51aab214\" data-element_type=\"widget\" data-e-type=\"widget\" data-widget_type=\"image.default\">\n\t\t\t\t<div class=\"elementor-widget-container\">\n\t\t\t\t\t\t\t\t\t\t\t\t\t\t\t<img fetchpriority=\"high\" decoding=\"async\" width=\"512\" height=\"512\" src=\"https:\/\/www.incalink.org\/wp-content\/uploads\/2022\/04\/ILI-Favicon_Gray-01-1.svg\" class=\"attachment-large size-large wp-image-242\" alt=\"\" \/>\t\t\t\t\t\t\t\t\t\t\t\t\t\t\t<\/div>\n\t\t\t\t<\/div>\n\t\t\t\t\t<\/div>\n\t\t<\/div>\n\t\t\t\t<div class=\"elementor-column elementor-col-50 elementor-top-column elementor-element elementor-element-159df316\" data-id=\"159df316\" data-element_type=\"column\" data-e-type=\"column\">\n\t\t\t<div class=\"elementor-widget-wrap elementor-element-populated\">\n\t\t\t\t\t\t<div class=\"elementor-element elementor-element-4e56264 elementor-widget elementor-widget-heading\" data-id=\"4e56264\" data-element_type=\"widget\" data-e-type=\"widget\" data-widget_type=\"heading.default\">\n\t\t\t\t<div class=\"elementor-widget-container\">\n\t\t\t\t\t<h2 class=\"elementor-heading-title elementor-size-default\">Proyecto Especial del Ministerio<\/h2>\t\t\t\t<\/div>\n\t\t\t\t<\/div>\n\t\t\t\t<div class=\"elementor-element elementor-element-4b0664cf elementor-widget elementor-widget-text-editor\" data-id=\"4b0664cf\" data-element_type=\"widget\" data-e-type=\"widget\" data-widget_type=\"text-editor.default\">\n\t\t\t\t<div class=\"elementor-widget-container\">\n\t\t\t\t\t\t\t\t\t<p>Este fondo apoya a los pasantes latinoamericanos que necesitan asistencia con la recaudaci\u00f3n de fondos.<\/p>\t\t\t\t\t\t\t\t<\/div>\n\t\t\t\t<\/div>\n\t\t\t\t\t<\/div>\n\t\t<\/div>\n\t\t\t\t\t<\/div>\n\t\t<\/section>\n\t\t\t\t<section class=\"elementor-section elementor-top-section elementor-element elementor-element-347e2dfc elementor-section-boxed elementor-section-height-default elementor-section-height-default\" data-id=\"347e2dfc\" data-element_type=\"section\" data-e-type=\"section\">\n\t\t\t\t\t\t<div class=\"elementor-container elementor-column-gap-default\">\n\t\t\t\t\t<div class=\"elementor-column elementor-col-100 elementor-top-column elementor-element elementor-element-3dcb61a4\" data-id=\"3dcb61a4\" data-element_type=\"column\" data-e-type=\"column\">\n\t\t\t<div class=\"elementor-widget-wrap elementor-element-populated\">\n\t\t\t\t\t\t<div class=\"elementor-element elementor-element-cface23 elementor-widget elementor-widget-menu-anchor\" data-id=\"cface23\" data-element_type=\"widget\" data-e-type=\"widget\" data-widget_type=\"menu-anchor.default\">\n\t\t\t\t<div class=\"elementor-widget-container\">\n\t\t\t\t\t\t\t<div class=\"elementor-menu-anchor\" id=\"how-to-support\"><\/div>\n\t\t\t\t\t\t<\/div>\n\t\t\t\t<\/div>\n\t\t\t\t<div class=\"elementor-element elementor-element-55408482 elementor-widget elementor-widget-heading\" data-id=\"55408482\" data-element_type=\"widget\" data-e-type=\"widget\" data-widget_type=\"heading.default\">\n\t\t\t\t<div class=\"elementor-widget-container\">\n\t\t\t\t\t<h2 class=\"elementor-heading-title elementor-size-default\">C\u00f3mo Apoyar Este Proyecto Especial<\/h2>\t\t\t\t<\/div>\n\t\t\t\t<\/div>\n\t\t\t\t<div class=\"elementor-element elementor-element-744f7820 elementor-widget-divider--view-line elementor-widget elementor-widget-divider\" data-id=\"744f7820\" data-element_type=\"widget\" data-e-type=\"widget\" data-widget_type=\"divider.default\">\n\t\t\t\t<div class=\"elementor-widget-container\">\n\t\t\t\t\t\t\t<div class=\"elementor-divider\">\n\t\t\t<span class=\"elementor-divider-separator\">\n\t\t\t\t\t\t<\/span>\n\t\t<\/div>\n\t\t\t\t\t\t<\/div>\n\t\t\t\t<\/div>\n\t\t\t\t\t<\/div>\n\t\t<\/div>\n\t\t\t\t\t<\/div>\n\t\t<\/section>\n\t\t\t\t<section class=\"elementor-section elementor-top-section elementor-element elementor-element-531089cb elementor-section-boxed elementor-section-height-default elementor-section-height-default\" data-id=\"531089cb\" data-element_type=\"section\" data-e-type=\"section\">\n\t\t\t\t\t\t<div class=\"elementor-container elementor-column-gap-default\">\n\t\t\t\t\t<div class=\"elementor-column elementor-col-50 elementor-top-column elementor-element elementor-element-47bec979\" data-id=\"47bec979\" data-element_type=\"column\" data-e-type=\"column\">\n\t\t\t<div class=\"elementor-widget-wrap elementor-element-populated\">\n\t\t\t\t\t\t<div class=\"elementor-element elementor-element-623cbdf9 elementor-widget elementor-widget-heading\" data-id=\"623cbdf9\" data-element_type=\"widget\" data-e-type=\"widget\" data-widget_type=\"heading.default\">\n\t\t\t\t<div class=\"elementor-widget-container\">\n\t\t\t\t\t<h3 class=\"elementor-heading-title elementor-size-default\">Donar Via Cheque<\/h3>\t\t\t\t<\/div>\n\t\t\t\t<\/div>\n\t\t\t\t<div class=\"elementor-element elementor-element-5b2c249f elementor-widget elementor-widget-text-editor\" data-id=\"5b2c249f\" data-element_type=\"widget\" data-e-type=\"widget\" data-widget_type=\"text-editor.default\">\n\t\t\t\t<div class=\"elementor-widget-container\">\n\t\t\t\t\t\t\t\t\t<p>Env\u00ede un cheque a nombre de Inca Link International, P.O. Box 1321, Boone, NC 28607. Escriba \u201cFondo de Becas para Pasantes Latinos\u201d en la nota del cheque.&nbsp;<\/p>\t\t\t\t\t\t\t\t<\/div>\n\t\t\t\t<\/div>\n\t\t\t\t\t<\/div>\n\t\t<\/div>\n\t\t\t\t<div class=\"elementor-column elementor-col-50 elementor-top-column elementor-element elementor-element-36096474\" data-id=\"36096474\" data-element_type=\"column\" data-e-type=\"column\">\n\t\t\t<div class=\"elementor-widget-wrap elementor-element-populated\">\n\t\t\t\t\t\t<div class=\"elementor-element elementor-element-3548410e elementor-widget elementor-widget-heading\" data-id=\"3548410e\" data-element_type=\"widget\" data-e-type=\"widget\" data-widget_type=\"heading.default\">\n\t\t\t\t<div class=\"elementor-widget-container\">\n\t\t\t\t\t<h3 class=\"elementor-heading-title elementor-size-default\">Donar via plataforma digital<\/h3>\t\t\t\t<\/div>\n\t\t\t\t<\/div>\n\t\t\t\t<div class=\"elementor-element elementor-element-1e405504 elementor-widget elementor-widget-text-editor\" data-id=\"1e405504\" data-element_type=\"widget\" data-e-type=\"widget\" data-widget_type=\"text-editor.default\">\n\t\t\t\t<div class=\"elementor-widget-container\">\n\t\t\t\t\t\t\t\t\t<p>Utilice el siguiente formulario para personalizar y confirmar su donaci\u00f3n mensual o \u00fanica.<\/p>\t\t\t\t\t\t\t\t<\/div>\n\t\t\t\t<\/div>\n\t\t\t\t\t<\/div>\n\t\t<\/div>\n\t\t\t\t\t<\/div>\n\t\t<\/section>\n\t\t\t\t<section class=\"elementor-section elementor-top-section elementor-element elementor-element-62101e64 elementor-section-boxed elementor-section-height-default elementor-section-height-default\" data-id=\"62101e64\" data-element_type=\"section\" data-e-type=\"section\">\n\t\t\t\t\t\t<div class=\"elementor-container elementor-column-gap-default\">\n\t\t\t\t\t<div class=\"elementor-column elementor-col-100 elementor-top-column elementor-element elementor-element-3e3e5044\" data-id=\"3e3e5044\" data-element_type=\"column\" data-e-type=\"column\">\n\t\t\t<div class=\"elementor-widget-wrap elementor-element-populated\">\n\t\t\t\t\t\t<div class=\"elementor-element elementor-element-1fbb92e elementor-widget elementor-widget-html\" data-id=\"1fbb92e\" data-element_type=\"widget\" data-e-type=\"widget\" data-widget_type=\"html.default\">\n\t\t\t\t<div class=\"elementor-widget-container\">\n\t\t\t\t\t<script src=\"https:\/\/raisedonorsprod.azureedge.net\/embed\/embed.js\"\n                        data-rd=\"110276a2-a49b-4fc7-83d2-bf16ae3bca5b\"\n                        data-organizationId=\"41115\">\n                        <\/script>\t\t\t\t<\/div>\n\t\t\t\t<\/div>\n\t\t\t\t\t<\/div>\n\t\t<\/div>\n\t\t\t\t\t<\/div>\n\t\t<\/section>\n\t\t\t\t<section class=\"elementor-section elementor-top-section elementor-element elementor-element-0cd51b6 elementor-section-boxed elementor-section-height-default elementor-section-height-default\" data-id=\"0cd51b6\" data-element_type=\"section\" data-e-type=\"section\">\n\t\t\t\t\t\t<div class=\"elementor-container elementor-column-gap-default\">\n\t\t\t\t\t<div class=\"elementor-column elementor-col-100 elementor-top-column elementor-element elementor-element-b1c751b\" data-id=\"b1c751b\" data-element_type=\"column\" data-e-type=\"column\">\n\t\t\t<div class=\"elementor-widget-wrap elementor-element-populated\">\n\t\t\t\t\t\t<div class=\"elementor-element elementor-element-46ce0b9 elementor-widget elementor-widget-text-editor\" data-id=\"46ce0b9\" data-element_type=\"widget\" data-e-type=\"widget\" data-widget_type=\"text-editor.default\">\n\t\t\t\t<div class=\"elementor-widget-container\">\n\t\t\t\t\t\t\t\t\t<p>Inca Link International, Inc. es una organizaci\u00f3n 501(c)3 exenta de impuestos. Nuestro n\u00famero de identificaci\u00f3n fiscal es 27-4210917. Todas las contribuciones a Inca Link International, Inc. son deducibles del impuesto a los ingresos y se hacen con el entendimiento de que Inca Link International, Inc. tiene discreci\u00f3n y control total sobre el uso de todos los fondos donados. A menos que se especifique lo contrario, no se proporcionaron bienes o servicios a cambio de las donaciones.<\/p>\t\t\t\t\t\t\t\t<\/div>\n\t\t\t\t<\/div>\n\t\t\t\t\t<\/div>\n\t\t<\/div>\n\t\t\t\t\t<\/div>\n\t\t<\/section>\n\t\t\t\t<\/div>","protected":false},"excerpt":{"rendered":"<p>Este fondo apoya a los pasantes latinoamericanos que necesitan asistencia con la recaudaci\u00f3n de fondos.<\/p>","protected":false},"author":1,"featured_media":21528,"parent":63167,"menu_order":0,"comment_status":"closed","ping_status":"closed","template":"","meta":{"_monsterinsights_skip_tracking":false,"_monsterinsights_sitenote_active":false,"_monsterinsights_sitenote_note":"","_monsterinsights_sitenote_category":0,"site-sidebar-layout":"no-sidebar","site-content-layout":"page-builder","ast-site-content-layout":"default","site-content-style":"default","site-sidebar-style":"default","ast-global-header-display":"","ast-banner-title-visibility":"","ast-main-header-display":"","ast-hfb-above-header-display":"","ast-hfb-below-header-display":"","ast-hfb-mobile-header-display":"","site-post-title":"disabled","ast-breadcrumbs-content":"","ast-featured-img":"disabled","footer-sml-layout":"","ast-disable-related-posts":"","theme-transparent-header-meta":"","adv-header-id-meta":"","stick-header-meta":"","header-above-stick-meta":"","header-main-stick-meta":"","header-below-stick-meta":"","astra-migrate-meta-layouts":"default","ast-page-background-enabled":"default","ast-page-background-meta":{"desktop":{"background-color":"var(--ast-global-color-4)","background-image":"","background-repeat":"repeat","background-position":"center center","background-size":"auto","background-attachment":"scroll","background-type":"","background-media":"","overlay-type":"","overlay-color":"","overlay-opacity":"","overlay-gradient":""},"tablet":{"background-color":"","background-image":"","background-repeat":"repeat","background-position":"center center","background-size":"auto","background-attachment":"scroll","background-type":"","background-media":"","overlay-type":"","overlay-color":"","overlay-opacity":"","overlay-gradient":""},"mobile":{"background-color":"","background-image":"","background-repeat":"repeat","background-position":"center center","background-size":"auto","background-attachment":"scroll","background-type":"","background-media":"","overlay-type":"","overlay-color":"","overlay-opacity":"","overlay-gradient":""}},"ast-content-background-meta":{"desktop":{"background-color":"var(--ast-global-color-5)","background-image":"","background-repeat":"repeat","background-position":"center center","background-size":"auto","background-attachment":"scroll","background-type":"","background-media":"","overlay-type":"","overlay-color":"","overlay-opacity":"","overlay-gradient":""},"tablet":{"background-color":"var(--ast-global-color-5)","background-image":"","background-repeat":"repeat","background-position":"center center","background-size":"auto","background-attachment":"scroll","background-type":"","background-media":"","overlay-type":"","overlay-color":"","overlay-opacity":"","overlay-gradient":""},"mobile":{"background-color":"var(--ast-global-color-5)","background-image":"","background-repeat":"repeat","background-position":"center center","background-size":"auto","background-attachment":"scroll","background-type":"","background-media":"","overlay-type":"","overlay-color":"","overlay-opacity":"","overlay-gradient":""}},"footnotes":""},"categories":[],"tags":[],"folder":[459],"class_list":["post-20369","page","type-page","status-publish","has-post-thumbnail","hentry"],"yoast_head":"<!-- This site is optimized with the Yoast SEO plugin v27.3 - https:\/\/yoast.com\/product\/yoast-seo-wordpress\/ -->\n<title>Latino Intern Scholarship Fund | Inca Link International<\/title>\n<meta name=\"description\" content=\"This fund supports Latin American interns needing assistance with support raising.\" \/>\n<meta name=\"robots\" content=\"index, follow, max-snippet:-1, max-image-preview:large, max-video-preview:-1\" \/>\n<link rel=\"canonical\" href=\"http:\/\/www.incalink.org\/es\/donate\/latino-intern-scholarship-fund\/\" \/>\n<meta property=\"og:locale\" content=\"es_ES\" \/>\n<meta property=\"og:type\" content=\"article\" \/>\n<meta property=\"og:title\" content=\"Latino Intern Scholarship Fund\" \/>\n<meta property=\"og:description\" content=\"This fund supports Latin American interns needing assistance with support raising.\" \/>\n<meta property=\"og:url\" content=\"http:\/\/www.incalink.org\/es\/donate\/latino-intern-scholarship-fund\/\" \/>\n<meta property=\"og:site_name\" content=\"Inca Link International\" \/>\n<meta property=\"article:modified_time\" content=\"2025-05-30T19:03:51+00:00\" \/>\n<meta property=\"og:image\" content=\"http:\/\/www.incalink.org\/wp-content\/uploads\/2022\/08\/inca-link-international.jpg\" \/>\n\t<meta property=\"og:image:width\" content=\"800\" \/>\n\t<meta property=\"og:image:height\" content=\"500\" \/>\n\t<meta property=\"og:image:type\" content=\"image\/jpeg\" \/>\n<meta name=\"twitter:card\" content=\"summary_large_image\" \/>\n<meta name=\"twitter:title\" content=\"Latino Intern Scholarship Fund\" \/>\n<meta name=\"twitter:description\" content=\"This fund supports Latin American interns needing assistance with support raising.\" \/>\n<meta name=\"twitter:image\" content=\"https:\/\/www.incalink.org\/wp-content\/uploads\/2022\/08\/inca-link-international.jpg\" \/>\n<meta name=\"twitter:label1\" content=\"Est. reading time\" \/>\n\t<meta name=\"twitter:data1\" content=\"1 minuto\" \/>\n<script type=\"application\/ld+json\" class=\"yoast-schema-graph\">{\"@context\":\"https:\\\/\\\/schema.org\",\"@graph\":[{\"@type\":\"WebPage\",\"@id\":\"http:\\\/\\\/www.incalink.org\\\/donate\\\/latino-intern-scholarship-fund\",\"url\":\"http:\\\/\\\/www.incalink.org\\\/donate\\\/latino-intern-scholarship-fund\",\"name\":\"Latino Intern Scholarship Fund | Inca Link International\",\"isPartOf\":{\"@id\":\"https:\\\/\\\/www.incalink.org\\\/es\\\/#website\"},\"primaryImageOfPage\":{\"@id\":\"http:\\\/\\\/www.incalink.org\\\/donate\\\/latino-intern-scholarship-fund#primaryimage\"},\"image\":{\"@id\":\"http:\\\/\\\/www.incalink.org\\\/donate\\\/latino-intern-scholarship-fund#primaryimage\"},\"thumbnailUrl\":\"https:\\\/\\\/www.incalink.org\\\/wp-content\\\/uploads\\\/2022\\\/08\\\/inca-link-international.jpg\",\"datePublished\":\"2022-08-16T23:12:39+00:00\",\"dateModified\":\"2025-05-30T19:03:51+00:00\",\"description\":\"This fund supports Latin American interns needing assistance with support raising.\",\"breadcrumb\":{\"@id\":\"http:\\\/\\\/www.incalink.org\\\/donate\\\/latino-intern-scholarship-fund#breadcrumb\"},\"inLanguage\":\"es\",\"potentialAction\":[{\"@type\":\"ReadAction\",\"target\":[\"http:\\\/\\\/www.incalink.org\\\/donate\\\/latino-intern-scholarship-fund\"]}]},{\"@type\":\"ImageObject\",\"inLanguage\":\"es\",\"@id\":\"http:\\\/\\\/www.incalink.org\\\/donate\\\/latino-intern-scholarship-fund#primaryimage\",\"url\":\"https:\\\/\\\/www.incalink.org\\\/wp-content\\\/uploads\\\/2022\\\/08\\\/inca-link-international.jpg\",\"contentUrl\":\"https:\\\/\\\/www.incalink.org\\\/wp-content\\\/uploads\\\/2022\\\/08\\\/inca-link-international.jpg\",\"width\":800,\"height\":500},{\"@type\":\"BreadcrumbList\",\"@id\":\"http:\\\/\\\/www.incalink.org\\\/donate\\\/latino-intern-scholarship-fund#breadcrumb\",\"itemListElement\":[{\"@type\":\"ListItem\",\"position\":1,\"name\":\"Home\",\"item\":\"https:\\\/\\\/www.incalink.org\\\/\"},{\"@type\":\"ListItem\",\"position\":2,\"name\":\"Donate\",\"item\":\"http:\\\/\\\/www.incalink.org\\\/donate\"},{\"@type\":\"ListItem\",\"position\":3,\"name\":\"Latino Intern Scholarship Fund\"}]},{\"@type\":\"WebSite\",\"@id\":\"https:\\\/\\\/www.incalink.org\\\/es\\\/#website\",\"url\":\"https:\\\/\\\/www.incalink.org\\\/es\\\/\",\"name\":\"Inca Link International\",\"description\":\"Reaching the 300 million youth of Latin America with Christ\u2019s irresistible love.\",\"publisher\":{\"@id\":\"https:\\\/\\\/www.incalink.org\\\/es\\\/#organization\"},\"potentialAction\":[{\"@type\":\"SearchAction\",\"target\":{\"@type\":\"EntryPoint\",\"urlTemplate\":\"https:\\\/\\\/www.incalink.org\\\/es\\\/?s={search_term_string}\"},\"query-input\":{\"@type\":\"PropertyValueSpecification\",\"valueRequired\":true,\"valueName\":\"search_term_string\"}}],\"inLanguage\":\"es\"},{\"@type\":\"Organization\",\"@id\":\"https:\\\/\\\/www.incalink.org\\\/es\\\/#organization\",\"name\":\"Inca Link International\",\"url\":\"https:\\\/\\\/www.incalink.org\\\/es\\\/\",\"logo\":{\"@type\":\"ImageObject\",\"inLanguage\":\"es\",\"@id\":\"https:\\\/\\\/www.incalink.org\\\/es\\\/#\\\/schema\\\/logo\\\/image\\\/\",\"url\":\"https:\\\/\\\/www.incalink.org\\\/wp-content\\\/uploads\\\/2022\\\/04\\\/ILI-Favicon_Gray-01-1.svg\",\"contentUrl\":\"https:\\\/\\\/www.incalink.org\\\/wp-content\\\/uploads\\\/2022\\\/04\\\/ILI-Favicon_Gray-01-1.svg\",\"width\":512,\"height\":512,\"caption\":\"Inca Link International\"},\"image\":{\"@id\":\"https:\\\/\\\/www.incalink.org\\\/es\\\/#\\\/schema\\\/logo\\\/image\\\/\"}}]}<\/script>\n<!-- \/ Yoast SEO plugin. -->","yoast_head_json":{"title":"Latino Intern Scholarship Fund | Inca Link International","description":"Este fondo apoya a los pasantes latinoamericanos que necesitan asistencia con la recaudaci\u00f3n de fondos.","robots":{"index":"index","follow":"follow","max-snippet":"max-snippet:-1","max-image-preview":"max-image-preview:large","max-video-preview":"max-video-preview:-1"},"canonical":"http:\/\/www.incalink.org\/es\/donate\/latino-intern-scholarship-fund\/","og_locale":"es_ES","og_type":"article","og_title":"Latino Intern Scholarship Fund","og_description":"This fund supports Latin American interns needing assistance with support raising.","og_url":"http:\/\/www.incalink.org\/es\/donate\/latino-intern-scholarship-fund\/","og_site_name":"Inca Link International","article_modified_time":"2025-05-30T19:03:51+00:00","og_image":[{"width":800,"height":500,"url":"http:\/\/www.incalink.org\/wp-content\/uploads\/2022\/08\/inca-link-international.jpg","type":"image\/jpeg"}],"twitter_card":"summary_large_image","twitter_title":"Latino Intern Scholarship Fund","twitter_description":"This fund supports Latin American interns needing assistance with support raising.","twitter_image":"https:\/\/www.incalink.org\/wp-content\/uploads\/2022\/08\/inca-link-international.jpg","twitter_misc":{"Est. reading time":"1 minuto"},"schema":{"@context":"https:\/\/schema.org","@graph":[{"@type":"WebPage","@id":"http:\/\/www.incalink.org\/donate\/latino-intern-scholarship-fund","url":"http:\/\/www.incalink.org\/donate\/latino-intern-scholarship-fund","name":"Latino Intern Scholarship Fund | Inca Link International","isPartOf":{"@id":"https:\/\/www.incalink.org\/es\/#website"},"primaryImageOfPage":{"@id":"http:\/\/www.incalink.org\/donate\/latino-intern-scholarship-fund#primaryimage"},"image":{"@id":"http:\/\/www.incalink.org\/donate\/latino-intern-scholarship-fund#primaryimage"},"thumbnailUrl":"https:\/\/www.incalink.org\/wp-content\/uploads\/2022\/08\/inca-link-international.jpg","datePublished":"2022-08-16T23:12:39+00:00","dateModified":"2025-05-30T19:03:51+00:00","description":"Este fondo apoya a los pasantes latinoamericanos que necesitan asistencia con la recaudaci\u00f3n de fondos.","breadcrumb":{"@id":"http:\/\/www.incalink.org\/donate\/latino-intern-scholarship-fund#breadcrumb"},"inLanguage":"es","potentialAction":[{"@type":"ReadAction","target":["http:\/\/www.incalink.org\/donate\/latino-intern-scholarship-fund"]}]},{"@type":"ImageObject","inLanguage":"es","@id":"http:\/\/www.incalink.org\/donate\/latino-intern-scholarship-fund#primaryimage","url":"https:\/\/www.incalink.org\/wp-content\/uploads\/2022\/08\/inca-link-international.jpg","contentUrl":"https:\/\/www.incalink.org\/wp-content\/uploads\/2022\/08\/inca-link-international.jpg","width":800,"height":500},{"@type":"BreadcrumbList","@id":"http:\/\/www.incalink.org\/donate\/latino-intern-scholarship-fund#breadcrumb","itemListElement":[{"@type":"ListItem","position":1,"name":"Home","item":"https:\/\/www.incalink.org\/"},{"@type":"ListItem","position":2,"name":"Donate","item":"http:\/\/www.incalink.org\/donate"},{"@type":"ListItem","position":3,"name":"Latino Intern Scholarship Fund"}]},{"@type":"WebSite","@id":"https:\/\/www.incalink.org\/es\/#website","url":"https:\/\/www.incalink.org\/es\/","name":"Inca Link Internacional","description":"Reaching the 300 million youth of Latin America with Christ\u2019s irresistible love.","publisher":{"@id":"https:\/\/www.incalink.org\/es\/#organization"},"potentialAction":[{"@type":"SearchAction","target":{"@type":"EntryPoint","urlTemplate":"https:\/\/www.incalink.org\/es\/?s={search_term_string}"},"query-input":{"@type":"PropertyValueSpecification","valueRequired":true,"valueName":"search_term_string"}}],"inLanguage":"es"},{"@type":"Organization","@id":"https:\/\/www.incalink.org\/es\/#organization","name":"Inca Link Internacional","url":"https:\/\/www.incalink.org\/es\/","logo":{"@type":"ImageObject","inLanguage":"es","@id":"https:\/\/www.incalink.org\/es\/#\/schema\/logo\/image\/","url":"https:\/\/www.incalink.org\/wp-content\/uploads\/2022\/04\/ILI-Favicon_Gray-01-1.svg","contentUrl":"https:\/\/www.incalink.org\/wp-content\/uploads\/2022\/04\/ILI-Favicon_Gray-01-1.svg","width":512,"height":512,"caption":"Inca Link International"},"image":{"@id":"https:\/\/www.incalink.org\/es\/#\/schema\/logo\/image\/"}}]}},"_links":{"self":[{"href":"https:\/\/www.incalink.org\/es\/wp-json\/wp\/v2\/pages\/20369","targetHints":{"allow":["GET"]}}],"collection":[{"href":"https:\/\/www.incalink.org\/es\/wp-json\/wp\/v2\/pages"}],"about":[{"href":"https:\/\/www.incalink.org\/es\/wp-json\/wp\/v2\/types\/page"}],"author":[{"embeddable":true,"href":"https:\/\/www.incalink.org\/es\/wp-json\/wp\/v2\/users\/1"}],"replies":[{"embeddable":true,"href":"https:\/\/www.incalink.org\/es\/wp-json\/wp\/v2\/comments?post=20369"}],"version-history":[{"count":24,"href":"https:\/\/www.incalink.org\/es\/wp-json\/wp\/v2\/pages\/20369\/revisions"}],"predecessor-version":[{"id":73042,"href":"https:\/\/www.incalink.org\/es\/wp-json\/wp\/v2\/pages\/20369\/revisions\/73042"}],"up":[{"embeddable":true,"href":"https:\/\/www.incalink.org\/es\/wp-json\/wp\/v2\/pages\/63167"}],"wp:featuredmedia":[{"embeddable":true,"href":"https:\/\/www.incalink.org\/es\/wp-json\/wp\/v2\/media\/21528"}],"wp:attachment":[{"href":"https:\/\/www.incalink.org\/es\/wp-json\/wp\/v2\/media?parent=20369"}],"wp:term":[{"taxonomy":"category","embeddable":true,"href":"https:\/\/www.incalink.org\/es\/wp-json\/wp\/v2\/categories?post=20369"},{"taxonomy":"post_tag","embeddable":true,"href":"https:\/\/www.incalink.org\/es\/wp-json\/wp\/v2\/tags?post=20369"},{"taxonomy":"folder","embeddable":true,"href":"https:\/\/www.incalink.org\/es\/wp-json\/wp\/v2\/folder?post=20369"}],"curies":[{"name":"wp","href":"https:\/\/api.w.org\/{rel}","templated":true}]}}