{"id":21556,"date":"2022-08-23T20:27:40","date_gmt":"2022-08-24T00:27:40","guid":{"rendered":"https:\/\/test-inca-link.pantheonsite.io\/?page_id=21556"},"modified":"2025-05-30T14:56:51","modified_gmt":"2025-05-30T18:56:51","slug":"donate-interns","status":"publish","type":"page","link":"https:\/\/www.incalink.org\/es\/donate\/donate-interns","title":{"rendered":"Donate &#8211; Interns"},"content":{"rendered":"<div data-elementor-type=\"wp-page\" data-elementor-id=\"21556\" class=\"elementor elementor-21556\" data-elementor-post-type=\"page\">\n\t\t\t\t\t\t<section class=\"elementor-section elementor-top-section elementor-element elementor-element-485ac8a elementor-section-full_width elementor-section-height-min-height elementor-section-content-middle elementor-section-height-default elementor-section-items-middle\" data-id=\"485ac8a\" data-element_type=\"section\" data-e-type=\"section\" data-settings=\"{&quot;background_background&quot;:&quot;classic&quot;}\">\n\t\t\t\t\t\t<div class=\"elementor-container elementor-column-gap-default\">\n\t\t\t\t\t<div class=\"elementor-column elementor-col-100 elementor-top-column elementor-element elementor-element-7ad1bc9\" data-id=\"7ad1bc9\" data-element_type=\"column\" data-e-type=\"column\">\n\t\t\t<div class=\"elementor-widget-wrap elementor-element-populated\">\n\t\t\t\t\t\t<div class=\"elementor-element elementor-element-5b7f2ed elementor-widget elementor-widget-heading\" data-id=\"5b7f2ed\" data-element_type=\"widget\" data-e-type=\"widget\" data-widget_type=\"heading.default\">\n\t\t\t\t<div class=\"elementor-widget-container\">\n\t\t\t\t\t<h1 class=\"elementor-heading-title elementor-size-default\">Donar a Pasantes de Inca Link<\/h1>\t\t\t\t<\/div>\n\t\t\t\t<\/div>\n\t\t\t\t\t<\/div>\n\t\t<\/div>\n\t\t\t\t\t<\/div>\n\t\t<\/section>\n\t\t\t\t<section class=\"elementor-section elementor-top-section elementor-element elementor-element-42375f1 elementor-section-boxed elementor-section-height-default elementor-section-height-default\" data-id=\"42375f1\" data-element_type=\"section\" data-e-type=\"section\">\n\t\t\t\t\t\t<div class=\"elementor-container elementor-column-gap-default\">\n\t\t\t\t\t<div class=\"elementor-column elementor-col-100 elementor-top-column elementor-element elementor-element-5df35b3\" data-id=\"5df35b3\" data-element_type=\"column\" data-e-type=\"column\">\n\t\t\t<div class=\"elementor-widget-wrap elementor-element-populated\">\n\t\t\t\t\t\t<div class=\"elementor-element elementor-element-32c51e5 elementor-widget elementor-widget-menu-anchor\" data-id=\"32c51e5\" data-element_type=\"widget\" data-e-type=\"widget\" data-widget_type=\"menu-anchor.default\">\n\t\t\t\t<div class=\"elementor-widget-container\">\n\t\t\t\t\t\t\t<div class=\"elementor-menu-anchor\" id=\"how-to-support\"><\/div>\n\t\t\t\t\t\t<\/div>\n\t\t\t\t<\/div>\n\t\t\t\t<div class=\"elementor-element elementor-element-ddfa4b6 elementor-widget elementor-widget-heading\" data-id=\"ddfa4b6\" data-element_type=\"widget\" data-e-type=\"widget\" data-widget_type=\"heading.default\">\n\t\t\t\t<div class=\"elementor-widget-container\">\n\t\t\t\t\t<h2 class=\"elementor-heading-title elementor-size-default\">C\u00f3mo Apoyar a Pasantes de Inca Link<\/h2>\t\t\t\t<\/div>\n\t\t\t\t<\/div>\n\t\t\t\t<div class=\"elementor-element elementor-element-f68e223 elementor-widget-divider--view-line elementor-widget elementor-widget-divider\" data-id=\"f68e223\" data-element_type=\"widget\" data-e-type=\"widget\" data-widget_type=\"divider.default\">\n\t\t\t\t<div class=\"elementor-widget-container\">\n\t\t\t\t\t\t\t<div class=\"elementor-divider\">\n\t\t\t<span class=\"elementor-divider-separator\">\n\t\t\t\t\t\t<\/span>\n\t\t<\/div>\n\t\t\t\t\t\t<\/div>\n\t\t\t\t<\/div>\n\t\t\t\t\t<\/div>\n\t\t<\/div>\n\t\t\t\t\t<\/div>\n\t\t<\/section>\n\t\t\t\t<section class=\"elementor-section elementor-top-section elementor-element elementor-element-593780e elementor-section-boxed elementor-section-height-default elementor-section-height-default\" data-id=\"593780e\" data-element_type=\"section\" data-e-type=\"section\">\n\t\t\t\t\t\t<div class=\"elementor-container elementor-column-gap-default\">\n\t\t\t\t\t<div class=\"elementor-column elementor-col-50 elementor-top-column elementor-element elementor-element-c8bc96a\" data-id=\"c8bc96a\" data-element_type=\"column\" data-e-type=\"column\">\n\t\t\t<div class=\"elementor-widget-wrap elementor-element-populated\">\n\t\t\t\t\t\t<div class=\"elementor-element elementor-element-9a4ace1 elementor-widget elementor-widget-heading\" data-id=\"9a4ace1\" data-element_type=\"widget\" data-e-type=\"widget\" data-widget_type=\"heading.default\">\n\t\t\t\t<div class=\"elementor-widget-container\">\n\t\t\t\t\t<h3 class=\"elementor-heading-title elementor-size-default\">Donar Via Cheque<\/h3>\t\t\t\t<\/div>\n\t\t\t\t<\/div>\n\t\t\t\t<div class=\"elementor-element elementor-element-3e43f2d elementor-widget elementor-widget-text-editor\" data-id=\"3e43f2d\" data-element_type=\"widget\" data-e-type=\"widget\" data-widget_type=\"text-editor.default\">\n\t\t\t\t<div class=\"elementor-widget-container\">\n\t\t\t\t\t\t\t\t\t<p>Env\u00ede un cheque a nombre de Inca Link International, P.O. Box 1321, Boone, NC 28607. Escriba el nombre del pasante en la nota del cheque.\u00a0<\/p>\t\t\t\t\t\t\t\t<\/div>\n\t\t\t\t<\/div>\n\t\t\t\t\t<\/div>\n\t\t<\/div>\n\t\t\t\t<div class=\"elementor-column elementor-col-50 elementor-top-column elementor-element elementor-element-9929b27\" data-id=\"9929b27\" data-element_type=\"column\" data-e-type=\"column\">\n\t\t\t<div class=\"elementor-widget-wrap elementor-element-populated\">\n\t\t\t\t\t\t<div class=\"elementor-element elementor-element-d29df6e elementor-widget elementor-widget-heading\" data-id=\"d29df6e\" data-element_type=\"widget\" data-e-type=\"widget\" data-widget_type=\"heading.default\">\n\t\t\t\t<div class=\"elementor-widget-container\">\n\t\t\t\t\t<h3 class=\"elementor-heading-title elementor-size-default\">Donar via plataforma digital<\/h3>\t\t\t\t<\/div>\n\t\t\t\t<\/div>\n\t\t\t\t<div class=\"elementor-element elementor-element-cfa4390 elementor-widget elementor-widget-text-editor\" data-id=\"cfa4390\" data-element_type=\"widget\" data-e-type=\"widget\" data-widget_type=\"text-editor.default\">\n\t\t\t\t<div class=\"elementor-widget-container\">\n\t\t\t\t\t\t\t\t\t<p>Utilice el siguiente formulario para personalizar y confirmar su donaci\u00f3n mensual o \u00fanica.<\/p>\t\t\t\t\t\t\t\t<\/div>\n\t\t\t\t<\/div>\n\t\t\t\t\t<\/div>\n\t\t<\/div>\n\t\t\t\t\t<\/div>\n\t\t<\/section>\n\t\t\t\t<section class=\"elementor-section elementor-top-section elementor-element elementor-element-b0af174 elementor-section-boxed elementor-section-height-default elementor-section-height-default\" data-id=\"b0af174\" data-element_type=\"section\" data-e-type=\"section\">\n\t\t\t\t\t\t<div class=\"elementor-container elementor-column-gap-default\">\n\t\t\t\t\t<div class=\"elementor-column elementor-col-100 elementor-top-column elementor-element elementor-element-2589c31\" data-id=\"2589c31\" data-element_type=\"column\" data-e-type=\"column\">\n\t\t\t<div class=\"elementor-widget-wrap elementor-element-populated\">\n\t\t\t\t\t\t<div class=\"elementor-element elementor-element-ba01201 elementor-widget elementor-widget-html\" data-id=\"ba01201\" data-element_type=\"widget\" data-e-type=\"widget\" data-widget_type=\"html.default\">\n\t\t\t\t<div class=\"elementor-widget-container\">\n\t\t\t\t\t<script src=\"https:\/\/raisedonorsprod.azureedge.net\/embed\/embed.js\"\n                        data-rd=\"1287a66d-05be-4d64-8443-c7bf9a95cf0f\"\n                        data-organizationId=\"41115\">\n                        <\/script>\t\t\t\t<\/div>\n\t\t\t\t<\/div>\n\t\t\t\t\t<\/div>\n\t\t<\/div>\n\t\t\t\t\t<\/div>\n\t\t<\/section>\n\t\t\t\t<section class=\"elementor-section elementor-top-section elementor-element elementor-element-0b79c69 elementor-section-boxed elementor-section-height-default elementor-section-height-default\" data-id=\"0b79c69\" data-element_type=\"section\" data-e-type=\"section\">\n\t\t\t\t\t\t<div class=\"elementor-container elementor-column-gap-default\">\n\t\t\t\t\t<div class=\"elementor-column elementor-col-100 elementor-top-column elementor-element elementor-element-cc8ec11\" data-id=\"cc8ec11\" data-element_type=\"column\" data-e-type=\"column\">\n\t\t\t<div class=\"elementor-widget-wrap elementor-element-populated\">\n\t\t\t\t\t\t<div class=\"elementor-element elementor-element-3162801 elementor-widget elementor-widget-text-editor\" data-id=\"3162801\" data-element_type=\"widget\" data-e-type=\"widget\" data-widget_type=\"text-editor.default\">\n\t\t\t\t<div class=\"elementor-widget-container\">\n\t\t\t\t\t\t\t\t\t<p>Inca Link International, Inc. es una organizaci\u00f3n 501(c)3 exenta de impuestos. Nuestro n\u00famero de identificaci\u00f3n fiscal es 27-4210917. Todas las contribuciones a Inca Link International, Inc. son deducibles del impuesto a los ingresos y se hacen con el entendimiento de que Inca Link International, Inc. tiene discreci\u00f3n y control total sobre el uso de todos los fondos donados. A menos que se especifique lo contrario, no se proporcionaron bienes o servicios a cambio de las donaciones.<\/p>\t\t\t\t\t\t\t\t<\/div>\n\t\t\t\t<\/div>\n\t\t\t\t\t<\/div>\n\t\t<\/div>\n\t\t\t\t\t<\/div>\n\t\t<\/section>\n\t\t\t\t<\/div>","protected":false},"excerpt":{"rendered":"<p>Help support our Inca Link interns in their daily pursuit to serve the Lord and reach the 300 million youth of Latin America.<\/p>","protected":false},"author":1,"featured_media":20133,"parent":63167,"menu_order":0,"comment_status":"closed","ping_status":"closed","template":"","meta":{"_monsterinsights_skip_tracking":false,"_monsterinsights_sitenote_active":false,"_monsterinsights_sitenote_note":"","_monsterinsights_sitenote_category":0,"site-sidebar-layout":"no-sidebar","site-content-layout":"page-builder","ast-site-content-layout":"full-width-container","site-content-style":"unboxed","site-sidebar-style":"unboxed","ast-global-header-display":"","ast-banner-title-visibility":"","ast-main-header-display":"","ast-hfb-above-header-display":"","ast-hfb-below-header-display":"","ast-hfb-mobile-header-display":"","site-post-title":"disabled","ast-breadcrumbs-content":"","ast-featured-img":"disabled","footer-sml-layout":"","ast-disable-related-posts":"","theme-transparent-header-meta":"","adv-header-id-meta":"","stick-header-meta":"","header-above-stick-meta":"","header-main-stick-meta":"","header-below-stick-meta":"","astra-migrate-meta-layouts":"set","ast-page-background-enabled":"default","ast-page-background-meta":{"desktop":{"background-color":"var(--ast-global-color-4)","background-image":"","background-repeat":"repeat","background-position":"center center","background-size":"auto","background-attachment":"scroll","background-type":"","background-media":"","overlay-type":"","overlay-color":"","overlay-opacity":"","overlay-gradient":""},"tablet":{"background-color":"","background-image":"","background-repeat":"repeat","background-position":"center center","background-size":"auto","background-attachment":"scroll","background-type":"","background-media":"","overlay-type":"","overlay-color":"","overlay-opacity":"","overlay-gradient":""},"mobile":{"background-color":"","background-image":"","background-repeat":"repeat","background-position":"center center","background-size":"auto","background-attachment":"scroll","background-type":"","background-media":"","overlay-type":"","overlay-color":"","overlay-opacity":"","overlay-gradient":""}},"ast-content-background-meta":{"desktop":{"background-color":"var(--ast-global-color-5)","background-image":"","background-repeat":"repeat","background-position":"center center","background-size":"auto","background-attachment":"scroll","background-type":"","background-media":"","overlay-type":"","overlay-color":"","overlay-opacity":"","overlay-gradient":""},"tablet":{"background-color":"var(--ast-global-color-5)","background-image":"","background-repeat":"repeat","background-position":"center center","background-size":"auto","background-attachment":"scroll","background-type":"","background-media":"","overlay-type":"","overlay-color":"","overlay-opacity":"","overlay-gradient":""},"mobile":{"background-color":"var(--ast-global-color-5)","background-image":"","background-repeat":"repeat","background-position":"center center","background-size":"auto","background-attachment":"scroll","background-type":"","background-media":"","overlay-type":"","overlay-color":"","overlay-opacity":"","overlay-gradient":""}},"footnotes":""},"categories":[],"tags":[],"folder":[459],"class_list":["post-21556","page","type-page","status-publish","has-post-thumbnail","hentry"],"yoast_head":"<!-- This site is optimized with the Yoast SEO plugin v27.3 - https:\/\/yoast.com\/product\/yoast-seo-wordpress\/ -->\n<title>Donate - Interns | Inca Link International<\/title>\n<meta name=\"description\" content=\"Help support our Inca Link interns in their daily pursuit to serve the Lord and reach the 300 million youth of Latin America.\" \/>\n<meta name=\"robots\" content=\"index, follow, max-snippet:-1, max-image-preview:large, max-video-preview:-1\" \/>\n<link rel=\"canonical\" href=\"http:\/\/www.incalink.org\/es\/donate\/donate-interns\/\" \/>\n<meta property=\"og:locale\" content=\"es_ES\" \/>\n<meta property=\"og:type\" content=\"article\" \/>\n<meta property=\"og:title\" content=\"Donate - Interns\" \/>\n<meta property=\"og:description\" content=\"Help support our Inca Link interns in their daily pursuit to serve the Lord and reach the 300 million youth of Latin America.\" \/>\n<meta property=\"og:url\" content=\"http:\/\/www.incalink.org\/es\/donate\/donate-interns\/\" \/>\n<meta property=\"og:site_name\" content=\"Inca Link International\" \/>\n<meta property=\"article:modified_time\" content=\"2025-05-30T18:56:51+00:00\" \/>\n<meta property=\"og:image\" content=\"http:\/\/www.incalink.org\/wp-content\/uploads\/2022\/08\/inca-link-colombia-oasis-1.jpg\" \/>\n\t<meta property=\"og:image:width\" content=\"1280\" \/>\n\t<meta property=\"og:image:height\" content=\"853\" \/>\n\t<meta property=\"og:image:type\" content=\"image\/jpeg\" \/>\n<meta name=\"twitter:card\" content=\"summary_large_image\" \/>\n<meta name=\"twitter:title\" content=\"Donate - Interns\" \/>\n<meta name=\"twitter:description\" content=\"Help support our Inca Link interns in their daily pursuit to serve the Lord and reach the 300 million youth of Latin America.\" \/>\n<meta name=\"twitter:image\" content=\"https:\/\/www.incalink.org\/wp-content\/uploads\/2022\/08\/inca-link-colombia-oasis-1.jpg\" \/>\n<meta name=\"twitter:label1\" content=\"Est. reading time\" \/>\n\t<meta name=\"twitter:data1\" content=\"1 minuto\" \/>\n<script type=\"application\/ld+json\" class=\"yoast-schema-graph\">{\"@context\":\"https:\\\/\\\/schema.org\",\"@graph\":[{\"@type\":\"WebPage\",\"@id\":\"http:\\\/\\\/www.incalink.org\\\/donate\\\/donate-interns\",\"url\":\"http:\\\/\\\/www.incalink.org\\\/donate\\\/donate-interns\",\"name\":\"Donate - Interns | Inca Link International\",\"isPartOf\":{\"@id\":\"https:\\\/\\\/www.incalink.org\\\/es\\\/#website\"},\"primaryImageOfPage\":{\"@id\":\"http:\\\/\\\/www.incalink.org\\\/donate\\\/donate-interns#primaryimage\"},\"image\":{\"@id\":\"http:\\\/\\\/www.incalink.org\\\/donate\\\/donate-interns#primaryimage\"},\"thumbnailUrl\":\"https:\\\/\\\/www.incalink.org\\\/wp-content\\\/uploads\\\/2022\\\/08\\\/inca-link-colombia-oasis-1.jpg\",\"datePublished\":\"2022-08-24T00:27:40+00:00\",\"dateModified\":\"2025-05-30T18:56:51+00:00\",\"description\":\"Help support our Inca Link interns in their daily pursuit to serve the Lord and reach the 300 million youth of Latin America.\",\"breadcrumb\":{\"@id\":\"http:\\\/\\\/www.incalink.org\\\/donate\\\/donate-interns#breadcrumb\"},\"inLanguage\":\"es\",\"potentialAction\":[{\"@type\":\"ReadAction\",\"target\":[\"http:\\\/\\\/www.incalink.org\\\/donate\\\/donate-interns\"]}]},{\"@type\":\"ImageObject\",\"inLanguage\":\"es\",\"@id\":\"http:\\\/\\\/www.incalink.org\\\/donate\\\/donate-interns#primaryimage\",\"url\":\"https:\\\/\\\/www.incalink.org\\\/wp-content\\\/uploads\\\/2022\\\/08\\\/inca-link-colombia-oasis-1.jpg\",\"contentUrl\":\"https:\\\/\\\/www.incalink.org\\\/wp-content\\\/uploads\\\/2022\\\/08\\\/inca-link-colombia-oasis-1.jpg\",\"width\":1280,\"height\":853},{\"@type\":\"BreadcrumbList\",\"@id\":\"http:\\\/\\\/www.incalink.org\\\/donate\\\/donate-interns#breadcrumb\",\"itemListElement\":[{\"@type\":\"ListItem\",\"position\":1,\"name\":\"Home\",\"item\":\"https:\\\/\\\/www.incalink.org\\\/\"},{\"@type\":\"ListItem\",\"position\":2,\"name\":\"Donate\",\"item\":\"http:\\\/\\\/www.incalink.org\\\/donate\"},{\"@type\":\"ListItem\",\"position\":3,\"name\":\"Donate &#8211; Interns\"}]},{\"@type\":\"WebSite\",\"@id\":\"https:\\\/\\\/www.incalink.org\\\/es\\\/#website\",\"url\":\"https:\\\/\\\/www.incalink.org\\\/es\\\/\",\"name\":\"Inca Link International\",\"description\":\"Reaching the 300 million youth of Latin America with Christ\u2019s irresistible love.\",\"publisher\":{\"@id\":\"https:\\\/\\\/www.incalink.org\\\/es\\\/#organization\"},\"potentialAction\":[{\"@type\":\"SearchAction\",\"target\":{\"@type\":\"EntryPoint\",\"urlTemplate\":\"https:\\\/\\\/www.incalink.org\\\/es\\\/?s={search_term_string}\"},\"query-input\":{\"@type\":\"PropertyValueSpecification\",\"valueRequired\":true,\"valueName\":\"search_term_string\"}}],\"inLanguage\":\"es\"},{\"@type\":\"Organization\",\"@id\":\"https:\\\/\\\/www.incalink.org\\\/es\\\/#organization\",\"name\":\"Inca Link International\",\"url\":\"https:\\\/\\\/www.incalink.org\\\/es\\\/\",\"logo\":{\"@type\":\"ImageObject\",\"inLanguage\":\"es\",\"@id\":\"https:\\\/\\\/www.incalink.org\\\/es\\\/#\\\/schema\\\/logo\\\/image\\\/\",\"url\":\"https:\\\/\\\/www.incalink.org\\\/wp-content\\\/uploads\\\/2022\\\/04\\\/ILI-Favicon_Gray-01-1.svg\",\"contentUrl\":\"https:\\\/\\\/www.incalink.org\\\/wp-content\\\/uploads\\\/2022\\\/04\\\/ILI-Favicon_Gray-01-1.svg\",\"width\":512,\"height\":512,\"caption\":\"Inca Link International\"},\"image\":{\"@id\":\"https:\\\/\\\/www.incalink.org\\\/es\\\/#\\\/schema\\\/logo\\\/image\\\/\"}}]}<\/script>\n<!-- \/ Yoast SEO plugin. -->","yoast_head_json":{"title":"Donate - Interns | Inca Link International","description":"Help support our Inca Link interns in their daily pursuit to serve the Lord and reach the 300 million youth of Latin America.","robots":{"index":"index","follow":"follow","max-snippet":"max-snippet:-1","max-image-preview":"max-image-preview:large","max-video-preview":"max-video-preview:-1"},"canonical":"http:\/\/www.incalink.org\/es\/donate\/donate-interns\/","og_locale":"es_ES","og_type":"article","og_title":"Donate - Interns","og_description":"Help support our Inca Link interns in their daily pursuit to serve the Lord and reach the 300 million youth of Latin America.","og_url":"http:\/\/www.incalink.org\/es\/donate\/donate-interns\/","og_site_name":"Inca Link International","article_modified_time":"2025-05-30T18:56:51+00:00","og_image":[{"width":1280,"height":853,"url":"http:\/\/www.incalink.org\/wp-content\/uploads\/2022\/08\/inca-link-colombia-oasis-1.jpg","type":"image\/jpeg"}],"twitter_card":"summary_large_image","twitter_title":"Donate - Interns","twitter_description":"Help support our Inca Link interns in their daily pursuit to serve the Lord and reach the 300 million youth of Latin America.","twitter_image":"https:\/\/www.incalink.org\/wp-content\/uploads\/2022\/08\/inca-link-colombia-oasis-1.jpg","twitter_misc":{"Est. reading time":"1 minuto"},"schema":{"@context":"https:\/\/schema.org","@graph":[{"@type":"WebPage","@id":"http:\/\/www.incalink.org\/donate\/donate-interns","url":"http:\/\/www.incalink.org\/donate\/donate-interns","name":"Donate - Interns | Inca Link International","isPartOf":{"@id":"https:\/\/www.incalink.org\/es\/#website"},"primaryImageOfPage":{"@id":"http:\/\/www.incalink.org\/donate\/donate-interns#primaryimage"},"image":{"@id":"http:\/\/www.incalink.org\/donate\/donate-interns#primaryimage"},"thumbnailUrl":"https:\/\/www.incalink.org\/wp-content\/uploads\/2022\/08\/inca-link-colombia-oasis-1.jpg","datePublished":"2022-08-24T00:27:40+00:00","dateModified":"2025-05-30T18:56:51+00:00","description":"Help support our Inca Link interns in their daily pursuit to serve the Lord and reach the 300 million youth of Latin America.","breadcrumb":{"@id":"http:\/\/www.incalink.org\/donate\/donate-interns#breadcrumb"},"inLanguage":"es","potentialAction":[{"@type":"ReadAction","target":["http:\/\/www.incalink.org\/donate\/donate-interns"]}]},{"@type":"ImageObject","inLanguage":"es","@id":"http:\/\/www.incalink.org\/donate\/donate-interns#primaryimage","url":"https:\/\/www.incalink.org\/wp-content\/uploads\/2022\/08\/inca-link-colombia-oasis-1.jpg","contentUrl":"https:\/\/www.incalink.org\/wp-content\/uploads\/2022\/08\/inca-link-colombia-oasis-1.jpg","width":1280,"height":853},{"@type":"BreadcrumbList","@id":"http:\/\/www.incalink.org\/donate\/donate-interns#breadcrumb","itemListElement":[{"@type":"ListItem","position":1,"name":"Home","item":"https:\/\/www.incalink.org\/"},{"@type":"ListItem","position":2,"name":"Donate","item":"http:\/\/www.incalink.org\/donate"},{"@type":"ListItem","position":3,"name":"Donate &#8211; Interns"}]},{"@type":"WebSite","@id":"https:\/\/www.incalink.org\/es\/#website","url":"https:\/\/www.incalink.org\/es\/","name":"Inca Link Internacional","description":"Reaching the 300 million youth of Latin America with Christ\u2019s irresistible love.","publisher":{"@id":"https:\/\/www.incalink.org\/es\/#organization"},"potentialAction":[{"@type":"SearchAction","target":{"@type":"EntryPoint","urlTemplate":"https:\/\/www.incalink.org\/es\/?s={search_term_string}"},"query-input":{"@type":"PropertyValueSpecification","valueRequired":true,"valueName":"search_term_string"}}],"inLanguage":"es"},{"@type":"Organization","@id":"https:\/\/www.incalink.org\/es\/#organization","name":"Inca Link Internacional","url":"https:\/\/www.incalink.org\/es\/","logo":{"@type":"ImageObject","inLanguage":"es","@id":"https:\/\/www.incalink.org\/es\/#\/schema\/logo\/image\/","url":"https:\/\/www.incalink.org\/wp-content\/uploads\/2022\/04\/ILI-Favicon_Gray-01-1.svg","contentUrl":"https:\/\/www.incalink.org\/wp-content\/uploads\/2022\/04\/ILI-Favicon_Gray-01-1.svg","width":512,"height":512,"caption":"Inca Link International"},"image":{"@id":"https:\/\/www.incalink.org\/es\/#\/schema\/logo\/image\/"}}]}},"_links":{"self":[{"href":"https:\/\/www.incalink.org\/es\/wp-json\/wp\/v2\/pages\/21556","targetHints":{"allow":["GET"]}}],"collection":[{"href":"https:\/\/www.incalink.org\/es\/wp-json\/wp\/v2\/pages"}],"about":[{"href":"https:\/\/www.incalink.org\/es\/wp-json\/wp\/v2\/types\/page"}],"author":[{"embeddable":true,"href":"https:\/\/www.incalink.org\/es\/wp-json\/wp\/v2\/users\/1"}],"replies":[{"embeddable":true,"href":"https:\/\/www.incalink.org\/es\/wp-json\/wp\/v2\/comments?post=21556"}],"version-history":[{"count":47,"href":"https:\/\/www.incalink.org\/es\/wp-json\/wp\/v2\/pages\/21556\/revisions"}],"predecessor-version":[{"id":71824,"href":"https:\/\/www.incalink.org\/es\/wp-json\/wp\/v2\/pages\/21556\/revisions\/71824"}],"up":[{"embeddable":true,"href":"https:\/\/www.incalink.org\/es\/wp-json\/wp\/v2\/pages\/63167"}],"wp:featuredmedia":[{"embeddable":true,"href":"https:\/\/www.incalink.org\/es\/wp-json\/wp\/v2\/media\/20133"}],"wp:attachment":[{"href":"https:\/\/www.incalink.org\/es\/wp-json\/wp\/v2\/media?parent=21556"}],"wp:term":[{"taxonomy":"category","embeddable":true,"href":"https:\/\/www.incalink.org\/es\/wp-json\/wp\/v2\/categories?post=21556"},{"taxonomy":"post_tag","embeddable":true,"href":"https:\/\/www.incalink.org\/es\/wp-json\/wp\/v2\/tags?post=21556"},{"taxonomy":"folder","embeddable":true,"href":"https:\/\/www.incalink.org\/es\/wp-json\/wp\/v2\/folder?post=21556"}],"curies":[{"name":"wp","href":"https:\/\/api.w.org\/{rel}","templated":true}]}}