{"id":21966,"date":"2022-09-21T20:10:30","date_gmt":"2022-09-21T20:10:30","guid":{"rendered":"https:\/\/test-inca-link.pantheonsite.io\/?page_id=21966"},"modified":"2024-08-19T12:12:01","modified_gmt":"2024-08-19T16:12:01","slug":"global-outreach-coach","status":"publish","type":"page","link":"https:\/\/www.incalink.org\/es\/serve\/careers\/global-outreach-coach","title":{"rendered":"Global Outreach Coach Position"},"content":{"rendered":"<div data-elementor-type=\"wp-page\" data-elementor-id=\"21966\" class=\"elementor elementor-21966\" data-elementor-post-type=\"page\">\n\t\t\t\t\t\t<section class=\"elementor-section elementor-top-section elementor-element elementor-element-46ec276d elementor-section-full_width elementor-section-height-min-height elementor-section-height-default elementor-section-items-middle\" data-id=\"46ec276d\" data-element_type=\"section\" data-e-type=\"section\" data-settings=\"{&quot;background_background&quot;:&quot;classic&quot;}\">\n\t\t\t\t\t\t<div class=\"elementor-container elementor-column-gap-default\">\n\t\t\t\t\t<div class=\"elementor-column elementor-col-100 elementor-top-column elementor-element elementor-element-5e2d621\" data-id=\"5e2d621\" data-element_type=\"column\" data-e-type=\"column\">\n\t\t\t<div class=\"elementor-widget-wrap elementor-element-populated\">\n\t\t\t\t\t\t<div class=\"elementor-element elementor-element-229a61bd elementor-widget elementor-widget-heading\" data-id=\"229a61bd\" data-element_type=\"widget\" data-e-type=\"widget\" data-widget_type=\"heading.default\">\n\t\t\t\t<div class=\"elementor-widget-container\">\n\t\t\t\t\t<h1 class=\"elementor-heading-title elementor-size-default\">Descripci\u00f3n del trabajo: Entrenador(a) de Alcance Global<\/h1>\t\t\t\t<\/div>\n\t\t\t\t<\/div>\n\t\t\t\t\t<\/div>\n\t\t<\/div>\n\t\t\t\t\t<\/div>\n\t\t<\/section>\n\t\t\t\t<section class=\"elementor-section elementor-top-section elementor-element elementor-element-7cc57966 elementor-section-boxed elementor-section-height-default elementor-section-height-default\" data-id=\"7cc57966\" data-element_type=\"section\" data-e-type=\"section\">\n\t\t\t\t\t\t<div class=\"elementor-container elementor-column-gap-default\">\n\t\t\t\t\t<div class=\"elementor-column elementor-col-33 elementor-top-column elementor-element elementor-element-2da59327 elementor-hidden-mobile\" data-id=\"2da59327\" data-element_type=\"column\" data-e-type=\"column\">\n\t\t\t<div class=\"elementor-widget-wrap elementor-element-populated\">\n\t\t\t\t\t\t<div class=\"elementor-element elementor-element-3ba2af8d elementor-widget elementor-widget-image\" data-id=\"3ba2af8d\" data-element_type=\"widget\" data-e-type=\"widget\" data-widget_type=\"image.default\">\n\t\t\t\t<div class=\"elementor-widget-container\">\n\t\t\t\t\t\t\t\t\t\t\t\t\t\t\t<img fetchpriority=\"high\" decoding=\"async\" width=\"512\" height=\"512\" src=\"https:\/\/www.incalink.org\/wp-content\/uploads\/2022\/04\/ILI-Favicon_Gray-01-1.svg\" class=\"attachment-large size-large wp-image-242\" alt=\"\" \/>\t\t\t\t\t\t\t\t\t\t\t\t\t\t\t<\/div>\n\t\t\t\t<\/div>\n\t\t\t\t\t<\/div>\n\t\t<\/div>\n\t\t\t\t<div class=\"elementor-column elementor-col-66 elementor-top-column elementor-element elementor-element-6e19433f\" data-id=\"6e19433f\" data-element_type=\"column\" data-e-type=\"column\">\n\t\t\t<div class=\"elementor-widget-wrap elementor-element-populated\">\n\t\t\t\t\t\t<div class=\"elementor-element elementor-element-5acb74c2 elementor-widget elementor-widget-heading\" data-id=\"5acb74c2\" data-element_type=\"widget\" data-e-type=\"widget\" data-widget_type=\"heading.default\">\n\t\t\t\t<div class=\"elementor-widget-container\">\n\t\t\t\t\t<h2 class=\"elementor-heading-title elementor-size-default\">Reporta A:<\/h2>\t\t\t\t<\/div>\n\t\t\t\t<\/div>\n\t\t\t\t<div class=\"elementor-element elementor-element-2d1b5655 elementor-widget elementor-widget-text-editor\" data-id=\"2d1b5655\" data-element_type=\"widget\" data-e-type=\"widget\" data-widget_type=\"text-editor.default\">\n\t\t\t\t<div class=\"elementor-widget-container\">\n\t\t\t\t\t\t\t\t\t<p>Director de Alcance Global<\/p>\t\t\t\t\t\t\t\t<\/div>\n\t\t\t\t<\/div>\n\t\t\t\t<div class=\"elementor-element elementor-element-35c94829 elementor-widget elementor-widget-heading\" data-id=\"35c94829\" data-element_type=\"widget\" data-e-type=\"widget\" data-widget_type=\"heading.default\">\n\t\t\t\t<div class=\"elementor-widget-container\">\n\t\t\t\t\t<h2 class=\"elementor-heading-title elementor-size-default\">Expectativas del Puesto:<\/h2>\t\t\t\t<\/div>\n\t\t\t\t<\/div>\n\t\t\t\t<div class=\"elementor-element elementor-element-55fe9050 elementor-widget elementor-widget-text-editor\" data-id=\"55fe9050\" data-element_type=\"widget\" data-e-type=\"widget\" data-widget_type=\"text-editor.default\">\n\t\t\t\t<div class=\"elementor-widget-container\">\n\t\t\t\t\t\t\t\t\t<p>Tiempo completo, salario de soporte levantado, horario flexible, entorno de trabajo remoto, se requiere viajar seg\u00fan sea necesario<\/p>\t\t\t\t\t\t\t\t<\/div>\n\t\t\t\t<\/div>\n\t\t\t\t<div class=\"elementor-element elementor-element-65a61730 elementor-widget elementor-widget-heading\" data-id=\"65a61730\" data-element_type=\"widget\" data-e-type=\"widget\" data-widget_type=\"heading.default\">\n\t\t\t\t<div class=\"elementor-widget-container\">\n\t\t\t\t\t<h2 class=\"elementor-heading-title elementor-size-default\">Resumen de Posici\u00f3n:<\/h2>\t\t\t\t<\/div>\n\t\t\t\t<\/div>\n\t\t\t\t<div class=\"elementor-element elementor-element-379663db elementor-widget elementor-widget-text-editor\" data-id=\"379663db\" data-element_type=\"widget\" data-e-type=\"widget\" data-widget_type=\"text-editor.default\">\n\t\t\t\t<div class=\"elementor-widget-container\">\n\t\t\t\t\t\t\t\t\t<p>A Global Outreach Coach leads the activities of global volunteers that serve with Inca Link and its ministries. This team ensures the seamless operations of teams, interns, linkers, and other missional formation programs. These individuals have a passion to develop deep formation in people&#8217;s lives, help to develop healthy structure for Short-Term Missions, and aim to be a bridge between people, cultures, and languages. A Global Outreach Coach reports directly to the Global Outreach Director and works closely with the President of Inca Link, field missionaries, and national leaders. This position often requires work outside of normal business hours and travel.<\/p>\t\t\t\t\t\t\t\t<\/div>\n\t\t\t\t<\/div>\n\t\t\t\t<div class=\"elementor-element elementor-element-3ee94235 elementor-widget elementor-widget-heading\" data-id=\"3ee94235\" data-element_type=\"widget\" data-e-type=\"widget\" data-widget_type=\"heading.default\">\n\t\t\t\t<div class=\"elementor-widget-container\">\n\t\t\t\t\t<h2 class=\"elementor-heading-title elementor-size-default\">Habilidades, Caracter\u00edsticas Requeridas para la Posici\u00f3n:<\/h2>\t\t\t\t<\/div>\n\t\t\t\t<\/div>\n\t\t\t\t<div class=\"elementor-element elementor-element-46189009 elementor-widget elementor-widget-text-editor\" data-id=\"46189009\" data-element_type=\"widget\" data-e-type=\"widget\" data-widget_type=\"text-editor.default\">\n\t\t\t\t<div class=\"elementor-widget-container\">\n\t\t\t\t\t\t\t\t\t<p>Fuerte comprensi\u00f3n de los objetivos del ministerio de Inca Link; capacidad de proyectar visi\u00f3n; voluntad de viajar seg\u00fan sea necesario; experiencia en curr\u00edculo y desarrollo de programas; entrenamiento de liderazgo; excelente comunicaci\u00f3n, relaciones p\u00fablicas y habilidades de escuchar; capacidad demostrada para hacer frente y gestionar el cambio; capacidad para construir y mantener relaciones con personas de diversos or\u00edgenes; Emocionalmente maduro y auto-motivado. Biling\u00fce en espa\u00f1ol e ingl\u00e9s.<\/p><p>Sobre todo, seguidores de Cristo.<\/p>\t\t\t\t\t\t\t\t<\/div>\n\t\t\t\t<\/div>\n\t\t\t\t<div class=\"elementor-element elementor-element-21faed30 elementor-widget elementor-widget-heading\" data-id=\"21faed30\" data-element_type=\"widget\" data-e-type=\"widget\" data-widget_type=\"heading.default\">\n\t\t\t\t<div class=\"elementor-widget-container\">\n\t\t\t\t\t<h2 class=\"elementor-heading-title elementor-size-default\">Visi\u00f3n:<\/h2>\t\t\t\t<\/div>\n\t\t\t\t<\/div>\n\t\t\t\t<div class=\"elementor-element elementor-element-5405acd elementor-widget elementor-widget-text-editor\" data-id=\"5405acd\" data-element_type=\"widget\" data-e-type=\"widget\" data-widget_type=\"text-editor.default\">\n\t\t\t\t<div class=\"elementor-widget-container\">\n\t\t\t\t\t\t\t\t\t<p>Un Entrenador de Alcance Global existe para empoderar, equipar y capacitar a los participantes de alcance global para traer gloria a Dios y hacer crecer su Reino.<\/p>\t\t\t\t\t\t\t\t<\/div>\n\t\t\t\t<\/div>\n\t\t\t\t<div class=\"elementor-element elementor-element-f819eb4 elementor-widget elementor-widget-heading\" data-id=\"f819eb4\" data-element_type=\"widget\" data-e-type=\"widget\" data-widget_type=\"heading.default\">\n\t\t\t\t<div class=\"elementor-widget-container\">\n\t\t\t\t\t<h2 class=\"elementor-heading-title elementor-size-default\">Responsabilidades\n<\/h2>\t\t\t\t<\/div>\n\t\t\t\t<\/div>\n\t\t\t\t<div class=\"elementor-element elementor-element-50bb9329 elementor-widget elementor-widget-text-editor\" data-id=\"50bb9329\" data-element_type=\"widget\" data-e-type=\"widget\" data-widget_type=\"text-editor.default\">\n\t\t\t\t<div class=\"elementor-widget-container\">\n\t\t\t\t\t\t\t\t\t<p><strong>Relacional:<\/strong><\/p>\n<ul>\n<li>Construir relaciones y puentes entre los participantes de alcance global y los ministerios y el personal de Inca Link<\/li>\n<li>Empoderar y activar a los l\u00edderes de los participantes de alcance global para que inviertan en sus equipos y participantes<\/li>\n<li>Conectar a los participantes de alcance global con l\u00edderes y misioneros nacionales<\/li>\n<li>Esforzarse por desarrollar la productividad en todos los aspectos del viaje de un participante de alcance global<\/li>\n<li>Capacitar a los participantes de alcance global antes del campo, en el campo y despu\u00e9s del campo<\/li>\n<li>Demostrar disposici\u00f3n para invertir en todos los programas de alcance global, incluso cuando est\u00e9 fuera de la asignaci\u00f3n principal<\/li>\n<li>Identificar e invertir en participantes de alcance global que tengan un llamado misional o potencial para el ministerio<\/li>\n<\/ul>\n<p><strong>Organizativo:<\/strong><\/p>\n<ul>\n<li>Utilizar los dones y habilidades dados por Dios para mejorar el programa de alcance global <\/li>\n<li>Coordinar, programar, planificar e implementar todos los proyectos que involucren a personas que se ofrecen como voluntarios. Esto incluye, entre otros, grupos de adultos, familiares, adolescentes, escolares y corporativos<\/li>\n<li>Proporcionar supervisi\u00f3n pr\u00e1ctica en el sitio a los voluntarios <\/li>\n<li>Supervisar y garantizar la participaci\u00f3n de los voluntarios, la productividad, el cumplimiento y el estado de las asignaciones de trabajo<\/li>\n<li>Asegurarse de que Inca Link est\u00e9 siempre al frente del compromiso misional a corto plazo<\/li>\n<\/ul>\t\t\t\t\t\t\t\t<\/div>\n\t\t\t\t<\/div>\n\t\t\t\t<div class=\"elementor-element elementor-element-7d4286d6 elementor-align-center elementor-widget elementor-widget-button\" data-id=\"7d4286d6\" data-element_type=\"widget\" data-e-type=\"widget\" data-widget_type=\"button.default\">\n\t\t\t\t<div class=\"elementor-widget-container\">\n\t\t\t\t\t\t\t\t\t<div class=\"elementor-button-wrapper\">\n\t\t\t\t\t<a class=\"elementor-button elementor-button-link elementor-size-sm\" href=\"mailto:edwards@incalink.org\">\n\t\t\t\t\t\t<span class=\"elementor-button-content-wrapper\">\n\t\t\t\t\t\t\t\t\t<span class=\"elementor-button-text\">Cont\u00e1ctenos acerca de esta posici\u00f3n<\/span>\n\t\t\t\t\t<\/span>\n\t\t\t\t\t<\/a>\n\t\t\t\t<\/div>\n\t\t\t\t\t\t\t\t<\/div>\n\t\t\t\t<\/div>\n\t\t\t\t\t<\/div>\n\t\t<\/div>\n\t\t\t\t\t<\/div>\n\t\t<\/section>\n\t\t\t\t<\/div>","protected":false},"excerpt":{"rendered":"<p>A Global Outreach Coach leads the activities of global volunteers that serve with Inca Link and its ministries.<\/p>","protected":false},"author":1,"featured_media":21528,"parent":388,"menu_order":0,"comment_status":"closed","ping_status":"closed","template":"","meta":{"_monsterinsights_skip_tracking":false,"_monsterinsights_sitenote_active":false,"_monsterinsights_sitenote_note":"","_monsterinsights_sitenote_category":0,"site-sidebar-layout":"no-sidebar","site-content-layout":"page-builder","ast-site-content-layout":"default","site-content-style":"default","site-sidebar-style":"default","ast-global-header-display":"","ast-banner-title-visibility":"","ast-main-header-display":"","ast-hfb-above-header-display":"","ast-hfb-below-header-display":"","ast-hfb-mobile-header-display":"","site-post-title":"disabled","ast-breadcrumbs-content":"","ast-featured-img":"disabled","footer-sml-layout":"","ast-disable-related-posts":"","theme-transparent-header-meta":"","adv-header-id-meta":"","stick-header-meta":"","header-above-stick-meta":"","header-main-stick-meta":"","header-below-stick-meta":"","astra-migrate-meta-layouts":"default","ast-page-background-enabled":"default","ast-page-background-meta":{"desktop":{"background-color":"var(--ast-global-color-4)","background-image":"","background-repeat":"repeat","background-position":"center center","background-size":"auto","background-attachment":"scroll","background-type":"","background-media":"","overlay-type":"","overlay-color":"","overlay-opacity":"","overlay-gradient":""},"tablet":{"background-color":"","background-image":"","background-repeat":"repeat","background-position":"center center","background-size":"auto","background-attachment":"scroll","background-type":"","background-media":"","overlay-type":"","overlay-color":"","overlay-opacity":"","overlay-gradient":""},"mobile":{"background-color":"","background-image":"","background-repeat":"repeat","background-position":"center center","background-size":"auto","background-attachment":"scroll","background-type":"","background-media":"","overlay-type":"","overlay-color":"","overlay-opacity":"","overlay-gradient":""}},"ast-content-background-meta":{"desktop":{"background-color":"var(--ast-global-color-5)","background-image":"","background-repeat":"repeat","background-position":"center center","background-size":"auto","background-attachment":"scroll","background-type":"","background-media":"","overlay-type":"","overlay-color":"","overlay-opacity":"","overlay-gradient":""},"tablet":{"background-color":"var(--ast-global-color-5)","background-image":"","background-repeat":"repeat","background-position":"center center","background-size":"auto","background-attachment":"scroll","background-type":"","background-media":"","overlay-type":"","overlay-color":"","overlay-opacity":"","overlay-gradient":""},"mobile":{"background-color":"var(--ast-global-color-5)","background-image":"","background-repeat":"repeat","background-position":"center center","background-size":"auto","background-attachment":"scroll","background-type":"","background-media":"","overlay-type":"","overlay-color":"","overlay-opacity":"","overlay-gradient":""}},"footnotes":""},"categories":[],"tags":[],"folder":[356],"class_list":["post-21966","page","type-page","status-publish","has-post-thumbnail","hentry"],"yoast_head":"<!-- This site is optimized with the Yoast SEO plugin v27.1.1 - https:\/\/yoast.com\/product\/yoast-seo-wordpress\/ -->\n<title>Global Outreach Coach Position | Inca Link International<\/title>\n<meta name=\"description\" content=\"A Global Outreach Coach leads the activities of global volunteers that serve with Inca Link and its ministries.\" \/>\n<meta name=\"robots\" content=\"index, follow, max-snippet:-1, max-image-preview:large, max-video-preview:-1\" \/>\n<link rel=\"canonical\" href=\"http:\/\/www.incalink.org\/es\/serve\/careers\/global-outreach-coach\/\" \/>\n<meta property=\"og:locale\" content=\"es_ES\" \/>\n<meta property=\"og:type\" content=\"article\" \/>\n<meta property=\"og:title\" content=\"Global Outreach Coach Position\" \/>\n<meta property=\"og:description\" content=\"A Global Outreach Coach leads the activities of global volunteers that serve with Inca Link and its ministries.\" \/>\n<meta property=\"og:url\" content=\"http:\/\/www.incalink.org\/es\/serve\/careers\/global-outreach-coach\/\" \/>\n<meta property=\"og:site_name\" content=\"Inca Link International\" \/>\n<meta property=\"article:modified_time\" content=\"2024-08-19T16:12:01+00:00\" \/>\n<meta property=\"og:image\" content=\"http:\/\/www.incalink.org\/wp-content\/uploads\/2022\/08\/inca-link-international.jpg\" \/>\n\t<meta property=\"og:image:width\" content=\"800\" \/>\n\t<meta property=\"og:image:height\" content=\"500\" \/>\n\t<meta property=\"og:image:type\" content=\"image\/jpeg\" \/>\n<meta name=\"twitter:card\" content=\"summary_large_image\" \/>\n<meta name=\"twitter:title\" content=\"Global Outreach Coach Position\" \/>\n<meta name=\"twitter:description\" content=\"A Global Outreach Coach leads the activities of global volunteers that serve with Inca Link and its ministries.\" \/>\n<meta name=\"twitter:image\" content=\"https:\/\/www.incalink.org\/wp-content\/uploads\/2022\/08\/inca-link-international.jpg\" \/>\n<meta name=\"twitter:label1\" content=\"Est. reading time\" \/>\n\t<meta name=\"twitter:data1\" content=\"2 minutos\" \/>\n<script type=\"application\/ld+json\" class=\"yoast-schema-graph\">{\"@context\":\"https:\/\/schema.org\",\"@graph\":[{\"@type\":\"WebPage\",\"@id\":\"http:\/\/www.incalink.org\/serve\/careers\/global-outreach-coach\",\"url\":\"http:\/\/www.incalink.org\/serve\/careers\/global-outreach-coach\",\"name\":\"Global Outreach Coach Position | Inca Link International\",\"isPartOf\":{\"@id\":\"https:\/\/www.incalink.org\/es\/#website\"},\"primaryImageOfPage\":{\"@id\":\"http:\/\/www.incalink.org\/serve\/careers\/global-outreach-coach#primaryimage\"},\"image\":{\"@id\":\"http:\/\/www.incalink.org\/serve\/careers\/global-outreach-coach#primaryimage\"},\"thumbnailUrl\":\"https:\/\/www.incalink.org\/wp-content\/uploads\/2022\/08\/inca-link-international.jpg\",\"datePublished\":\"2022-09-21T20:10:30+00:00\",\"dateModified\":\"2024-08-19T16:12:01+00:00\",\"description\":\"A Global Outreach Coach leads the activities of global volunteers that serve with Inca Link and its ministries.\",\"breadcrumb\":{\"@id\":\"http:\/\/www.incalink.org\/serve\/careers\/global-outreach-coach#breadcrumb\"},\"inLanguage\":\"es\",\"potentialAction\":[{\"@type\":\"ReadAction\",\"target\":[\"http:\/\/www.incalink.org\/serve\/careers\/global-outreach-coach\"]}]},{\"@type\":\"ImageObject\",\"inLanguage\":\"es\",\"@id\":\"http:\/\/www.incalink.org\/serve\/careers\/global-outreach-coach#primaryimage\",\"url\":\"https:\/\/www.incalink.org\/wp-content\/uploads\/2022\/08\/inca-link-international.jpg\",\"contentUrl\":\"https:\/\/www.incalink.org\/wp-content\/uploads\/2022\/08\/inca-link-international.jpg\",\"width\":800,\"height\":500},{\"@type\":\"BreadcrumbList\",\"@id\":\"http:\/\/www.incalink.org\/serve\/careers\/global-outreach-coach#breadcrumb\",\"itemListElement\":[{\"@type\":\"ListItem\",\"position\":1,\"name\":\"Home\",\"item\":\"https:\/\/www.incalink.org\/\"},{\"@type\":\"ListItem\",\"position\":2,\"name\":\"Serve\",\"item\":\"http:\/\/www.incalink.org\/serve\"},{\"@type\":\"ListItem\",\"position\":3,\"name\":\"Careers\",\"item\":\"http:\/\/www.incalink.org\/serve\/careers\"},{\"@type\":\"ListItem\",\"position\":4,\"name\":\"Global Outreach Coach Position\"}]},{\"@type\":\"WebSite\",\"@id\":\"https:\/\/www.incalink.org\/es\/#website\",\"url\":\"https:\/\/www.incalink.org\/es\/\",\"name\":\"Inca Link International\",\"description\":\"Reaching the 300 million youth of Latin America with Christ\u2019s irresistible love.\",\"publisher\":{\"@id\":\"https:\/\/www.incalink.org\/es\/#organization\"},\"potentialAction\":[{\"@type\":\"SearchAction\",\"target\":{\"@type\":\"EntryPoint\",\"urlTemplate\":\"https:\/\/www.incalink.org\/es\/?s={search_term_string}\"},\"query-input\":{\"@type\":\"PropertyValueSpecification\",\"valueRequired\":true,\"valueName\":\"search_term_string\"}}],\"inLanguage\":\"es\"},{\"@type\":\"Organization\",\"@id\":\"https:\/\/www.incalink.org\/es\/#organization\",\"name\":\"Inca Link International\",\"url\":\"https:\/\/www.incalink.org\/es\/\",\"logo\":{\"@type\":\"ImageObject\",\"inLanguage\":\"es\",\"@id\":\"https:\/\/www.incalink.org\/es\/#\/schema\/logo\/image\/\",\"url\":\"https:\/\/www.incalink.org\/wp-content\/uploads\/2022\/04\/ILI-Favicon_Gray-01-1.svg\",\"contentUrl\":\"https:\/\/www.incalink.org\/wp-content\/uploads\/2022\/04\/ILI-Favicon_Gray-01-1.svg\",\"width\":512,\"height\":512,\"caption\":\"Inca Link International\"},\"image\":{\"@id\":\"https:\/\/www.incalink.org\/es\/#\/schema\/logo\/image\/\"}}]}<\/script>\n<!-- \/ Yoast SEO plugin. -->","yoast_head_json":{"title":"Global Outreach Coach Position | Inca Link International","description":"A Global Outreach Coach leads the activities of global volunteers that serve with Inca Link and its ministries.","robots":{"index":"index","follow":"follow","max-snippet":"max-snippet:-1","max-image-preview":"max-image-preview:large","max-video-preview":"max-video-preview:-1"},"canonical":"http:\/\/www.incalink.org\/es\/serve\/careers\/global-outreach-coach\/","og_locale":"es_ES","og_type":"article","og_title":"Global Outreach Coach Position","og_description":"A Global Outreach Coach leads the activities of global volunteers that serve with Inca Link and its ministries.","og_url":"http:\/\/www.incalink.org\/es\/serve\/careers\/global-outreach-coach\/","og_site_name":"Inca Link International","article_modified_time":"2024-08-19T16:12:01+00:00","og_image":[{"width":800,"height":500,"url":"http:\/\/www.incalink.org\/wp-content\/uploads\/2022\/08\/inca-link-international.jpg","type":"image\/jpeg"}],"twitter_card":"summary_large_image","twitter_title":"Global Outreach Coach Position","twitter_description":"A Global Outreach Coach leads the activities of global volunteers that serve with Inca Link and its ministries.","twitter_image":"https:\/\/www.incalink.org\/wp-content\/uploads\/2022\/08\/inca-link-international.jpg","twitter_misc":{"Est. reading time":"2 minutos"},"schema":{"@context":"https:\/\/schema.org","@graph":[{"@type":"WebPage","@id":"http:\/\/www.incalink.org\/serve\/careers\/global-outreach-coach","url":"http:\/\/www.incalink.org\/serve\/careers\/global-outreach-coach","name":"Global Outreach Coach Position | Inca Link International","isPartOf":{"@id":"https:\/\/www.incalink.org\/es\/#website"},"primaryImageOfPage":{"@id":"http:\/\/www.incalink.org\/serve\/careers\/global-outreach-coach#primaryimage"},"image":{"@id":"http:\/\/www.incalink.org\/serve\/careers\/global-outreach-coach#primaryimage"},"thumbnailUrl":"https:\/\/www.incalink.org\/wp-content\/uploads\/2022\/08\/inca-link-international.jpg","datePublished":"2022-09-21T20:10:30+00:00","dateModified":"2024-08-19T16:12:01+00:00","description":"A Global Outreach Coach leads the activities of global volunteers that serve with Inca Link and its ministries.","breadcrumb":{"@id":"http:\/\/www.incalink.org\/serve\/careers\/global-outreach-coach#breadcrumb"},"inLanguage":"es","potentialAction":[{"@type":"ReadAction","target":["http:\/\/www.incalink.org\/serve\/careers\/global-outreach-coach"]}]},{"@type":"ImageObject","inLanguage":"es","@id":"http:\/\/www.incalink.org\/serve\/careers\/global-outreach-coach#primaryimage","url":"https:\/\/www.incalink.org\/wp-content\/uploads\/2022\/08\/inca-link-international.jpg","contentUrl":"https:\/\/www.incalink.org\/wp-content\/uploads\/2022\/08\/inca-link-international.jpg","width":800,"height":500},{"@type":"BreadcrumbList","@id":"http:\/\/www.incalink.org\/serve\/careers\/global-outreach-coach#breadcrumb","itemListElement":[{"@type":"ListItem","position":1,"name":"Home","item":"https:\/\/www.incalink.org\/"},{"@type":"ListItem","position":2,"name":"Serve","item":"http:\/\/www.incalink.org\/serve"},{"@type":"ListItem","position":3,"name":"Careers","item":"http:\/\/www.incalink.org\/serve\/careers"},{"@type":"ListItem","position":4,"name":"Global Outreach Coach Position"}]},{"@type":"WebSite","@id":"https:\/\/www.incalink.org\/es\/#website","url":"https:\/\/www.incalink.org\/es\/","name":"Inca Link Internacional","description":"Reaching the 300 million youth of Latin America with Christ\u2019s irresistible love.","publisher":{"@id":"https:\/\/www.incalink.org\/es\/#organization"},"potentialAction":[{"@type":"SearchAction","target":{"@type":"EntryPoint","urlTemplate":"https:\/\/www.incalink.org\/es\/?s={search_term_string}"},"query-input":{"@type":"PropertyValueSpecification","valueRequired":true,"valueName":"search_term_string"}}],"inLanguage":"es"},{"@type":"Organization","@id":"https:\/\/www.incalink.org\/es\/#organization","name":"Inca Link Internacional","url":"https:\/\/www.incalink.org\/es\/","logo":{"@type":"ImageObject","inLanguage":"es","@id":"https:\/\/www.incalink.org\/es\/#\/schema\/logo\/image\/","url":"https:\/\/www.incalink.org\/wp-content\/uploads\/2022\/04\/ILI-Favicon_Gray-01-1.svg","contentUrl":"https:\/\/www.incalink.org\/wp-content\/uploads\/2022\/04\/ILI-Favicon_Gray-01-1.svg","width":512,"height":512,"caption":"Inca Link International"},"image":{"@id":"https:\/\/www.incalink.org\/es\/#\/schema\/logo\/image\/"}}]}},"_links":{"self":[{"href":"https:\/\/www.incalink.org\/es\/wp-json\/wp\/v2\/pages\/21966","targetHints":{"allow":["GET"]}}],"collection":[{"href":"https:\/\/www.incalink.org\/es\/wp-json\/wp\/v2\/pages"}],"about":[{"href":"https:\/\/www.incalink.org\/es\/wp-json\/wp\/v2\/types\/page"}],"author":[{"embeddable":true,"href":"https:\/\/www.incalink.org\/es\/wp-json\/wp\/v2\/users\/1"}],"replies":[{"embeddable":true,"href":"https:\/\/www.incalink.org\/es\/wp-json\/wp\/v2\/comments?post=21966"}],"version-history":[{"count":34,"href":"https:\/\/www.incalink.org\/es\/wp-json\/wp\/v2\/pages\/21966\/revisions"}],"predecessor-version":[{"id":69083,"href":"https:\/\/www.incalink.org\/es\/wp-json\/wp\/v2\/pages\/21966\/revisions\/69083"}],"up":[{"embeddable":true,"href":"https:\/\/www.incalink.org\/es\/wp-json\/wp\/v2\/pages\/388"}],"wp:featuredmedia":[{"embeddable":true,"href":"https:\/\/www.incalink.org\/es\/wp-json\/wp\/v2\/media\/21528"}],"wp:attachment":[{"href":"https:\/\/www.incalink.org\/es\/wp-json\/wp\/v2\/media?parent=21966"}],"wp:term":[{"taxonomy":"category","embeddable":true,"href":"https:\/\/www.incalink.org\/es\/wp-json\/wp\/v2\/categories?post=21966"},{"taxonomy":"post_tag","embeddable":true,"href":"https:\/\/www.incalink.org\/es\/wp-json\/wp\/v2\/tags?post=21966"},{"taxonomy":"folder","embeddable":true,"href":"https:\/\/www.incalink.org\/es\/wp-json\/wp\/v2\/folder?post=21966"}],"curies":[{"name":"wp","href":"https:\/\/api.w.org\/{rel}","templated":true}]}}