{"id":23310,"date":"2022-10-10T12:56:02","date_gmt":"2022-10-10T16:56:02","guid":{"rendered":"https:\/\/test-inca-link.pantheonsite.io\/?page_id=23310"},"modified":"2025-06-13T15:00:17","modified_gmt":"2025-06-13T19:00:17","slug":"inca-link-ministry-fund","status":"publish","type":"page","link":"https:\/\/www.incalink.org\/es\/donate\/inca-link-ministry-fund","title":{"rendered":"Fondo del Ministerio Inca Link"},"content":{"rendered":"<div data-elementor-type=\"wp-page\" data-elementor-id=\"23310\" class=\"elementor elementor-23310\" data-elementor-post-type=\"page\">\n\t\t\t\t\t\t<section class=\"elementor-section elementor-top-section elementor-element elementor-element-87c8ca8 elementor-section-full_width elementor-section-height-min-height elementor-section-content-middle elementor-section-height-default elementor-section-items-middle\" data-id=\"87c8ca8\" data-element_type=\"section\" data-e-type=\"section\" data-settings=\"{&quot;background_background&quot;:&quot;classic&quot;}\">\n\t\t\t\t\t\t<div class=\"elementor-container elementor-column-gap-default\">\n\t\t\t\t\t<div class=\"elementor-column elementor-col-100 elementor-top-column elementor-element elementor-element-1a7d169\" data-id=\"1a7d169\" data-element_type=\"column\" data-e-type=\"column\">\n\t\t\t<div class=\"elementor-widget-wrap elementor-element-populated\">\n\t\t\t\t\t\t\t<\/div>\n\t\t<\/div>\n\t\t\t\t\t<\/div>\n\t\t<\/section>\n\t\t\t\t<section class=\"elementor-section elementor-top-section elementor-element elementor-element-82489a3 elementor-section-boxed elementor-section-height-default elementor-section-height-default\" data-id=\"82489a3\" data-element_type=\"section\" data-e-type=\"section\">\n\t\t\t\t\t\t<div class=\"elementor-container elementor-column-gap-wide\">\n\t\t\t\t\t<div class=\"elementor-column elementor-col-50 elementor-top-column elementor-element elementor-element-d12771c\" data-id=\"d12771c\" data-element_type=\"column\" data-e-type=\"column\">\n\t\t\t<div class=\"elementor-widget-wrap elementor-element-populated\">\n\t\t\t\t\t\t<div class=\"elementor-element elementor-element-8ce581b elementor-widget elementor-widget-image\" data-id=\"8ce581b\" data-element_type=\"widget\" data-e-type=\"widget\" data-widget_type=\"image.default\">\n\t\t\t\t<div class=\"elementor-widget-container\">\n\t\t\t\t\t\t\t\t\t\t\t\t\t\t\t<img fetchpriority=\"high\" decoding=\"async\" width=\"512\" height=\"512\" src=\"https:\/\/www.incalink.org\/wp-content\/uploads\/2022\/04\/ILI-Favicon_Gray-01-1.svg\" class=\"attachment-large size-large wp-image-242\" alt=\"\" \/>\t\t\t\t\t\t\t\t\t\t\t\t\t\t\t<\/div>\n\t\t\t\t<\/div>\n\t\t\t\t\t<\/div>\n\t\t<\/div>\n\t\t\t\t<div class=\"elementor-column elementor-col-50 elementor-top-column elementor-element elementor-element-7251a85\" data-id=\"7251a85\" data-element_type=\"column\" data-e-type=\"column\">\n\t\t\t<div class=\"elementor-widget-wrap elementor-element-populated\">\n\t\t\t\t\t\t<div class=\"elementor-element elementor-element-6da27f2 elementor-widget elementor-widget-heading\" data-id=\"6da27f2\" data-element_type=\"widget\" data-e-type=\"widget\" data-widget_type=\"heading.default\">\n\t\t\t\t<div class=\"elementor-widget-container\">\n\t\t\t\t\t<h2 class=\"elementor-heading-title elementor-size-default\">Fondo del Ministerio Inca Link<\/h2>\t\t\t\t<\/div>\n\t\t\t\t<\/div>\n\t\t\t\t<div class=\"elementor-element elementor-element-66f7aef elementor-widget elementor-widget-text-editor\" data-id=\"66f7aef\" data-element_type=\"widget\" data-e-type=\"widget\" data-widget_type=\"text-editor.default\">\n\t\t\t\t<div class=\"elementor-widget-container\">\n\t\t\t\t\t\t\t\t\t<p>\u00a1Ayuda donde la necesidad es mayor! Todos los fondos en esta cuenta se utilizan para apoyar las necesidades generales del ministerio.<\/p>\t\t\t\t\t\t\t\t<\/div>\n\t\t\t\t<\/div>\n\t\t\t\t\t<\/div>\n\t\t<\/div>\n\t\t\t\t\t<\/div>\n\t\t<\/section>\n\t\t\t\t<section class=\"elementor-section elementor-top-section elementor-element elementor-element-b5138e3 elementor-section-boxed elementor-section-height-default elementor-section-height-default\" data-id=\"b5138e3\" data-element_type=\"section\" data-e-type=\"section\">\n\t\t\t\t\t\t<div class=\"elementor-container elementor-column-gap-default\">\n\t\t\t\t\t<div class=\"elementor-column elementor-col-100 elementor-top-column elementor-element elementor-element-609be63\" data-id=\"609be63\" data-element_type=\"column\" data-e-type=\"column\">\n\t\t\t<div class=\"elementor-widget-wrap elementor-element-populated\">\n\t\t\t\t\t\t<div class=\"elementor-element elementor-element-56b36b0 elementor-widget elementor-widget-menu-anchor\" data-id=\"56b36b0\" data-element_type=\"widget\" data-e-type=\"widget\" data-widget_type=\"menu-anchor.default\">\n\t\t\t\t<div class=\"elementor-widget-container\">\n\t\t\t\t\t\t\t<div class=\"elementor-menu-anchor\" id=\"how-to-support\"><\/div>\n\t\t\t\t\t\t<\/div>\n\t\t\t\t<\/div>\n\t\t\t\t<div class=\"elementor-element elementor-element-740bec8 elementor-widget elementor-widget-heading\" data-id=\"740bec8\" data-element_type=\"widget\" data-e-type=\"widget\" data-widget_type=\"heading.default\">\n\t\t\t\t<div class=\"elementor-widget-container\">\n\t\t\t\t\t<h2 class=\"elementor-heading-title elementor-size-default\">C\u00f3mo Apoyar Este Proyecto Especial<\/h2>\t\t\t\t<\/div>\n\t\t\t\t<\/div>\n\t\t\t\t<div class=\"elementor-element elementor-element-566348e elementor-widget-divider--view-line elementor-widget elementor-widget-divider\" data-id=\"566348e\" data-element_type=\"widget\" data-e-type=\"widget\" data-widget_type=\"divider.default\">\n\t\t\t\t<div class=\"elementor-widget-container\">\n\t\t\t\t\t\t\t<div class=\"elementor-divider\">\n\t\t\t<span class=\"elementor-divider-separator\">\n\t\t\t\t\t\t<\/span>\n\t\t<\/div>\n\t\t\t\t\t\t<\/div>\n\t\t\t\t<\/div>\n\t\t\t\t\t<\/div>\n\t\t<\/div>\n\t\t\t\t\t<\/div>\n\t\t<\/section>\n\t\t\t\t<section class=\"elementor-section elementor-top-section elementor-element elementor-element-5e79a19 elementor-section-boxed elementor-section-height-default elementor-section-height-default\" data-id=\"5e79a19\" data-element_type=\"section\" data-e-type=\"section\">\n\t\t\t\t\t\t<div class=\"elementor-container elementor-column-gap-default\">\n\t\t\t\t\t<div class=\"elementor-column elementor-col-50 elementor-top-column elementor-element elementor-element-f9beeec\" data-id=\"f9beeec\" data-element_type=\"column\" data-e-type=\"column\">\n\t\t\t<div class=\"elementor-widget-wrap elementor-element-populated\">\n\t\t\t\t\t\t<div class=\"elementor-element elementor-element-479743c elementor-widget elementor-widget-heading\" data-id=\"479743c\" data-element_type=\"widget\" data-e-type=\"widget\" data-widget_type=\"heading.default\">\n\t\t\t\t<div class=\"elementor-widget-container\">\n\t\t\t\t\t<h3 class=\"elementor-heading-title elementor-size-default\">Donar Via Cheque<\/h3>\t\t\t\t<\/div>\n\t\t\t\t<\/div>\n\t\t\t\t<div class=\"elementor-element elementor-element-b80b2c0 elementor-widget elementor-widget-text-editor\" data-id=\"b80b2c0\" data-element_type=\"widget\" data-e-type=\"widget\" data-widget_type=\"text-editor.default\">\n\t\t\t\t<div class=\"elementor-widget-container\">\n\t\t\t\t\t\t\t\t\t<p>Env\u00ede un cheque a nombre de Inca Link International, P.O. Box 1321, Boone, NC 28607. Escriba \u201cFondo de Ministerio de Inca Link\u201d en la nota del cheque.\u00a0<\/p>\t\t\t\t\t\t\t\t<\/div>\n\t\t\t\t<\/div>\n\t\t\t\t\t<\/div>\n\t\t<\/div>\n\t\t\t\t<div class=\"elementor-column elementor-col-50 elementor-top-column elementor-element elementor-element-16283fd\" data-id=\"16283fd\" data-element_type=\"column\" data-e-type=\"column\">\n\t\t\t<div class=\"elementor-widget-wrap elementor-element-populated\">\n\t\t\t\t\t\t<div class=\"elementor-element elementor-element-aa64800 elementor-widget elementor-widget-heading\" data-id=\"aa64800\" data-element_type=\"widget\" data-e-type=\"widget\" data-widget_type=\"heading.default\">\n\t\t\t\t<div class=\"elementor-widget-container\">\n\t\t\t\t\t<h3 class=\"elementor-heading-title elementor-size-default\">Donar via plataforma digital<\/h3>\t\t\t\t<\/div>\n\t\t\t\t<\/div>\n\t\t\t\t<div class=\"elementor-element elementor-element-28866f2 elementor-widget elementor-widget-text-editor\" data-id=\"28866f2\" data-element_type=\"widget\" data-e-type=\"widget\" data-widget_type=\"text-editor.default\">\n\t\t\t\t<div class=\"elementor-widget-container\">\n\t\t\t\t\t\t\t\t\t<p>Utilice el siguiente formulario para personalizar y confirmar su donaci\u00f3n mensual o \u00fanica.<\/p>\t\t\t\t\t\t\t\t<\/div>\n\t\t\t\t<\/div>\n\t\t\t\t\t<\/div>\n\t\t<\/div>\n\t\t\t\t\t<\/div>\n\t\t<\/section>\n\t\t\t\t<section class=\"elementor-section elementor-top-section elementor-element elementor-element-bd81ef3 elementor-section-boxed elementor-section-height-default elementor-section-height-default\" data-id=\"bd81ef3\" data-element_type=\"section\" data-e-type=\"section\">\n\t\t\t\t\t\t<div class=\"elementor-container elementor-column-gap-default\">\n\t\t\t\t\t<div class=\"elementor-column elementor-col-100 elementor-top-column elementor-element elementor-element-3fa3f11\" data-id=\"3fa3f11\" data-element_type=\"column\" data-e-type=\"column\">\n\t\t\t<div class=\"elementor-widget-wrap elementor-element-populated\">\n\t\t\t\t\t\t<div class=\"elementor-element elementor-element-aada5a3 elementor-widget elementor-widget-html\" data-id=\"aada5a3\" data-element_type=\"widget\" data-e-type=\"widget\" data-widget_type=\"html.default\">\n\t\t\t\t<div class=\"elementor-widget-container\">\n\t\t\t\t\t<script src=\"https:\/\/raisedonorsprod.azureedge.net\/embed\/embed.js\"\n                        data-rd=\"ca1de20b-1084-41c0-a439-fe18e0b5863b\"\n                        data-organizationId=\"41115\">\n                        <\/script>\t\t\t\t<\/div>\n\t\t\t\t<\/div>\n\t\t\t\t\t<\/div>\n\t\t<\/div>\n\t\t\t\t\t<\/div>\n\t\t<\/section>\n\t\t\t\t<section class=\"elementor-section elementor-top-section elementor-element elementor-element-43eab85 elementor-section-boxed elementor-section-height-default elementor-section-height-default\" data-id=\"43eab85\" data-element_type=\"section\" data-e-type=\"section\">\n\t\t\t\t\t\t<div class=\"elementor-container elementor-column-gap-default\">\n\t\t\t\t\t<div class=\"elementor-column elementor-col-100 elementor-top-column elementor-element elementor-element-6271a6f\" data-id=\"6271a6f\" data-element_type=\"column\" data-e-type=\"column\">\n\t\t\t<div class=\"elementor-widget-wrap elementor-element-populated\">\n\t\t\t\t\t\t<div class=\"elementor-element elementor-element-7aacfe6 elementor-widget elementor-widget-text-editor\" data-id=\"7aacfe6\" data-element_type=\"widget\" data-e-type=\"widget\" data-widget_type=\"text-editor.default\">\n\t\t\t\t<div class=\"elementor-widget-container\">\n\t\t\t\t\t\t\t\t\t<p>Inca Link International, Inc. es una organizaci\u00f3n 501(c)3 exenta de impuestos. Nuestro n\u00famero de identificaci\u00f3n fiscal es 27-4210917. Todas las contribuciones a Inca Link International, Inc. son deducibles del impuesto a los ingresos y se hacen con el entendimiento de que Inca Link International, Inc. tiene discreci\u00f3n y control total sobre el uso de todos los fondos donados. A menos que se especifique lo contrario, no se proporcionaron bienes o servicios a cambio de las donaciones.<\/p>\t\t\t\t\t\t\t\t<\/div>\n\t\t\t\t<\/div>\n\t\t\t\t\t<\/div>\n\t\t<\/div>\n\t\t\t\t\t<\/div>\n\t\t<\/section>\n\t\t\t\t<\/div>","protected":false},"excerpt":{"rendered":"<p>Este fondo apoya varios ministerios de Inca Link a trav\u00e9s de nuestra red. Todas las donaciones se utilizan para financiar las necesidades generales del ministerio.<\/p>","protected":false},"author":1,"featured_media":21092,"parent":63167,"menu_order":0,"comment_status":"closed","ping_status":"closed","template":"","meta":{"_monsterinsights_skip_tracking":false,"_monsterinsights_sitenote_active":false,"_monsterinsights_sitenote_note":"","_monsterinsights_sitenote_category":0,"site-sidebar-layout":"no-sidebar","site-content-layout":"page-builder","ast-site-content-layout":"default","site-content-style":"default","site-sidebar-style":"default","ast-global-header-display":"","ast-banner-title-visibility":"","ast-main-header-display":"","ast-hfb-above-header-display":"","ast-hfb-below-header-display":"","ast-hfb-mobile-header-display":"","site-post-title":"disabled","ast-breadcrumbs-content":"","ast-featured-img":"disabled","footer-sml-layout":"","ast-disable-related-posts":"","theme-transparent-header-meta":"","adv-header-id-meta":"","stick-header-meta":"","header-above-stick-meta":"","header-main-stick-meta":"","header-below-stick-meta":"","astra-migrate-meta-layouts":"default","ast-page-background-enabled":"default","ast-page-background-meta":{"desktop":{"background-color":"var(--ast-global-color-4)","background-image":"","background-repeat":"repeat","background-position":"center center","background-size":"auto","background-attachment":"scroll","background-type":"","background-media":"","overlay-type":"","overlay-color":"","overlay-opacity":"","overlay-gradient":""},"tablet":{"background-color":"","background-image":"","background-repeat":"repeat","background-position":"center center","background-size":"auto","background-attachment":"scroll","background-type":"","background-media":"","overlay-type":"","overlay-color":"","overlay-opacity":"","overlay-gradient":""},"mobile":{"background-color":"","background-image":"","background-repeat":"repeat","background-position":"center center","background-size":"auto","background-attachment":"scroll","background-type":"","background-media":"","overlay-type":"","overlay-color":"","overlay-opacity":"","overlay-gradient":""}},"ast-content-background-meta":{"desktop":{"background-color":"var(--ast-global-color-5)","background-image":"","background-repeat":"repeat","background-position":"center center","background-size":"auto","background-attachment":"scroll","background-type":"","background-media":"","overlay-type":"","overlay-color":"","overlay-opacity":"","overlay-gradient":""},"tablet":{"background-color":"var(--ast-global-color-5)","background-image":"","background-repeat":"repeat","background-position":"center center","background-size":"auto","background-attachment":"scroll","background-type":"","background-media":"","overlay-type":"","overlay-color":"","overlay-opacity":"","overlay-gradient":""},"mobile":{"background-color":"var(--ast-global-color-5)","background-image":"","background-repeat":"repeat","background-position":"center center","background-size":"auto","background-attachment":"scroll","background-type":"","background-media":"","overlay-type":"","overlay-color":"","overlay-opacity":"","overlay-gradient":""}},"footnotes":""},"categories":[],"tags":[],"folder":[459],"class_list":["post-23310","page","type-page","status-publish","has-post-thumbnail","hentry"],"yoast_head":"<!-- This site is optimized with the Yoast SEO plugin v27.3 - https:\/\/yoast.com\/product\/yoast-seo-wordpress\/ -->\n<title>Inca Link Ministry Fund | Inca Link International<\/title>\n<meta name=\"description\" content=\"This fund supports various Inca Link ministries across our network. All donations are used to fund general ministry needs.\" \/>\n<meta name=\"robots\" content=\"index, follow, max-snippet:-1, max-image-preview:large, max-video-preview:-1\" \/>\n<link rel=\"canonical\" href=\"http:\/\/www.incalink.org\/es\/donate\/inca-link-ministry-fund\/\" \/>\n<meta property=\"og:locale\" content=\"es_ES\" \/>\n<meta property=\"og:type\" content=\"article\" \/>\n<meta property=\"og:title\" content=\"Inca Link Ministry Fund\" \/>\n<meta property=\"og:description\" content=\"This fund supports various Inca Link ministries across our network. All donations are used to fund general ministry needs.\" \/>\n<meta property=\"og:url\" content=\"http:\/\/www.incalink.org\/es\/donate\/inca-link-ministry-fund\/\" \/>\n<meta property=\"og:site_name\" content=\"Inca Link International\" \/>\n<meta property=\"article:modified_time\" content=\"2025-06-13T19:00:17+00:00\" \/>\n<meta property=\"og:image\" content=\"http:\/\/www.incalink.org\/wp-content\/uploads\/2022\/08\/inca-link-international-ministry-fund_featured-image.jpg\" \/>\n\t<meta property=\"og:image:width\" content=\"800\" \/>\n\t<meta property=\"og:image:height\" content=\"500\" \/>\n\t<meta property=\"og:image:type\" content=\"image\/jpeg\" \/>\n<meta name=\"twitter:card\" content=\"summary_large_image\" \/>\n<meta name=\"twitter:title\" content=\"Inca Link Ministry Fund\" \/>\n<meta name=\"twitter:description\" content=\"This fund supports various Inca Link ministries across our network. All donations are used to fund general ministry needs.\" \/>\n<meta name=\"twitter:image\" content=\"https:\/\/www.incalink.org\/wp-content\/uploads\/2022\/08\/inca-link-international-ministry-fund_featured-image.jpg\" \/>\n<meta name=\"twitter:label1\" content=\"Est. reading time\" \/>\n\t<meta name=\"twitter:data1\" content=\"1 minuto\" \/>\n<script type=\"application\/ld+json\" class=\"yoast-schema-graph\">{\"@context\":\"https:\\\/\\\/schema.org\",\"@graph\":[{\"@type\":\"WebPage\",\"@id\":\"http:\\\/\\\/www.incalink.org\\\/donate\\\/inca-link-ministry-fund\",\"url\":\"http:\\\/\\\/www.incalink.org\\\/donate\\\/inca-link-ministry-fund\",\"name\":\"Inca Link Ministry Fund | Inca Link International\",\"isPartOf\":{\"@id\":\"https:\\\/\\\/www.incalink.org\\\/es\\\/#website\"},\"primaryImageOfPage\":{\"@id\":\"http:\\\/\\\/www.incalink.org\\\/donate\\\/inca-link-ministry-fund#primaryimage\"},\"image\":{\"@id\":\"http:\\\/\\\/www.incalink.org\\\/donate\\\/inca-link-ministry-fund#primaryimage\"},\"thumbnailUrl\":\"https:\\\/\\\/www.incalink.org\\\/wp-content\\\/uploads\\\/2022\\\/08\\\/inca-link-international-ministry-fund_featured-image.jpg\",\"datePublished\":\"2022-10-10T16:56:02+00:00\",\"dateModified\":\"2025-06-13T19:00:17+00:00\",\"description\":\"This fund supports various Inca Link ministries across our network. All donations are used to fund general ministry needs.\",\"breadcrumb\":{\"@id\":\"http:\\\/\\\/www.incalink.org\\\/donate\\\/inca-link-ministry-fund#breadcrumb\"},\"inLanguage\":\"es\",\"potentialAction\":[{\"@type\":\"ReadAction\",\"target\":[\"http:\\\/\\\/www.incalink.org\\\/donate\\\/inca-link-ministry-fund\"]}]},{\"@type\":\"ImageObject\",\"inLanguage\":\"es\",\"@id\":\"http:\\\/\\\/www.incalink.org\\\/donate\\\/inca-link-ministry-fund#primaryimage\",\"url\":\"https:\\\/\\\/www.incalink.org\\\/wp-content\\\/uploads\\\/2022\\\/08\\\/inca-link-international-ministry-fund_featured-image.jpg\",\"contentUrl\":\"https:\\\/\\\/www.incalink.org\\\/wp-content\\\/uploads\\\/2022\\\/08\\\/inca-link-international-ministry-fund_featured-image.jpg\",\"width\":800,\"height\":500},{\"@type\":\"BreadcrumbList\",\"@id\":\"http:\\\/\\\/www.incalink.org\\\/donate\\\/inca-link-ministry-fund#breadcrumb\",\"itemListElement\":[{\"@type\":\"ListItem\",\"position\":1,\"name\":\"Home\",\"item\":\"https:\\\/\\\/www.incalink.org\\\/\"},{\"@type\":\"ListItem\",\"position\":2,\"name\":\"Donate\",\"item\":\"http:\\\/\\\/www.incalink.org\\\/donate\"},{\"@type\":\"ListItem\",\"position\":3,\"name\":\"Inca Link Ministry Fund\"}]},{\"@type\":\"WebSite\",\"@id\":\"https:\\\/\\\/www.incalink.org\\\/es\\\/#website\",\"url\":\"https:\\\/\\\/www.incalink.org\\\/es\\\/\",\"name\":\"Inca Link International\",\"description\":\"Reaching the 300 million youth of Latin America with Christ\u2019s irresistible love.\",\"publisher\":{\"@id\":\"https:\\\/\\\/www.incalink.org\\\/es\\\/#organization\"},\"potentialAction\":[{\"@type\":\"SearchAction\",\"target\":{\"@type\":\"EntryPoint\",\"urlTemplate\":\"https:\\\/\\\/www.incalink.org\\\/es\\\/?s={search_term_string}\"},\"query-input\":{\"@type\":\"PropertyValueSpecification\",\"valueRequired\":true,\"valueName\":\"search_term_string\"}}],\"inLanguage\":\"es\"},{\"@type\":\"Organization\",\"@id\":\"https:\\\/\\\/www.incalink.org\\\/es\\\/#organization\",\"name\":\"Inca Link International\",\"url\":\"https:\\\/\\\/www.incalink.org\\\/es\\\/\",\"logo\":{\"@type\":\"ImageObject\",\"inLanguage\":\"es\",\"@id\":\"https:\\\/\\\/www.incalink.org\\\/es\\\/#\\\/schema\\\/logo\\\/image\\\/\",\"url\":\"https:\\\/\\\/www.incalink.org\\\/wp-content\\\/uploads\\\/2022\\\/04\\\/ILI-Favicon_Gray-01-1.svg\",\"contentUrl\":\"https:\\\/\\\/www.incalink.org\\\/wp-content\\\/uploads\\\/2022\\\/04\\\/ILI-Favicon_Gray-01-1.svg\",\"width\":512,\"height\":512,\"caption\":\"Inca Link International\"},\"image\":{\"@id\":\"https:\\\/\\\/www.incalink.org\\\/es\\\/#\\\/schema\\\/logo\\\/image\\\/\"}}]}<\/script>\n<!-- \/ Yoast SEO plugin. -->","yoast_head_json":{"title":"Inca Link Ministry Fund | Inca Link International","description":"Este fondo apoya varios ministerios de Inca Link a trav\u00e9s de nuestra red. Todas las donaciones se utilizan para financiar las necesidades generales del ministerio.","robots":{"index":"index","follow":"follow","max-snippet":"max-snippet:-1","max-image-preview":"max-image-preview:large","max-video-preview":"max-video-preview:-1"},"canonical":"http:\/\/www.incalink.org\/es\/donate\/inca-link-ministry-fund\/","og_locale":"es_ES","og_type":"article","og_title":"Inca Link Ministry Fund","og_description":"This fund supports various Inca Link ministries across our network. All donations are used to fund general ministry needs.","og_url":"http:\/\/www.incalink.org\/es\/donate\/inca-link-ministry-fund\/","og_site_name":"Inca Link International","article_modified_time":"2025-06-13T19:00:17+00:00","og_image":[{"width":800,"height":500,"url":"http:\/\/www.incalink.org\/wp-content\/uploads\/2022\/08\/inca-link-international-ministry-fund_featured-image.jpg","type":"image\/jpeg"}],"twitter_card":"summary_large_image","twitter_title":"Inca Link Ministry Fund","twitter_description":"This fund supports various Inca Link ministries across our network. All donations are used to fund general ministry needs.","twitter_image":"https:\/\/www.incalink.org\/wp-content\/uploads\/2022\/08\/inca-link-international-ministry-fund_featured-image.jpg","twitter_misc":{"Est. reading time":"1 minuto"},"schema":{"@context":"https:\/\/schema.org","@graph":[{"@type":"WebPage","@id":"http:\/\/www.incalink.org\/donate\/inca-link-ministry-fund","url":"http:\/\/www.incalink.org\/donate\/inca-link-ministry-fund","name":"Inca Link Ministry Fund | Inca Link International","isPartOf":{"@id":"https:\/\/www.incalink.org\/es\/#website"},"primaryImageOfPage":{"@id":"http:\/\/www.incalink.org\/donate\/inca-link-ministry-fund#primaryimage"},"image":{"@id":"http:\/\/www.incalink.org\/donate\/inca-link-ministry-fund#primaryimage"},"thumbnailUrl":"https:\/\/www.incalink.org\/wp-content\/uploads\/2022\/08\/inca-link-international-ministry-fund_featured-image.jpg","datePublished":"2022-10-10T16:56:02+00:00","dateModified":"2025-06-13T19:00:17+00:00","description":"Este fondo apoya varios ministerios de Inca Link a trav\u00e9s de nuestra red. Todas las donaciones se utilizan para financiar las necesidades generales del ministerio.","breadcrumb":{"@id":"http:\/\/www.incalink.org\/donate\/inca-link-ministry-fund#breadcrumb"},"inLanguage":"es","potentialAction":[{"@type":"ReadAction","target":["http:\/\/www.incalink.org\/donate\/inca-link-ministry-fund"]}]},{"@type":"ImageObject","inLanguage":"es","@id":"http:\/\/www.incalink.org\/donate\/inca-link-ministry-fund#primaryimage","url":"https:\/\/www.incalink.org\/wp-content\/uploads\/2022\/08\/inca-link-international-ministry-fund_featured-image.jpg","contentUrl":"https:\/\/www.incalink.org\/wp-content\/uploads\/2022\/08\/inca-link-international-ministry-fund_featured-image.jpg","width":800,"height":500},{"@type":"BreadcrumbList","@id":"http:\/\/www.incalink.org\/donate\/inca-link-ministry-fund#breadcrumb","itemListElement":[{"@type":"ListItem","position":1,"name":"Home","item":"https:\/\/www.incalink.org\/"},{"@type":"ListItem","position":2,"name":"Donate","item":"http:\/\/www.incalink.org\/donate"},{"@type":"ListItem","position":3,"name":"Inca Link Ministry Fund"}]},{"@type":"WebSite","@id":"https:\/\/www.incalink.org\/es\/#website","url":"https:\/\/www.incalink.org\/es\/","name":"Inca Link Internacional","description":"Reaching the 300 million youth of Latin America with Christ\u2019s irresistible love.","publisher":{"@id":"https:\/\/www.incalink.org\/es\/#organization"},"potentialAction":[{"@type":"SearchAction","target":{"@type":"EntryPoint","urlTemplate":"https:\/\/www.incalink.org\/es\/?s={search_term_string}"},"query-input":{"@type":"PropertyValueSpecification","valueRequired":true,"valueName":"search_term_string"}}],"inLanguage":"es"},{"@type":"Organization","@id":"https:\/\/www.incalink.org\/es\/#organization","name":"Inca Link Internacional","url":"https:\/\/www.incalink.org\/es\/","logo":{"@type":"ImageObject","inLanguage":"es","@id":"https:\/\/www.incalink.org\/es\/#\/schema\/logo\/image\/","url":"https:\/\/www.incalink.org\/wp-content\/uploads\/2022\/04\/ILI-Favicon_Gray-01-1.svg","contentUrl":"https:\/\/www.incalink.org\/wp-content\/uploads\/2022\/04\/ILI-Favicon_Gray-01-1.svg","width":512,"height":512,"caption":"Inca Link International"},"image":{"@id":"https:\/\/www.incalink.org\/es\/#\/schema\/logo\/image\/"}}]}},"_links":{"self":[{"href":"https:\/\/www.incalink.org\/es\/wp-json\/wp\/v2\/pages\/23310","targetHints":{"allow":["GET"]}}],"collection":[{"href":"https:\/\/www.incalink.org\/es\/wp-json\/wp\/v2\/pages"}],"about":[{"href":"https:\/\/www.incalink.org\/es\/wp-json\/wp\/v2\/types\/page"}],"author":[{"embeddable":true,"href":"https:\/\/www.incalink.org\/es\/wp-json\/wp\/v2\/users\/1"}],"replies":[{"embeddable":true,"href":"https:\/\/www.incalink.org\/es\/wp-json\/wp\/v2\/comments?post=23310"}],"version-history":[{"count":22,"href":"https:\/\/www.incalink.org\/es\/wp-json\/wp\/v2\/pages\/23310\/revisions"}],"predecessor-version":[{"id":72092,"href":"https:\/\/www.incalink.org\/es\/wp-json\/wp\/v2\/pages\/23310\/revisions\/72092"}],"up":[{"embeddable":true,"href":"https:\/\/www.incalink.org\/es\/wp-json\/wp\/v2\/pages\/63167"}],"wp:featuredmedia":[{"embeddable":true,"href":"https:\/\/www.incalink.org\/es\/wp-json\/wp\/v2\/media\/21092"}],"wp:attachment":[{"href":"https:\/\/www.incalink.org\/es\/wp-json\/wp\/v2\/media?parent=23310"}],"wp:term":[{"taxonomy":"category","embeddable":true,"href":"https:\/\/www.incalink.org\/es\/wp-json\/wp\/v2\/categories?post=23310"},{"taxonomy":"post_tag","embeddable":true,"href":"https:\/\/www.incalink.org\/es\/wp-json\/wp\/v2\/tags?post=23310"},{"taxonomy":"folder","embeddable":true,"href":"https:\/\/www.incalink.org\/es\/wp-json\/wp\/v2\/folder?post=23310"}],"curies":[{"name":"wp","href":"https:\/\/api.w.org\/{rel}","templated":true}]}}