{"id":23322,"date":"2022-10-10T13:01:24","date_gmt":"2022-10-10T17:01:24","guid":{"rendered":"https:\/\/test-inca-link.pantheonsite.io\/?page_id=23322"},"modified":"2025-05-30T11:00:25","modified_gmt":"2025-05-30T15:00:25","slug":"disaster-relief-fund","status":"publish","type":"page","link":"https:\/\/www.incalink.org\/es\/donate\/disaster-relief-fund","title":{"rendered":"Fondo de Ayuda para Desastres"},"content":{"rendered":"<div data-elementor-type=\"wp-page\" data-elementor-id=\"23322\" class=\"elementor elementor-23322\" data-elementor-post-type=\"page\">\n\t\t\t\t\t\t<section class=\"elementor-section elementor-top-section elementor-element elementor-element-75dc6e3 elementor-section-full_width elementor-section-height-min-height elementor-section-content-middle elementor-section-height-default elementor-section-items-middle\" data-id=\"75dc6e3\" data-element_type=\"section\" data-e-type=\"section\" data-settings=\"{&quot;background_background&quot;:&quot;classic&quot;}\">\n\t\t\t\t\t\t<div class=\"elementor-container elementor-column-gap-default\">\n\t\t\t\t\t<div class=\"elementor-column elementor-col-100 elementor-top-column elementor-element elementor-element-a56c107\" data-id=\"a56c107\" data-element_type=\"column\" data-e-type=\"column\">\n\t\t\t<div class=\"elementor-widget-wrap elementor-element-populated\">\n\t\t\t\t\t\t\t<\/div>\n\t\t<\/div>\n\t\t\t\t\t<\/div>\n\t\t<\/section>\n\t\t\t\t<section class=\"elementor-section elementor-top-section elementor-element elementor-element-611463f elementor-section-boxed elementor-section-height-default elementor-section-height-default\" data-id=\"611463f\" data-element_type=\"section\" data-e-type=\"section\">\n\t\t\t\t\t\t<div class=\"elementor-container elementor-column-gap-wide\">\n\t\t\t\t\t<div class=\"elementor-column elementor-col-50 elementor-top-column elementor-element elementor-element-4eb78a4\" data-id=\"4eb78a4\" data-element_type=\"column\" data-e-type=\"column\">\n\t\t\t<div class=\"elementor-widget-wrap elementor-element-populated\">\n\t\t\t\t\t\t<div class=\"elementor-element elementor-element-78fdaaa elementor-widget elementor-widget-image\" data-id=\"78fdaaa\" data-element_type=\"widget\" data-e-type=\"widget\" data-widget_type=\"image.default\">\n\t\t\t\t<div class=\"elementor-widget-container\">\n\t\t\t\t\t\t\t\t\t\t\t\t\t\t\t<img fetchpriority=\"high\" decoding=\"async\" width=\"512\" height=\"512\" src=\"https:\/\/www.incalink.org\/wp-content\/uploads\/2022\/04\/ILI-Favicon_Gray-01-1.svg\" class=\"attachment-large size-large wp-image-242\" alt=\"\" \/>\t\t\t\t\t\t\t\t\t\t\t\t\t\t\t<\/div>\n\t\t\t\t<\/div>\n\t\t\t\t\t<\/div>\n\t\t<\/div>\n\t\t\t\t<div class=\"elementor-column elementor-col-50 elementor-top-column elementor-element elementor-element-eebd97b\" data-id=\"eebd97b\" data-element_type=\"column\" data-e-type=\"column\">\n\t\t\t<div class=\"elementor-widget-wrap elementor-element-populated\">\n\t\t\t\t\t\t<div class=\"elementor-element elementor-element-285e3d7 elementor-widget elementor-widget-heading\" data-id=\"285e3d7\" data-element_type=\"widget\" data-e-type=\"widget\" data-widget_type=\"heading.default\">\n\t\t\t\t<div class=\"elementor-widget-container\">\n\t\t\t\t\t<h2 class=\"elementor-heading-title elementor-size-default\">Fondo de Ayuda para Desastres<\/h2>\t\t\t\t<\/div>\n\t\t\t\t<\/div>\n\t\t\t\t<div class=\"elementor-element elementor-element-8361048 elementor-widget elementor-widget-text-editor\" data-id=\"8361048\" data-element_type=\"widget\" data-e-type=\"widget\" data-widget_type=\"text-editor.default\">\n\t\t\t\t<div class=\"elementor-widget-container\">\n\t\t\t\t\t\t\t\t\t<p>Este fondo apoya a los ministerios de Inca Link en Am\u00e9rica Latina para satisfacer las necesidades de las familias afectadas por desastres en Am\u00e9rica Latina. El 100% de los fondos recaudados se utilizan para apoyar el alcance de ministerios.<\/p>\t\t\t\t\t\t\t\t<\/div>\n\t\t\t\t<\/div>\n\t\t\t\t\t<\/div>\n\t\t<\/div>\n\t\t\t\t\t<\/div>\n\t\t<\/section>\n\t\t\t\t<section class=\"elementor-section elementor-top-section elementor-element elementor-element-762e163 elementor-section-boxed elementor-section-height-default elementor-section-height-default\" data-id=\"762e163\" data-element_type=\"section\" data-e-type=\"section\">\n\t\t\t\t\t\t<div class=\"elementor-container elementor-column-gap-default\">\n\t\t\t\t\t<div class=\"elementor-column elementor-col-100 elementor-top-column elementor-element elementor-element-3e4a914\" data-id=\"3e4a914\" data-element_type=\"column\" data-e-type=\"column\">\n\t\t\t<div class=\"elementor-widget-wrap elementor-element-populated\">\n\t\t\t\t\t\t<div class=\"elementor-element elementor-element-af660fc elementor-widget elementor-widget-menu-anchor\" data-id=\"af660fc\" data-element_type=\"widget\" data-e-type=\"widget\" data-widget_type=\"menu-anchor.default\">\n\t\t\t\t<div class=\"elementor-widget-container\">\n\t\t\t\t\t\t\t<div class=\"elementor-menu-anchor\" id=\"how-to-support\"><\/div>\n\t\t\t\t\t\t<\/div>\n\t\t\t\t<\/div>\n\t\t\t\t<div class=\"elementor-element elementor-element-2436e76 elementor-widget elementor-widget-heading\" data-id=\"2436e76\" data-element_type=\"widget\" data-e-type=\"widget\" data-widget_type=\"heading.default\">\n\t\t\t\t<div class=\"elementor-widget-container\">\n\t\t\t\t\t<h2 class=\"elementor-heading-title elementor-size-default\">C\u00f3mo Apoyar Este Proyecto Especial<\/h2>\t\t\t\t<\/div>\n\t\t\t\t<\/div>\n\t\t\t\t<div class=\"elementor-element elementor-element-3dcdad6 elementor-widget-divider--view-line elementor-widget elementor-widget-divider\" data-id=\"3dcdad6\" data-element_type=\"widget\" data-e-type=\"widget\" data-widget_type=\"divider.default\">\n\t\t\t\t<div class=\"elementor-widget-container\">\n\t\t\t\t\t\t\t<div class=\"elementor-divider\">\n\t\t\t<span class=\"elementor-divider-separator\">\n\t\t\t\t\t\t<\/span>\n\t\t<\/div>\n\t\t\t\t\t\t<\/div>\n\t\t\t\t<\/div>\n\t\t\t\t\t<\/div>\n\t\t<\/div>\n\t\t\t\t\t<\/div>\n\t\t<\/section>\n\t\t\t\t<section class=\"elementor-section elementor-top-section elementor-element elementor-element-6836f18 elementor-section-boxed elementor-section-height-default elementor-section-height-default\" data-id=\"6836f18\" data-element_type=\"section\" data-e-type=\"section\">\n\t\t\t\t\t\t<div class=\"elementor-container elementor-column-gap-default\">\n\t\t\t\t\t<div class=\"elementor-column elementor-col-50 elementor-top-column elementor-element elementor-element-ce5fe26\" data-id=\"ce5fe26\" data-element_type=\"column\" data-e-type=\"column\">\n\t\t\t<div class=\"elementor-widget-wrap elementor-element-populated\">\n\t\t\t\t\t\t<div class=\"elementor-element elementor-element-12c8a16 elementor-widget elementor-widget-heading\" data-id=\"12c8a16\" data-element_type=\"widget\" data-e-type=\"widget\" data-widget_type=\"heading.default\">\n\t\t\t\t<div class=\"elementor-widget-container\">\n\t\t\t\t\t<h3 class=\"elementor-heading-title elementor-size-default\">Donar Via Cheque<\/h3>\t\t\t\t<\/div>\n\t\t\t\t<\/div>\n\t\t\t\t<div class=\"elementor-element elementor-element-878f1ab elementor-widget elementor-widget-text-editor\" data-id=\"878f1ab\" data-element_type=\"widget\" data-e-type=\"widget\" data-widget_type=\"text-editor.default\">\n\t\t\t\t<div class=\"elementor-widget-container\">\n\t\t\t\t\t\t\t\t\t<p>Env\u00ede un cheque a nombre de Inca Link International, P.O. Box 1321, Boone, NC 28607. Escriba \u201cFondo de Ayuda para Desastres\u201d en la nota del cheque.\u00a0<\/p>\t\t\t\t\t\t\t\t<\/div>\n\t\t\t\t<\/div>\n\t\t\t\t\t<\/div>\n\t\t<\/div>\n\t\t\t\t<div class=\"elementor-column elementor-col-50 elementor-top-column elementor-element elementor-element-0640932\" data-id=\"0640932\" data-element_type=\"column\" data-e-type=\"column\">\n\t\t\t<div class=\"elementor-widget-wrap elementor-element-populated\">\n\t\t\t\t\t\t<div class=\"elementor-element elementor-element-031f530 elementor-widget elementor-widget-heading\" data-id=\"031f530\" data-element_type=\"widget\" data-e-type=\"widget\" data-widget_type=\"heading.default\">\n\t\t\t\t<div class=\"elementor-widget-container\">\n\t\t\t\t\t<h3 class=\"elementor-heading-title elementor-size-default\">Donar via plataforma digital<\/h3>\t\t\t\t<\/div>\n\t\t\t\t<\/div>\n\t\t\t\t<div class=\"elementor-element elementor-element-e62bb3c elementor-widget elementor-widget-text-editor\" data-id=\"e62bb3c\" data-element_type=\"widget\" data-e-type=\"widget\" data-widget_type=\"text-editor.default\">\n\t\t\t\t<div class=\"elementor-widget-container\">\n\t\t\t\t\t\t\t\t\t<p>Utilice el siguiente formulario para personalizar y confirmar su donaci\u00f3n mensual o \u00fanica.<\/p>\t\t\t\t\t\t\t\t<\/div>\n\t\t\t\t<\/div>\n\t\t\t\t\t<\/div>\n\t\t<\/div>\n\t\t\t\t\t<\/div>\n\t\t<\/section>\n\t\t\t\t<section class=\"elementor-section elementor-top-section elementor-element elementor-element-b853527 elementor-section-boxed elementor-section-height-default elementor-section-height-default\" data-id=\"b853527\" data-element_type=\"section\" data-e-type=\"section\">\n\t\t\t\t\t\t<div class=\"elementor-container elementor-column-gap-default\">\n\t\t\t\t\t<div class=\"elementor-column elementor-col-100 elementor-top-column elementor-element elementor-element-bf85fcc\" data-id=\"bf85fcc\" data-element_type=\"column\" data-e-type=\"column\">\n\t\t\t<div class=\"elementor-widget-wrap elementor-element-populated\">\n\t\t\t\t\t\t<div class=\"elementor-element elementor-element-e866295 elementor-widget elementor-widget-html\" data-id=\"e866295\" data-element_type=\"widget\" data-e-type=\"widget\" data-widget_type=\"html.default\">\n\t\t\t\t<div class=\"elementor-widget-container\">\n\t\t\t\t\t<script src=\"https:\/\/raisedonorsprod.azureedge.net\/embed\/embed.js\"\n                        data-rd=\"d320eaa3-a2d7-4329-939c-1302a401436f\"\n                        data-organizationId=\"41115\">\n                        <\/script>\t\t\t\t<\/div>\n\t\t\t\t<\/div>\n\t\t\t\t\t<\/div>\n\t\t<\/div>\n\t\t\t\t\t<\/div>\n\t\t<\/section>\n\t\t\t\t<section class=\"elementor-section elementor-top-section elementor-element elementor-element-4f540a8 elementor-section-boxed elementor-section-height-default elementor-section-height-default\" data-id=\"4f540a8\" data-element_type=\"section\" data-e-type=\"section\">\n\t\t\t\t\t\t<div class=\"elementor-container elementor-column-gap-default\">\n\t\t\t\t\t<div class=\"elementor-column elementor-col-100 elementor-top-column elementor-element elementor-element-4d1d113\" data-id=\"4d1d113\" data-element_type=\"column\" data-e-type=\"column\">\n\t\t\t<div class=\"elementor-widget-wrap elementor-element-populated\">\n\t\t\t\t\t\t<div class=\"elementor-element elementor-element-5cc8909 elementor-widget elementor-widget-text-editor\" data-id=\"5cc8909\" data-element_type=\"widget\" data-e-type=\"widget\" data-widget_type=\"text-editor.default\">\n\t\t\t\t<div class=\"elementor-widget-container\">\n\t\t\t\t\t\t\t\t\t<p>Inca Link International, Inc. es una organizaci\u00f3n 501(c)3 exenta de impuestos. Nuestro n\u00famero de identificaci\u00f3n fiscal es 27-4210917. Todas las contribuciones a Inca Link International, Inc. son deducibles del impuesto a los ingresos y se hacen con el entendimiento de que Inca Link International, Inc. tiene discreci\u00f3n y control total sobre el uso de todos los fondos donados. A menos que se especifique lo contrario, no se proporcionaron bienes o servicios a cambio de las donaciones.<\/p>\t\t\t\t\t\t\t\t<\/div>\n\t\t\t\t<\/div>\n\t\t\t\t\t<\/div>\n\t\t<\/div>\n\t\t\t\t\t<\/div>\n\t\t<\/section>\n\t\t\t\t<\/div>","protected":false},"excerpt":{"rendered":"<p>Este fondo apoya a los ministerios de Inca Link en Am\u00e9rica Latina para satisfacer las necesidades de las familias afectadas por desastres. El 100% de los fondos recaudados se utilizan para apoyar el alcance de ministerios.<\/p>","protected":false},"author":1,"featured_media":21097,"parent":63167,"menu_order":0,"comment_status":"closed","ping_status":"closed","template":"","meta":{"_monsterinsights_skip_tracking":false,"_monsterinsights_sitenote_active":false,"_monsterinsights_sitenote_note":"","_monsterinsights_sitenote_category":0,"site-sidebar-layout":"no-sidebar","site-content-layout":"page-builder","ast-site-content-layout":"default","site-content-style":"default","site-sidebar-style":"default","ast-global-header-display":"","ast-banner-title-visibility":"","ast-main-header-display":"","ast-hfb-above-header-display":"","ast-hfb-below-header-display":"","ast-hfb-mobile-header-display":"","site-post-title":"disabled","ast-breadcrumbs-content":"","ast-featured-img":"disabled","footer-sml-layout":"","ast-disable-related-posts":"","theme-transparent-header-meta":"","adv-header-id-meta":"","stick-header-meta":"","header-above-stick-meta":"","header-main-stick-meta":"","header-below-stick-meta":"","astra-migrate-meta-layouts":"default","ast-page-background-enabled":"default","ast-page-background-meta":{"desktop":{"background-color":"var(--ast-global-color-4)","background-image":"","background-repeat":"repeat","background-position":"center center","background-size":"auto","background-attachment":"scroll","background-type":"","background-media":"","overlay-type":"","overlay-color":"","overlay-opacity":"","overlay-gradient":""},"tablet":{"background-color":"","background-image":"","background-repeat":"repeat","background-position":"center center","background-size":"auto","background-attachment":"scroll","background-type":"","background-media":"","overlay-type":"","overlay-color":"","overlay-opacity":"","overlay-gradient":""},"mobile":{"background-color":"","background-image":"","background-repeat":"repeat","background-position":"center center","background-size":"auto","background-attachment":"scroll","background-type":"","background-media":"","overlay-type":"","overlay-color":"","overlay-opacity":"","overlay-gradient":""}},"ast-content-background-meta":{"desktop":{"background-color":"var(--ast-global-color-5)","background-image":"","background-repeat":"repeat","background-position":"center center","background-size":"auto","background-attachment":"scroll","background-type":"","background-media":"","overlay-type":"","overlay-color":"","overlay-opacity":"","overlay-gradient":""},"tablet":{"background-color":"var(--ast-global-color-5)","background-image":"","background-repeat":"repeat","background-position":"center center","background-size":"auto","background-attachment":"scroll","background-type":"","background-media":"","overlay-type":"","overlay-color":"","overlay-opacity":"","overlay-gradient":""},"mobile":{"background-color":"var(--ast-global-color-5)","background-image":"","background-repeat":"repeat","background-position":"center center","background-size":"auto","background-attachment":"scroll","background-type":"","background-media":"","overlay-type":"","overlay-color":"","overlay-opacity":"","overlay-gradient":""}},"footnotes":""},"categories":[],"tags":[],"folder":[459],"class_list":["post-23322","page","type-page","status-publish","has-post-thumbnail","hentry"],"yoast_head":"<!-- This site is optimized with the Yoast SEO plugin v27.1.1 - https:\/\/yoast.com\/product\/yoast-seo-wordpress\/ -->\n<title>Disaster Relief Fund | Inca Link International<\/title>\n<meta name=\"description\" content=\"This fund will support Inca Link ministries to meet the needs of families affected by disasters in Latin America.\" \/>\n<meta name=\"robots\" content=\"index, follow, max-snippet:-1, max-image-preview:large, max-video-preview:-1\" \/>\n<link rel=\"canonical\" href=\"https:\/\/www.incalink.org\/es\/donate\/disaster-relief-fund\/\" \/>\n<meta property=\"og:locale\" content=\"es_ES\" \/>\n<meta property=\"og:type\" content=\"article\" \/>\n<meta property=\"og:title\" content=\"Disaster Relief Fund\" \/>\n<meta property=\"og:description\" content=\"This fund will support Inca Link ministries to meet the needs of families affected by disasters in Latin America.\" \/>\n<meta property=\"og:url\" content=\"https:\/\/www.incalink.org\/es\/donate\/disaster-relief-fund\/\" \/>\n<meta property=\"og:site_name\" content=\"Inca Link International\" \/>\n<meta property=\"article:modified_time\" content=\"2025-05-30T15:00:25+00:00\" \/>\n<meta property=\"og:image\" content=\"https:\/\/www.incalink.org\/wp-content\/uploads\/2022\/08\/inca-link-international-natural-disaster-fund.jpg\" \/>\n\t<meta property=\"og:image:width\" content=\"800\" \/>\n\t<meta property=\"og:image:height\" content=\"500\" \/>\n\t<meta property=\"og:image:type\" content=\"image\/jpeg\" \/>\n<meta name=\"twitter:card\" content=\"summary_large_image\" \/>\n<meta name=\"twitter:title\" content=\"Disaster Relief Fund\" \/>\n<meta name=\"twitter:description\" content=\"This fund will support Inca Link ministries to meet the needs of families affected by disasters in Latin America.\" \/>\n<meta name=\"twitter:image\" content=\"https:\/\/www.incalink.org\/wp-content\/uploads\/2022\/08\/inca-link-international-natural-disaster-fund.jpg\" \/>\n<meta name=\"twitter:label1\" content=\"Est. reading time\" \/>\n\t<meta name=\"twitter:data1\" content=\"1 minuto\" \/>\n<script type=\"application\/ld+json\" class=\"yoast-schema-graph\">{\"@context\":\"https:\/\/schema.org\",\"@graph\":[{\"@type\":\"WebPage\",\"@id\":\"https:\/\/www.incalink.org\/donate\/disaster-relief-fund\",\"url\":\"https:\/\/www.incalink.org\/donate\/disaster-relief-fund\",\"name\":\"Disaster Relief Fund | Inca Link International\",\"isPartOf\":{\"@id\":\"https:\/\/www.incalink.org\/es\/#website\"},\"primaryImageOfPage\":{\"@id\":\"https:\/\/www.incalink.org\/donate\/disaster-relief-fund#primaryimage\"},\"image\":{\"@id\":\"https:\/\/www.incalink.org\/donate\/disaster-relief-fund#primaryimage\"},\"thumbnailUrl\":\"https:\/\/www.incalink.org\/wp-content\/uploads\/2022\/08\/inca-link-international-natural-disaster-fund.jpg\",\"datePublished\":\"2022-10-10T17:01:24+00:00\",\"dateModified\":\"2025-05-30T15:00:25+00:00\",\"description\":\"This fund will support Inca Link ministries to meet the needs of families affected by disasters in Latin America.\",\"breadcrumb\":{\"@id\":\"https:\/\/www.incalink.org\/donate\/disaster-relief-fund#breadcrumb\"},\"inLanguage\":\"es\",\"potentialAction\":[{\"@type\":\"ReadAction\",\"target\":[\"https:\/\/www.incalink.org\/donate\/disaster-relief-fund\"]}]},{\"@type\":\"ImageObject\",\"inLanguage\":\"es\",\"@id\":\"https:\/\/www.incalink.org\/donate\/disaster-relief-fund#primaryimage\",\"url\":\"https:\/\/www.incalink.org\/wp-content\/uploads\/2022\/08\/inca-link-international-natural-disaster-fund.jpg\",\"contentUrl\":\"https:\/\/www.incalink.org\/wp-content\/uploads\/2022\/08\/inca-link-international-natural-disaster-fund.jpg\",\"width\":800,\"height\":500},{\"@type\":\"BreadcrumbList\",\"@id\":\"https:\/\/www.incalink.org\/donate\/disaster-relief-fund#breadcrumb\",\"itemListElement\":[{\"@type\":\"ListItem\",\"position\":1,\"name\":\"Home\",\"item\":\"https:\/\/www.incalink.org\/es\/\"},{\"@type\":\"ListItem\",\"position\":2,\"name\":\"Donate\",\"item\":\"http:\/\/www.incalink.org\/donate\"},{\"@type\":\"ListItem\",\"position\":3,\"name\":\"Disaster Relief Fund\"}]},{\"@type\":\"WebSite\",\"@id\":\"https:\/\/www.incalink.org\/es\/#website\",\"url\":\"https:\/\/www.incalink.org\/es\/\",\"name\":\"Inca Link International\",\"description\":\"Reaching the 300 million youth of Latin America with Christ\u2019s irresistible love.\",\"publisher\":{\"@id\":\"https:\/\/www.incalink.org\/es\/#organization\"},\"potentialAction\":[{\"@type\":\"SearchAction\",\"target\":{\"@type\":\"EntryPoint\",\"urlTemplate\":\"https:\/\/www.incalink.org\/es\/?s={search_term_string}\"},\"query-input\":{\"@type\":\"PropertyValueSpecification\",\"valueRequired\":true,\"valueName\":\"search_term_string\"}}],\"inLanguage\":\"es\"},{\"@type\":\"Organization\",\"@id\":\"https:\/\/www.incalink.org\/es\/#organization\",\"name\":\"Inca Link International\",\"url\":\"https:\/\/www.incalink.org\/es\/\",\"logo\":{\"@type\":\"ImageObject\",\"inLanguage\":\"es\",\"@id\":\"https:\/\/www.incalink.org\/es\/#\/schema\/logo\/image\/\",\"url\":\"https:\/\/www.incalink.org\/wp-content\/uploads\/2022\/04\/ILI-Favicon_Gray-01-1.svg\",\"contentUrl\":\"https:\/\/www.incalink.org\/wp-content\/uploads\/2022\/04\/ILI-Favicon_Gray-01-1.svg\",\"width\":512,\"height\":512,\"caption\":\"Inca Link International\"},\"image\":{\"@id\":\"https:\/\/www.incalink.org\/es\/#\/schema\/logo\/image\/\"}}]}<\/script>\n<!-- \/ Yoast SEO plugin. -->","yoast_head_json":{"title":"Disaster Relief Fund | Inca Link International","description":"This fund will support Inca Link ministries to meet the needs of families affected by disasters in Latin America.","robots":{"index":"index","follow":"follow","max-snippet":"max-snippet:-1","max-image-preview":"max-image-preview:large","max-video-preview":"max-video-preview:-1"},"canonical":"https:\/\/www.incalink.org\/es\/donate\/disaster-relief-fund\/","og_locale":"es_ES","og_type":"article","og_title":"Disaster Relief Fund","og_description":"This fund will support Inca Link ministries to meet the needs of families affected by disasters in Latin America.","og_url":"https:\/\/www.incalink.org\/es\/donate\/disaster-relief-fund\/","og_site_name":"Inca Link International","article_modified_time":"2025-05-30T15:00:25+00:00","og_image":[{"width":800,"height":500,"url":"https:\/\/www.incalink.org\/wp-content\/uploads\/2022\/08\/inca-link-international-natural-disaster-fund.jpg","type":"image\/jpeg"}],"twitter_card":"summary_large_image","twitter_title":"Disaster Relief Fund","twitter_description":"This fund will support Inca Link ministries to meet the needs of families affected by disasters in Latin America.","twitter_image":"https:\/\/www.incalink.org\/wp-content\/uploads\/2022\/08\/inca-link-international-natural-disaster-fund.jpg","twitter_misc":{"Est. reading time":"1 minuto"},"schema":{"@context":"https:\/\/schema.org","@graph":[{"@type":"WebPage","@id":"https:\/\/www.incalink.org\/donate\/disaster-relief-fund","url":"https:\/\/www.incalink.org\/donate\/disaster-relief-fund","name":"Disaster Relief Fund | Inca Link International","isPartOf":{"@id":"https:\/\/www.incalink.org\/es\/#website"},"primaryImageOfPage":{"@id":"https:\/\/www.incalink.org\/donate\/disaster-relief-fund#primaryimage"},"image":{"@id":"https:\/\/www.incalink.org\/donate\/disaster-relief-fund#primaryimage"},"thumbnailUrl":"https:\/\/www.incalink.org\/wp-content\/uploads\/2022\/08\/inca-link-international-natural-disaster-fund.jpg","datePublished":"2022-10-10T17:01:24+00:00","dateModified":"2025-05-30T15:00:25+00:00","description":"This fund will support Inca Link ministries to meet the needs of families affected by disasters in Latin America.","breadcrumb":{"@id":"https:\/\/www.incalink.org\/donate\/disaster-relief-fund#breadcrumb"},"inLanguage":"es","potentialAction":[{"@type":"ReadAction","target":["https:\/\/www.incalink.org\/donate\/disaster-relief-fund"]}]},{"@type":"ImageObject","inLanguage":"es","@id":"https:\/\/www.incalink.org\/donate\/disaster-relief-fund#primaryimage","url":"https:\/\/www.incalink.org\/wp-content\/uploads\/2022\/08\/inca-link-international-natural-disaster-fund.jpg","contentUrl":"https:\/\/www.incalink.org\/wp-content\/uploads\/2022\/08\/inca-link-international-natural-disaster-fund.jpg","width":800,"height":500},{"@type":"BreadcrumbList","@id":"https:\/\/www.incalink.org\/donate\/disaster-relief-fund#breadcrumb","itemListElement":[{"@type":"ListItem","position":1,"name":"Home","item":"https:\/\/www.incalink.org\/es\/"},{"@type":"ListItem","position":2,"name":"Donate","item":"http:\/\/www.incalink.org\/donate"},{"@type":"ListItem","position":3,"name":"Disaster Relief Fund"}]},{"@type":"WebSite","@id":"https:\/\/www.incalink.org\/es\/#website","url":"https:\/\/www.incalink.org\/es\/","name":"Inca Link Internacional","description":"Reaching the 300 million youth of Latin America with Christ\u2019s irresistible love.","publisher":{"@id":"https:\/\/www.incalink.org\/es\/#organization"},"potentialAction":[{"@type":"SearchAction","target":{"@type":"EntryPoint","urlTemplate":"https:\/\/www.incalink.org\/es\/?s={search_term_string}"},"query-input":{"@type":"PropertyValueSpecification","valueRequired":true,"valueName":"search_term_string"}}],"inLanguage":"es"},{"@type":"Organization","@id":"https:\/\/www.incalink.org\/es\/#organization","name":"Inca Link Internacional","url":"https:\/\/www.incalink.org\/es\/","logo":{"@type":"ImageObject","inLanguage":"es","@id":"https:\/\/www.incalink.org\/es\/#\/schema\/logo\/image\/","url":"https:\/\/www.incalink.org\/wp-content\/uploads\/2022\/04\/ILI-Favicon_Gray-01-1.svg","contentUrl":"https:\/\/www.incalink.org\/wp-content\/uploads\/2022\/04\/ILI-Favicon_Gray-01-1.svg","width":512,"height":512,"caption":"Inca Link International"},"image":{"@id":"https:\/\/www.incalink.org\/es\/#\/schema\/logo\/image\/"}}]}},"_links":{"self":[{"href":"https:\/\/www.incalink.org\/es\/wp-json\/wp\/v2\/pages\/23322","targetHints":{"allow":["GET"]}}],"collection":[{"href":"https:\/\/www.incalink.org\/es\/wp-json\/wp\/v2\/pages"}],"about":[{"href":"https:\/\/www.incalink.org\/es\/wp-json\/wp\/v2\/types\/page"}],"author":[{"embeddable":true,"href":"https:\/\/www.incalink.org\/es\/wp-json\/wp\/v2\/users\/1"}],"replies":[{"embeddable":true,"href":"https:\/\/www.incalink.org\/es\/wp-json\/wp\/v2\/comments?post=23322"}],"version-history":[{"count":16,"href":"https:\/\/www.incalink.org\/es\/wp-json\/wp\/v2\/pages\/23322\/revisions"}],"predecessor-version":[{"id":71767,"href":"https:\/\/www.incalink.org\/es\/wp-json\/wp\/v2\/pages\/23322\/revisions\/71767"}],"up":[{"embeddable":true,"href":"https:\/\/www.incalink.org\/es\/wp-json\/wp\/v2\/pages\/63167"}],"wp:featuredmedia":[{"embeddable":true,"href":"https:\/\/www.incalink.org\/es\/wp-json\/wp\/v2\/media\/21097"}],"wp:attachment":[{"href":"https:\/\/www.incalink.org\/es\/wp-json\/wp\/v2\/media?parent=23322"}],"wp:term":[{"taxonomy":"category","embeddable":true,"href":"https:\/\/www.incalink.org\/es\/wp-json\/wp\/v2\/categories?post=23322"},{"taxonomy":"post_tag","embeddable":true,"href":"https:\/\/www.incalink.org\/es\/wp-json\/wp\/v2\/tags?post=23322"},{"taxonomy":"folder","embeddable":true,"href":"https:\/\/www.incalink.org\/es\/wp-json\/wp\/v2\/folder?post=23322"}],"curies":[{"name":"wp","href":"https:\/\/api.w.org\/{rel}","templated":true}]}}