{"id":56752,"date":"2023-03-02T14:21:41","date_gmt":"2023-03-02T19:21:41","guid":{"rendered":"https:\/\/www.incalink.org\/?page_id=56752"},"modified":"2024-10-09T14:05:47","modified_gmt":"2024-10-09T18:05:47","slug":"guest-house-operators","status":"publish","type":"page","link":"https:\/\/www.incalink.org\/es\/serve\/careers\/guest-house-operators","title":{"rendered":"Operadores de Casa de Hu\u00e9spedes"},"content":{"rendered":"<div data-elementor-type=\"wp-page\" data-elementor-id=\"56752\" class=\"elementor elementor-56752\" data-elementor-post-type=\"page\">\n\t\t\t\t\t\t<section class=\"elementor-section elementor-top-section elementor-element elementor-element-5f624c8 elementor-section-full_width elementor-section-height-min-height elementor-section-height-default elementor-section-items-middle\" data-id=\"5f624c8\" data-element_type=\"section\" data-e-type=\"section\" data-settings=\"{&quot;background_background&quot;:&quot;classic&quot;}\">\n\t\t\t\t\t\t<div class=\"elementor-container elementor-column-gap-default\">\n\t\t\t\t\t<div class=\"elementor-column elementor-col-100 elementor-top-column elementor-element elementor-element-66706d0\" data-id=\"66706d0\" data-element_type=\"column\" data-e-type=\"column\">\n\t\t\t<div class=\"elementor-widget-wrap elementor-element-populated\">\n\t\t\t\t\t\t<div class=\"elementor-element elementor-element-495e44e elementor-widget elementor-widget-heading\" data-id=\"495e44e\" data-element_type=\"widget\" data-e-type=\"widget\" data-widget_type=\"heading.default\">\n\t\t\t\t<div class=\"elementor-widget-container\">\n\t\t\t\t\t<h1 class=\"elementor-heading-title elementor-size-default\">Descripci\u00f3n del puesto: Operadores de Casa de Hu\u00e9spedes<\/h1>\t\t\t\t<\/div>\n\t\t\t\t<\/div>\n\t\t\t\t\t<\/div>\n\t\t<\/div>\n\t\t\t\t\t<\/div>\n\t\t<\/section>\n\t\t\t\t<section class=\"elementor-section elementor-top-section elementor-element elementor-element-a61d2b0 elementor-section-boxed elementor-section-height-default elementor-section-height-default\" data-id=\"a61d2b0\" data-element_type=\"section\" data-e-type=\"section\">\n\t\t\t\t\t\t<div class=\"elementor-container elementor-column-gap-default\">\n\t\t\t\t\t<div class=\"elementor-column elementor-col-33 elementor-top-column elementor-element elementor-element-760fd17 elementor-hidden-mobile\" data-id=\"760fd17\" data-element_type=\"column\" data-e-type=\"column\">\n\t\t\t<div class=\"elementor-widget-wrap elementor-element-populated\">\n\t\t\t\t\t\t<div class=\"elementor-element elementor-element-bfcc50d elementor-widget elementor-widget-image\" data-id=\"bfcc50d\" data-element_type=\"widget\" data-e-type=\"widget\" data-widget_type=\"image.default\">\n\t\t\t\t<div class=\"elementor-widget-container\">\n\t\t\t\t\t\t\t\t\t\t\t\t\t\t\t<img fetchpriority=\"high\" decoding=\"async\" width=\"512\" height=\"512\" src=\"https:\/\/www.incalink.org\/wp-content\/uploads\/2022\/04\/ILI-Favicon_Gray-01-1.svg\" class=\"attachment-large size-large wp-image-242\" alt=\"\" \/>\t\t\t\t\t\t\t\t\t\t\t\t\t\t\t<\/div>\n\t\t\t\t<\/div>\n\t\t\t\t\t<\/div>\n\t\t<\/div>\n\t\t\t\t<div class=\"elementor-column elementor-col-66 elementor-top-column elementor-element elementor-element-f6d2ca7\" data-id=\"f6d2ca7\" data-element_type=\"column\" data-e-type=\"column\">\n\t\t\t<div class=\"elementor-widget-wrap elementor-element-populated\">\n\t\t\t\t\t\t<div class=\"elementor-element elementor-element-dd9f40c elementor-widget elementor-widget-heading\" data-id=\"dd9f40c\" data-element_type=\"widget\" data-e-type=\"widget\" data-widget_type=\"heading.default\">\n\t\t\t\t<div class=\"elementor-widget-container\">\n\t\t\t\t\t<h2 class=\"elementor-heading-title elementor-size-default\">Expectativas del Puesto:<\/h2>\t\t\t\t<\/div>\n\t\t\t\t<\/div>\n\t\t\t\t<div class=\"elementor-element elementor-element-1b9f4e4 elementor-widget elementor-widget-text-editor\" data-id=\"1b9f4e4\" data-element_type=\"widget\" data-e-type=\"widget\" data-widget_type=\"text-editor.default\">\n\t\t\t\t<div class=\"elementor-widget-container\">\n\t\t\t\t\t\t\t\t\t<p>Estacional con potencial de extenderse todo el a\u00f1o, salario de apoyo elevado, puede ser necesario viajar. Existen oportunidades para trabajar como operadores de casas de hu\u00e9spedes en Quito (Ecuador), Trujillo (Per\u00fa), y San Juan (Costa Rica).<\/p>\t\t\t\t\t\t\t\t<\/div>\n\t\t\t\t<\/div>\n\t\t\t\t<div class=\"elementor-element elementor-element-8fef669 elementor-widget elementor-widget-heading\" data-id=\"8fef669\" data-element_type=\"widget\" data-e-type=\"widget\" data-widget_type=\"heading.default\">\n\t\t\t\t<div class=\"elementor-widget-container\">\n\t\t\t\t\t<h2 class=\"elementor-heading-title elementor-size-default\">Resumen de Posici\u00f3n:<\/h2>\t\t\t\t<\/div>\n\t\t\t\t<\/div>\n\t\t\t\t<div class=\"elementor-element elementor-element-e0895ce elementor-widget elementor-widget-text-editor\" data-id=\"e0895ce\" data-element_type=\"widget\" data-e-type=\"widget\" data-widget_type=\"text-editor.default\">\n\t\t\t\t<div class=\"elementor-widget-container\">\n\t\t\t\t\t\t\t\t\t<p>Los Operadores de Casa de Hu\u00e9spedes desempe\u00f1an un papel integral en el equipo de su pa\u00eds respectivo. Este papel dirige las operaciones de la casa de hu\u00e9spedes. Sin embargo, enfocamos este aspecto de nuestro ministerio como algo m\u00e1s que una casa de hu\u00e9spedes. Estas casas son lugares donde la gente experimenta la hospitalidad extrema, el amor de Cristo, y un lugar seguro para explorar el trabajo que Dios est\u00e1 haciendo a trav\u00e9s de Inca Link.<br \/><br \/>Esta posici\u00f3n asegura las operaciones sin problemas de los equipos, pasantes, Linkers, y otros hu\u00e9spedes que puedan necesitar un lugar acogedor para descansar. Estas personas tienen una pasi\u00f3n por el desarrollo de las personas, ayudando a crear una estructura saludable para las misiones de corto plazo, y su objetivo es ser un puente entre los individuos, las culturas, y el compromiso a largo plazo en el trabajo misionero. Los Operadores de Casa de Hu\u00e9spedes se coordinan estrechamente con el director ejecutivo de su pa\u00eds y trabajan en estrecha colaboraci\u00f3n con los desarrolladores de Inca Link, los misioneros en el campo y los l\u00edderes nacionales. Esta posici\u00f3n a menudo requiere trabajar fuera del horario normal y requiere viajar ocasionalmente. En este momento, la posici\u00f3n es para la temporada de verano, pero lo ideal ser\u00eda que se extendiera a un puesto durante todo el a\u00f1o.<\/p>\t\t\t\t\t\t\t\t<\/div>\n\t\t\t\t<\/div>\n\t\t\t\t<div class=\"elementor-element elementor-element-d1f8e8f elementor-widget elementor-widget-heading\" data-id=\"d1f8e8f\" data-element_type=\"widget\" data-e-type=\"widget\" data-widget_type=\"heading.default\">\n\t\t\t\t<div class=\"elementor-widget-container\">\n\t\t\t\t\t<h2 class=\"elementor-heading-title elementor-size-default\">Visi\u00f3n:<\/h2>\t\t\t\t<\/div>\n\t\t\t\t<\/div>\n\t\t\t\t<div class=\"elementor-element elementor-element-6e5349e elementor-widget elementor-widget-text-editor\" data-id=\"6e5349e\" data-element_type=\"widget\" data-e-type=\"widget\" data-widget_type=\"text-editor.default\">\n\t\t\t\t<div class=\"elementor-widget-container\">\n\t\t\t\t\t\t\t\t\t<p>Los Operadores de Casa de Hu\u00e9spedes existen para capacitar, equipar y hospedar a los participantes del alcance global para traer gloria a Dios y hacer crecer su Reino. Trabajan con el director ejecutivo de su respectivo pa\u00eds para expandir el alcance del ministerio en Am\u00e9rica Latina.<\/p>\t\t\t\t\t\t\t\t<\/div>\n\t\t\t\t<\/div>\n\t\t\t\t<div class=\"elementor-element elementor-element-3e64cb5 elementor-widget elementor-widget-heading\" data-id=\"3e64cb5\" data-element_type=\"widget\" data-e-type=\"widget\" data-widget_type=\"heading.default\">\n\t\t\t\t<div class=\"elementor-widget-container\">\n\t\t\t\t\t<h2 class=\"elementor-heading-title elementor-size-default\">Responsabilidades y Expectativas:<\/h2>\t\t\t\t<\/div>\n\t\t\t\t<\/div>\n\t\t\t\t<div class=\"elementor-element elementor-element-d5ee272 elementor-widget elementor-widget-text-editor\" data-id=\"d5ee272\" data-element_type=\"widget\" data-e-type=\"widget\" data-widget_type=\"text-editor.default\">\n\t\t\t\t<div class=\"elementor-widget-container\">\n\t\t\t\t\t\t\t\t\t<ul><li>Ser amable y hospitalario para hacer que todas las personas se sientan bienvenidas.<\/li><li>Coordinar la log\u00edstica y el calendario de la hospitalidad.<\/li><li>Administrar los costos, el presupuesto y los pagos.<\/li><li>Facilitar el check-in y check-out de todos los hu\u00e9spedes.<\/li><li>Organizar y planificar las comidas, incluyendo la compra, el men\u00fa y la limpieza.<\/li><li>Supervisar al personal de limpieza para garantizar la limpieza y el buen mantenimiento de la casa.<\/li><li>Supervisar al personal de cocina y asegurarse de que la comida sea adecuada en porciones y calidad.<\/li><li>Coordinarse con el equipo para garantizar que se gestiona todo el mantenimiento de la propiedad, incluida la jardiner\u00eda, la entrada por la puerta, el estacionamiento y las normas de la propiedad, etc.<\/li><li>Ser embajador del pa\u00eds anfitri\u00f3n, de Inca Link en ese pa\u00eds espec\u00edfico y de Inca Link Internacional.<\/li><li>Facilitar el transporte de los equipos, incluyendo recorridas al aeropuerto.<\/li><li>Coordinarse con el director ejecutivo y los l\u00edderes de Alcance Global para crear el horario del equipo, recorridos a tiendas de comestibles, transporte a los sitios de trabajo, turismo, etc.<\/li><li>Coordinar un plan estrat\u00e9gico para el desarrollo futuro y uso apropiado de la propiedad con el director ejecutivo.<\/li><li>Recaudar apoyo para su estancia en el pa\u00eds y ayudar a recaudar fondos para el ministerio.<\/li><li>Discipular e invertir en participantes y equipos, lo que podr\u00eda incluir informes, devocionales, etc.<\/li><li>Ayudar a reclutar iglesias locales, grupos y equipos para usar la propiedad.<\/li><\/ul>\t\t\t\t\t\t\t\t<\/div>\n\t\t\t\t<\/div>\n\t\t\t\t<div class=\"elementor-element elementor-element-0671dd7 elementor-align-center elementor-widget elementor-widget-button\" data-id=\"0671dd7\" data-element_type=\"widget\" data-e-type=\"widget\" data-widget_type=\"button.default\">\n\t\t\t\t<div class=\"elementor-widget-container\">\n\t\t\t\t\t\t\t\t\t<div class=\"elementor-button-wrapper\">\n\t\t\t\t\t<a class=\"elementor-button elementor-button-link elementor-size-sm\" href=\"mailto:edwards@incalink.org\">\n\t\t\t\t\t\t<span class=\"elementor-button-content-wrapper\">\n\t\t\t\t\t\t\t\t\t<span class=\"elementor-button-text\">Cont\u00e1ctenos acerca de esta posici\u00f3n<\/span>\n\t\t\t\t\t<\/span>\n\t\t\t\t\t<\/a>\n\t\t\t\t<\/div>\n\t\t\t\t\t\t\t\t<\/div>\n\t\t\t\t<\/div>\n\t\t\t\t\t<\/div>\n\t\t<\/div>\n\t\t\t\t\t<\/div>\n\t\t<\/section>\n\t\t\t\t<\/div>","protected":false},"excerpt":{"rendered":"<p>Este rol dirige las operaciones de la casa de hu\u00e9spedes en Quito, Ecuador. Quinta Casablanca es un lugar donde las personas experimentan hospitalidad extrema, el amor de Cristo y un lugar seguro para explorar el trabajo que se lleva a cabo en Inca Link. <\/p>","protected":false},"author":1,"featured_media":19812,"parent":388,"menu_order":0,"comment_status":"closed","ping_status":"closed","template":"","meta":{"_monsterinsights_skip_tracking":false,"_monsterinsights_sitenote_active":false,"_monsterinsights_sitenote_note":"","_monsterinsights_sitenote_category":0,"site-sidebar-layout":"no-sidebar","site-content-layout":"page-builder","ast-site-content-layout":"default","site-content-style":"default","site-sidebar-style":"default","ast-global-header-display":"","ast-banner-title-visibility":"","ast-main-header-display":"","ast-hfb-above-header-display":"","ast-hfb-below-header-display":"","ast-hfb-mobile-header-display":"","site-post-title":"disabled","ast-breadcrumbs-content":"","ast-featured-img":"disabled","footer-sml-layout":"","ast-disable-related-posts":"","theme-transparent-header-meta":"","adv-header-id-meta":"","stick-header-meta":"","header-above-stick-meta":"","header-main-stick-meta":"","header-below-stick-meta":"","astra-migrate-meta-layouts":"default","ast-page-background-enabled":"default","ast-page-background-meta":{"desktop":{"background-color":"var(--ast-global-color-4)","background-image":"","background-repeat":"repeat","background-position":"center center","background-size":"auto","background-attachment":"scroll","background-type":"","background-media":"","overlay-type":"","overlay-color":"","overlay-opacity":"","overlay-gradient":""},"tablet":{"background-color":"","background-image":"","background-repeat":"repeat","background-position":"center center","background-size":"auto","background-attachment":"scroll","background-type":"","background-media":"","overlay-type":"","overlay-color":"","overlay-opacity":"","overlay-gradient":""},"mobile":{"background-color":"","background-image":"","background-repeat":"repeat","background-position":"center center","background-size":"auto","background-attachment":"scroll","background-type":"","background-media":"","overlay-type":"","overlay-color":"","overlay-opacity":"","overlay-gradient":""}},"ast-content-background-meta":{"desktop":{"background-color":"var(--ast-global-color-5)","background-image":"","background-repeat":"repeat","background-position":"center center","background-size":"auto","background-attachment":"scroll","background-type":"","background-media":"","overlay-type":"","overlay-color":"","overlay-opacity":"","overlay-gradient":""},"tablet":{"background-color":"var(--ast-global-color-5)","background-image":"","background-repeat":"repeat","background-position":"center center","background-size":"auto","background-attachment":"scroll","background-type":"","background-media":"","overlay-type":"","overlay-color":"","overlay-opacity":"","overlay-gradient":""},"mobile":{"background-color":"var(--ast-global-color-5)","background-image":"","background-repeat":"repeat","background-position":"center center","background-size":"auto","background-attachment":"scroll","background-type":"","background-media":"","overlay-type":"","overlay-color":"","overlay-opacity":"","overlay-gradient":""}},"footnotes":""},"categories":[],"tags":[],"folder":[356],"class_list":["post-56752","page","type-page","status-publish","has-post-thumbnail","hentry"],"yoast_head":"<!-- This site is optimized with the Yoast SEO plugin v27.1.1 - https:\/\/yoast.com\/product\/yoast-seo-wordpress\/ -->\n<title>Guest House Operators | Inca Link International<\/title>\n<meta name=\"description\" content=\"Quinta Casablanca is a place where people experience extreme hospitality, Christ\u2019s love, and a safe place to explore the work happening in Inca Link.\" \/>\n<meta name=\"robots\" content=\"index, follow, max-snippet:-1, max-image-preview:large, max-video-preview:-1\" \/>\n<link rel=\"canonical\" href=\"https:\/\/www.incalink.org\/es\/serve\/careers\/guest-house-operators\" \/>\n<meta property=\"og:locale\" content=\"es_ES\" \/>\n<meta property=\"og:type\" content=\"article\" \/>\n<meta property=\"og:title\" content=\"Quinta Casablanca Coordinators\" \/>\n<meta property=\"og:description\" content=\"Quinta Casablanca is a place where people experience extreme hospitality, Christ\u2019s love, and a safe place to explore the work happening in Inca Link.\" \/>\n<meta property=\"og:url\" content=\"https:\/\/www.incalink.org\/es\/serve\/careers\/guest-house-operators\" \/>\n<meta property=\"og:site_name\" content=\"Inca Link International\" \/>\n<meta property=\"article:modified_time\" content=\"2024-10-09T18:05:47+00:00\" \/>\n<meta property=\"og:image\" content=\"https:\/\/www.incalink.org\/wp-content\/uploads\/2022\/08\/inca-link-ecuador-quinta-casablanca-12.jpg\" \/>\n\t<meta property=\"og:image:width\" content=\"960\" \/>\n\t<meta property=\"og:image:height\" content=\"534\" \/>\n\t<meta property=\"og:image:type\" content=\"image\/jpeg\" \/>\n<meta name=\"twitter:card\" content=\"summary_large_image\" \/>\n<meta name=\"twitter:title\" content=\"Quinta Casablanca Coordinators\" \/>\n<meta name=\"twitter:description\" content=\"Quinta Casablanca is a place where people experience extreme hospitality, Christ\u2019s love, and a safe place to explore the work happening in Inca Link.\" \/>\n<meta name=\"twitter:image\" content=\"https:\/\/www.incalink.org\/wp-content\/uploads\/2022\/08\/inca-link-ecuador-quinta-casablanca-12.jpg\" \/>\n<meta name=\"twitter:label1\" content=\"Est. reading time\" \/>\n\t<meta name=\"twitter:data1\" content=\"3 minutos\" \/>\n<script type=\"application\/ld+json\" class=\"yoast-schema-graph\">{\"@context\":\"https:\/\/schema.org\",\"@graph\":[{\"@type\":\"WebPage\",\"@id\":\"https:\/\/www.incalink.org\/es\/serve\/careers\/guest-house-operators\",\"url\":\"https:\/\/www.incalink.org\/es\/serve\/careers\/guest-house-operators\",\"name\":\"Guest House Operators | Inca Link International\",\"isPartOf\":{\"@id\":\"https:\/\/www.incalink.org\/#website\"},\"primaryImageOfPage\":{\"@id\":\"https:\/\/www.incalink.org\/es\/serve\/careers\/guest-house-operators#primaryimage\"},\"image\":{\"@id\":\"https:\/\/www.incalink.org\/es\/serve\/careers\/guest-house-operators#primaryimage\"},\"thumbnailUrl\":\"https:\/\/www.incalink.org\/wp-content\/uploads\/2022\/08\/inca-link-ecuador-quinta-casablanca-12.jpg\",\"datePublished\":\"2023-03-02T19:21:41+00:00\",\"dateModified\":\"2024-10-09T18:05:47+00:00\",\"description\":\"Quinta Casablanca is a place where people experience extreme hospitality, Christ\u2019s love, and a safe place to explore the work happening in Inca Link.\",\"breadcrumb\":{\"@id\":\"https:\/\/www.incalink.org\/es\/serve\/careers\/guest-house-operators#breadcrumb\"},\"inLanguage\":\"es\",\"potentialAction\":[{\"@type\":\"ReadAction\",\"target\":[\"https:\/\/www.incalink.org\/es\/serve\/careers\/guest-house-operators\"]}]},{\"@type\":\"ImageObject\",\"inLanguage\":\"es\",\"@id\":\"https:\/\/www.incalink.org\/es\/serve\/careers\/guest-house-operators#primaryimage\",\"url\":\"https:\/\/www.incalink.org\/wp-content\/uploads\/2022\/08\/inca-link-ecuador-quinta-casablanca-12.jpg\",\"contentUrl\":\"https:\/\/www.incalink.org\/wp-content\/uploads\/2022\/08\/inca-link-ecuador-quinta-casablanca-12.jpg\",\"width\":960,\"height\":534},{\"@type\":\"BreadcrumbList\",\"@id\":\"https:\/\/www.incalink.org\/es\/serve\/careers\/guest-house-operators#breadcrumb\",\"itemListElement\":[{\"@type\":\"ListItem\",\"position\":1,\"name\":\"Home\",\"item\":\"https:\/\/www.incalink.org\/\"},{\"@type\":\"ListItem\",\"position\":2,\"name\":\"Serve\",\"item\":\"https:\/\/www.incalink.org\/serve\"},{\"@type\":\"ListItem\",\"position\":3,\"name\":\"Careers\",\"item\":\"http:\/\/www.incalink.org\/serve\/careers\"},{\"@type\":\"ListItem\",\"position\":4,\"name\":\"Guest House Operators\"}]},{\"@type\":\"WebSite\",\"@id\":\"https:\/\/www.incalink.org\/#website\",\"url\":\"https:\/\/www.incalink.org\/\",\"name\":\"Inca Link International\",\"description\":\"Reaching the 300 million youth of Latin America with Christ\u2019s irresistible love.\",\"publisher\":{\"@id\":\"https:\/\/www.incalink.org\/#organization\"},\"potentialAction\":[{\"@type\":\"SearchAction\",\"target\":{\"@type\":\"EntryPoint\",\"urlTemplate\":\"https:\/\/www.incalink.org\/?s={search_term_string}\"},\"query-input\":{\"@type\":\"PropertyValueSpecification\",\"valueRequired\":true,\"valueName\":\"search_term_string\"}}],\"inLanguage\":\"es\"},{\"@type\":\"Organization\",\"@id\":\"https:\/\/www.incalink.org\/#organization\",\"name\":\"Inca Link International\",\"url\":\"https:\/\/www.incalink.org\/\",\"logo\":{\"@type\":\"ImageObject\",\"inLanguage\":\"es\",\"@id\":\"https:\/\/www.incalink.org\/#\/schema\/logo\/image\/\",\"url\":\"https:\/\/www.incalink.org\/wp-content\/uploads\/2022\/04\/ILI-Favicon_Gray-01-1.svg\",\"contentUrl\":\"https:\/\/www.incalink.org\/wp-content\/uploads\/2022\/04\/ILI-Favicon_Gray-01-1.svg\",\"width\":512,\"height\":512,\"caption\":\"Inca Link International\"},\"image\":{\"@id\":\"https:\/\/www.incalink.org\/#\/schema\/logo\/image\/\"}}]}<\/script>\n<!-- \/ Yoast SEO plugin. -->","yoast_head_json":{"title":"Guest House Operators | Inca Link International","description":"Quinta Casablanca is a place where people experience extreme hospitality, Christ\u2019s love, and a safe place to explore the work happening in Inca Link.","robots":{"index":"index","follow":"follow","max-snippet":"max-snippet:-1","max-image-preview":"max-image-preview:large","max-video-preview":"max-video-preview:-1"},"canonical":"https:\/\/www.incalink.org\/es\/serve\/careers\/guest-house-operators","og_locale":"es_ES","og_type":"article","og_title":"Quinta Casablanca Coordinators","og_description":"Quinta Casablanca is a place where people experience extreme hospitality, Christ\u2019s love, and a safe place to explore the work happening in Inca Link.","og_url":"https:\/\/www.incalink.org\/es\/serve\/careers\/guest-house-operators","og_site_name":"Inca Link International","article_modified_time":"2024-10-09T18:05:47+00:00","og_image":[{"width":960,"height":534,"url":"https:\/\/www.incalink.org\/wp-content\/uploads\/2022\/08\/inca-link-ecuador-quinta-casablanca-12.jpg","type":"image\/jpeg"}],"twitter_card":"summary_large_image","twitter_title":"Quinta Casablanca Coordinators","twitter_description":"Quinta Casablanca is a place where people experience extreme hospitality, Christ\u2019s love, and a safe place to explore the work happening in Inca Link.","twitter_image":"https:\/\/www.incalink.org\/wp-content\/uploads\/2022\/08\/inca-link-ecuador-quinta-casablanca-12.jpg","twitter_misc":{"Est. reading time":"3 minutos"},"schema":{"@context":"https:\/\/schema.org","@graph":[{"@type":"WebPage","@id":"https:\/\/www.incalink.org\/es\/serve\/careers\/guest-house-operators","url":"https:\/\/www.incalink.org\/es\/serve\/careers\/guest-house-operators","name":"Guest House Operators | Inca Link International","isPartOf":{"@id":"https:\/\/www.incalink.org\/#website"},"primaryImageOfPage":{"@id":"https:\/\/www.incalink.org\/es\/serve\/careers\/guest-house-operators#primaryimage"},"image":{"@id":"https:\/\/www.incalink.org\/es\/serve\/careers\/guest-house-operators#primaryimage"},"thumbnailUrl":"https:\/\/www.incalink.org\/wp-content\/uploads\/2022\/08\/inca-link-ecuador-quinta-casablanca-12.jpg","datePublished":"2023-03-02T19:21:41+00:00","dateModified":"2024-10-09T18:05:47+00:00","description":"Quinta Casablanca is a place where people experience extreme hospitality, Christ\u2019s love, and a safe place to explore the work happening in Inca Link.","breadcrumb":{"@id":"https:\/\/www.incalink.org\/es\/serve\/careers\/guest-house-operators#breadcrumb"},"inLanguage":"es","potentialAction":[{"@type":"ReadAction","target":["https:\/\/www.incalink.org\/es\/serve\/careers\/guest-house-operators"]}]},{"@type":"ImageObject","inLanguage":"es","@id":"https:\/\/www.incalink.org\/es\/serve\/careers\/guest-house-operators#primaryimage","url":"https:\/\/www.incalink.org\/wp-content\/uploads\/2022\/08\/inca-link-ecuador-quinta-casablanca-12.jpg","contentUrl":"https:\/\/www.incalink.org\/wp-content\/uploads\/2022\/08\/inca-link-ecuador-quinta-casablanca-12.jpg","width":960,"height":534},{"@type":"BreadcrumbList","@id":"https:\/\/www.incalink.org\/es\/serve\/careers\/guest-house-operators#breadcrumb","itemListElement":[{"@type":"ListItem","position":1,"name":"Home","item":"https:\/\/www.incalink.org\/"},{"@type":"ListItem","position":2,"name":"Serve","item":"https:\/\/www.incalink.org\/serve"},{"@type":"ListItem","position":3,"name":"Careers","item":"http:\/\/www.incalink.org\/serve\/careers"},{"@type":"ListItem","position":4,"name":"Guest House Operators"}]},{"@type":"WebSite","@id":"https:\/\/www.incalink.org\/#website","url":"https:\/\/www.incalink.org\/","name":"Inca Link Internacional","description":"Reaching the 300 million youth of Latin America with Christ\u2019s irresistible love.","publisher":{"@id":"https:\/\/www.incalink.org\/#organization"},"potentialAction":[{"@type":"SearchAction","target":{"@type":"EntryPoint","urlTemplate":"https:\/\/www.incalink.org\/?s={search_term_string}"},"query-input":{"@type":"PropertyValueSpecification","valueRequired":true,"valueName":"search_term_string"}}],"inLanguage":"es"},{"@type":"Organization","@id":"https:\/\/www.incalink.org\/#organization","name":"Inca Link Internacional","url":"https:\/\/www.incalink.org\/","logo":{"@type":"ImageObject","inLanguage":"es","@id":"https:\/\/www.incalink.org\/#\/schema\/logo\/image\/","url":"https:\/\/www.incalink.org\/wp-content\/uploads\/2022\/04\/ILI-Favicon_Gray-01-1.svg","contentUrl":"https:\/\/www.incalink.org\/wp-content\/uploads\/2022\/04\/ILI-Favicon_Gray-01-1.svg","width":512,"height":512,"caption":"Inca Link International"},"image":{"@id":"https:\/\/www.incalink.org\/#\/schema\/logo\/image\/"}}]}},"_links":{"self":[{"href":"https:\/\/www.incalink.org\/es\/wp-json\/wp\/v2\/pages\/56752","targetHints":{"allow":["GET"]}}],"collection":[{"href":"https:\/\/www.incalink.org\/es\/wp-json\/wp\/v2\/pages"}],"about":[{"href":"https:\/\/www.incalink.org\/es\/wp-json\/wp\/v2\/types\/page"}],"author":[{"embeddable":true,"href":"https:\/\/www.incalink.org\/es\/wp-json\/wp\/v2\/users\/1"}],"replies":[{"embeddable":true,"href":"https:\/\/www.incalink.org\/es\/wp-json\/wp\/v2\/comments?post=56752"}],"version-history":[{"count":23,"href":"https:\/\/www.incalink.org\/es\/wp-json\/wp\/v2\/pages\/56752\/revisions"}],"predecessor-version":[{"id":69744,"href":"https:\/\/www.incalink.org\/es\/wp-json\/wp\/v2\/pages\/56752\/revisions\/69744"}],"up":[{"embeddable":true,"href":"https:\/\/www.incalink.org\/es\/wp-json\/wp\/v2\/pages\/388"}],"wp:featuredmedia":[{"embeddable":true,"href":"https:\/\/www.incalink.org\/es\/wp-json\/wp\/v2\/media\/19812"}],"wp:attachment":[{"href":"https:\/\/www.incalink.org\/es\/wp-json\/wp\/v2\/media?parent=56752"}],"wp:term":[{"taxonomy":"category","embeddable":true,"href":"https:\/\/www.incalink.org\/es\/wp-json\/wp\/v2\/categories?post=56752"},{"taxonomy":"post_tag","embeddable":true,"href":"https:\/\/www.incalink.org\/es\/wp-json\/wp\/v2\/tags?post=56752"},{"taxonomy":"folder","embeddable":true,"href":"https:\/\/www.incalink.org\/es\/wp-json\/wp\/v2\/folder?post=56752"}],"curies":[{"name":"wp","href":"https:\/\/api.w.org\/{rel}","templated":true}]}}