{"id":57127,"date":"2023-05-22T15:48:19","date_gmt":"2023-05-22T19:48:19","guid":{"rendered":"https:\/\/www.incalink.org\/?page_id=57127"},"modified":"2023-07-05T15:10:15","modified_gmt":"2023-07-05T19:10:15","slug":"refund_returns","status":"publish","type":"page","link":"https:\/\/www.incalink.org\/es\/shop\/refund_returns","title":{"rendered":"Refund and Returns Policy"},"content":{"rendered":"<div data-elementor-type=\"wp-page\" data-elementor-id=\"57127\" class=\"elementor elementor-57127\" data-elementor-post-type=\"page\">\n\t\t\t\t\t\t<section class=\"elementor-section elementor-top-section elementor-element elementor-element-3db5e4a0 elementor-section-boxed elementor-section-height-default elementor-section-height-default\" data-id=\"3db5e4a0\" data-element_type=\"section\" data-e-type=\"section\">\n\t\t\t\t\t\t<div class=\"elementor-container elementor-column-gap-default\">\n\t\t\t\t\t<div class=\"elementor-column elementor-col-100 elementor-top-column elementor-element elementor-element-75e72818\" data-id=\"75e72818\" data-element_type=\"column\" data-e-type=\"column\">\n\t\t\t<div class=\"elementor-widget-wrap elementor-element-populated\">\n\t\t\t\t\t\t<div class=\"elementor-element elementor-element-141ebd1a elementor-widget__width-initial elementor-widget elementor-widget-text-editor\" data-id=\"141ebd1a\" data-element_type=\"widget\" data-e-type=\"widget\" data-widget_type=\"text-editor.default\">\n\t\t\t\t<div class=\"elementor-widget-container\">\n\t\t\t\t\t\t\t\t\t<p><\/p>\n<h2>Politica de Reembolso<\/h2>\n<p><\/p>\n<p>Nuestra pol\u00edtica de reembolso tiene una duraci\u00f3n de 30 d\u00edas. Si han pasado 30 d\u00edas desde su compra, no podemos ofrecerle un reembolso completo.<\/p>\n<p><span style=\"background-color: var(--ast-global-color-5); color: var(--ast-global-color-3); font-style: inherit; font-weight: inherit;\">Inca Link International utiliza comerciantes de impresi\u00f3n bajo demanda para producir nuestros productos,\u00a0<\/span><span style=\"background-color: var(--ast-global-color-5);\">lo que significa que todos los productos son \u00fanicos y se fabrican s\u00f3lo una vez solicitados. Esto tambi\u00e9n significa que no se admiten devoluciones ni cambios si orden\u00f3 el tama\u00f1o o el color incorrecto o simplemente cambi\u00f3 de opini\u00f3n.<\/span><\/p>\n<p><span style=\"font-style: inherit; font-weight: inherit; color: var(--ast-global-color-3); background-color: var(--ast-global-color-5);\">Sin embargo, en caso de un producto da\u00f1ado o un error de fabricaci\u00f3n, nuestros comerciantes ofrecen un reemplazo gratuito o un reembolso si se comunica con nosotros dentro de los 30 d\u00edas posteriores a la entrega del producto.\u00a0<\/span><span style=\"background-color: var(--ast-global-color-5); font-style: inherit; font-weight: inherit; color: var(--ast-global-color-3);\">Para hacerlo, comun\u00edquese con evidencia fotogr\u00e1fica del estado inadecuado del art\u00edculo.<\/span><\/p>\n<p><span style=\"background-color: var(--ast-global-color-5); color: var(--ast-global-color-3); font-style: inherit; font-weight: inherit;\">Si compr\u00f3 contenido descargable, ese contenido no es reembolsable.<\/span><\/p>\n<p><span style=\"color: var(--ast-global-color-2); font-size: 1.875rem; font-style: inherit; font-weight: 600; background-color: var(--ast-global-color-5);\">\u00a0<\/span><\/p>\n<p><span style=\"color: var(--ast-global-color-2); font-size: 1.875rem; font-style: inherit; font-weight: 600; background-color: var(--ast-global-color-5);\">Cancelaciones<\/span><\/p>\n<p><\/p>\n<p>Eres libre de cancelar un pedido en cualquier momento antes de que se hayan creado los art\u00edculos. Si se solicita una cancelaci\u00f3n despu\u00e9s de haber realizado un art\u00edculo, ya se ha invertido dinero y tiempo. En este punto, es poco probable que sea posible una cancelaci\u00f3n.\u00a0<\/p>\n<p><\/p>\n<p><span style=\"background-color: var(--ast-global-color-5); color: var(--ast-global-color-2); font-size: 1.875rem; font-style: inherit; font-weight: 600;\">\u00a0<\/span><\/p>\n<p><span style=\"background-color: var(--ast-global-color-5); color: var(--ast-global-color-2); font-size: 1.875rem; font-style: inherit; font-weight: 600;\">Env\u00edo<\/span><\/p>\n<p><\/p>\n<p>Despu\u00e9s de enviar un art\u00edculo, hay cosas que escapan a nuestro control. El env\u00edo (particularmente para pedidos internacionales) se ve afectado por muchas influencias externas. Si desea recibir una actualizaci\u00f3n de su pedido, comun\u00edquese con la empresa de env\u00edo con su n\u00famero de pedido o utilice un n\u00famero o enlace de seguimiento.<\/p>\n<p><\/p>\n<h2>\u00a0<\/h2>\n<h2>\u00bfNecesita ayuda?<\/h2>\n<p><\/p>\n<p>Cont\u00e1ctenos en info@incalink.org si tiene preguntas relacionadas con reembolsos.<\/p>\n<ul style=\"font-size: 16px; font-style: normal; font-weight: 400;\">\n<li style=\"font-size: 16px; list-style-type: none;\">\u00a0<\/li>\n<\/ul>\n<p><\/p>\t\t\t\t\t\t\t\t<\/div>\n\t\t\t\t<\/div>\n\t\t\t\t\t<\/div>\n\t\t<\/div>\n\t\t\t\t\t<\/div>\n\t\t<\/section>\n\t\t\t\t<\/div>","protected":false},"excerpt":{"rendered":"<p>Refund Policy Our refund policy lasts 30 days. If 30 days have passed since your purchase, we can\u2019t offer you a full refund. Inca Link International utilizes print-on-demand merchants to produce our products,\u00a0which means that all products are unique and produced only once ordered. This also means that returns and exchanges are not supported if [&hellip;]<\/p>\n","protected":false},"author":1,"featured_media":0,"parent":57123,"menu_order":0,"comment_status":"closed","ping_status":"closed","template":"","meta":{"_monsterinsights_skip_tracking":false,"_monsterinsights_sitenote_active":false,"_monsterinsights_sitenote_note":"","_monsterinsights_sitenote_category":0,"site-sidebar-layout":"default","site-content-layout":"","ast-site-content-layout":"default","site-content-style":"default","site-sidebar-style":"default","ast-global-header-display":"","ast-banner-title-visibility":"","ast-main-header-display":"","ast-hfb-above-header-display":"","ast-hfb-below-header-display":"","ast-hfb-mobile-header-display":"","site-post-title":"","ast-breadcrumbs-content":"","ast-featured-img":"","footer-sml-layout":"","ast-disable-related-posts":"","theme-transparent-header-meta":"","adv-header-id-meta":"","stick-header-meta":"","header-above-stick-meta":"","header-main-stick-meta":"","header-below-stick-meta":"","astra-migrate-meta-layouts":"default","ast-page-background-enabled":"default","ast-page-background-meta":{"desktop":{"background-color":"var(--ast-global-color-4)","background-image":"","background-repeat":"repeat","background-position":"center center","background-size":"auto","background-attachment":"scroll","background-type":"","background-media":"","overlay-type":"","overlay-color":"","overlay-opacity":"","overlay-gradient":""},"tablet":{"background-color":"","background-image":"","background-repeat":"repeat","background-position":"center center","background-size":"auto","background-attachment":"scroll","background-type":"","background-media":"","overlay-type":"","overlay-color":"","overlay-opacity":"","overlay-gradient":""},"mobile":{"background-color":"","background-image":"","background-repeat":"repeat","background-position":"center center","background-size":"auto","background-attachment":"scroll","background-type":"","background-media":"","overlay-type":"","overlay-color":"","overlay-opacity":"","overlay-gradient":""}},"ast-content-background-meta":{"desktop":{"background-color":"var(--ast-global-color-5)","background-image":"","background-repeat":"repeat","background-position":"center center","background-size":"auto","background-attachment":"scroll","background-type":"","background-media":"","overlay-type":"","overlay-color":"","overlay-opacity":"","overlay-gradient":""},"tablet":{"background-color":"var(--ast-global-color-5)","background-image":"","background-repeat":"repeat","background-position":"center center","background-size":"auto","background-attachment":"scroll","background-type":"","background-media":"","overlay-type":"","overlay-color":"","overlay-opacity":"","overlay-gradient":""},"mobile":{"background-color":"var(--ast-global-color-5)","background-image":"","background-repeat":"repeat","background-position":"center center","background-size":"auto","background-attachment":"scroll","background-type":"","background-media":"","overlay-type":"","overlay-color":"","overlay-opacity":"","overlay-gradient":""}},"footnotes":""},"categories":[],"tags":[],"folder":[440],"class_list":["post-57127","page","type-page","status-publish","hentry"],"yoast_head":"<!-- This site is optimized with the Yoast SEO plugin v27.3 - https:\/\/yoast.com\/product\/yoast-seo-wordpress\/ -->\n<title>Refund and Returns Policy | Inca Link International<\/title>\n<meta name=\"robots\" content=\"index, follow, max-snippet:-1, max-image-preview:large, max-video-preview:-1\" \/>\n<link rel=\"canonical\" href=\"https:\/\/www.incalink.org\/es\/shop\/refund_returns\/\" \/>\n<meta property=\"og:locale\" content=\"es_ES\" \/>\n<meta property=\"og:type\" content=\"article\" \/>\n<meta property=\"og:title\" content=\"Refund and Returns Policy | Inca Link International\" \/>\n<meta property=\"og:description\" content=\"Refund Policy Our refund policy lasts 30 days. If 30 days have passed since your purchase, we can\u2019t offer you a full refund. Inca Link International utilizes print-on-demand merchants to produce our products,\u00a0which means that all products are unique and produced only once ordered. This also means that returns and exchanges are not supported if [&hellip;]\" \/>\n<meta property=\"og:url\" content=\"https:\/\/www.incalink.org\/es\/shop\/refund_returns\/\" \/>\n<meta property=\"og:site_name\" content=\"Inca Link International\" \/>\n<meta property=\"article:modified_time\" content=\"2023-07-05T19:10:15+00:00\" \/>\n<meta name=\"twitter:card\" content=\"summary_large_image\" \/>\n<meta name=\"twitter:label1\" content=\"Est. reading time\" \/>\n\t<meta name=\"twitter:data1\" content=\"1 minuto\" \/>\n<script type=\"application\/ld+json\" class=\"yoast-schema-graph\">{\"@context\":\"https:\\\/\\\/schema.org\",\"@graph\":[{\"@type\":\"WebPage\",\"@id\":\"https:\\\/\\\/www.incalink.org\\\/shop\\\/refund_returns\",\"url\":\"https:\\\/\\\/www.incalink.org\\\/shop\\\/refund_returns\",\"name\":\"Refund and Returns Policy | Inca Link International\",\"isPartOf\":{\"@id\":\"https:\\\/\\\/www.incalink.org\\\/es\\\/#website\"},\"datePublished\":\"2023-05-22T19:48:19+00:00\",\"dateModified\":\"2023-07-05T19:10:15+00:00\",\"breadcrumb\":{\"@id\":\"https:\\\/\\\/www.incalink.org\\\/shop\\\/refund_returns#breadcrumb\"},\"inLanguage\":\"es\",\"potentialAction\":[{\"@type\":\"ReadAction\",\"target\":[\"https:\\\/\\\/www.incalink.org\\\/shop\\\/refund_returns\"]}]},{\"@type\":\"BreadcrumbList\",\"@id\":\"https:\\\/\\\/www.incalink.org\\\/shop\\\/refund_returns#breadcrumb\",\"itemListElement\":[{\"@type\":\"ListItem\",\"position\":1,\"name\":\"Home\",\"item\":\"https:\\\/\\\/www.incalink.org\\\/\"},{\"@type\":\"ListItem\",\"position\":2,\"name\":\"Shop\",\"item\":\"https:\\\/\\\/www.incalink.org\\\/es\\\/shop\"},{\"@type\":\"ListItem\",\"position\":3,\"name\":\"Refund and Returns Policy\"}]},{\"@type\":\"WebSite\",\"@id\":\"https:\\\/\\\/www.incalink.org\\\/es\\\/#website\",\"url\":\"https:\\\/\\\/www.incalink.org\\\/es\\\/\",\"name\":\"Inca Link International\",\"description\":\"Reaching the 300 million youth of Latin America with Christ\u2019s irresistible love.\",\"publisher\":{\"@id\":\"https:\\\/\\\/www.incalink.org\\\/es\\\/#organization\"},\"potentialAction\":[{\"@type\":\"SearchAction\",\"target\":{\"@type\":\"EntryPoint\",\"urlTemplate\":\"https:\\\/\\\/www.incalink.org\\\/es\\\/?s={search_term_string}\"},\"query-input\":{\"@type\":\"PropertyValueSpecification\",\"valueRequired\":true,\"valueName\":\"search_term_string\"}}],\"inLanguage\":\"es\"},{\"@type\":\"Organization\",\"@id\":\"https:\\\/\\\/www.incalink.org\\\/es\\\/#organization\",\"name\":\"Inca Link International\",\"url\":\"https:\\\/\\\/www.incalink.org\\\/es\\\/\",\"logo\":{\"@type\":\"ImageObject\",\"inLanguage\":\"es\",\"@id\":\"https:\\\/\\\/www.incalink.org\\\/es\\\/#\\\/schema\\\/logo\\\/image\\\/\",\"url\":\"https:\\\/\\\/www.incalink.org\\\/wp-content\\\/uploads\\\/2022\\\/04\\\/ILI-Favicon_Gray-01-1.svg\",\"contentUrl\":\"https:\\\/\\\/www.incalink.org\\\/wp-content\\\/uploads\\\/2022\\\/04\\\/ILI-Favicon_Gray-01-1.svg\",\"width\":512,\"height\":512,\"caption\":\"Inca Link International\"},\"image\":{\"@id\":\"https:\\\/\\\/www.incalink.org\\\/es\\\/#\\\/schema\\\/logo\\\/image\\\/\"}}]}<\/script>\n<!-- \/ Yoast SEO plugin. -->","yoast_head_json":{"title":"Refund and Returns Policy | Inca Link International","robots":{"index":"index","follow":"follow","max-snippet":"max-snippet:-1","max-image-preview":"max-image-preview:large","max-video-preview":"max-video-preview:-1"},"canonical":"https:\/\/www.incalink.org\/es\/shop\/refund_returns\/","og_locale":"es_ES","og_type":"article","og_title":"Refund and Returns Policy | Inca Link International","og_description":"Refund Policy Our refund policy lasts 30 days. If 30 days have passed since your purchase, we can\u2019t offer you a full refund. Inca Link International utilizes print-on-demand merchants to produce our products,\u00a0which means that all products are unique and produced only once ordered. This also means that returns and exchanges are not supported if [&hellip;]","og_url":"https:\/\/www.incalink.org\/es\/shop\/refund_returns\/","og_site_name":"Inca Link International","article_modified_time":"2023-07-05T19:10:15+00:00","twitter_card":"summary_large_image","twitter_misc":{"Est. reading time":"1 minuto"},"schema":{"@context":"https:\/\/schema.org","@graph":[{"@type":"WebPage","@id":"https:\/\/www.incalink.org\/shop\/refund_returns","url":"https:\/\/www.incalink.org\/shop\/refund_returns","name":"Refund and Returns Policy | Inca Link International","isPartOf":{"@id":"https:\/\/www.incalink.org\/es\/#website"},"datePublished":"2023-05-22T19:48:19+00:00","dateModified":"2023-07-05T19:10:15+00:00","breadcrumb":{"@id":"https:\/\/www.incalink.org\/shop\/refund_returns#breadcrumb"},"inLanguage":"es","potentialAction":[{"@type":"ReadAction","target":["https:\/\/www.incalink.org\/shop\/refund_returns"]}]},{"@type":"BreadcrumbList","@id":"https:\/\/www.incalink.org\/shop\/refund_returns#breadcrumb","itemListElement":[{"@type":"ListItem","position":1,"name":"Home","item":"https:\/\/www.incalink.org\/"},{"@type":"ListItem","position":2,"name":"Shop","item":"https:\/\/www.incalink.org\/es\/shop"},{"@type":"ListItem","position":3,"name":"Refund and Returns Policy"}]},{"@type":"WebSite","@id":"https:\/\/www.incalink.org\/es\/#website","url":"https:\/\/www.incalink.org\/es\/","name":"Inca Link Internacional","description":"Reaching the 300 million youth of Latin America with Christ\u2019s irresistible love.","publisher":{"@id":"https:\/\/www.incalink.org\/es\/#organization"},"potentialAction":[{"@type":"SearchAction","target":{"@type":"EntryPoint","urlTemplate":"https:\/\/www.incalink.org\/es\/?s={search_term_string}"},"query-input":{"@type":"PropertyValueSpecification","valueRequired":true,"valueName":"search_term_string"}}],"inLanguage":"es"},{"@type":"Organization","@id":"https:\/\/www.incalink.org\/es\/#organization","name":"Inca Link Internacional","url":"https:\/\/www.incalink.org\/es\/","logo":{"@type":"ImageObject","inLanguage":"es","@id":"https:\/\/www.incalink.org\/es\/#\/schema\/logo\/image\/","url":"https:\/\/www.incalink.org\/wp-content\/uploads\/2022\/04\/ILI-Favicon_Gray-01-1.svg","contentUrl":"https:\/\/www.incalink.org\/wp-content\/uploads\/2022\/04\/ILI-Favicon_Gray-01-1.svg","width":512,"height":512,"caption":"Inca Link International"},"image":{"@id":"https:\/\/www.incalink.org\/es\/#\/schema\/logo\/image\/"}}]}},"_links":{"self":[{"href":"https:\/\/www.incalink.org\/es\/wp-json\/wp\/v2\/pages\/57127","targetHints":{"allow":["GET"]}}],"collection":[{"href":"https:\/\/www.incalink.org\/es\/wp-json\/wp\/v2\/pages"}],"about":[{"href":"https:\/\/www.incalink.org\/es\/wp-json\/wp\/v2\/types\/page"}],"author":[{"embeddable":true,"href":"https:\/\/www.incalink.org\/es\/wp-json\/wp\/v2\/users\/1"}],"replies":[{"embeddable":true,"href":"https:\/\/www.incalink.org\/es\/wp-json\/wp\/v2\/comments?post=57127"}],"version-history":[{"count":8,"href":"https:\/\/www.incalink.org\/es\/wp-json\/wp\/v2\/pages\/57127\/revisions"}],"predecessor-version":[{"id":60245,"href":"https:\/\/www.incalink.org\/es\/wp-json\/wp\/v2\/pages\/57127\/revisions\/60245"}],"up":[{"embeddable":true,"href":"https:\/\/www.incalink.org\/es\/wp-json\/wp\/v2\/pages\/57123"}],"wp:attachment":[{"href":"https:\/\/www.incalink.org\/es\/wp-json\/wp\/v2\/media?parent=57127"}],"wp:term":[{"taxonomy":"category","embeddable":true,"href":"https:\/\/www.incalink.org\/es\/wp-json\/wp\/v2\/categories?post=57127"},{"taxonomy":"post_tag","embeddable":true,"href":"https:\/\/www.incalink.org\/es\/wp-json\/wp\/v2\/tags?post=57127"},{"taxonomy":"folder","embeddable":true,"href":"https:\/\/www.incalink.org\/es\/wp-json\/wp\/v2\/folder?post=57127"}],"curies":[{"name":"wp","href":"https:\/\/api.w.org\/{rel}","templated":true}]}}