{"id":65095,"date":"2024-04-16T14:37:46","date_gmt":"2024-04-16T18:37:46","guid":{"rendered":"https:\/\/www.incalink.org\/?page_id=65095"},"modified":"2024-04-16T15:17:11","modified_gmt":"2024-04-16T19:17:11","slug":"care-partners","status":"publish","type":"page","link":"https:\/\/www.incalink.org\/es\/about\/care-partners","title":{"rendered":"Socios de Atenci\u00f3n"},"content":{"rendered":"<div data-elementor-type=\"wp-page\" data-elementor-id=\"65095\" class=\"elementor elementor-65095\" data-elementor-post-type=\"page\">\n\t\t\t\t\t\t<section class=\"elementor-section elementor-top-section elementor-element elementor-element-7ea72e0 elementor-section-full_width elementor-section-height-min-height elementor-section-height-default elementor-section-items-middle\" data-id=\"7ea72e0\" data-element_type=\"section\" data-e-type=\"section\" data-settings=\"{&quot;background_background&quot;:&quot;classic&quot;}\">\n\t\t\t\t\t\t<div class=\"elementor-container elementor-column-gap-default\">\n\t\t\t\t\t<div class=\"elementor-column elementor-col-100 elementor-top-column elementor-element elementor-element-b67484a\" data-id=\"b67484a\" data-element_type=\"column\" data-e-type=\"column\">\n\t\t\t<div class=\"elementor-widget-wrap elementor-element-populated\">\n\t\t\t\t\t\t\t<\/div>\n\t\t<\/div>\n\t\t\t\t\t<\/div>\n\t\t<\/section>\n\t\t\t\t<section class=\"elementor-section elementor-top-section elementor-element elementor-element-708ff70 elementor-section-boxed elementor-section-height-default elementor-section-height-default\" data-id=\"708ff70\" data-element_type=\"section\" data-e-type=\"section\">\n\t\t\t\t\t\t<div class=\"elementor-container elementor-column-gap-default\">\n\t\t\t\t\t<div class=\"elementor-column elementor-col-100 elementor-top-column elementor-element elementor-element-6aacedb\" data-id=\"6aacedb\" data-element_type=\"column\" data-e-type=\"column\">\n\t\t\t<div class=\"elementor-widget-wrap elementor-element-populated\">\n\t\t\t\t\t\t<div class=\"elementor-element elementor-element-da7f64a elementor-widget elementor-widget-text-editor\" data-id=\"da7f64a\" data-element_type=\"widget\" data-e-type=\"widget\" data-widget_type=\"text-editor.default\">\n\t\t\t\t<div class=\"elementor-widget-container\">\n\t\t\t\t\t\t\t\t\t<p>En un esfuerzo por mantener a nuestros l\u00edderes ministeriales, misioneros y personal sanos y equipados para servir a largo plazo, Inca Link se est\u00e1 asociando con un equipo para el cuidado de los miembros centrado en la salud mental, emocional y espiritual a trav\u00e9s de sesiones de asesoramiento y terapia.<\/p><p>Algunos de los miembros de este equipo son:<\/p>\t\t\t\t\t\t\t\t<\/div>\n\t\t\t\t<\/div>\n\t\t\t\t\t<\/div>\n\t\t<\/div>\n\t\t\t\t\t<\/div>\n\t\t<\/section>\n\t\t\t\t<section class=\"elementor-section elementor-top-section elementor-element elementor-element-fb6b4e2 elementor-section-boxed elementor-section-height-default elementor-section-height-default\" data-id=\"fb6b4e2\" data-element_type=\"section\" data-e-type=\"section\">\n\t\t\t\t\t\t<div class=\"elementor-container elementor-column-gap-wide\">\n\t\t\t\t\t<div class=\"elementor-column elementor-col-33 elementor-top-column elementor-element elementor-element-ca123c6\" data-id=\"ca123c6\" data-element_type=\"column\" data-e-type=\"column\">\n\t\t\t<div class=\"elementor-widget-wrap elementor-element-populated\">\n\t\t\t\t\t\t<div class=\"elementor-element elementor-element-33aaea3 elementor-widget elementor-widget-image\" data-id=\"33aaea3\" data-element_type=\"widget\" data-e-type=\"widget\" data-widget_type=\"image.default\">\n\t\t\t\t<div class=\"elementor-widget-container\">\n\t\t\t\t\t\t\t\t\t\t\t\t\t\t\t<img fetchpriority=\"high\" decoding=\"async\" width=\"800\" height=\"1000\" src=\"https:\/\/www.incalink.org\/wp-content\/uploads\/2024\/04\/inca-link-care-partners_ivan_web.jpg\" class=\"attachment-large size-large wp-image-65109\" alt=\"\" srcset=\"https:\/\/www.incalink.org\/wp-content\/uploads\/2024\/04\/inca-link-care-partners_ivan_web.jpg 800w, https:\/\/www.incalink.org\/wp-content\/uploads\/2024\/04\/inca-link-care-partners_ivan_web-400x500.jpg 400w, https:\/\/www.incalink.org\/wp-content\/uploads\/2024\/04\/inca-link-care-partners_ivan_web-768x960.jpg 768w, https:\/\/www.incalink.org\/wp-content\/uploads\/2024\/04\/inca-link-care-partners_ivan_web-10x12.jpg 10w, https:\/\/www.incalink.org\/wp-content\/uploads\/2024\/04\/inca-link-care-partners_ivan_web-600x750.jpg 600w\" sizes=\"(max-width: 800px) 100vw, 800px\" \/>\t\t\t\t\t\t\t\t\t\t\t\t\t\t\t<\/div>\n\t\t\t\t<\/div>\n\t\t\t\t<div class=\"elementor-element elementor-element-13f213c elementor-widget elementor-widget-text-editor\" data-id=\"13f213c\" data-element_type=\"widget\" data-e-type=\"widget\" data-widget_type=\"text-editor.default\">\n\t\t\t\t<div class=\"elementor-widget-container\">\n\t\t\t\t\t\t\t\t\t<p><strong>Ivan<\/strong>, un psic\u00f3logo apasionado por la lucha contra la trata de seres humanos, que ayuda a las v\u00edctimas a encontrar sanaci\u00f3n y, en \u00faltima instancia, un nuevo sentido a sus vidas; un sentido arraigado en su identidad en Cristo. Con m\u00e1s de 20 a\u00f1os de experiencia sirviendo a los dem\u00e1s, Ivan aporta su experiencia en la evaluaci\u00f3n de las necesidades individuales y la capacitaci\u00f3n de las personas para que se inclinen hacia el llamado de Dios para sus vidas.<\/p>\t\t\t\t\t\t\t\t<\/div>\n\t\t\t\t<\/div>\n\t\t\t\t\t<\/div>\n\t\t<\/div>\n\t\t\t\t<div class=\"elementor-column elementor-col-33 elementor-top-column elementor-element elementor-element-5882798\" data-id=\"5882798\" data-element_type=\"column\" data-e-type=\"column\">\n\t\t\t<div class=\"elementor-widget-wrap elementor-element-populated\">\n\t\t\t\t\t\t<div class=\"elementor-element elementor-element-8df779b elementor-widget elementor-widget-image\" data-id=\"8df779b\" data-element_type=\"widget\" data-e-type=\"widget\" data-widget_type=\"image.default\">\n\t\t\t\t<div class=\"elementor-widget-container\">\n\t\t\t\t\t\t\t\t\t\t\t\t\t\t\t<img decoding=\"async\" width=\"800\" height=\"1000\" src=\"https:\/\/www.incalink.org\/wp-content\/uploads\/2024\/04\/inca-link-care-partners_charlene_web.jpg\" class=\"attachment-large size-large wp-image-65107\" alt=\"\" srcset=\"https:\/\/www.incalink.org\/wp-content\/uploads\/2024\/04\/inca-link-care-partners_charlene_web.jpg 800w, https:\/\/www.incalink.org\/wp-content\/uploads\/2024\/04\/inca-link-care-partners_charlene_web-400x500.jpg 400w, https:\/\/www.incalink.org\/wp-content\/uploads\/2024\/04\/inca-link-care-partners_charlene_web-768x960.jpg 768w, https:\/\/www.incalink.org\/wp-content\/uploads\/2024\/04\/inca-link-care-partners_charlene_web-10x12.jpg 10w, https:\/\/www.incalink.org\/wp-content\/uploads\/2024\/04\/inca-link-care-partners_charlene_web-600x750.jpg 600w\" sizes=\"(max-width: 800px) 100vw, 800px\" \/>\t\t\t\t\t\t\t\t\t\t\t\t\t\t\t<\/div>\n\t\t\t\t<\/div>\n\t\t\t\t<div class=\"elementor-element elementor-element-34144fc elementor-widget elementor-widget-text-editor\" data-id=\"34144fc\" data-element_type=\"widget\" data-e-type=\"widget\" data-widget_type=\"text-editor.default\">\n\t\t\t\t<div class=\"elementor-widget-container\">\n\t\t\t\t\t\t\t\t\t<p><strong>Charlene<\/strong>, una consejera profesional licenciada, creci\u00f3 en el campo misionero y comprende la vida de las familias misioneras y los retos a los que se enfrentan cuando viven en el extranjero. Durante los \u00faltimos 25 a\u00f1os, Charlene ha practicado la consejer\u00eda en el \u00e1mbito de la salud mental p\u00fablica, as\u00ed como su propia pr\u00e1ctica privada. Charlene tambi\u00e9n sirve como profesional de cuidados al miembros para la Alianza Cristiana y Misionera.<\/p>\t\t\t\t\t\t\t\t<\/div>\n\t\t\t\t<\/div>\n\t\t\t\t\t<\/div>\n\t\t<\/div>\n\t\t\t\t<div class=\"elementor-column elementor-col-33 elementor-top-column elementor-element elementor-element-73db441\" data-id=\"73db441\" data-element_type=\"column\" data-e-type=\"column\">\n\t\t\t<div class=\"elementor-widget-wrap elementor-element-populated\">\n\t\t\t\t\t\t<div class=\"elementor-element elementor-element-7f523e8 elementor-widget elementor-widget-image\" data-id=\"7f523e8\" data-element_type=\"widget\" data-e-type=\"widget\" data-widget_type=\"image.default\">\n\t\t\t\t<div class=\"elementor-widget-container\">\n\t\t\t\t\t\t\t\t\t\t\t\t\t\t\t<img decoding=\"async\" width=\"800\" height=\"1000\" src=\"https:\/\/www.incalink.org\/wp-content\/uploads\/2024\/04\/inca-link-care-partners_david_web.jpg\" class=\"attachment-large size-large wp-image-65108\" alt=\"\" srcset=\"https:\/\/www.incalink.org\/wp-content\/uploads\/2024\/04\/inca-link-care-partners_david_web.jpg 800w, https:\/\/www.incalink.org\/wp-content\/uploads\/2024\/04\/inca-link-care-partners_david_web-400x500.jpg 400w, https:\/\/www.incalink.org\/wp-content\/uploads\/2024\/04\/inca-link-care-partners_david_web-768x960.jpg 768w, https:\/\/www.incalink.org\/wp-content\/uploads\/2024\/04\/inca-link-care-partners_david_web-10x12.jpg 10w, https:\/\/www.incalink.org\/wp-content\/uploads\/2024\/04\/inca-link-care-partners_david_web-600x750.jpg 600w\" sizes=\"(max-width: 800px) 100vw, 800px\" \/>\t\t\t\t\t\t\t\t\t\t\t\t\t\t\t<\/div>\n\t\t\t\t<\/div>\n\t\t\t\t<div class=\"elementor-element elementor-element-97a2ff3 elementor-widget elementor-widget-text-editor\" data-id=\"97a2ff3\" data-element_type=\"widget\" data-e-type=\"widget\" data-widget_type=\"text-editor.default\">\n\t\t\t\t<div class=\"elementor-widget-container\">\n\t\t\t\t\t\t\t\t\t<p><strong>David<\/strong> es un influyente psic\u00f3logo y mentor, cuya vida personal y profesional ha estado profundamente entrelazada con el desarrollo y el bienestar de las personas. David ha centrado su carrera en el crecimiento humano, la justicia social y la transformaci\u00f3n de conflictos. Con m\u00e1s de dos d\u00e9cadas dedicadas a enriquecer vidas, su legado es un testimonio del poder del liderazgo consciente y la educaci\u00f3n en la formaci\u00f3n de las generaciones futuras.<\/p>\t\t\t\t\t\t\t\t<\/div>\n\t\t\t\t<\/div>\n\t\t\t\t\t<\/div>\n\t\t<\/div>\n\t\t\t\t\t<\/div>\n\t\t<\/section>\n\t\t\t\t<\/div>","protected":false},"excerpt":{"rendered":"<p>Inca Link partners with a team for member care focused on mental, emotional and spiritual health through counseling and therapy sessions.<\/p>","protected":false},"author":1,"featured_media":21528,"parent":271,"menu_order":0,"comment_status":"closed","ping_status":"closed","template":"","meta":{"_monsterinsights_skip_tracking":false,"_monsterinsights_sitenote_active":false,"_monsterinsights_sitenote_note":"","_monsterinsights_sitenote_category":0,"site-sidebar-layout":"no-sidebar","site-content-layout":"page-builder","ast-site-content-layout":"full-width-container","site-content-style":"default","site-sidebar-style":"default","ast-global-header-display":"","ast-banner-title-visibility":"","ast-main-header-display":"","ast-hfb-above-header-display":"","ast-hfb-below-header-display":"","ast-hfb-mobile-header-display":"","site-post-title":"disabled","ast-breadcrumbs-content":"","ast-featured-img":"disabled","footer-sml-layout":"","ast-disable-related-posts":"","theme-transparent-header-meta":"","adv-header-id-meta":"","stick-header-meta":"","header-above-stick-meta":"","header-main-stick-meta":"","header-below-stick-meta":"","astra-migrate-meta-layouts":"set","ast-page-background-enabled":"default","ast-page-background-meta":{"desktop":{"background-color":"var(--ast-global-color-4)","background-image":"","background-repeat":"repeat","background-position":"center center","background-size":"auto","background-attachment":"scroll","background-type":"","background-media":"","overlay-type":"","overlay-color":"","overlay-opacity":"","overlay-gradient":""},"tablet":{"background-color":"","background-image":"","background-repeat":"repeat","background-position":"center center","background-size":"auto","background-attachment":"scroll","background-type":"","background-media":"","overlay-type":"","overlay-color":"","overlay-opacity":"","overlay-gradient":""},"mobile":{"background-color":"","background-image":"","background-repeat":"repeat","background-position":"center center","background-size":"auto","background-attachment":"scroll","background-type":"","background-media":"","overlay-type":"","overlay-color":"","overlay-opacity":"","overlay-gradient":""}},"ast-content-background-meta":{"desktop":{"background-color":"var(--ast-global-color-5)","background-image":"","background-repeat":"repeat","background-position":"center center","background-size":"auto","background-attachment":"scroll","background-type":"","background-media":"","overlay-type":"","overlay-color":"","overlay-opacity":"","overlay-gradient":""},"tablet":{"background-color":"var(--ast-global-color-5)","background-image":"","background-repeat":"repeat","background-position":"center center","background-size":"auto","background-attachment":"scroll","background-type":"","background-media":"","overlay-type":"","overlay-color":"","overlay-opacity":"","overlay-gradient":""},"mobile":{"background-color":"var(--ast-global-color-5)","background-image":"","background-repeat":"repeat","background-position":"center center","background-size":"auto","background-attachment":"scroll","background-type":"","background-media":"","overlay-type":"","overlay-color":"","overlay-opacity":"","overlay-gradient":""}},"footnotes":""},"categories":[],"tags":[],"folder":[280],"class_list":["post-65095","page","type-page","status-publish","has-post-thumbnail","hentry"],"yoast_head":"<!-- This site is optimized with the Yoast SEO plugin v27.1.1 - https:\/\/yoast.com\/product\/yoast-seo-wordpress\/ -->\n<title>Care Partners | Inca Link International<\/title>\n<meta name=\"description\" content=\"Inca Link partners with a team for member care focused on mental, emotional and spiritual health through counseling and therapy sessions.\" \/>\n<meta name=\"robots\" content=\"index, follow, max-snippet:-1, max-image-preview:large, max-video-preview:-1\" \/>\n<link rel=\"canonical\" href=\"http:\/\/www.incalink.org\/es\/about\/care-partners\/\" \/>\n<meta property=\"og:locale\" content=\"es_ES\" \/>\n<meta property=\"og:type\" content=\"article\" \/>\n<meta property=\"og:title\" content=\"Care Partners\" \/>\n<meta property=\"og:description\" content=\"Inca Link partners with a team for member care focused on mental, emotional and spiritual health through counseling and therapy sessions.\" \/>\n<meta property=\"og:url\" content=\"http:\/\/www.incalink.org\/es\/about\/care-partners\/\" \/>\n<meta property=\"og:site_name\" content=\"Inca Link International\" \/>\n<meta property=\"article:modified_time\" content=\"2024-04-16T19:17:11+00:00\" \/>\n<meta property=\"og:image\" content=\"http:\/\/www.incalink.org\/wp-content\/uploads\/2022\/08\/inca-link-international.jpg\" \/>\n\t<meta property=\"og:image:width\" content=\"800\" \/>\n\t<meta property=\"og:image:height\" content=\"500\" \/>\n\t<meta property=\"og:image:type\" content=\"image\/jpeg\" \/>\n<meta name=\"twitter:card\" content=\"summary_large_image\" \/>\n<meta name=\"twitter:title\" content=\"Care Partners\" \/>\n<meta name=\"twitter:description\" content=\"Inca Link partners with a team for member care focused on mental, emotional and spiritual health through counseling and therapy sessions.\" \/>\n<meta name=\"twitter:image\" content=\"https:\/\/www.incalink.org\/wp-content\/uploads\/2022\/08\/inca-link-international.jpg\" \/>\n<meta name=\"twitter:label1\" content=\"Est. reading time\" \/>\n\t<meta name=\"twitter:data1\" content=\"2 minutos\" \/>\n<script type=\"application\/ld+json\" class=\"yoast-schema-graph\">{\"@context\":\"https:\/\/schema.org\",\"@graph\":[{\"@type\":\"WebPage\",\"@id\":\"http:\/\/www.incalink.org\/about\/care-partners\",\"url\":\"http:\/\/www.incalink.org\/about\/care-partners\",\"name\":\"Care Partners | Inca Link International\",\"isPartOf\":{\"@id\":\"https:\/\/www.incalink.org\/es\/#website\"},\"primaryImageOfPage\":{\"@id\":\"http:\/\/www.incalink.org\/about\/care-partners#primaryimage\"},\"image\":{\"@id\":\"http:\/\/www.incalink.org\/about\/care-partners#primaryimage\"},\"thumbnailUrl\":\"https:\/\/www.incalink.org\/wp-content\/uploads\/2022\/08\/inca-link-international.jpg\",\"datePublished\":\"2024-04-16T18:37:46+00:00\",\"dateModified\":\"2024-04-16T19:17:11+00:00\",\"description\":\"Inca Link partners with a team for member care focused on mental, emotional and spiritual health through counseling and therapy sessions.\",\"breadcrumb\":{\"@id\":\"http:\/\/www.incalink.org\/about\/care-partners#breadcrumb\"},\"inLanguage\":\"es\",\"potentialAction\":[{\"@type\":\"ReadAction\",\"target\":[\"http:\/\/www.incalink.org\/about\/care-partners\"]}]},{\"@type\":\"ImageObject\",\"inLanguage\":\"es\",\"@id\":\"http:\/\/www.incalink.org\/about\/care-partners#primaryimage\",\"url\":\"https:\/\/www.incalink.org\/wp-content\/uploads\/2022\/08\/inca-link-international.jpg\",\"contentUrl\":\"https:\/\/www.incalink.org\/wp-content\/uploads\/2022\/08\/inca-link-international.jpg\",\"width\":800,\"height\":500},{\"@type\":\"BreadcrumbList\",\"@id\":\"http:\/\/www.incalink.org\/about\/care-partners#breadcrumb\",\"itemListElement\":[{\"@type\":\"ListItem\",\"position\":1,\"name\":\"Home\",\"item\":\"https:\/\/www.incalink.org\/\"},{\"@type\":\"ListItem\",\"position\":2,\"name\":\"About\",\"item\":\"https:\/\/www.incalink.org\/es\/about\"},{\"@type\":\"ListItem\",\"position\":3,\"name\":\"Care Partners\"}]},{\"@type\":\"WebSite\",\"@id\":\"https:\/\/www.incalink.org\/es\/#website\",\"url\":\"https:\/\/www.incalink.org\/es\/\",\"name\":\"Inca Link International\",\"description\":\"Reaching the 300 million youth of Latin America with Christ\u2019s irresistible love.\",\"publisher\":{\"@id\":\"https:\/\/www.incalink.org\/es\/#organization\"},\"potentialAction\":[{\"@type\":\"SearchAction\",\"target\":{\"@type\":\"EntryPoint\",\"urlTemplate\":\"https:\/\/www.incalink.org\/es\/?s={search_term_string}\"},\"query-input\":{\"@type\":\"PropertyValueSpecification\",\"valueRequired\":true,\"valueName\":\"search_term_string\"}}],\"inLanguage\":\"es\"},{\"@type\":\"Organization\",\"@id\":\"https:\/\/www.incalink.org\/es\/#organization\",\"name\":\"Inca Link International\",\"url\":\"https:\/\/www.incalink.org\/es\/\",\"logo\":{\"@type\":\"ImageObject\",\"inLanguage\":\"es\",\"@id\":\"https:\/\/www.incalink.org\/es\/#\/schema\/logo\/image\/\",\"url\":\"https:\/\/www.incalink.org\/wp-content\/uploads\/2022\/04\/ILI-Favicon_Gray-01-1.svg\",\"contentUrl\":\"https:\/\/www.incalink.org\/wp-content\/uploads\/2022\/04\/ILI-Favicon_Gray-01-1.svg\",\"width\":512,\"height\":512,\"caption\":\"Inca Link International\"},\"image\":{\"@id\":\"https:\/\/www.incalink.org\/es\/#\/schema\/logo\/image\/\"}}]}<\/script>\n<!-- \/ Yoast SEO plugin. -->","yoast_head_json":{"title":"Care Partners | Inca Link International","description":"Inca Link partners with a team for member care focused on mental, emotional and spiritual health through counseling and therapy sessions.","robots":{"index":"index","follow":"follow","max-snippet":"max-snippet:-1","max-image-preview":"max-image-preview:large","max-video-preview":"max-video-preview:-1"},"canonical":"http:\/\/www.incalink.org\/es\/about\/care-partners\/","og_locale":"es_ES","og_type":"article","og_title":"Care Partners","og_description":"Inca Link partners with a team for member care focused on mental, emotional and spiritual health through counseling and therapy sessions.","og_url":"http:\/\/www.incalink.org\/es\/about\/care-partners\/","og_site_name":"Inca Link International","article_modified_time":"2024-04-16T19:17:11+00:00","og_image":[{"width":800,"height":500,"url":"http:\/\/www.incalink.org\/wp-content\/uploads\/2022\/08\/inca-link-international.jpg","type":"image\/jpeg"}],"twitter_card":"summary_large_image","twitter_title":"Care Partners","twitter_description":"Inca Link partners with a team for member care focused on mental, emotional and spiritual health through counseling and therapy sessions.","twitter_image":"https:\/\/www.incalink.org\/wp-content\/uploads\/2022\/08\/inca-link-international.jpg","twitter_misc":{"Est. reading time":"2 minutos"},"schema":{"@context":"https:\/\/schema.org","@graph":[{"@type":"WebPage","@id":"http:\/\/www.incalink.org\/about\/care-partners","url":"http:\/\/www.incalink.org\/about\/care-partners","name":"Care Partners | Inca Link International","isPartOf":{"@id":"https:\/\/www.incalink.org\/es\/#website"},"primaryImageOfPage":{"@id":"http:\/\/www.incalink.org\/about\/care-partners#primaryimage"},"image":{"@id":"http:\/\/www.incalink.org\/about\/care-partners#primaryimage"},"thumbnailUrl":"https:\/\/www.incalink.org\/wp-content\/uploads\/2022\/08\/inca-link-international.jpg","datePublished":"2024-04-16T18:37:46+00:00","dateModified":"2024-04-16T19:17:11+00:00","description":"Inca Link partners with a team for member care focused on mental, emotional and spiritual health through counseling and therapy sessions.","breadcrumb":{"@id":"http:\/\/www.incalink.org\/about\/care-partners#breadcrumb"},"inLanguage":"es","potentialAction":[{"@type":"ReadAction","target":["http:\/\/www.incalink.org\/about\/care-partners"]}]},{"@type":"ImageObject","inLanguage":"es","@id":"http:\/\/www.incalink.org\/about\/care-partners#primaryimage","url":"https:\/\/www.incalink.org\/wp-content\/uploads\/2022\/08\/inca-link-international.jpg","contentUrl":"https:\/\/www.incalink.org\/wp-content\/uploads\/2022\/08\/inca-link-international.jpg","width":800,"height":500},{"@type":"BreadcrumbList","@id":"http:\/\/www.incalink.org\/about\/care-partners#breadcrumb","itemListElement":[{"@type":"ListItem","position":1,"name":"Home","item":"https:\/\/www.incalink.org\/"},{"@type":"ListItem","position":2,"name":"About","item":"https:\/\/www.incalink.org\/es\/about"},{"@type":"ListItem","position":3,"name":"Care Partners"}]},{"@type":"WebSite","@id":"https:\/\/www.incalink.org\/es\/#website","url":"https:\/\/www.incalink.org\/es\/","name":"Inca Link Internacional","description":"Reaching the 300 million youth of Latin America with Christ\u2019s irresistible love.","publisher":{"@id":"https:\/\/www.incalink.org\/es\/#organization"},"potentialAction":[{"@type":"SearchAction","target":{"@type":"EntryPoint","urlTemplate":"https:\/\/www.incalink.org\/es\/?s={search_term_string}"},"query-input":{"@type":"PropertyValueSpecification","valueRequired":true,"valueName":"search_term_string"}}],"inLanguage":"es"},{"@type":"Organization","@id":"https:\/\/www.incalink.org\/es\/#organization","name":"Inca Link Internacional","url":"https:\/\/www.incalink.org\/es\/","logo":{"@type":"ImageObject","inLanguage":"es","@id":"https:\/\/www.incalink.org\/es\/#\/schema\/logo\/image\/","url":"https:\/\/www.incalink.org\/wp-content\/uploads\/2022\/04\/ILI-Favicon_Gray-01-1.svg","contentUrl":"https:\/\/www.incalink.org\/wp-content\/uploads\/2022\/04\/ILI-Favicon_Gray-01-1.svg","width":512,"height":512,"caption":"Inca Link International"},"image":{"@id":"https:\/\/www.incalink.org\/es\/#\/schema\/logo\/image\/"}}]}},"_links":{"self":[{"href":"https:\/\/www.incalink.org\/es\/wp-json\/wp\/v2\/pages\/65095","targetHints":{"allow":["GET"]}}],"collection":[{"href":"https:\/\/www.incalink.org\/es\/wp-json\/wp\/v2\/pages"}],"about":[{"href":"https:\/\/www.incalink.org\/es\/wp-json\/wp\/v2\/types\/page"}],"author":[{"embeddable":true,"href":"https:\/\/www.incalink.org\/es\/wp-json\/wp\/v2\/users\/1"}],"replies":[{"embeddable":true,"href":"https:\/\/www.incalink.org\/es\/wp-json\/wp\/v2\/comments?post=65095"}],"version-history":[{"count":28,"href":"https:\/\/www.incalink.org\/es\/wp-json\/wp\/v2\/pages\/65095\/revisions"}],"predecessor-version":[{"id":65135,"href":"https:\/\/www.incalink.org\/es\/wp-json\/wp\/v2\/pages\/65095\/revisions\/65135"}],"up":[{"embeddable":true,"href":"https:\/\/www.incalink.org\/es\/wp-json\/wp\/v2\/pages\/271"}],"wp:featuredmedia":[{"embeddable":true,"href":"https:\/\/www.incalink.org\/es\/wp-json\/wp\/v2\/media\/21528"}],"wp:attachment":[{"href":"https:\/\/www.incalink.org\/es\/wp-json\/wp\/v2\/media?parent=65095"}],"wp:term":[{"taxonomy":"category","embeddable":true,"href":"https:\/\/www.incalink.org\/es\/wp-json\/wp\/v2\/categories?post=65095"},{"taxonomy":"post_tag","embeddable":true,"href":"https:\/\/www.incalink.org\/es\/wp-json\/wp\/v2\/tags?post=65095"},{"taxonomy":"folder","embeddable":true,"href":"https:\/\/www.incalink.org\/es\/wp-json\/wp\/v2\/folder?post=65095"}],"curies":[{"name":"wp","href":"https:\/\/api.w.org\/{rel}","templated":true}]}}