{"id":71574,"date":"2025-05-01T14:12:21","date_gmt":"2025-05-01T18:12:21","guid":{"rendered":"https:\/\/www.incalink.org\/?page_id=71574"},"modified":"2025-05-01T16:04:55","modified_gmt":"2025-05-01T20:04:55","slug":"double-your-donation","status":"publish","type":"page","link":"https:\/\/www.incalink.org\/es\/donate\/double-your-donation","title":{"rendered":"Double Your Donation"},"content":{"rendered":"<div data-elementor-type=\"wp-page\" data-elementor-id=\"71574\" class=\"elementor elementor-71574\" data-elementor-post-type=\"page\">\n\t\t\t\t\t\t<section class=\"elementor-section elementor-top-section elementor-element elementor-element-05ca130 elementor-section-full_width elementor-section-height-min-height elementor-section-content-middle elementor-section-height-default elementor-section-items-middle\" data-id=\"05ca130\" data-element_type=\"section\" data-e-type=\"section\" data-settings=\"{&quot;background_background&quot;:&quot;classic&quot;}\">\n\t\t\t\t\t\t<div class=\"elementor-container elementor-column-gap-default\">\n\t\t\t\t\t<div class=\"elementor-column elementor-col-100 elementor-top-column elementor-element elementor-element-ccacd71\" data-id=\"ccacd71\" data-element_type=\"column\" data-e-type=\"column\">\n\t\t\t<div class=\"elementor-widget-wrap elementor-element-populated\">\n\t\t\t\t\t\t<div class=\"elementor-element elementor-element-63d0335 elementor-widget elementor-widget-heading\" data-id=\"63d0335\" data-element_type=\"widget\" data-e-type=\"widget\" data-widget_type=\"heading.default\">\n\t\t\t\t<div class=\"elementor-widget-container\">\n\t\t\t\t\t<h1 class=\"elementor-heading-title elementor-size-default\">Double your donation<\/h1>\t\t\t\t<\/div>\n\t\t\t\t<\/div>\n\t\t\t\t\t<\/div>\n\t\t<\/div>\n\t\t\t\t\t<\/div>\n\t\t<\/section>\n\t\t\t\t<section class=\"elementor-section elementor-top-section elementor-element elementor-element-e10a942 elementor-section-boxed elementor-section-height-default elementor-section-height-default\" data-id=\"e10a942\" data-element_type=\"section\" data-e-type=\"section\">\n\t\t\t\t\t\t<div class=\"elementor-container elementor-column-gap-default\">\n\t\t\t\t\t<div class=\"elementor-column elementor-col-66 elementor-top-column elementor-element elementor-element-3c6713c\" data-id=\"3c6713c\" data-element_type=\"column\" data-e-type=\"column\">\n\t\t\t<div class=\"elementor-widget-wrap elementor-element-populated\">\n\t\t\t\t\t\t<div class=\"elementor-element elementor-element-084edf5 elementor-widget elementor-widget-text-editor\" data-id=\"084edf5\" data-element_type=\"widget\" data-e-type=\"widget\" data-widget_type=\"text-editor.default\">\n\t\t\t\t<div class=\"elementor-widget-container\">\n\t\t\t\t\t\t\t\t\t<p>Please use the below search tool to see if your company will match your donation and to access the forms, guidelines, and instructions that you need to submit a matching gift.<\/p>\t\t\t\t\t\t\t\t<\/div>\n\t\t\t\t<\/div>\n\t\t\t\t<div class=\"elementor-element elementor-element-479d5f6 elementor-widget elementor-widget-shortcode\" data-id=\"479d5f6\" data-element_type=\"widget\" data-e-type=\"widget\" data-widget_type=\"shortcode.default\">\n\t\t\t\t<div class=\"elementor-widget-container\">\n\t\t\t\t\t\t\t<div class=\"elementor-shortcode\"><script>var DDCONF = { API_KEY: \"VIZqqnJ8OvW4K3fx\" };<\/script>\n                <div id=\"dd-container\"><\/div><\/div>\n\t\t\t\t\t\t<\/div>\n\t\t\t\t<\/div>\n\t\t\t\t\t<\/div>\n\t\t<\/div>\n\t\t\t\t<div class=\"elementor-column elementor-col-33 elementor-top-column elementor-element elementor-element-d07fb4f\" data-id=\"d07fb4f\" data-element_type=\"column\" data-e-type=\"column\" data-settings=\"{&quot;background_background&quot;:&quot;classic&quot;}\">\n\t\t\t<div class=\"elementor-widget-wrap elementor-element-populated\">\n\t\t\t\t\t\t<div class=\"elementor-element elementor-element-3b65935 elementor-widget elementor-widget-heading\" data-id=\"3b65935\" data-element_type=\"widget\" data-e-type=\"widget\" data-widget_type=\"heading.default\">\n\t\t\t\t<div class=\"elementor-widget-container\">\n\t\t\t\t\t<h3 class=\"elementor-heading-title elementor-size-default\">OUR INFORMATION<\/h3>\t\t\t\t<\/div>\n\t\t\t\t<\/div>\n\t\t\t\t<div class=\"elementor-element elementor-element-f59b4a0 elementor-widget elementor-widget-text-editor\" data-id=\"f59b4a0\" data-element_type=\"widget\" data-e-type=\"widget\" data-widget_type=\"text-editor.default\">\n\t\t\t\t<div class=\"elementor-widget-container\">\n\t\t\t\t\t\t\t\t\t<p>When submitting a matching gift through your company\u2019s electronic portal or if your company still uses a paper form you may need the following information:<\/p><p><strong>Tax ID:<\/strong><br \/>27-4210917<\/p><p><strong>Mailing Address:<br \/><\/strong>Inca Link Internacional<br \/>Attn: Matching Gifts<br \/>P.O. Box 1321<br \/>Boone, NC 28607<strong><br \/><\/strong><\/p><p><strong>Contact:<br \/><\/strong>info@incalink.org<\/p>\t\t\t\t\t\t\t\t<\/div>\n\t\t\t\t<\/div>\n\t\t\t\t\t<\/div>\n\t\t<\/div>\n\t\t\t\t\t<\/div>\n\t\t<\/section>\n\t\t\t\t<section class=\"elementor-section elementor-top-section elementor-element elementor-element-c77be29 elementor-section-boxed elementor-section-height-default elementor-section-height-default\" data-id=\"c77be29\" data-element_type=\"section\" data-e-type=\"section\">\n\t\t\t\t\t\t<div class=\"elementor-container elementor-column-gap-default\">\n\t\t\t\t\t<div class=\"elementor-column elementor-col-100 elementor-top-column elementor-element elementor-element-a2c5147\" data-id=\"a2c5147\" data-element_type=\"column\" data-e-type=\"column\">\n\t\t\t<div class=\"elementor-widget-wrap elementor-element-populated\">\n\t\t\t\t\t\t<div class=\"elementor-element elementor-element-adee299 elementor-widget elementor-widget-text-editor\" data-id=\"adee299\" data-element_type=\"widget\" data-e-type=\"widget\" data-widget_type=\"text-editor.default\">\n\t\t\t\t<div class=\"elementor-widget-container\">\n\t\t\t\t\t\t\t\t\t<p>Inca Link International, Inc. es una organizaci\u00f3n 501(c)3 exenta de impuestos. Nuestro n\u00famero de identificaci\u00f3n fiscal es 27-4210917. Todas las contribuciones a Inca Link International, Inc. son deducibles del impuesto a los ingresos y se hacen con el entendimiento de que Inca Link International, Inc. tiene discreci\u00f3n y control total sobre el uso de todos los fondos donados. A menos que se especifique lo contrario, no se proporcionaron bienes o servicios a cambio de las donaciones.<\/p>\t\t\t\t\t\t\t\t<\/div>\n\t\t\t\t<\/div>\n\t\t\t\t\t<\/div>\n\t\t<\/div>\n\t\t\t\t\t<\/div>\n\t\t<\/section>\n\t\t\t\t<\/div>","protected":false},"excerpt":{"rendered":"<p>Employers across the world want to match your charitable giving. See if yours matches here. <\/p>","protected":false},"author":1,"featured_media":71582,"parent":63167,"menu_order":0,"comment_status":"closed","ping_status":"closed","template":"","meta":{"_monsterinsights_skip_tracking":false,"_monsterinsights_sitenote_active":false,"_monsterinsights_sitenote_note":"","_monsterinsights_sitenote_category":0,"site-sidebar-layout":"no-sidebar","site-content-layout":"page-builder","ast-site-content-layout":"full-width-container","site-content-style":"default","site-sidebar-style":"default","ast-global-header-display":"","ast-banner-title-visibility":"","ast-main-header-display":"","ast-hfb-above-header-display":"","ast-hfb-below-header-display":"","ast-hfb-mobile-header-display":"","site-post-title":"disabled","ast-breadcrumbs-content":"","ast-featured-img":"disabled","footer-sml-layout":"","ast-disable-related-posts":"","theme-transparent-header-meta":"","adv-header-id-meta":"","stick-header-meta":"","header-above-stick-meta":"","header-main-stick-meta":"","header-below-stick-meta":"","astra-migrate-meta-layouts":"set","ast-page-background-enabled":"default","ast-page-background-meta":{"desktop":{"background-color":"var(--ast-global-color-4)","background-image":"","background-repeat":"repeat","background-position":"center center","background-size":"auto","background-attachment":"scroll","background-type":"","background-media":"","overlay-type":"","overlay-color":"","overlay-opacity":"","overlay-gradient":""},"tablet":{"background-color":"","background-image":"","background-repeat":"repeat","background-position":"center center","background-size":"auto","background-attachment":"scroll","background-type":"","background-media":"","overlay-type":"","overlay-color":"","overlay-opacity":"","overlay-gradient":""},"mobile":{"background-color":"","background-image":"","background-repeat":"repeat","background-position":"center center","background-size":"auto","background-attachment":"scroll","background-type":"","background-media":"","overlay-type":"","overlay-color":"","overlay-opacity":"","overlay-gradient":""}},"ast-content-background-meta":{"desktop":{"background-color":"var(--ast-global-color-5)","background-image":"","background-repeat":"repeat","background-position":"center center","background-size":"auto","background-attachment":"scroll","background-type":"","background-media":"","overlay-type":"","overlay-color":"","overlay-opacity":"","overlay-gradient":""},"tablet":{"background-color":"var(--ast-global-color-5)","background-image":"","background-repeat":"repeat","background-position":"center center","background-size":"auto","background-attachment":"scroll","background-type":"","background-media":"","overlay-type":"","overlay-color":"","overlay-opacity":"","overlay-gradient":""},"mobile":{"background-color":"var(--ast-global-color-5)","background-image":"","background-repeat":"repeat","background-position":"center center","background-size":"auto","background-attachment":"scroll","background-type":"","background-media":"","overlay-type":"","overlay-color":"","overlay-opacity":"","overlay-gradient":""}},"footnotes":""},"categories":[],"tags":[],"folder":[459],"class_list":["post-71574","page","type-page","status-publish","has-post-thumbnail","hentry"],"yoast_head":"<!-- This site is optimized with the Yoast SEO plugin v27.3 - https:\/\/yoast.com\/product\/yoast-seo-wordpress\/ -->\n<title>Double Your Donation | Inca Link International<\/title>\n<meta name=\"description\" content=\"Employers across the world want to match your charitable giving. See if yours matches here.\" \/>\n<meta name=\"robots\" content=\"index, follow, max-snippet:-1, max-image-preview:large, max-video-preview:-1\" \/>\n<link rel=\"canonical\" href=\"http:\/\/www.incalink.org\/es\/donate\/double-your-donation\/\" \/>\n<meta property=\"og:locale\" content=\"es_ES\" \/>\n<meta property=\"og:type\" content=\"article\" \/>\n<meta property=\"og:title\" content=\"Double Your Donation\" \/>\n<meta property=\"og:description\" content=\"Employers across the world want to match your charitable giving. See if yours matches here.\" \/>\n<meta property=\"og:url\" content=\"http:\/\/www.incalink.org\/es\/donate\/double-your-donation\/\" \/>\n<meta property=\"og:site_name\" content=\"Inca Link International\" \/>\n<meta property=\"article:modified_time\" content=\"2025-05-01T20:04:55+00:00\" \/>\n<meta property=\"og:image\" content=\"http:\/\/www.incalink.org\/wp-content\/uploads\/2025\/05\/inca-link-double-the-donation-featured.webp\" \/>\n\t<meta property=\"og:image:width\" content=\"800\" \/>\n\t<meta property=\"og:image:height\" content=\"500\" \/>\n\t<meta property=\"og:image:type\" content=\"image\/webp\" \/>\n<meta name=\"twitter:card\" content=\"summary_large_image\" \/>\n<meta name=\"twitter:title\" content=\"Double Your Donation\" \/>\n<meta name=\"twitter:description\" content=\"Employers across the world want to match your charitable giving. See if yours matches here.\" \/>\n<meta name=\"twitter:image\" content=\"https:\/\/www.incalink.org\/wp-content\/uploads\/2025\/05\/inca-link-double-the-donation-featured.webp\" \/>\n<meta name=\"twitter:label1\" content=\"Est. reading time\" \/>\n\t<meta name=\"twitter:data1\" content=\"1 minuto\" \/>\n<script type=\"application\/ld+json\" class=\"yoast-schema-graph\">{\"@context\":\"https:\\\/\\\/schema.org\",\"@graph\":[{\"@type\":\"WebPage\",\"@id\":\"http:\\\/\\\/www.incalink.org\\\/donate\\\/double-your-donation\",\"url\":\"http:\\\/\\\/www.incalink.org\\\/donate\\\/double-your-donation\",\"name\":\"Double Your Donation | Inca Link International\",\"isPartOf\":{\"@id\":\"https:\\\/\\\/www.incalink.org\\\/es\\\/#website\"},\"primaryImageOfPage\":{\"@id\":\"http:\\\/\\\/www.incalink.org\\\/donate\\\/double-your-donation#primaryimage\"},\"image\":{\"@id\":\"http:\\\/\\\/www.incalink.org\\\/donate\\\/double-your-donation#primaryimage\"},\"thumbnailUrl\":\"https:\\\/\\\/www.incalink.org\\\/wp-content\\\/uploads\\\/2025\\\/05\\\/inca-link-double-the-donation-featured.webp\",\"datePublished\":\"2025-05-01T18:12:21+00:00\",\"dateModified\":\"2025-05-01T20:04:55+00:00\",\"description\":\"Employers across the world want to match your charitable giving. See if yours matches here.\",\"breadcrumb\":{\"@id\":\"http:\\\/\\\/www.incalink.org\\\/donate\\\/double-your-donation#breadcrumb\"},\"inLanguage\":\"es\",\"potentialAction\":[{\"@type\":\"ReadAction\",\"target\":[\"http:\\\/\\\/www.incalink.org\\\/donate\\\/double-your-donation\"]}]},{\"@type\":\"ImageObject\",\"inLanguage\":\"es\",\"@id\":\"http:\\\/\\\/www.incalink.org\\\/donate\\\/double-your-donation#primaryimage\",\"url\":\"https:\\\/\\\/www.incalink.org\\\/wp-content\\\/uploads\\\/2025\\\/05\\\/inca-link-double-the-donation-featured.webp\",\"contentUrl\":\"https:\\\/\\\/www.incalink.org\\\/wp-content\\\/uploads\\\/2025\\\/05\\\/inca-link-double-the-donation-featured.webp\",\"width\":800,\"height\":500},{\"@type\":\"BreadcrumbList\",\"@id\":\"http:\\\/\\\/www.incalink.org\\\/donate\\\/double-your-donation#breadcrumb\",\"itemListElement\":[{\"@type\":\"ListItem\",\"position\":1,\"name\":\"Home\",\"item\":\"https:\\\/\\\/www.incalink.org\\\/\"},{\"@type\":\"ListItem\",\"position\":2,\"name\":\"Donate\",\"item\":\"http:\\\/\\\/www.incalink.org\\\/donate\"},{\"@type\":\"ListItem\",\"position\":3,\"name\":\"Double Your Donation\"}]},{\"@type\":\"WebSite\",\"@id\":\"https:\\\/\\\/www.incalink.org\\\/es\\\/#website\",\"url\":\"https:\\\/\\\/www.incalink.org\\\/es\\\/\",\"name\":\"Inca Link International\",\"description\":\"Reaching the 300 million youth of Latin America with Christ\u2019s irresistible love.\",\"publisher\":{\"@id\":\"https:\\\/\\\/www.incalink.org\\\/es\\\/#organization\"},\"potentialAction\":[{\"@type\":\"SearchAction\",\"target\":{\"@type\":\"EntryPoint\",\"urlTemplate\":\"https:\\\/\\\/www.incalink.org\\\/es\\\/?s={search_term_string}\"},\"query-input\":{\"@type\":\"PropertyValueSpecification\",\"valueRequired\":true,\"valueName\":\"search_term_string\"}}],\"inLanguage\":\"es\"},{\"@type\":\"Organization\",\"@id\":\"https:\\\/\\\/www.incalink.org\\\/es\\\/#organization\",\"name\":\"Inca Link International\",\"url\":\"https:\\\/\\\/www.incalink.org\\\/es\\\/\",\"logo\":{\"@type\":\"ImageObject\",\"inLanguage\":\"es\",\"@id\":\"https:\\\/\\\/www.incalink.org\\\/es\\\/#\\\/schema\\\/logo\\\/image\\\/\",\"url\":\"https:\\\/\\\/www.incalink.org\\\/wp-content\\\/uploads\\\/2022\\\/04\\\/ILI-Favicon_Gray-01-1.svg\",\"contentUrl\":\"https:\\\/\\\/www.incalink.org\\\/wp-content\\\/uploads\\\/2022\\\/04\\\/ILI-Favicon_Gray-01-1.svg\",\"width\":512,\"height\":512,\"caption\":\"Inca Link International\"},\"image\":{\"@id\":\"https:\\\/\\\/www.incalink.org\\\/es\\\/#\\\/schema\\\/logo\\\/image\\\/\"}}]}<\/script>\n<!-- \/ Yoast SEO plugin. -->","yoast_head_json":{"title":"Double Your Donation | Inca Link International","description":"Employers across the world want to match your charitable giving. See if yours matches here.","robots":{"index":"index","follow":"follow","max-snippet":"max-snippet:-1","max-image-preview":"max-image-preview:large","max-video-preview":"max-video-preview:-1"},"canonical":"http:\/\/www.incalink.org\/es\/donate\/double-your-donation\/","og_locale":"es_ES","og_type":"article","og_title":"Double Your Donation","og_description":"Employers across the world want to match your charitable giving. See if yours matches here.","og_url":"http:\/\/www.incalink.org\/es\/donate\/double-your-donation\/","og_site_name":"Inca Link International","article_modified_time":"2025-05-01T20:04:55+00:00","og_image":[{"width":800,"height":500,"url":"http:\/\/www.incalink.org\/wp-content\/uploads\/2025\/05\/inca-link-double-the-donation-featured.webp","type":"image\/webp"}],"twitter_card":"summary_large_image","twitter_title":"Double Your Donation","twitter_description":"Employers across the world want to match your charitable giving. See if yours matches here.","twitter_image":"https:\/\/www.incalink.org\/wp-content\/uploads\/2025\/05\/inca-link-double-the-donation-featured.webp","twitter_misc":{"Est. reading time":"1 minuto"},"schema":{"@context":"https:\/\/schema.org","@graph":[{"@type":"WebPage","@id":"http:\/\/www.incalink.org\/donate\/double-your-donation","url":"http:\/\/www.incalink.org\/donate\/double-your-donation","name":"Double Your Donation | Inca Link International","isPartOf":{"@id":"https:\/\/www.incalink.org\/es\/#website"},"primaryImageOfPage":{"@id":"http:\/\/www.incalink.org\/donate\/double-your-donation#primaryimage"},"image":{"@id":"http:\/\/www.incalink.org\/donate\/double-your-donation#primaryimage"},"thumbnailUrl":"https:\/\/www.incalink.org\/wp-content\/uploads\/2025\/05\/inca-link-double-the-donation-featured.webp","datePublished":"2025-05-01T18:12:21+00:00","dateModified":"2025-05-01T20:04:55+00:00","description":"Employers across the world want to match your charitable giving. See if yours matches here.","breadcrumb":{"@id":"http:\/\/www.incalink.org\/donate\/double-your-donation#breadcrumb"},"inLanguage":"es","potentialAction":[{"@type":"ReadAction","target":["http:\/\/www.incalink.org\/donate\/double-your-donation"]}]},{"@type":"ImageObject","inLanguage":"es","@id":"http:\/\/www.incalink.org\/donate\/double-your-donation#primaryimage","url":"https:\/\/www.incalink.org\/wp-content\/uploads\/2025\/05\/inca-link-double-the-donation-featured.webp","contentUrl":"https:\/\/www.incalink.org\/wp-content\/uploads\/2025\/05\/inca-link-double-the-donation-featured.webp","width":800,"height":500},{"@type":"BreadcrumbList","@id":"http:\/\/www.incalink.org\/donate\/double-your-donation#breadcrumb","itemListElement":[{"@type":"ListItem","position":1,"name":"Home","item":"https:\/\/www.incalink.org\/"},{"@type":"ListItem","position":2,"name":"Donate","item":"http:\/\/www.incalink.org\/donate"},{"@type":"ListItem","position":3,"name":"Double Your Donation"}]},{"@type":"WebSite","@id":"https:\/\/www.incalink.org\/es\/#website","url":"https:\/\/www.incalink.org\/es\/","name":"Inca Link Internacional","description":"Reaching the 300 million youth of Latin America with Christ\u2019s irresistible love.","publisher":{"@id":"https:\/\/www.incalink.org\/es\/#organization"},"potentialAction":[{"@type":"SearchAction","target":{"@type":"EntryPoint","urlTemplate":"https:\/\/www.incalink.org\/es\/?s={search_term_string}"},"query-input":{"@type":"PropertyValueSpecification","valueRequired":true,"valueName":"search_term_string"}}],"inLanguage":"es"},{"@type":"Organization","@id":"https:\/\/www.incalink.org\/es\/#organization","name":"Inca Link Internacional","url":"https:\/\/www.incalink.org\/es\/","logo":{"@type":"ImageObject","inLanguage":"es","@id":"https:\/\/www.incalink.org\/es\/#\/schema\/logo\/image\/","url":"https:\/\/www.incalink.org\/wp-content\/uploads\/2022\/04\/ILI-Favicon_Gray-01-1.svg","contentUrl":"https:\/\/www.incalink.org\/wp-content\/uploads\/2022\/04\/ILI-Favicon_Gray-01-1.svg","width":512,"height":512,"caption":"Inca Link International"},"image":{"@id":"https:\/\/www.incalink.org\/es\/#\/schema\/logo\/image\/"}}]}},"_links":{"self":[{"href":"https:\/\/www.incalink.org\/es\/wp-json\/wp\/v2\/pages\/71574","targetHints":{"allow":["GET"]}}],"collection":[{"href":"https:\/\/www.incalink.org\/es\/wp-json\/wp\/v2\/pages"}],"about":[{"href":"https:\/\/www.incalink.org\/es\/wp-json\/wp\/v2\/types\/page"}],"author":[{"embeddable":true,"href":"https:\/\/www.incalink.org\/es\/wp-json\/wp\/v2\/users\/1"}],"replies":[{"embeddable":true,"href":"https:\/\/www.incalink.org\/es\/wp-json\/wp\/v2\/comments?post=71574"}],"version-history":[{"count":16,"href":"https:\/\/www.incalink.org\/es\/wp-json\/wp\/v2\/pages\/71574\/revisions"}],"predecessor-version":[{"id":71595,"href":"https:\/\/www.incalink.org\/es\/wp-json\/wp\/v2\/pages\/71574\/revisions\/71595"}],"up":[{"embeddable":true,"href":"https:\/\/www.incalink.org\/es\/wp-json\/wp\/v2\/pages\/63167"}],"wp:featuredmedia":[{"embeddable":true,"href":"https:\/\/www.incalink.org\/es\/wp-json\/wp\/v2\/media\/71582"}],"wp:attachment":[{"href":"https:\/\/www.incalink.org\/es\/wp-json\/wp\/v2\/media?parent=71574"}],"wp:term":[{"taxonomy":"category","embeddable":true,"href":"https:\/\/www.incalink.org\/es\/wp-json\/wp\/v2\/categories?post=71574"},{"taxonomy":"post_tag","embeddable":true,"href":"https:\/\/www.incalink.org\/es\/wp-json\/wp\/v2\/tags?post=71574"},{"taxonomy":"folder","embeddable":true,"href":"https:\/\/www.incalink.org\/es\/wp-json\/wp\/v2\/folder?post=71574"}],"curies":[{"name":"wp","href":"https:\/\/api.w.org\/{rel}","templated":true}]}}