{"id":72592,"date":"2025-08-26T17:34:04","date_gmt":"2025-08-26T21:34:04","guid":{"rendered":"https:\/\/www.incalink.org\/?page_id=72592"},"modified":"2025-08-27T13:52:04","modified_gmt":"2025-08-27T17:52:04","slug":"rylie-scholarship-fund","status":"publish","type":"page","link":"https:\/\/www.incalink.org\/es\/donate\/rylie-scholarship-fund","title":{"rendered":"Rylie Huneycutt Fondo de Becas"},"content":{"rendered":"<div data-elementor-type=\"wp-page\" data-elementor-id=\"72592\" class=\"elementor elementor-72592\" data-elementor-post-type=\"page\">\n\t\t\t\t\t\t<section class=\"elementor-section elementor-top-section elementor-element elementor-element-76a56df elementor-section-full_width elementor-section-height-min-height elementor-section-content-middle elementor-section-height-default elementor-section-items-middle\" data-id=\"76a56df\" data-element_type=\"section\" data-e-type=\"section\" data-settings=\"{&quot;background_background&quot;:&quot;classic&quot;}\">\n\t\t\t\t\t\t<div class=\"elementor-container elementor-column-gap-default\">\n\t\t\t\t\t<div class=\"elementor-column elementor-col-100 elementor-top-column elementor-element elementor-element-c7b31a5\" data-id=\"c7b31a5\" data-element_type=\"column\" data-e-type=\"column\">\n\t\t\t<div class=\"elementor-widget-wrap elementor-element-populated\">\n\t\t\t\t\t\t\t<\/div>\n\t\t<\/div>\n\t\t\t\t\t<\/div>\n\t\t<\/section>\n\t\t\t\t<section class=\"elementor-section elementor-top-section elementor-element elementor-element-6141c92 elementor-section-boxed elementor-section-height-default elementor-section-height-default\" data-id=\"6141c92\" data-element_type=\"section\" data-e-type=\"section\">\n\t\t\t\t\t\t<div class=\"elementor-container elementor-column-gap-wide\">\n\t\t\t\t\t<div class=\"elementor-column elementor-col-50 elementor-top-column elementor-element elementor-element-3ec361f\" data-id=\"3ec361f\" data-element_type=\"column\" data-e-type=\"column\">\n\t\t\t<div class=\"elementor-widget-wrap elementor-element-populated\">\n\t\t\t\t\t\t<div class=\"elementor-element elementor-element-f0d3ef5 elementor-widget elementor-widget-image\" data-id=\"f0d3ef5\" data-element_type=\"widget\" data-e-type=\"widget\" data-widget_type=\"image.default\">\n\t\t\t\t<div class=\"elementor-widget-container\">\n\t\t\t\t\t\t\t\t\t\t\t\t\t\t\t<img fetchpriority=\"high\" decoding=\"async\" width=\"1024\" height=\"683\" src=\"https:\/\/www.incalink.org\/wp-content\/uploads\/2025\/08\/rylie-huneycutt-scholarship-fund-1024x683.jpg\" class=\"attachment-large size-large wp-image-72595\" alt=\"\" srcset=\"https:\/\/www.incalink.org\/wp-content\/uploads\/2025\/08\/rylie-huneycutt-scholarship-fund-1024x683.jpg 1024w, https:\/\/www.incalink.org\/wp-content\/uploads\/2025\/08\/rylie-huneycutt-scholarship-fund-500x333.jpg 500w, https:\/\/www.incalink.org\/wp-content\/uploads\/2025\/08\/rylie-huneycutt-scholarship-fund-768x512.jpg 768w, https:\/\/www.incalink.org\/wp-content\/uploads\/2025\/08\/rylie-huneycutt-scholarship-fund-18x12.jpg 18w, https:\/\/www.incalink.org\/wp-content\/uploads\/2025\/08\/rylie-huneycutt-scholarship-fund-600x400.jpg 600w, https:\/\/www.incalink.org\/wp-content\/uploads\/2025\/08\/rylie-huneycutt-scholarship-fund.jpg 1200w\" sizes=\"(max-width: 1024px) 100vw, 1024px\" \/>\t\t\t\t\t\t\t\t\t\t\t\t\t\t\t<\/div>\n\t\t\t\t<\/div>\n\t\t\t\t\t<\/div>\n\t\t<\/div>\n\t\t\t\t<div class=\"elementor-column elementor-col-50 elementor-top-column elementor-element elementor-element-6ee1d14\" data-id=\"6ee1d14\" data-element_type=\"column\" data-e-type=\"column\">\n\t\t\t<div class=\"elementor-widget-wrap elementor-element-populated\">\n\t\t\t\t\t\t<div class=\"elementor-element elementor-element-f1e39ad elementor-widget elementor-widget-text-editor\" data-id=\"f1e39ad\" data-element_type=\"widget\" data-e-type=\"widget\" data-widget_type=\"text-editor.default\">\n\t\t\t\t<div class=\"elementor-widget-container\">\n\t\t\t\t\t\t\t\t\t<p>Rylie irradi\u00f3 luz de forma constante durante toda su vida. Era el amor encarnado y ejemplificaba c\u00f3mo es la vida cuando se est\u00e1 consumida por la alegr\u00eda de Jes\u00fas. Su amor por la vida y por las personas rebosaba de su contagiosa sonrisa. Era lo primero que la gente notaba al conocerla y lo que siempre recordar\u00edan m\u00e1s. Era imparable. La echaremos mucho de menos, ya que no hay palabras para describir el vac\u00edo que ha dejado, pero su luz inquebrantable continuar\u00e1 a trav\u00e9s de las muchas personas a las que influy\u00f3.<\/p><p>A Rylie le encantaba llevar sus pulseras de Inca Link y tanto ella como su familia son grandes amigos de Inca Link. Todas las donaciones se a\u00f1adir\u00e1n a nuestro fondo de becas para pasantes.<\/p>\t\t\t\t\t\t\t\t<\/div>\n\t\t\t\t<\/div>\n\t\t\t\t\t<\/div>\n\t\t<\/div>\n\t\t\t\t\t<\/div>\n\t\t<\/section>\n\t\t\t\t<section class=\"elementor-section elementor-top-section elementor-element elementor-element-e83b035 elementor-section-boxed elementor-section-height-default elementor-section-height-default\" data-id=\"e83b035\" data-element_type=\"section\" data-e-type=\"section\">\n\t\t\t\t\t\t<div class=\"elementor-container elementor-column-gap-default\">\n\t\t\t\t\t<div class=\"elementor-column elementor-col-100 elementor-top-column elementor-element elementor-element-94c70b9\" data-id=\"94c70b9\" data-element_type=\"column\" data-e-type=\"column\">\n\t\t\t<div class=\"elementor-widget-wrap elementor-element-populated\">\n\t\t\t\t\t\t<div class=\"elementor-element elementor-element-7d122e0 elementor-widget elementor-widget-menu-anchor\" data-id=\"7d122e0\" data-element_type=\"widget\" data-e-type=\"widget\" data-widget_type=\"menu-anchor.default\">\n\t\t\t\t<div class=\"elementor-widget-container\">\n\t\t\t\t\t\t\t<div class=\"elementor-menu-anchor\" id=\"how-to-support\"><\/div>\n\t\t\t\t\t\t<\/div>\n\t\t\t\t<\/div>\n\t\t\t\t<div class=\"elementor-element elementor-element-c8c6724 elementor-widget elementor-widget-heading\" data-id=\"c8c6724\" data-element_type=\"widget\" data-e-type=\"widget\" data-widget_type=\"heading.default\">\n\t\t\t\t<div class=\"elementor-widget-container\">\n\t\t\t\t\t<h2 class=\"elementor-heading-title elementor-size-default\">C\u00f3mo Apoyar Este Proyecto Especial<\/h2>\t\t\t\t<\/div>\n\t\t\t\t<\/div>\n\t\t\t\t<div class=\"elementor-element elementor-element-3852151 elementor-widget-divider--view-line elementor-widget elementor-widget-divider\" data-id=\"3852151\" data-element_type=\"widget\" data-e-type=\"widget\" data-widget_type=\"divider.default\">\n\t\t\t\t<div class=\"elementor-widget-container\">\n\t\t\t\t\t\t\t<div class=\"elementor-divider\">\n\t\t\t<span class=\"elementor-divider-separator\">\n\t\t\t\t\t\t<\/span>\n\t\t<\/div>\n\t\t\t\t\t\t<\/div>\n\t\t\t\t<\/div>\n\t\t\t\t\t<\/div>\n\t\t<\/div>\n\t\t\t\t\t<\/div>\n\t\t<\/section>\n\t\t\t\t<section class=\"elementor-section elementor-top-section elementor-element elementor-element-86c7cec elementor-section-boxed elementor-section-height-default elementor-section-height-default\" data-id=\"86c7cec\" data-element_type=\"section\" data-e-type=\"section\">\n\t\t\t\t\t\t<div class=\"elementor-container elementor-column-gap-default\">\n\t\t\t\t\t<div class=\"elementor-column elementor-col-50 elementor-top-column elementor-element elementor-element-79e7ce4\" data-id=\"79e7ce4\" data-element_type=\"column\" data-e-type=\"column\">\n\t\t\t<div class=\"elementor-widget-wrap elementor-element-populated\">\n\t\t\t\t\t\t<div class=\"elementor-element elementor-element-391ac18 elementor-widget elementor-widget-heading\" data-id=\"391ac18\" data-element_type=\"widget\" data-e-type=\"widget\" data-widget_type=\"heading.default\">\n\t\t\t\t<div class=\"elementor-widget-container\">\n\t\t\t\t\t<h3 class=\"elementor-heading-title elementor-size-default\">Donar Via Cheque<\/h3>\t\t\t\t<\/div>\n\t\t\t\t<\/div>\n\t\t\t\t<div class=\"elementor-element elementor-element-556ca02 elementor-widget elementor-widget-text-editor\" data-id=\"556ca02\" data-element_type=\"widget\" data-e-type=\"widget\" data-widget_type=\"text-editor.default\">\n\t\t\t\t<div class=\"elementor-widget-container\">\n\t\t\t\t\t\t\t\t\t<p>Env\u00ede un cheque a nombre de Inca Link International, P.O. Box 1321, Boone, NC 28607. Escriba \u201cRylie Huneycutt Fondo de Becas\u201d en la nota del cheque.\u00a0<\/p>\t\t\t\t\t\t\t\t<\/div>\n\t\t\t\t<\/div>\n\t\t\t\t\t<\/div>\n\t\t<\/div>\n\t\t\t\t<div class=\"elementor-column elementor-col-50 elementor-top-column elementor-element elementor-element-073110d\" data-id=\"073110d\" data-element_type=\"column\" data-e-type=\"column\">\n\t\t\t<div class=\"elementor-widget-wrap elementor-element-populated\">\n\t\t\t\t\t\t<div class=\"elementor-element elementor-element-850b87a elementor-widget elementor-widget-heading\" data-id=\"850b87a\" data-element_type=\"widget\" data-e-type=\"widget\" data-widget_type=\"heading.default\">\n\t\t\t\t<div class=\"elementor-widget-container\">\n\t\t\t\t\t<h3 class=\"elementor-heading-title elementor-size-default\">Donar via plataforma digital<\/h3>\t\t\t\t<\/div>\n\t\t\t\t<\/div>\n\t\t\t\t<div class=\"elementor-element elementor-element-ca6f2e9 elementor-widget elementor-widget-text-editor\" data-id=\"ca6f2e9\" data-element_type=\"widget\" data-e-type=\"widget\" data-widget_type=\"text-editor.default\">\n\t\t\t\t<div class=\"elementor-widget-container\">\n\t\t\t\t\t\t\t\t\t<p>Utilice el siguiente formulario para personalizar y confirmar su donaci\u00f3n mensual o \u00fanica.<\/p>\t\t\t\t\t\t\t\t<\/div>\n\t\t\t\t<\/div>\n\t\t\t\t\t<\/div>\n\t\t<\/div>\n\t\t\t\t\t<\/div>\n\t\t<\/section>\n\t\t\t\t<section class=\"elementor-section elementor-top-section elementor-element elementor-element-7fbc7f8 elementor-section-boxed elementor-section-height-default elementor-section-height-default\" data-id=\"7fbc7f8\" data-element_type=\"section\" data-e-type=\"section\">\n\t\t\t\t\t\t<div class=\"elementor-container elementor-column-gap-default\">\n\t\t\t\t\t<div class=\"elementor-column elementor-col-100 elementor-top-column elementor-element elementor-element-bbfe9d6\" data-id=\"bbfe9d6\" data-element_type=\"column\" data-e-type=\"column\">\n\t\t\t<div class=\"elementor-widget-wrap elementor-element-populated\">\n\t\t\t\t\t\t<div class=\"elementor-element elementor-element-781e817 elementor-widget elementor-widget-html\" data-id=\"781e817\" data-element_type=\"widget\" data-e-type=\"widget\" data-widget_type=\"html.default\">\n\t\t\t\t<div class=\"elementor-widget-container\">\n\t\t\t\t\t<script src=\"https:\/\/raisedonorsprod.azureedge.net\/embed\/embed.js\"\n                        data-rd=\"e166fadd-7fdb-4db4-88a1-c41e33d309ba\"\n                        data-organizationId=\"41115\">\n                        <\/script>\t\t\t\t<\/div>\n\t\t\t\t<\/div>\n\t\t\t\t\t<\/div>\n\t\t<\/div>\n\t\t\t\t\t<\/div>\n\t\t<\/section>\n\t\t\t\t<section class=\"elementor-section elementor-top-section elementor-element elementor-element-0d0be1f elementor-section-boxed elementor-section-height-default elementor-section-height-default\" data-id=\"0d0be1f\" data-element_type=\"section\" data-e-type=\"section\">\n\t\t\t\t\t\t<div class=\"elementor-container elementor-column-gap-default\">\n\t\t\t\t\t<div class=\"elementor-column elementor-col-100 elementor-top-column elementor-element elementor-element-fb9f2af\" data-id=\"fb9f2af\" data-element_type=\"column\" data-e-type=\"column\">\n\t\t\t<div class=\"elementor-widget-wrap elementor-element-populated\">\n\t\t\t\t\t\t<div class=\"elementor-element elementor-element-87c858e elementor-widget elementor-widget-text-editor\" data-id=\"87c858e\" data-element_type=\"widget\" data-e-type=\"widget\" data-widget_type=\"text-editor.default\">\n\t\t\t\t<div class=\"elementor-widget-container\">\n\t\t\t\t\t\t\t\t\t<p>Inca Link International, Inc. es una organizaci\u00f3n 501(c)3 exenta de impuestos. Nuestro n\u00famero de identificaci\u00f3n fiscal es 27-4210917. Todas las contribuciones a Inca Link International, Inc. son deducibles del impuesto a los ingresos y se hacen con el entendimiento de que Inca Link International, Inc. tiene discreci\u00f3n y control total sobre el uso de todos los fondos donados. A menos que se especifique lo contrario, no se proporcionaron bienes o servicios a cambio de las donaciones.<\/p>\t\t\t\t\t\t\t\t<\/div>\n\t\t\t\t<\/div>\n\t\t\t\t\t<\/div>\n\t\t<\/div>\n\t\t\t\t\t<\/div>\n\t\t<\/section>\n\t\t\t\t<\/div>","protected":false},"excerpt":{"rendered":"<p>Rylie emanated light persistently throughout her entire life. She was love in the flesh and exemplified what life is like when consumed by the joy of Jesus.<\/p>","protected":false},"author":1,"featured_media":72595,"parent":63167,"menu_order":0,"comment_status":"closed","ping_status":"closed","template":"","meta":{"_monsterinsights_skip_tracking":false,"_monsterinsights_sitenote_active":false,"_monsterinsights_sitenote_note":"","_monsterinsights_sitenote_category":0,"site-sidebar-layout":"no-sidebar","site-content-layout":"page-builder","ast-site-content-layout":"full-width-container","site-content-style":"default","site-sidebar-style":"default","ast-global-header-display":"","ast-banner-title-visibility":"","ast-main-header-display":"","ast-hfb-above-header-display":"","ast-hfb-below-header-display":"","ast-hfb-mobile-header-display":"","site-post-title":"","ast-breadcrumbs-content":"","ast-featured-img":"disabled","footer-sml-layout":"","ast-disable-related-posts":"","theme-transparent-header-meta":"","adv-header-id-meta":"","stick-header-meta":"","header-above-stick-meta":"","header-main-stick-meta":"","header-below-stick-meta":"","astra-migrate-meta-layouts":"set","ast-page-background-enabled":"default","ast-page-background-meta":{"desktop":{"background-color":"var(--ast-global-color-4)","background-image":"","background-repeat":"repeat","background-position":"center center","background-size":"auto","background-attachment":"scroll","background-type":"","background-media":"","overlay-type":"","overlay-color":"","overlay-opacity":"","overlay-gradient":""},"tablet":{"background-color":"","background-image":"","background-repeat":"repeat","background-position":"center center","background-size":"auto","background-attachment":"scroll","background-type":"","background-media":"","overlay-type":"","overlay-color":"","overlay-opacity":"","overlay-gradient":""},"mobile":{"background-color":"","background-image":"","background-repeat":"repeat","background-position":"center center","background-size":"auto","background-attachment":"scroll","background-type":"","background-media":"","overlay-type":"","overlay-color":"","overlay-opacity":"","overlay-gradient":""}},"ast-content-background-meta":{"desktop":{"background-color":"var(--ast-global-color-5)","background-image":"","background-repeat":"repeat","background-position":"center center","background-size":"auto","background-attachment":"scroll","background-type":"","background-media":"","overlay-type":"","overlay-color":"","overlay-opacity":"","overlay-gradient":""},"tablet":{"background-color":"var(--ast-global-color-5)","background-image":"","background-repeat":"repeat","background-position":"center center","background-size":"auto","background-attachment":"scroll","background-type":"","background-media":"","overlay-type":"","overlay-color":"","overlay-opacity":"","overlay-gradient":""},"mobile":{"background-color":"var(--ast-global-color-5)","background-image":"","background-repeat":"repeat","background-position":"center center","background-size":"auto","background-attachment":"scroll","background-type":"","background-media":"","overlay-type":"","overlay-color":"","overlay-opacity":"","overlay-gradient":""}},"footnotes":""},"categories":[],"tags":[],"folder":[459],"class_list":["post-72592","page","type-page","status-publish","has-post-thumbnail","hentry"],"yoast_head":"<!-- This site is optimized with the Yoast SEO plugin v27.1.1 - https:\/\/yoast.com\/product\/yoast-seo-wordpress\/ -->\n<title>Rylie Huneycutt Scholarship Fund | Inca Link International<\/title>\n<meta name=\"description\" content=\"Rylie emanated light persistently throughout her entire life. She was love in the flesh and exemplified what life is like when consumed by the joy of Jesus.\" \/>\n<meta name=\"robots\" content=\"index, follow, max-snippet:-1, max-image-preview:large, max-video-preview:-1\" \/>\n<link rel=\"canonical\" href=\"http:\/\/www.incalink.org\/es\/donate\/rylie-scholarship-fund\/\" \/>\n<meta property=\"og:locale\" content=\"es_ES\" \/>\n<meta property=\"og:type\" content=\"article\" \/>\n<meta property=\"og:title\" content=\"Rylie Huneycutt Scholarship Fund\" \/>\n<meta property=\"og:description\" content=\"Rylie emanated light persistently throughout her entire life. She was love in the flesh and exemplified what life is like when consumed by the joy of Jesus.\" \/>\n<meta property=\"og:url\" content=\"http:\/\/www.incalink.org\/es\/donate\/rylie-scholarship-fund\/\" \/>\n<meta property=\"og:site_name\" content=\"Inca Link International\" \/>\n<meta property=\"article:modified_time\" content=\"2025-08-27T17:52:04+00:00\" \/>\n<meta property=\"og:image\" content=\"http:\/\/www.incalink.org\/wp-content\/uploads\/2025\/08\/rylie-huneycutt-scholarship-fund.jpg\" \/>\n\t<meta property=\"og:image:width\" content=\"1200\" \/>\n\t<meta property=\"og:image:height\" content=\"800\" \/>\n\t<meta property=\"og:image:type\" content=\"image\/jpeg\" \/>\n<meta name=\"twitter:card\" content=\"summary_large_image\" \/>\n<meta name=\"twitter:title\" content=\"Rylie Huneycutt Scholarship Fund\" \/>\n<meta name=\"twitter:description\" content=\"Rylie emanated light persistently throughout her entire life. She was love in the flesh and exemplified what life is like when consumed by the joy of Jesus.\" \/>\n<meta name=\"twitter:image\" content=\"https:\/\/www.incalink.org\/wp-content\/uploads\/2025\/08\/rylie-huneycutt-scholarship-fund.jpg\" \/>\n<meta name=\"twitter:label1\" content=\"Est. reading time\" \/>\n\t<meta name=\"twitter:data1\" content=\"2 minutos\" \/>\n<script type=\"application\/ld+json\" class=\"yoast-schema-graph\">{\"@context\":\"https:\/\/schema.org\",\"@graph\":[{\"@type\":\"WebPage\",\"@id\":\"http:\/\/www.incalink.org\/donate\/rylie-scholarship-fund\",\"url\":\"http:\/\/www.incalink.org\/donate\/rylie-scholarship-fund\",\"name\":\"Rylie Huneycutt Scholarship Fund | Inca Link International\",\"isPartOf\":{\"@id\":\"https:\/\/www.incalink.org\/es\/#website\"},\"primaryImageOfPage\":{\"@id\":\"http:\/\/www.incalink.org\/donate\/rylie-scholarship-fund#primaryimage\"},\"image\":{\"@id\":\"http:\/\/www.incalink.org\/donate\/rylie-scholarship-fund#primaryimage\"},\"thumbnailUrl\":\"https:\/\/www.incalink.org\/wp-content\/uploads\/2025\/08\/rylie-huneycutt-scholarship-fund.jpg\",\"datePublished\":\"2025-08-26T21:34:04+00:00\",\"dateModified\":\"2025-08-27T17:52:04+00:00\",\"description\":\"Rylie emanated light persistently throughout her entire life. She was love in the flesh and exemplified what life is like when consumed by the joy of Jesus.\",\"breadcrumb\":{\"@id\":\"http:\/\/www.incalink.org\/donate\/rylie-scholarship-fund#breadcrumb\"},\"inLanguage\":\"es\",\"potentialAction\":[{\"@type\":\"ReadAction\",\"target\":[\"http:\/\/www.incalink.org\/donate\/rylie-scholarship-fund\"]}]},{\"@type\":\"ImageObject\",\"inLanguage\":\"es\",\"@id\":\"http:\/\/www.incalink.org\/donate\/rylie-scholarship-fund#primaryimage\",\"url\":\"https:\/\/www.incalink.org\/wp-content\/uploads\/2025\/08\/rylie-huneycutt-scholarship-fund.jpg\",\"contentUrl\":\"https:\/\/www.incalink.org\/wp-content\/uploads\/2025\/08\/rylie-huneycutt-scholarship-fund.jpg\",\"width\":1200,\"height\":800},{\"@type\":\"BreadcrumbList\",\"@id\":\"http:\/\/www.incalink.org\/donate\/rylie-scholarship-fund#breadcrumb\",\"itemListElement\":[{\"@type\":\"ListItem\",\"position\":1,\"name\":\"Home\",\"item\":\"https:\/\/www.incalink.org\/es\/\"},{\"@type\":\"ListItem\",\"position\":2,\"name\":\"Donate\",\"item\":\"http:\/\/www.incalink.org\/donate\"},{\"@type\":\"ListItem\",\"position\":3,\"name\":\"Rylie Huneycutt Scholarship Fund\"}]},{\"@type\":\"WebSite\",\"@id\":\"https:\/\/www.incalink.org\/es\/#website\",\"url\":\"https:\/\/www.incalink.org\/es\/\",\"name\":\"Inca Link International\",\"description\":\"Reaching the 300 million youth of Latin America with Christ\u2019s irresistible love.\",\"publisher\":{\"@id\":\"https:\/\/www.incalink.org\/es\/#organization\"},\"potentialAction\":[{\"@type\":\"SearchAction\",\"target\":{\"@type\":\"EntryPoint\",\"urlTemplate\":\"https:\/\/www.incalink.org\/es\/?s={search_term_string}\"},\"query-input\":{\"@type\":\"PropertyValueSpecification\",\"valueRequired\":true,\"valueName\":\"search_term_string\"}}],\"inLanguage\":\"es\"},{\"@type\":\"Organization\",\"@id\":\"https:\/\/www.incalink.org\/es\/#organization\",\"name\":\"Inca Link International\",\"url\":\"https:\/\/www.incalink.org\/es\/\",\"logo\":{\"@type\":\"ImageObject\",\"inLanguage\":\"es\",\"@id\":\"https:\/\/www.incalink.org\/es\/#\/schema\/logo\/image\/\",\"url\":\"https:\/\/www.incalink.org\/wp-content\/uploads\/2022\/04\/ILI-Favicon_Gray-01-1.svg\",\"contentUrl\":\"https:\/\/www.incalink.org\/wp-content\/uploads\/2022\/04\/ILI-Favicon_Gray-01-1.svg\",\"width\":512,\"height\":512,\"caption\":\"Inca Link International\"},\"image\":{\"@id\":\"https:\/\/www.incalink.org\/es\/#\/schema\/logo\/image\/\"}}]}<\/script>\n<!-- \/ Yoast SEO plugin. -->","yoast_head_json":{"title":"Rylie Huneycutt Scholarship Fund | Inca Link International","description":"Rylie emanated light persistently throughout her entire life. She was love in the flesh and exemplified what life is like when consumed by the joy of Jesus.","robots":{"index":"index","follow":"follow","max-snippet":"max-snippet:-1","max-image-preview":"max-image-preview:large","max-video-preview":"max-video-preview:-1"},"canonical":"http:\/\/www.incalink.org\/es\/donate\/rylie-scholarship-fund\/","og_locale":"es_ES","og_type":"article","og_title":"Rylie Huneycutt Scholarship Fund","og_description":"Rylie emanated light persistently throughout her entire life. She was love in the flesh and exemplified what life is like when consumed by the joy of Jesus.","og_url":"http:\/\/www.incalink.org\/es\/donate\/rylie-scholarship-fund\/","og_site_name":"Inca Link International","article_modified_time":"2025-08-27T17:52:04+00:00","og_image":[{"width":1200,"height":800,"url":"http:\/\/www.incalink.org\/wp-content\/uploads\/2025\/08\/rylie-huneycutt-scholarship-fund.jpg","type":"image\/jpeg"}],"twitter_card":"summary_large_image","twitter_title":"Rylie Huneycutt Scholarship Fund","twitter_description":"Rylie emanated light persistently throughout her entire life. She was love in the flesh and exemplified what life is like when consumed by the joy of Jesus.","twitter_image":"https:\/\/www.incalink.org\/wp-content\/uploads\/2025\/08\/rylie-huneycutt-scholarship-fund.jpg","twitter_misc":{"Est. reading time":"2 minutos"},"schema":{"@context":"https:\/\/schema.org","@graph":[{"@type":"WebPage","@id":"http:\/\/www.incalink.org\/donate\/rylie-scholarship-fund","url":"http:\/\/www.incalink.org\/donate\/rylie-scholarship-fund","name":"Rylie Huneycutt Scholarship Fund | Inca Link International","isPartOf":{"@id":"https:\/\/www.incalink.org\/es\/#website"},"primaryImageOfPage":{"@id":"http:\/\/www.incalink.org\/donate\/rylie-scholarship-fund#primaryimage"},"image":{"@id":"http:\/\/www.incalink.org\/donate\/rylie-scholarship-fund#primaryimage"},"thumbnailUrl":"https:\/\/www.incalink.org\/wp-content\/uploads\/2025\/08\/rylie-huneycutt-scholarship-fund.jpg","datePublished":"2025-08-26T21:34:04+00:00","dateModified":"2025-08-27T17:52:04+00:00","description":"Rylie emanated light persistently throughout her entire life. She was love in the flesh and exemplified what life is like when consumed by the joy of Jesus.","breadcrumb":{"@id":"http:\/\/www.incalink.org\/donate\/rylie-scholarship-fund#breadcrumb"},"inLanguage":"es","potentialAction":[{"@type":"ReadAction","target":["http:\/\/www.incalink.org\/donate\/rylie-scholarship-fund"]}]},{"@type":"ImageObject","inLanguage":"es","@id":"http:\/\/www.incalink.org\/donate\/rylie-scholarship-fund#primaryimage","url":"https:\/\/www.incalink.org\/wp-content\/uploads\/2025\/08\/rylie-huneycutt-scholarship-fund.jpg","contentUrl":"https:\/\/www.incalink.org\/wp-content\/uploads\/2025\/08\/rylie-huneycutt-scholarship-fund.jpg","width":1200,"height":800},{"@type":"BreadcrumbList","@id":"http:\/\/www.incalink.org\/donate\/rylie-scholarship-fund#breadcrumb","itemListElement":[{"@type":"ListItem","position":1,"name":"Home","item":"https:\/\/www.incalink.org\/es\/"},{"@type":"ListItem","position":2,"name":"Donate","item":"http:\/\/www.incalink.org\/donate"},{"@type":"ListItem","position":3,"name":"Rylie Huneycutt Scholarship Fund"}]},{"@type":"WebSite","@id":"https:\/\/www.incalink.org\/es\/#website","url":"https:\/\/www.incalink.org\/es\/","name":"Inca Link Internacional","description":"Reaching the 300 million youth of Latin America with Christ\u2019s irresistible love.","publisher":{"@id":"https:\/\/www.incalink.org\/es\/#organization"},"potentialAction":[{"@type":"SearchAction","target":{"@type":"EntryPoint","urlTemplate":"https:\/\/www.incalink.org\/es\/?s={search_term_string}"},"query-input":{"@type":"PropertyValueSpecification","valueRequired":true,"valueName":"search_term_string"}}],"inLanguage":"es"},{"@type":"Organization","@id":"https:\/\/www.incalink.org\/es\/#organization","name":"Inca Link Internacional","url":"https:\/\/www.incalink.org\/es\/","logo":{"@type":"ImageObject","inLanguage":"es","@id":"https:\/\/www.incalink.org\/es\/#\/schema\/logo\/image\/","url":"https:\/\/www.incalink.org\/wp-content\/uploads\/2022\/04\/ILI-Favicon_Gray-01-1.svg","contentUrl":"https:\/\/www.incalink.org\/wp-content\/uploads\/2022\/04\/ILI-Favicon_Gray-01-1.svg","width":512,"height":512,"caption":"Inca Link International"},"image":{"@id":"https:\/\/www.incalink.org\/es\/#\/schema\/logo\/image\/"}}]}},"_links":{"self":[{"href":"https:\/\/www.incalink.org\/es\/wp-json\/wp\/v2\/pages\/72592","targetHints":{"allow":["GET"]}}],"collection":[{"href":"https:\/\/www.incalink.org\/es\/wp-json\/wp\/v2\/pages"}],"about":[{"href":"https:\/\/www.incalink.org\/es\/wp-json\/wp\/v2\/types\/page"}],"author":[{"embeddable":true,"href":"https:\/\/www.incalink.org\/es\/wp-json\/wp\/v2\/users\/1"}],"replies":[{"embeddable":true,"href":"https:\/\/www.incalink.org\/es\/wp-json\/wp\/v2\/comments?post=72592"}],"version-history":[{"count":10,"href":"https:\/\/www.incalink.org\/es\/wp-json\/wp\/v2\/pages\/72592\/revisions"}],"predecessor-version":[{"id":72609,"href":"https:\/\/www.incalink.org\/es\/wp-json\/wp\/v2\/pages\/72592\/revisions\/72609"}],"up":[{"embeddable":true,"href":"https:\/\/www.incalink.org\/es\/wp-json\/wp\/v2\/pages\/63167"}],"wp:featuredmedia":[{"embeddable":true,"href":"https:\/\/www.incalink.org\/es\/wp-json\/wp\/v2\/media\/72595"}],"wp:attachment":[{"href":"https:\/\/www.incalink.org\/es\/wp-json\/wp\/v2\/media?parent=72592"}],"wp:term":[{"taxonomy":"category","embeddable":true,"href":"https:\/\/www.incalink.org\/es\/wp-json\/wp\/v2\/categories?post=72592"},{"taxonomy":"post_tag","embeddable":true,"href":"https:\/\/www.incalink.org\/es\/wp-json\/wp\/v2\/tags?post=72592"},{"taxonomy":"folder","embeddable":true,"href":"https:\/\/www.incalink.org\/es\/wp-json\/wp\/v2\/folder?post=72592"}],"curies":[{"name":"wp","href":"https:\/\/api.w.org\/{rel}","templated":true}]}}