{"id":60645,"date":"2023-08-03T10:50:06","date_gmt":"2023-08-03T14:50:06","guid":{"rendered":"https:\/\/www.incalink.org\/shop\/uncategorized\/peru"},"modified":"2023-08-22T21:27:04","modified_gmt":"2023-08-23T01:27:04","slug":"peru","status":"publish","type":"product","link":"https:\/\/www.incalink.org\/es\/shop\/ilp\/peru","title":{"rendered":"Per\u00fa"},"content":{"rendered":"<p>Esta camiseta celebra nuestros ministerios en Per\u00fa.<\/p>\n<p>Esta cl\u00e1sica camiseta de manga corta de punto unisex se adapta como una favorita. El algod\u00f3n suave y el estampado de calidad hacen que los usuarios se enamoren de \u00e9l una y otra vez.<\/p>\n<p>.: Ajuste al por menor<br \/>\n.: Etiqueta arrancable<br \/>\n.: Funciona fiel al tama\u00f1o<\/p>","protected":false},"excerpt":{"rendered":"<p>This shirt celebrates our ministries in Per\u00fa. This classic unisex jersey short sleeve tee fits like a well-loved favorite. Soft cotton and quality print make users fall in love with it over and over again. .: Retail fit .: Tear away label .: Runs true to size<\/p>","protected":false},"featured_media":60694,"template":"","meta":{"_monsterinsights_skip_tracking":false,"_monsterinsights_sitenote_active":false,"_monsterinsights_sitenote_note":"","_monsterinsights_sitenote_category":0,"site-sidebar-layout":"default","site-content-layout":"default","ast-site-content-layout":"default","site-content-style":"default","site-sidebar-style":"default","ast-global-header-display":"","ast-banner-title-visibility":"","ast-main-header-display":"","ast-hfb-above-header-display":"","ast-hfb-below-header-display":"","ast-hfb-mobile-header-display":"","site-post-title":"","ast-breadcrumbs-content":"","ast-featured-img":"","footer-sml-layout":"","ast-disable-related-posts":"","theme-transparent-header-meta":"default","adv-header-id-meta":"","stick-header-meta":"","header-above-stick-meta":"","header-main-stick-meta":"","header-below-stick-meta":"","astra-migrate-meta-layouts":"set","ast-page-background-enabled":"default","ast-page-background-meta":{"desktop":{"background-color":"var(--ast-global-color-4)","background-image":"","background-repeat":"repeat","background-position":"center center","background-size":"auto","background-attachment":"scroll","background-type":"","background-media":"","overlay-type":"","overlay-color":"","overlay-opacity":"","overlay-gradient":""},"tablet":{"background-color":"","background-image":"","background-repeat":"repeat","background-position":"center center","background-size":"auto","background-attachment":"scroll","background-type":"","background-media":"","overlay-type":"","overlay-color":"","overlay-opacity":"","overlay-gradient":""},"mobile":{"background-color":"","background-image":"","background-repeat":"repeat","background-position":"center center","background-size":"auto","background-attachment":"scroll","background-type":"","background-media":"","overlay-type":"","overlay-color":"","overlay-opacity":"","overlay-gradient":""}},"ast-content-background-meta":{"desktop":{"background-color":"var(--ast-global-color-5)","background-image":"","background-repeat":"repeat","background-position":"center center","background-size":"auto","background-attachment":"scroll","background-type":"","background-media":"","overlay-type":"","overlay-color":"","overlay-opacity":"","overlay-gradient":""},"tablet":{"background-color":"var(--ast-global-color-5)","background-image":"","background-repeat":"repeat","background-position":"center center","background-size":"auto","background-attachment":"scroll","background-type":"","background-media":"","overlay-type":"","overlay-color":"","overlay-opacity":"","overlay-gradient":""},"mobile":{"background-color":"var(--ast-global-color-5)","background-image":"","background-repeat":"repeat","background-position":"center center","background-size":"auto","background-attachment":"scroll","background-type":"","background-media":"","overlay-type":"","overlay-color":"","overlay-opacity":"","overlay-gradient":""}}},"product_brand":[],"product_cat":[404],"product_tag":[],"class_list":{"0":"post-60645","1":"product","2":"type-product","3":"status-publish","4":"has-post-thumbnail","6":"product_cat-ilp","7":"pa_color-white","8":"pa_color-silver","9":"pa_color-athletic-heather","10":"pa_color-asphalt","11":"pa_color-dark-grey","12":"pa_color-dark-grey-heather","13":"pa_color-heather-red","14":"pa_color-red","15":"pa_size-s","16":"pa_size-m","17":"pa_size-l","18":"pa_size-xl","19":"pa_size-2xl","20":"pa_size-3xl","21":"desktop-align-center","22":"tablet-align-left","23":"mobile-align-left","25":"first","26":"instock","27":"taxable","28":"shipping-taxable","29":"purchasable","30":"product-type-variable","31":"has-default-attributes","32":"rtwpvg-product"},"yoast_head":"<!-- This site is optimized with the Yoast SEO plugin v27.1.1 - https:\/\/yoast.com\/product\/yoast-seo-wordpress\/ -->\n<title>Per\u00fa | Inca Link International<\/title>\n<meta name=\"robots\" content=\"index, follow, max-snippet:-1, max-image-preview:large, max-video-preview:-1\" \/>\n<link rel=\"canonical\" href=\"https:\/\/www.incalink.org\/es\/shop\/ilp\/peru\/\" \/>\n<meta property=\"og:locale\" content=\"es_ES\" \/>\n<meta property=\"og:type\" content=\"article\" \/>\n<meta property=\"og:title\" content=\"Per\u00fa | Inca Link International\" \/>\n<meta property=\"og:description\" content=\"This shirt celebrates our ministries in Per\u00fa. This classic unisex jersey short sleeve tee fits like a well-loved favorite. Soft cotton and quality print make users fall in love with it over and over again. .: Retail fit .: Tear away label .: Runs true to size\" \/>\n<meta property=\"og:url\" content=\"https:\/\/www.incalink.org\/es\/shop\/ilp\/peru\/\" \/>\n<meta property=\"og:site_name\" content=\"Inca Link International\" \/>\n<meta property=\"article:modified_time\" content=\"2023-08-23T01:27:04+00:00\" \/>\n<meta property=\"og:image\" content=\"https:\/\/www.incalink.org\/wp-content\/uploads\/2023\/08\/18150-2.jpg\" \/>\n\t<meta property=\"og:image:width\" content=\"1200\" \/>\n\t<meta property=\"og:image:height\" content=\"1200\" \/>\n\t<meta property=\"og:image:type\" content=\"image\/jpeg\" \/>\n<meta name=\"twitter:card\" content=\"summary_large_image\" \/>\n<meta name=\"twitter:label1\" content=\"Est. reading time\" \/>\n\t<meta name=\"twitter:data1\" content=\"1 minuto\" \/>\n<script type=\"application\/ld+json\" class=\"yoast-schema-graph\">{\"@context\":\"https:\/\/schema.org\",\"@graph\":[{\"@type\":\"WebPage\",\"@id\":\"https:\/\/www.incalink.org\/shop\/ilp\/peru\",\"url\":\"https:\/\/www.incalink.org\/shop\/ilp\/peru\",\"name\":\"Per\u00fa | Inca Link International\",\"isPartOf\":{\"@id\":\"https:\/\/www.incalink.org\/es\/#website\"},\"primaryImageOfPage\":{\"@id\":\"https:\/\/www.incalink.org\/shop\/ilp\/peru#primaryimage\"},\"image\":{\"@id\":\"https:\/\/www.incalink.org\/shop\/ilp\/peru#primaryimage\"},\"thumbnailUrl\":\"https:\/\/www.incalink.org\/wp-content\/uploads\/2023\/08\/18150-2.jpg\",\"datePublished\":\"2023-08-03T14:50:06+00:00\",\"dateModified\":\"2023-08-23T01:27:04+00:00\",\"breadcrumb\":{\"@id\":\"https:\/\/www.incalink.org\/shop\/ilp\/peru#breadcrumb\"},\"inLanguage\":\"es\",\"potentialAction\":[{\"@type\":\"ReadAction\",\"target\":[\"https:\/\/www.incalink.org\/shop\/ilp\/peru\"]}]},{\"@type\":\"ImageObject\",\"inLanguage\":\"es\",\"@id\":\"https:\/\/www.incalink.org\/shop\/ilp\/peru#primaryimage\",\"url\":\"https:\/\/www.incalink.org\/wp-content\/uploads\/2023\/08\/18150-2.jpg\",\"contentUrl\":\"https:\/\/www.incalink.org\/wp-content\/uploads\/2023\/08\/18150-2.jpg\",\"width\":1200,\"height\":1200},{\"@type\":\"BreadcrumbList\",\"@id\":\"https:\/\/www.incalink.org\/shop\/ilp\/peru#breadcrumb\",\"itemListElement\":[{\"@type\":\"ListItem\",\"position\":1,\"name\":\"Home\",\"item\":\"https:\/\/www.incalink.org\/es\/\"},{\"@type\":\"ListItem\",\"position\":2,\"name\":\"Shop\",\"item\":\"https:\/\/www.incalink.org\/es\/shop\"},{\"@type\":\"ListItem\",\"position\":3,\"name\":\"Per\u00fa\"}]},{\"@type\":\"WebSite\",\"@id\":\"https:\/\/www.incalink.org\/es\/#website\",\"url\":\"https:\/\/www.incalink.org\/es\/\",\"name\":\"Inca Link International\",\"description\":\"Reaching the 300 million youth of Latin America with Christ\u2019s irresistible love.\",\"publisher\":{\"@id\":\"https:\/\/www.incalink.org\/es\/#organization\"},\"potentialAction\":[{\"@type\":\"SearchAction\",\"target\":{\"@type\":\"EntryPoint\",\"urlTemplate\":\"https:\/\/www.incalink.org\/es\/?s={search_term_string}\"},\"query-input\":{\"@type\":\"PropertyValueSpecification\",\"valueRequired\":true,\"valueName\":\"search_term_string\"}}],\"inLanguage\":\"es\"},{\"@type\":\"Organization\",\"@id\":\"https:\/\/www.incalink.org\/es\/#organization\",\"name\":\"Inca Link International\",\"url\":\"https:\/\/www.incalink.org\/es\/\",\"logo\":{\"@type\":\"ImageObject\",\"inLanguage\":\"es\",\"@id\":\"https:\/\/www.incalink.org\/es\/#\/schema\/logo\/image\/\",\"url\":\"https:\/\/www.incalink.org\/wp-content\/uploads\/2022\/04\/ILI-Favicon_Gray-01-1.svg\",\"contentUrl\":\"https:\/\/www.incalink.org\/wp-content\/uploads\/2022\/04\/ILI-Favicon_Gray-01-1.svg\",\"width\":512,\"height\":512,\"caption\":\"Inca Link International\"},\"image\":{\"@id\":\"https:\/\/www.incalink.org\/es\/#\/schema\/logo\/image\/\"}}]}<\/script>\n<!-- \/ Yoast SEO plugin. -->","yoast_head_json":{"title":"Per\u00fa | Inca Link International","robots":{"index":"index","follow":"follow","max-snippet":"max-snippet:-1","max-image-preview":"max-image-preview:large","max-video-preview":"max-video-preview:-1"},"canonical":"https:\/\/www.incalink.org\/es\/shop\/ilp\/peru\/","og_locale":"es_ES","og_type":"article","og_title":"Per\u00fa | Inca Link International","og_description":"This shirt celebrates our ministries in Per\u00fa. This classic unisex jersey short sleeve tee fits like a well-loved favorite. Soft cotton and quality print make users fall in love with it over and over again. .: Retail fit .: Tear away label .: Runs true to size","og_url":"https:\/\/www.incalink.org\/es\/shop\/ilp\/peru\/","og_site_name":"Inca Link International","article_modified_time":"2023-08-23T01:27:04+00:00","og_image":[{"width":1200,"height":1200,"url":"https:\/\/www.incalink.org\/wp-content\/uploads\/2023\/08\/18150-2.jpg","type":"image\/jpeg"}],"twitter_card":"summary_large_image","twitter_misc":{"Est. reading time":"1 minuto"},"schema":{"@context":"https:\/\/schema.org","@graph":[{"@type":"WebPage","@id":"https:\/\/www.incalink.org\/shop\/ilp\/peru","url":"https:\/\/www.incalink.org\/shop\/ilp\/peru","name":"Per\u00fa | Inca Link International","isPartOf":{"@id":"https:\/\/www.incalink.org\/es\/#website"},"primaryImageOfPage":{"@id":"https:\/\/www.incalink.org\/shop\/ilp\/peru#primaryimage"},"image":{"@id":"https:\/\/www.incalink.org\/shop\/ilp\/peru#primaryimage"},"thumbnailUrl":"https:\/\/www.incalink.org\/wp-content\/uploads\/2023\/08\/18150-2.jpg","datePublished":"2023-08-03T14:50:06+00:00","dateModified":"2023-08-23T01:27:04+00:00","breadcrumb":{"@id":"https:\/\/www.incalink.org\/shop\/ilp\/peru#breadcrumb"},"inLanguage":"es","potentialAction":[{"@type":"ReadAction","target":["https:\/\/www.incalink.org\/shop\/ilp\/peru"]}]},{"@type":"ImageObject","inLanguage":"es","@id":"https:\/\/www.incalink.org\/shop\/ilp\/peru#primaryimage","url":"https:\/\/www.incalink.org\/wp-content\/uploads\/2023\/08\/18150-2.jpg","contentUrl":"https:\/\/www.incalink.org\/wp-content\/uploads\/2023\/08\/18150-2.jpg","width":1200,"height":1200},{"@type":"BreadcrumbList","@id":"https:\/\/www.incalink.org\/shop\/ilp\/peru#breadcrumb","itemListElement":[{"@type":"ListItem","position":1,"name":"Home","item":"https:\/\/www.incalink.org\/es\/"},{"@type":"ListItem","position":2,"name":"Shop","item":"https:\/\/www.incalink.org\/es\/shop"},{"@type":"ListItem","position":3,"name":"Per\u00fa"}]},{"@type":"WebSite","@id":"https:\/\/www.incalink.org\/es\/#website","url":"https:\/\/www.incalink.org\/es\/","name":"Inca Link Internacional","description":"Reaching the 300 million youth of Latin America with Christ\u2019s irresistible love.","publisher":{"@id":"https:\/\/www.incalink.org\/es\/#organization"},"potentialAction":[{"@type":"SearchAction","target":{"@type":"EntryPoint","urlTemplate":"https:\/\/www.incalink.org\/es\/?s={search_term_string}"},"query-input":{"@type":"PropertyValueSpecification","valueRequired":true,"valueName":"search_term_string"}}],"inLanguage":"es"},{"@type":"Organization","@id":"https:\/\/www.incalink.org\/es\/#organization","name":"Inca Link Internacional","url":"https:\/\/www.incalink.org\/es\/","logo":{"@type":"ImageObject","inLanguage":"es","@id":"https:\/\/www.incalink.org\/es\/#\/schema\/logo\/image\/","url":"https:\/\/www.incalink.org\/wp-content\/uploads\/2022\/04\/ILI-Favicon_Gray-01-1.svg","contentUrl":"https:\/\/www.incalink.org\/wp-content\/uploads\/2022\/04\/ILI-Favicon_Gray-01-1.svg","width":512,"height":512,"caption":"Inca Link International"},"image":{"@id":"https:\/\/www.incalink.org\/es\/#\/schema\/logo\/image\/"}}]}},"_links":{"self":[{"href":"https:\/\/www.incalink.org\/es\/wp-json\/wp\/v2\/product\/60645","targetHints":{"allow":["GET"]}}],"collection":[{"href":"https:\/\/www.incalink.org\/es\/wp-json\/wp\/v2\/product"}],"about":[{"href":"https:\/\/www.incalink.org\/es\/wp-json\/wp\/v2\/types\/product"}],"wp:featuredmedia":[{"embeddable":true,"href":"https:\/\/www.incalink.org\/es\/wp-json\/wp\/v2\/media\/60694"}],"wp:attachment":[{"href":"https:\/\/www.incalink.org\/es\/wp-json\/wp\/v2\/media?parent=60645"}],"wp:term":[{"taxonomy":"product_brand","embeddable":true,"href":"https:\/\/www.incalink.org\/es\/wp-json\/wp\/v2\/product_brand?post=60645"},{"taxonomy":"product_cat","embeddable":true,"href":"https:\/\/www.incalink.org\/es\/wp-json\/wp\/v2\/product_cat?post=60645"},{"taxonomy":"product_tag","embeddable":true,"href":"https:\/\/www.incalink.org\/es\/wp-json\/wp\/v2\/product_tag?post=60645"}],"curies":[{"name":"wp","href":"https:\/\/api.w.org\/{rel}","templated":true}]}}