{"id":62484,"date":"2023-08-30T15:32:37","date_gmt":"2023-08-30T19:32:37","guid":{"rendered":"https:\/\/www.incalink.org\/?post_type=product&#038;p=62484"},"modified":"2023-09-05T15:10:04","modified_gmt":"2023-09-05T19:10:04","slug":"our-countries-dark","status":"publish","type":"product","link":"https:\/\/www.incalink.org\/es\/shop\/ili\/our-countries-dark","title":{"rendered":"Nuestros Pa\u00edses - Oscuro"},"content":{"rendered":"<p>La misi\u00f3n de Inca Link es alcanzar a los 300 millones de j\u00f3venes de Am\u00e9rica Latina con el amor irresistible de Cristo. Actualmente tenemos proyectos que cumplen esta misi\u00f3n en estos pa\u00edses, con la esperanza de abrir m\u00e1s en los pr\u00f3ximos a\u00f1os.<\/p>\n<p>Esta cl\u00e1sica camiseta de manga corta de punto unisex se adapta como una favorita. El algod\u00f3n suave y el estampado de calidad hacen que los usuarios se enamoren de \u00e9l una y otra vez.<\/p>\n<p>.: Ajuste al por menor<br \/>\n.: Etiqueta arrancable<br \/>\n.: Funciona fiel al tama\u00f1o<\/p>","protected":false},"excerpt":{"rendered":"<p>Inca Link\u2019s mission is to reach the 300 million youth of Latin America with Christ\u2019s irresistible love. We currently have projects that accomplish this mission in these countries, with hopes of opening more in the years to come. This classic unisex jersey short sleeve tee fits like a well-loved favorite. Soft cotton and quality print [&hellip;]<\/p>\n","protected":false},"featured_media":62581,"template":"","meta":{"_monsterinsights_skip_tracking":false,"_monsterinsights_sitenote_active":false,"_monsterinsights_sitenote_note":"","_monsterinsights_sitenote_category":0,"site-sidebar-layout":"default","site-content-layout":"","ast-site-content-layout":"default","site-content-style":"default","site-sidebar-style":"default","ast-global-header-display":"","ast-banner-title-visibility":"","ast-main-header-display":"","ast-hfb-above-header-display":"","ast-hfb-below-header-display":"","ast-hfb-mobile-header-display":"","site-post-title":"","ast-breadcrumbs-content":"","ast-featured-img":"","footer-sml-layout":"","ast-disable-related-posts":"","theme-transparent-header-meta":"default","adv-header-id-meta":"","stick-header-meta":"","header-above-stick-meta":"","header-main-stick-meta":"","header-below-stick-meta":"","astra-migrate-meta-layouts":"set","ast-page-background-enabled":"default","ast-page-background-meta":{"desktop":{"background-color":"var(--ast-global-color-4)","background-image":"","background-repeat":"repeat","background-position":"center center","background-size":"auto","background-attachment":"scroll","background-type":"","background-media":"","overlay-type":"","overlay-color":"","overlay-opacity":"","overlay-gradient":""},"tablet":{"background-color":"","background-image":"","background-repeat":"repeat","background-position":"center center","background-size":"auto","background-attachment":"scroll","background-type":"","background-media":"","overlay-type":"","overlay-color":"","overlay-opacity":"","overlay-gradient":""},"mobile":{"background-color":"","background-image":"","background-repeat":"repeat","background-position":"center center","background-size":"auto","background-attachment":"scroll","background-type":"","background-media":"","overlay-type":"","overlay-color":"","overlay-opacity":"","overlay-gradient":""}},"ast-content-background-meta":{"desktop":{"background-color":"var(--ast-global-color-5)","background-image":"","background-repeat":"repeat","background-position":"center center","background-size":"auto","background-attachment":"scroll","background-type":"","background-media":"","overlay-type":"","overlay-color":"","overlay-opacity":"","overlay-gradient":""},"tablet":{"background-color":"var(--ast-global-color-5)","background-image":"","background-repeat":"repeat","background-position":"center center","background-size":"auto","background-attachment":"scroll","background-type":"","background-media":"","overlay-type":"","overlay-color":"","overlay-opacity":"","overlay-gradient":""},"mobile":{"background-color":"var(--ast-global-color-5)","background-image":"","background-repeat":"repeat","background-position":"center center","background-size":"auto","background-attachment":"scroll","background-type":"","background-media":"","overlay-type":"","overlay-color":"","overlay-opacity":"","overlay-gradient":""}}},"product_brand":[],"product_cat":[397],"product_tag":[],"class_list":{"0":"post-62484","1":"product","2":"type-product","3":"status-publish","4":"has-post-thumbnail","6":"product_cat-ili","7":"pa_color-asphalt","8":"pa_color-dark-grey","9":"pa_color-dark-grey-heather","10":"pa_color-berry","11":"pa_color-heather-red","12":"pa_color-red","13":"pa_color-maroon","14":"pa_color-heather-olive","15":"pa_color-olive","16":"pa_color-army","17":"pa_color-heather-kelly","18":"pa_color-turquoise","19":"pa_color-aqua","20":"pa_color-heather-true-royal","21":"pa_color-heather-navy","22":"pa_color-navy","23":"pa_size-s","24":"pa_size-m","25":"pa_size-l","26":"pa_size-xl","27":"pa_size-2xl","28":"pa_size-3xl","29":"desktop-align-center","30":"tablet-align-left","31":"mobile-align-left","33":"first","34":"instock","35":"taxable","36":"shipping-taxable","37":"purchasable","38":"product-type-variable","39":"has-default-attributes","40":"rtwpvg-product"},"yoast_head":"<!-- This site is optimized with the Yoast SEO plugin v27.1.1 - https:\/\/yoast.com\/product\/yoast-seo-wordpress\/ -->\n<title>Our Countries - Dark | Inca Link International<\/title>\n<meta name=\"robots\" content=\"index, follow, max-snippet:-1, max-image-preview:large, max-video-preview:-1\" \/>\n<link rel=\"canonical\" href=\"https:\/\/www.incalink.org\/es\/shop\/ili\/our-countries-dark\" \/>\n<meta property=\"og:locale\" content=\"es_ES\" \/>\n<meta property=\"og:type\" content=\"article\" \/>\n<meta property=\"og:title\" content=\"Our Countries - Dark | Inca Link International\" \/>\n<meta property=\"og:description\" content=\"Inca Link\u2019s mission is to reach the 300 million youth of Latin America with Christ\u2019s irresistible love. We currently have projects that accomplish this mission in these countries, with hopes of opening more in the years to come. This classic unisex jersey short sleeve tee fits like a well-loved favorite. Soft cotton and quality print [&hellip;]\" \/>\n<meta property=\"og:url\" content=\"https:\/\/www.incalink.org\/es\/shop\/ili\/our-countries-dark\" \/>\n<meta property=\"og:site_name\" content=\"Inca Link International\" \/>\n<meta property=\"article:modified_time\" content=\"2023-09-05T19:10:04+00:00\" \/>\n<meta property=\"og:image\" content=\"https:\/\/www.incalink.org\/wp-content\/uploads\/2023\/08\/18414.jpg\" \/>\n\t<meta property=\"og:image:width\" content=\"1200\" \/>\n\t<meta property=\"og:image:height\" content=\"1200\" \/>\n\t<meta property=\"og:image:type\" content=\"image\/jpeg\" \/>\n<meta name=\"twitter:card\" content=\"summary_large_image\" \/>\n<meta name=\"twitter:label1\" content=\"Est. reading time\" \/>\n\t<meta name=\"twitter:data1\" content=\"1 minuto\" \/>\n<script type=\"application\/ld+json\" class=\"yoast-schema-graph\">{\"@context\":\"https:\/\/schema.org\",\"@graph\":[{\"@type\":\"WebPage\",\"@id\":\"https:\/\/www.incalink.org\/es\/shop\/ili\/our-countries-dark\",\"url\":\"https:\/\/www.incalink.org\/es\/shop\/ili\/our-countries-dark\",\"name\":\"Our Countries - Dark | Inca Link International\",\"isPartOf\":{\"@id\":\"https:\/\/www.incalink.org\/es\/#website\"},\"primaryImageOfPage\":{\"@id\":\"https:\/\/www.incalink.org\/es\/shop\/ili\/our-countries-dark#primaryimage\"},\"image\":{\"@id\":\"https:\/\/www.incalink.org\/es\/shop\/ili\/our-countries-dark#primaryimage\"},\"thumbnailUrl\":\"https:\/\/www.incalink.org\/wp-content\/uploads\/2023\/08\/18414.jpg\",\"datePublished\":\"2023-08-30T19:32:37+00:00\",\"dateModified\":\"2023-09-05T19:10:04+00:00\",\"breadcrumb\":{\"@id\":\"https:\/\/www.incalink.org\/es\/shop\/ili\/our-countries-dark#breadcrumb\"},\"inLanguage\":\"es\",\"potentialAction\":[{\"@type\":\"ReadAction\",\"target\":[\"https:\/\/www.incalink.org\/es\/shop\/ili\/our-countries-dark\"]}]},{\"@type\":\"ImageObject\",\"inLanguage\":\"es\",\"@id\":\"https:\/\/www.incalink.org\/es\/shop\/ili\/our-countries-dark#primaryimage\",\"url\":\"https:\/\/www.incalink.org\/wp-content\/uploads\/2023\/08\/18414.jpg\",\"contentUrl\":\"https:\/\/www.incalink.org\/wp-content\/uploads\/2023\/08\/18414.jpg\",\"width\":1200,\"height\":1200},{\"@type\":\"BreadcrumbList\",\"@id\":\"https:\/\/www.incalink.org\/es\/shop\/ili\/our-countries-dark#breadcrumb\",\"itemListElement\":[{\"@type\":\"ListItem\",\"position\":1,\"name\":\"Home\",\"item\":\"https:\/\/www.incalink.org\/\"},{\"@type\":\"ListItem\",\"position\":2,\"name\":\"Shop\",\"item\":\"https:\/\/www.incalink.org\/es\/shop\"},{\"@type\":\"ListItem\",\"position\":3,\"name\":\"Our Countries &#8211; Dark\"}]},{\"@type\":\"WebSite\",\"@id\":\"https:\/\/www.incalink.org\/es\/#website\",\"url\":\"https:\/\/www.incalink.org\/es\/\",\"name\":\"Inca Link International\",\"description\":\"Reaching the 300 million youth of Latin America with Christ\u2019s irresistible love.\",\"publisher\":{\"@id\":\"https:\/\/www.incalink.org\/es\/#organization\"},\"potentialAction\":[{\"@type\":\"SearchAction\",\"target\":{\"@type\":\"EntryPoint\",\"urlTemplate\":\"https:\/\/www.incalink.org\/es\/?s={search_term_string}\"},\"query-input\":{\"@type\":\"PropertyValueSpecification\",\"valueRequired\":true,\"valueName\":\"search_term_string\"}}],\"inLanguage\":\"es\"},{\"@type\":\"Organization\",\"@id\":\"https:\/\/www.incalink.org\/es\/#organization\",\"name\":\"Inca Link International\",\"url\":\"https:\/\/www.incalink.org\/es\/\",\"logo\":{\"@type\":\"ImageObject\",\"inLanguage\":\"es\",\"@id\":\"https:\/\/www.incalink.org\/es\/#\/schema\/logo\/image\/\",\"url\":\"https:\/\/www.incalink.org\/wp-content\/uploads\/2022\/04\/ILI-Favicon_Gray-01-1.svg\",\"contentUrl\":\"https:\/\/www.incalink.org\/wp-content\/uploads\/2022\/04\/ILI-Favicon_Gray-01-1.svg\",\"width\":512,\"height\":512,\"caption\":\"Inca Link International\"},\"image\":{\"@id\":\"https:\/\/www.incalink.org\/es\/#\/schema\/logo\/image\/\"}}]}<\/script>\n<!-- \/ Yoast SEO plugin. -->","yoast_head_json":{"title":"Our Countries - Dark | Inca Link International","robots":{"index":"index","follow":"follow","max-snippet":"max-snippet:-1","max-image-preview":"max-image-preview:large","max-video-preview":"max-video-preview:-1"},"canonical":"https:\/\/www.incalink.org\/es\/shop\/ili\/our-countries-dark","og_locale":"es_ES","og_type":"article","og_title":"Our Countries - Dark | Inca Link International","og_description":"Inca Link\u2019s mission is to reach the 300 million youth of Latin America with Christ\u2019s irresistible love. We currently have projects that accomplish this mission in these countries, with hopes of opening more in the years to come. This classic unisex jersey short sleeve tee fits like a well-loved favorite. Soft cotton and quality print [&hellip;]","og_url":"https:\/\/www.incalink.org\/es\/shop\/ili\/our-countries-dark","og_site_name":"Inca Link International","article_modified_time":"2023-09-05T19:10:04+00:00","og_image":[{"width":1200,"height":1200,"url":"https:\/\/www.incalink.org\/wp-content\/uploads\/2023\/08\/18414.jpg","type":"image\/jpeg"}],"twitter_card":"summary_large_image","twitter_misc":{"Est. reading time":"1 minuto"},"schema":{"@context":"https:\/\/schema.org","@graph":[{"@type":"WebPage","@id":"https:\/\/www.incalink.org\/es\/shop\/ili\/our-countries-dark","url":"https:\/\/www.incalink.org\/es\/shop\/ili\/our-countries-dark","name":"Our Countries - Dark | Inca Link International","isPartOf":{"@id":"https:\/\/www.incalink.org\/es\/#website"},"primaryImageOfPage":{"@id":"https:\/\/www.incalink.org\/es\/shop\/ili\/our-countries-dark#primaryimage"},"image":{"@id":"https:\/\/www.incalink.org\/es\/shop\/ili\/our-countries-dark#primaryimage"},"thumbnailUrl":"https:\/\/www.incalink.org\/wp-content\/uploads\/2023\/08\/18414.jpg","datePublished":"2023-08-30T19:32:37+00:00","dateModified":"2023-09-05T19:10:04+00:00","breadcrumb":{"@id":"https:\/\/www.incalink.org\/es\/shop\/ili\/our-countries-dark#breadcrumb"},"inLanguage":"es","potentialAction":[{"@type":"ReadAction","target":["https:\/\/www.incalink.org\/es\/shop\/ili\/our-countries-dark"]}]},{"@type":"ImageObject","inLanguage":"es","@id":"https:\/\/www.incalink.org\/es\/shop\/ili\/our-countries-dark#primaryimage","url":"https:\/\/www.incalink.org\/wp-content\/uploads\/2023\/08\/18414.jpg","contentUrl":"https:\/\/www.incalink.org\/wp-content\/uploads\/2023\/08\/18414.jpg","width":1200,"height":1200},{"@type":"BreadcrumbList","@id":"https:\/\/www.incalink.org\/es\/shop\/ili\/our-countries-dark#breadcrumb","itemListElement":[{"@type":"ListItem","position":1,"name":"Home","item":"https:\/\/www.incalink.org\/"},{"@type":"ListItem","position":2,"name":"Shop","item":"https:\/\/www.incalink.org\/es\/shop"},{"@type":"ListItem","position":3,"name":"Our Countries &#8211; Dark"}]},{"@type":"WebSite","@id":"https:\/\/www.incalink.org\/es\/#website","url":"https:\/\/www.incalink.org\/es\/","name":"Inca Link Internacional","description":"Reaching the 300 million youth of Latin America with Christ\u2019s irresistible love.","publisher":{"@id":"https:\/\/www.incalink.org\/es\/#organization"},"potentialAction":[{"@type":"SearchAction","target":{"@type":"EntryPoint","urlTemplate":"https:\/\/www.incalink.org\/es\/?s={search_term_string}"},"query-input":{"@type":"PropertyValueSpecification","valueRequired":true,"valueName":"search_term_string"}}],"inLanguage":"es"},{"@type":"Organization","@id":"https:\/\/www.incalink.org\/es\/#organization","name":"Inca Link Internacional","url":"https:\/\/www.incalink.org\/es\/","logo":{"@type":"ImageObject","inLanguage":"es","@id":"https:\/\/www.incalink.org\/es\/#\/schema\/logo\/image\/","url":"https:\/\/www.incalink.org\/wp-content\/uploads\/2022\/04\/ILI-Favicon_Gray-01-1.svg","contentUrl":"https:\/\/www.incalink.org\/wp-content\/uploads\/2022\/04\/ILI-Favicon_Gray-01-1.svg","width":512,"height":512,"caption":"Inca Link International"},"image":{"@id":"https:\/\/www.incalink.org\/es\/#\/schema\/logo\/image\/"}}]}},"_links":{"self":[{"href":"https:\/\/www.incalink.org\/es\/wp-json\/wp\/v2\/product\/62484","targetHints":{"allow":["GET"]}}],"collection":[{"href":"https:\/\/www.incalink.org\/es\/wp-json\/wp\/v2\/product"}],"about":[{"href":"https:\/\/www.incalink.org\/es\/wp-json\/wp\/v2\/types\/product"}],"wp:featuredmedia":[{"embeddable":true,"href":"https:\/\/www.incalink.org\/es\/wp-json\/wp\/v2\/media\/62581"}],"wp:attachment":[{"href":"https:\/\/www.incalink.org\/es\/wp-json\/wp\/v2\/media?parent=62484"}],"wp:term":[{"taxonomy":"product_brand","embeddable":true,"href":"https:\/\/www.incalink.org\/es\/wp-json\/wp\/v2\/product_brand?post=62484"},{"taxonomy":"product_cat","embeddable":true,"href":"https:\/\/www.incalink.org\/es\/wp-json\/wp\/v2\/product_cat?post=62484"},{"taxonomy":"product_tag","embeddable":true,"href":"https:\/\/www.incalink.org\/es\/wp-json\/wp\/v2\/product_tag?post=62484"}],"curies":[{"name":"wp","href":"https:\/\/api.w.org\/{rel}","templated":true}]}}