{"id":63247,"date":"2023-09-13T15:19:11","date_gmt":"2023-09-13T19:19:11","guid":{"rendered":"https:\/\/www.incalink.org\/?post_type=product&#038;p=63247"},"modified":"2023-09-19T13:55:37","modified_gmt":"2023-09-19T17:55:37","slug":"plugged-in-live","status":"publish","type":"product","link":"https:\/\/www.incalink.org\/es\/shop\/corban-music\/plugged-in-live","title":{"rendered":"Plugged In Live"},"content":{"rendered":"<p>Este \u00e1lbum fue grabado en vivo en uno de nuestros conciertos durante nuestra gira m\u00e1s larga de 167 presentaciones en 167 d\u00edas. Grabamos en Lancaster, PA. La gente cant\u00f3 con nosotros y fue una experiencia de adoraci\u00f3n fenomenal en varios idiomas.<\/p>\n<p>Esta compra es una descarga digital.<\/p>\n<p><a href=\"https:\/\/www.incalink.org\/es\/ministries\/corban\/\">Visita nuestra p\u00e1gina para aprender m\u00e1s.<\/a><\/p>","protected":false},"excerpt":{"rendered":"<p>This album was recorded live at one of our concerts during our longest tour of 167 presentations in 167 days. We recorded in Lancaster, PA. The people sang with us and it was a phenomenal worship experience in multiple languages. This purchase is a digital download. Visit our page to learn more.<\/p>","protected":false},"featured_media":63245,"template":"","meta":{"_monsterinsights_skip_tracking":false,"_monsterinsights_sitenote_active":false,"_monsterinsights_sitenote_note":"","_monsterinsights_sitenote_category":0,"site-sidebar-layout":"default","site-content-layout":"","ast-site-content-layout":"default","site-content-style":"default","site-sidebar-style":"default","ast-global-header-display":"","ast-banner-title-visibility":"","ast-main-header-display":"","ast-hfb-above-header-display":"","ast-hfb-below-header-display":"","ast-hfb-mobile-header-display":"","site-post-title":"","ast-breadcrumbs-content":"","ast-featured-img":"","footer-sml-layout":"","ast-disable-related-posts":"","theme-transparent-header-meta":"default","adv-header-id-meta":"","stick-header-meta":"","header-above-stick-meta":"","header-main-stick-meta":"","header-below-stick-meta":"","astra-migrate-meta-layouts":"set","ast-page-background-enabled":"default","ast-page-background-meta":{"desktop":{"background-color":"var(--ast-global-color-4)","background-image":"","background-repeat":"repeat","background-position":"center center","background-size":"auto","background-attachment":"scroll","background-type":"","background-media":"","overlay-type":"","overlay-color":"","overlay-opacity":"","overlay-gradient":""},"tablet":{"background-color":"","background-image":"","background-repeat":"repeat","background-position":"center center","background-size":"auto","background-attachment":"scroll","background-type":"","background-media":"","overlay-type":"","overlay-color":"","overlay-opacity":"","overlay-gradient":""},"mobile":{"background-color":"","background-image":"","background-repeat":"repeat","background-position":"center center","background-size":"auto","background-attachment":"scroll","background-type":"","background-media":"","overlay-type":"","overlay-color":"","overlay-opacity":"","overlay-gradient":""}},"ast-content-background-meta":{"desktop":{"background-color":"var(--ast-global-color-5)","background-image":"","background-repeat":"repeat","background-position":"center center","background-size":"auto","background-attachment":"scroll","background-type":"","background-media":"","overlay-type":"","overlay-color":"","overlay-opacity":"","overlay-gradient":""},"tablet":{"background-color":"var(--ast-global-color-5)","background-image":"","background-repeat":"repeat","background-position":"center center","background-size":"auto","background-attachment":"scroll","background-type":"","background-media":"","overlay-type":"","overlay-color":"","overlay-opacity":"","overlay-gradient":""},"mobile":{"background-color":"var(--ast-global-color-5)","background-image":"","background-repeat":"repeat","background-position":"center center","background-size":"auto","background-attachment":"scroll","background-type":"","background-media":"","overlay-type":"","overlay-color":"","overlay-opacity":"","overlay-gradient":""}}},"product_brand":[],"product_cat":[456],"product_tag":[],"class_list":{"0":"post-63247","1":"product","2":"type-product","3":"status-publish","4":"has-post-thumbnail","6":"product_cat-corban-music","7":"desktop-align-center","8":"tablet-align-left","9":"mobile-align-left","11":"first","12":"instock","13":"downloadable","14":"virtual","15":"sold-individually","16":"taxable","17":"purchasable","18":"product-type-simple"},"yoast_head":"<!-- This site is optimized with the Yoast SEO plugin v27.1.1 - https:\/\/yoast.com\/product\/yoast-seo-wordpress\/ -->\n<title>Plugged In Live | Inca Link International<\/title>\n<meta name=\"robots\" content=\"index, follow, max-snippet:-1, max-image-preview:large, max-video-preview:-1\" \/>\n<link rel=\"canonical\" href=\"https:\/\/www.incalink.org\/es\/shop\/corban-music\/plugged-in-live\/\" \/>\n<meta property=\"og:locale\" content=\"es_ES\" \/>\n<meta property=\"og:type\" content=\"article\" \/>\n<meta property=\"og:title\" content=\"Plugged In Live | Inca Link International\" \/>\n<meta property=\"og:description\" content=\"This album was recorded live at one of our concerts during our longest tour of 167 presentations in 167 days. We recorded in Lancaster, PA. The people sang with us and it was a phenomenal worship experience in multiple languages. This purchase is a digital download. Visit our page to learn more.\" \/>\n<meta property=\"og:url\" content=\"https:\/\/www.incalink.org\/es\/shop\/corban-music\/plugged-in-live\/\" \/>\n<meta property=\"og:site_name\" content=\"Inca Link International\" \/>\n<meta property=\"article:modified_time\" content=\"2023-09-19T17:55:37+00:00\" \/>\n<meta property=\"og:image\" content=\"https:\/\/www.incalink.org\/wp-content\/uploads\/2023\/09\/PIL-Cd4.jpg\" \/>\n\t<meta property=\"og:image:width\" content=\"1600\" \/>\n\t<meta property=\"og:image:height\" content=\"1600\" \/>\n\t<meta property=\"og:image:type\" content=\"image\/jpeg\" \/>\n<meta name=\"twitter:card\" content=\"summary_large_image\" \/>\n<meta name=\"twitter:label1\" content=\"Est. reading time\" \/>\n\t<meta name=\"twitter:data1\" content=\"1 minuto\" \/>\n<script type=\"application\/ld+json\" class=\"yoast-schema-graph\">{\"@context\":\"https:\/\/schema.org\",\"@graph\":[{\"@type\":\"WebPage\",\"@id\":\"https:\/\/www.incalink.org\/shop\/corban-music\/plugged-in-live\",\"url\":\"https:\/\/www.incalink.org\/shop\/corban-music\/plugged-in-live\",\"name\":\"Plugged In Live | Inca Link International\",\"isPartOf\":{\"@id\":\"https:\/\/www.incalink.org\/es\/#website\"},\"primaryImageOfPage\":{\"@id\":\"https:\/\/www.incalink.org\/shop\/corban-music\/plugged-in-live#primaryimage\"},\"image\":{\"@id\":\"https:\/\/www.incalink.org\/shop\/corban-music\/plugged-in-live#primaryimage\"},\"thumbnailUrl\":\"https:\/\/www.incalink.org\/wp-content\/uploads\/2023\/09\/PIL-Cd4.jpg\",\"datePublished\":\"2023-09-13T19:19:11+00:00\",\"dateModified\":\"2023-09-19T17:55:37+00:00\",\"breadcrumb\":{\"@id\":\"https:\/\/www.incalink.org\/shop\/corban-music\/plugged-in-live#breadcrumb\"},\"inLanguage\":\"es\",\"potentialAction\":[{\"@type\":\"ReadAction\",\"target\":[\"https:\/\/www.incalink.org\/shop\/corban-music\/plugged-in-live\"]}]},{\"@type\":\"ImageObject\",\"inLanguage\":\"es\",\"@id\":\"https:\/\/www.incalink.org\/shop\/corban-music\/plugged-in-live#primaryimage\",\"url\":\"https:\/\/www.incalink.org\/wp-content\/uploads\/2023\/09\/PIL-Cd4.jpg\",\"contentUrl\":\"https:\/\/www.incalink.org\/wp-content\/uploads\/2023\/09\/PIL-Cd4.jpg\",\"width\":1600,\"height\":1600},{\"@type\":\"BreadcrumbList\",\"@id\":\"https:\/\/www.incalink.org\/shop\/corban-music\/plugged-in-live#breadcrumb\",\"itemListElement\":[{\"@type\":\"ListItem\",\"position\":1,\"name\":\"Home\",\"item\":\"https:\/\/www.incalink.org\/es\/\"},{\"@type\":\"ListItem\",\"position\":2,\"name\":\"Shop\",\"item\":\"https:\/\/www.incalink.org\/es\/shop\"},{\"@type\":\"ListItem\",\"position\":3,\"name\":\"Plugged In Live\"}]},{\"@type\":\"WebSite\",\"@id\":\"https:\/\/www.incalink.org\/es\/#website\",\"url\":\"https:\/\/www.incalink.org\/es\/\",\"name\":\"Inca Link International\",\"description\":\"Reaching the 300 million youth of Latin America with Christ\u2019s irresistible love.\",\"publisher\":{\"@id\":\"https:\/\/www.incalink.org\/es\/#organization\"},\"potentialAction\":[{\"@type\":\"SearchAction\",\"target\":{\"@type\":\"EntryPoint\",\"urlTemplate\":\"https:\/\/www.incalink.org\/es\/?s={search_term_string}\"},\"query-input\":{\"@type\":\"PropertyValueSpecification\",\"valueRequired\":true,\"valueName\":\"search_term_string\"}}],\"inLanguage\":\"es\"},{\"@type\":\"Organization\",\"@id\":\"https:\/\/www.incalink.org\/es\/#organization\",\"name\":\"Inca Link International\",\"url\":\"https:\/\/www.incalink.org\/es\/\",\"logo\":{\"@type\":\"ImageObject\",\"inLanguage\":\"es\",\"@id\":\"https:\/\/www.incalink.org\/es\/#\/schema\/logo\/image\/\",\"url\":\"https:\/\/www.incalink.org\/wp-content\/uploads\/2022\/04\/ILI-Favicon_Gray-01-1.svg\",\"contentUrl\":\"https:\/\/www.incalink.org\/wp-content\/uploads\/2022\/04\/ILI-Favicon_Gray-01-1.svg\",\"width\":512,\"height\":512,\"caption\":\"Inca Link International\"},\"image\":{\"@id\":\"https:\/\/www.incalink.org\/es\/#\/schema\/logo\/image\/\"}}]}<\/script>\n<!-- \/ Yoast SEO plugin. -->","yoast_head_json":{"title":"Plugged In Live | Inca Link International","robots":{"index":"index","follow":"follow","max-snippet":"max-snippet:-1","max-image-preview":"max-image-preview:large","max-video-preview":"max-video-preview:-1"},"canonical":"https:\/\/www.incalink.org\/es\/shop\/corban-music\/plugged-in-live\/","og_locale":"es_ES","og_type":"article","og_title":"Plugged In Live | Inca Link International","og_description":"This album was recorded live at one of our concerts during our longest tour of 167 presentations in 167 days. We recorded in Lancaster, PA. The people sang with us and it was a phenomenal worship experience in multiple languages. This purchase is a digital download. Visit our page to learn more.","og_url":"https:\/\/www.incalink.org\/es\/shop\/corban-music\/plugged-in-live\/","og_site_name":"Inca Link International","article_modified_time":"2023-09-19T17:55:37+00:00","og_image":[{"width":1600,"height":1600,"url":"https:\/\/www.incalink.org\/wp-content\/uploads\/2023\/09\/PIL-Cd4.jpg","type":"image\/jpeg"}],"twitter_card":"summary_large_image","twitter_misc":{"Est. reading time":"1 minuto"},"schema":{"@context":"https:\/\/schema.org","@graph":[{"@type":"WebPage","@id":"https:\/\/www.incalink.org\/shop\/corban-music\/plugged-in-live","url":"https:\/\/www.incalink.org\/shop\/corban-music\/plugged-in-live","name":"Plugged In Live | Inca Link International","isPartOf":{"@id":"https:\/\/www.incalink.org\/es\/#website"},"primaryImageOfPage":{"@id":"https:\/\/www.incalink.org\/shop\/corban-music\/plugged-in-live#primaryimage"},"image":{"@id":"https:\/\/www.incalink.org\/shop\/corban-music\/plugged-in-live#primaryimage"},"thumbnailUrl":"https:\/\/www.incalink.org\/wp-content\/uploads\/2023\/09\/PIL-Cd4.jpg","datePublished":"2023-09-13T19:19:11+00:00","dateModified":"2023-09-19T17:55:37+00:00","breadcrumb":{"@id":"https:\/\/www.incalink.org\/shop\/corban-music\/plugged-in-live#breadcrumb"},"inLanguage":"es","potentialAction":[{"@type":"ReadAction","target":["https:\/\/www.incalink.org\/shop\/corban-music\/plugged-in-live"]}]},{"@type":"ImageObject","inLanguage":"es","@id":"https:\/\/www.incalink.org\/shop\/corban-music\/plugged-in-live#primaryimage","url":"https:\/\/www.incalink.org\/wp-content\/uploads\/2023\/09\/PIL-Cd4.jpg","contentUrl":"https:\/\/www.incalink.org\/wp-content\/uploads\/2023\/09\/PIL-Cd4.jpg","width":1600,"height":1600},{"@type":"BreadcrumbList","@id":"https:\/\/www.incalink.org\/shop\/corban-music\/plugged-in-live#breadcrumb","itemListElement":[{"@type":"ListItem","position":1,"name":"Home","item":"https:\/\/www.incalink.org\/es\/"},{"@type":"ListItem","position":2,"name":"Shop","item":"https:\/\/www.incalink.org\/es\/shop"},{"@type":"ListItem","position":3,"name":"Plugged In Live"}]},{"@type":"WebSite","@id":"https:\/\/www.incalink.org\/es\/#website","url":"https:\/\/www.incalink.org\/es\/","name":"Inca Link Internacional","description":"Reaching the 300 million youth of Latin America with Christ\u2019s irresistible love.","publisher":{"@id":"https:\/\/www.incalink.org\/es\/#organization"},"potentialAction":[{"@type":"SearchAction","target":{"@type":"EntryPoint","urlTemplate":"https:\/\/www.incalink.org\/es\/?s={search_term_string}"},"query-input":{"@type":"PropertyValueSpecification","valueRequired":true,"valueName":"search_term_string"}}],"inLanguage":"es"},{"@type":"Organization","@id":"https:\/\/www.incalink.org\/es\/#organization","name":"Inca Link Internacional","url":"https:\/\/www.incalink.org\/es\/","logo":{"@type":"ImageObject","inLanguage":"es","@id":"https:\/\/www.incalink.org\/es\/#\/schema\/logo\/image\/","url":"https:\/\/www.incalink.org\/wp-content\/uploads\/2022\/04\/ILI-Favicon_Gray-01-1.svg","contentUrl":"https:\/\/www.incalink.org\/wp-content\/uploads\/2022\/04\/ILI-Favicon_Gray-01-1.svg","width":512,"height":512,"caption":"Inca Link International"},"image":{"@id":"https:\/\/www.incalink.org\/es\/#\/schema\/logo\/image\/"}}]}},"_links":{"self":[{"href":"https:\/\/www.incalink.org\/es\/wp-json\/wp\/v2\/product\/63247","targetHints":{"allow":["GET"]}}],"collection":[{"href":"https:\/\/www.incalink.org\/es\/wp-json\/wp\/v2\/product"}],"about":[{"href":"https:\/\/www.incalink.org\/es\/wp-json\/wp\/v2\/types\/product"}],"wp:featuredmedia":[{"embeddable":true,"href":"https:\/\/www.incalink.org\/es\/wp-json\/wp\/v2\/media\/63245"}],"wp:attachment":[{"href":"https:\/\/www.incalink.org\/es\/wp-json\/wp\/v2\/media?parent=63247"}],"wp:term":[{"taxonomy":"product_brand","embeddable":true,"href":"https:\/\/www.incalink.org\/es\/wp-json\/wp\/v2\/product_brand?post=63247"},{"taxonomy":"product_cat","embeddable":true,"href":"https:\/\/www.incalink.org\/es\/wp-json\/wp\/v2\/product_cat?post=63247"},{"taxonomy":"product_tag","embeddable":true,"href":"https:\/\/www.incalink.org\/es\/wp-json\/wp\/v2\/product_tag?post=63247"}],"curies":[{"name":"wp","href":"https:\/\/api.w.org\/{rel}","templated":true}]}}