{"id":63522,"date":"2023-10-17T11:53:35","date_gmt":"2023-10-17T15:53:35","guid":{"rendered":"https:\/\/www.incalink.org\/?post_type=product&#038;p=63522"},"modified":"2024-10-14T21:27:36","modified_gmt":"2024-10-15T01:27:36","slug":"ili-crewneck-sweatshirt","status":"publish","type":"product","link":"https:\/\/www.incalink.org\/es\/shop\/ili\/ili-crewneck-sweatshirt","title":{"rendered":"ILI Sudadera con Cuello Redondo"},"content":{"rendered":"<p>Ideal para cualquier situaci\u00f3n, una sudadera unisex de mezcla pesada con cuello redondo es pura comodidad. Estas prendas est\u00e1n confeccionadas en poli\u00e9ster y algod\u00f3n. Esta combinaci\u00f3n ayuda a que los dise\u00f1os luzcan frescos y hermosos.<\/p>\n<p>.: Hecho con algod\u00f3n estadounidense 100 % cultivado de forma \u00e9tica.<br \/>\n.: Mezclas de telas: Colores Heather Sport \u2013 60% poli\u00e9ster, 40% algod\u00f3n<\/p>","protected":false},"excerpt":{"rendered":"<p>Ideal for any situation, a unisex heavy blend crewneck sweatshirt is pure comfort. These garments are made from polyester and cotton. This combination helps designs come out looking fresh and beautiful. .: Made using 100% ethically grown US cotton. .: Fabric blends: Heather Sport colors &#8211; 60% polyester, 40% cotton<\/p>","protected":false},"featured_media":63606,"template":"","meta":{"_monsterinsights_skip_tracking":false,"_monsterinsights_sitenote_active":false,"_monsterinsights_sitenote_note":"","_monsterinsights_sitenote_category":0,"site-sidebar-layout":"default","site-content-layout":"","ast-site-content-layout":"default","site-content-style":"default","site-sidebar-style":"default","ast-global-header-display":"","ast-banner-title-visibility":"","ast-main-header-display":"","ast-hfb-above-header-display":"","ast-hfb-below-header-display":"","ast-hfb-mobile-header-display":"","site-post-title":"","ast-breadcrumbs-content":"","ast-featured-img":"","footer-sml-layout":"","ast-disable-related-posts":"","theme-transparent-header-meta":"default","adv-header-id-meta":"","stick-header-meta":"","header-above-stick-meta":"","header-main-stick-meta":"","header-below-stick-meta":"","astra-migrate-meta-layouts":"set","ast-page-background-enabled":"default","ast-page-background-meta":{"desktop":{"background-color":"var(--ast-global-color-4)","background-image":"","background-repeat":"repeat","background-position":"center center","background-size":"auto","background-attachment":"scroll","background-type":"","background-media":"","overlay-type":"","overlay-color":"","overlay-opacity":"","overlay-gradient":""},"tablet":{"background-color":"","background-image":"","background-repeat":"repeat","background-position":"center center","background-size":"auto","background-attachment":"scroll","background-type":"","background-media":"","overlay-type":"","overlay-color":"","overlay-opacity":"","overlay-gradient":""},"mobile":{"background-color":"","background-image":"","background-repeat":"repeat","background-position":"center center","background-size":"auto","background-attachment":"scroll","background-type":"","background-media":"","overlay-type":"","overlay-color":"","overlay-opacity":"","overlay-gradient":""}},"ast-content-background-meta":{"desktop":{"background-color":"var(--ast-global-color-5)","background-image":"","background-repeat":"repeat","background-position":"center center","background-size":"auto","background-attachment":"scroll","background-type":"","background-media":"","overlay-type":"","overlay-color":"","overlay-opacity":"","overlay-gradient":""},"tablet":{"background-color":"var(--ast-global-color-5)","background-image":"","background-repeat":"repeat","background-position":"center center","background-size":"auto","background-attachment":"scroll","background-type":"","background-media":"","overlay-type":"","overlay-color":"","overlay-opacity":"","overlay-gradient":""},"mobile":{"background-color":"var(--ast-global-color-5)","background-image":"","background-repeat":"repeat","background-position":"center center","background-size":"auto","background-attachment":"scroll","background-type":"","background-media":"","overlay-type":"","overlay-color":"","overlay-opacity":"","overlay-gradient":""}}},"product_brand":[],"product_cat":[397],"product_tag":[],"class_list":{"0":"post-63522","1":"product","2":"type-product","3":"status-publish","4":"has-post-thumbnail","6":"product_cat-ili","7":"pa_color-black","8":"pa_color-dark-heather","9":"pa_color-graphite-heather","10":"pa_color-navy","11":"pa_color-red","12":"pa_color-royal","13":"pa_color-sport-grey","14":"pa_color-white","15":"pa_size-2xl","16":"pa_size-3xl","17":"pa_size-l","18":"pa_size-m","19":"pa_size-s","20":"pa_size-xl","21":"desktop-align-center","22":"tablet-align-left","23":"mobile-align-left","25":"first","26":"instock","27":"taxable","28":"shipping-taxable","29":"purchasable","30":"product-type-variable","31":"has-default-attributes","32":"rtwpvg-product"},"yoast_head":"<!-- This site is optimized with the Yoast SEO plugin v27.3 - https:\/\/yoast.com\/product\/yoast-seo-wordpress\/ -->\n<title>ILI Crewneck Sweatshirt | Inca Link International<\/title>\n<meta name=\"robots\" content=\"index, follow, max-snippet:-1, max-image-preview:large, max-video-preview:-1\" \/>\n<link rel=\"canonical\" href=\"https:\/\/www.incalink.org\/es\/shop\/ili\/ili-crewneck-sweatshirt\" \/>\n<meta property=\"og:locale\" content=\"es_ES\" \/>\n<meta property=\"og:type\" content=\"article\" \/>\n<meta property=\"og:title\" content=\"ILI Crewneck Sweatshirt | Inca Link International\" \/>\n<meta property=\"og:description\" content=\"Ideal for any situation, a unisex heavy blend crewneck sweatshirt is pure comfort. These garments are made from polyester and cotton. This combination helps designs come out looking fresh and beautiful. .: Made using 100% ethically grown US cotton. .: Fabric blends: Heather Sport colors &#8211; 60% polyester, 40% cotton\" \/>\n<meta property=\"og:url\" content=\"https:\/\/www.incalink.org\/es\/shop\/ili\/ili-crewneck-sweatshirt\" \/>\n<meta property=\"og:site_name\" content=\"Inca Link International\" \/>\n<meta property=\"article:modified_time\" content=\"2024-10-15T01:27:36+00:00\" \/>\n<meta property=\"og:image\" content=\"https:\/\/www.incalink.org\/wp-content\/uploads\/2023\/10\/25623.jpg\" \/>\n\t<meta property=\"og:image:width\" content=\"1200\" \/>\n\t<meta property=\"og:image:height\" content=\"1200\" \/>\n\t<meta property=\"og:image:type\" content=\"image\/jpeg\" \/>\n<meta name=\"twitter:card\" content=\"summary_large_image\" \/>\n<meta name=\"twitter:label1\" content=\"Est. reading time\" \/>\n\t<meta name=\"twitter:data1\" content=\"1 minuto\" \/>\n<script type=\"application\/ld+json\" class=\"yoast-schema-graph\">{\"@context\":\"https:\\\/\\\/schema.org\",\"@graph\":[{\"@type\":\"WebPage\",\"@id\":\"https:\\\/\\\/www.incalink.org\\\/es\\\/shop\\\/ili\\\/ili-crewneck-sweatshirt\",\"url\":\"https:\\\/\\\/www.incalink.org\\\/es\\\/shop\\\/ili\\\/ili-crewneck-sweatshirt\",\"name\":\"ILI Crewneck Sweatshirt | Inca Link International\",\"isPartOf\":{\"@id\":\"https:\\\/\\\/www.incalink.org\\\/es\\\/#website\"},\"primaryImageOfPage\":{\"@id\":\"https:\\\/\\\/www.incalink.org\\\/es\\\/shop\\\/ili\\\/ili-crewneck-sweatshirt#primaryimage\"},\"image\":{\"@id\":\"https:\\\/\\\/www.incalink.org\\\/es\\\/shop\\\/ili\\\/ili-crewneck-sweatshirt#primaryimage\"},\"thumbnailUrl\":\"https:\\\/\\\/www.incalink.org\\\/wp-content\\\/uploads\\\/2023\\\/10\\\/25623.jpg\",\"datePublished\":\"2023-10-17T15:53:35+00:00\",\"dateModified\":\"2024-10-15T01:27:36+00:00\",\"breadcrumb\":{\"@id\":\"https:\\\/\\\/www.incalink.org\\\/es\\\/shop\\\/ili\\\/ili-crewneck-sweatshirt#breadcrumb\"},\"inLanguage\":\"es\",\"potentialAction\":[{\"@type\":\"ReadAction\",\"target\":[\"https:\\\/\\\/www.incalink.org\\\/es\\\/shop\\\/ili\\\/ili-crewneck-sweatshirt\"]}]},{\"@type\":\"ImageObject\",\"inLanguage\":\"es\",\"@id\":\"https:\\\/\\\/www.incalink.org\\\/es\\\/shop\\\/ili\\\/ili-crewneck-sweatshirt#primaryimage\",\"url\":\"https:\\\/\\\/www.incalink.org\\\/wp-content\\\/uploads\\\/2023\\\/10\\\/25623.jpg\",\"contentUrl\":\"https:\\\/\\\/www.incalink.org\\\/wp-content\\\/uploads\\\/2023\\\/10\\\/25623.jpg\",\"width\":1200,\"height\":1200},{\"@type\":\"BreadcrumbList\",\"@id\":\"https:\\\/\\\/www.incalink.org\\\/es\\\/shop\\\/ili\\\/ili-crewneck-sweatshirt#breadcrumb\",\"itemListElement\":[{\"@type\":\"ListItem\",\"position\":1,\"name\":\"Home\",\"item\":\"https:\\\/\\\/www.incalink.org\\\/\"},{\"@type\":\"ListItem\",\"position\":2,\"name\":\"Shop\",\"item\":\"https:\\\/\\\/www.incalink.org\\\/es\\\/shop\"},{\"@type\":\"ListItem\",\"position\":3,\"name\":\"ILI Crewneck Sweatshirt\"}]},{\"@type\":\"WebSite\",\"@id\":\"https:\\\/\\\/www.incalink.org\\\/es\\\/#website\",\"url\":\"https:\\\/\\\/www.incalink.org\\\/es\\\/\",\"name\":\"Inca Link International\",\"description\":\"Reaching the 300 million youth of Latin America with Christ\u2019s irresistible love.\",\"publisher\":{\"@id\":\"https:\\\/\\\/www.incalink.org\\\/es\\\/#organization\"},\"potentialAction\":[{\"@type\":\"SearchAction\",\"target\":{\"@type\":\"EntryPoint\",\"urlTemplate\":\"https:\\\/\\\/www.incalink.org\\\/es\\\/?s={search_term_string}\"},\"query-input\":{\"@type\":\"PropertyValueSpecification\",\"valueRequired\":true,\"valueName\":\"search_term_string\"}}],\"inLanguage\":\"es\"},{\"@type\":\"Organization\",\"@id\":\"https:\\\/\\\/www.incalink.org\\\/es\\\/#organization\",\"name\":\"Inca Link International\",\"url\":\"https:\\\/\\\/www.incalink.org\\\/es\\\/\",\"logo\":{\"@type\":\"ImageObject\",\"inLanguage\":\"es\",\"@id\":\"https:\\\/\\\/www.incalink.org\\\/es\\\/#\\\/schema\\\/logo\\\/image\\\/\",\"url\":\"https:\\\/\\\/www.incalink.org\\\/wp-content\\\/uploads\\\/2022\\\/04\\\/ILI-Favicon_Gray-01-1.svg\",\"contentUrl\":\"https:\\\/\\\/www.incalink.org\\\/wp-content\\\/uploads\\\/2022\\\/04\\\/ILI-Favicon_Gray-01-1.svg\",\"width\":512,\"height\":512,\"caption\":\"Inca Link International\"},\"image\":{\"@id\":\"https:\\\/\\\/www.incalink.org\\\/es\\\/#\\\/schema\\\/logo\\\/image\\\/\"}}]}<\/script>\n<!-- \/ Yoast SEO plugin. -->","yoast_head_json":{"title":"ILI Crewneck Sweatshirt | Inca Link International","robots":{"index":"index","follow":"follow","max-snippet":"max-snippet:-1","max-image-preview":"max-image-preview:large","max-video-preview":"max-video-preview:-1"},"canonical":"https:\/\/www.incalink.org\/es\/shop\/ili\/ili-crewneck-sweatshirt","og_locale":"es_ES","og_type":"article","og_title":"ILI Crewneck Sweatshirt | Inca Link International","og_description":"Ideal for any situation, a unisex heavy blend crewneck sweatshirt is pure comfort. These garments are made from polyester and cotton. This combination helps designs come out looking fresh and beautiful. .: Made using 100% ethically grown US cotton. .: Fabric blends: Heather Sport colors &#8211; 60% polyester, 40% cotton","og_url":"https:\/\/www.incalink.org\/es\/shop\/ili\/ili-crewneck-sweatshirt","og_site_name":"Inca Link International","article_modified_time":"2024-10-15T01:27:36+00:00","og_image":[{"width":1200,"height":1200,"url":"https:\/\/www.incalink.org\/wp-content\/uploads\/2023\/10\/25623.jpg","type":"image\/jpeg"}],"twitter_card":"summary_large_image","twitter_misc":{"Est. reading time":"1 minuto"},"schema":{"@context":"https:\/\/schema.org","@graph":[{"@type":"WebPage","@id":"https:\/\/www.incalink.org\/es\/shop\/ili\/ili-crewneck-sweatshirt","url":"https:\/\/www.incalink.org\/es\/shop\/ili\/ili-crewneck-sweatshirt","name":"ILI Crewneck Sweatshirt | Inca Link International","isPartOf":{"@id":"https:\/\/www.incalink.org\/es\/#website"},"primaryImageOfPage":{"@id":"https:\/\/www.incalink.org\/es\/shop\/ili\/ili-crewneck-sweatshirt#primaryimage"},"image":{"@id":"https:\/\/www.incalink.org\/es\/shop\/ili\/ili-crewneck-sweatshirt#primaryimage"},"thumbnailUrl":"https:\/\/www.incalink.org\/wp-content\/uploads\/2023\/10\/25623.jpg","datePublished":"2023-10-17T15:53:35+00:00","dateModified":"2024-10-15T01:27:36+00:00","breadcrumb":{"@id":"https:\/\/www.incalink.org\/es\/shop\/ili\/ili-crewneck-sweatshirt#breadcrumb"},"inLanguage":"es","potentialAction":[{"@type":"ReadAction","target":["https:\/\/www.incalink.org\/es\/shop\/ili\/ili-crewneck-sweatshirt"]}]},{"@type":"ImageObject","inLanguage":"es","@id":"https:\/\/www.incalink.org\/es\/shop\/ili\/ili-crewneck-sweatshirt#primaryimage","url":"https:\/\/www.incalink.org\/wp-content\/uploads\/2023\/10\/25623.jpg","contentUrl":"https:\/\/www.incalink.org\/wp-content\/uploads\/2023\/10\/25623.jpg","width":1200,"height":1200},{"@type":"BreadcrumbList","@id":"https:\/\/www.incalink.org\/es\/shop\/ili\/ili-crewneck-sweatshirt#breadcrumb","itemListElement":[{"@type":"ListItem","position":1,"name":"Home","item":"https:\/\/www.incalink.org\/"},{"@type":"ListItem","position":2,"name":"Shop","item":"https:\/\/www.incalink.org\/es\/shop"},{"@type":"ListItem","position":3,"name":"ILI Crewneck Sweatshirt"}]},{"@type":"WebSite","@id":"https:\/\/www.incalink.org\/es\/#website","url":"https:\/\/www.incalink.org\/es\/","name":"Inca Link Internacional","description":"Reaching the 300 million youth of Latin America with Christ\u2019s irresistible love.","publisher":{"@id":"https:\/\/www.incalink.org\/es\/#organization"},"potentialAction":[{"@type":"SearchAction","target":{"@type":"EntryPoint","urlTemplate":"https:\/\/www.incalink.org\/es\/?s={search_term_string}"},"query-input":{"@type":"PropertyValueSpecification","valueRequired":true,"valueName":"search_term_string"}}],"inLanguage":"es"},{"@type":"Organization","@id":"https:\/\/www.incalink.org\/es\/#organization","name":"Inca Link Internacional","url":"https:\/\/www.incalink.org\/es\/","logo":{"@type":"ImageObject","inLanguage":"es","@id":"https:\/\/www.incalink.org\/es\/#\/schema\/logo\/image\/","url":"https:\/\/www.incalink.org\/wp-content\/uploads\/2022\/04\/ILI-Favicon_Gray-01-1.svg","contentUrl":"https:\/\/www.incalink.org\/wp-content\/uploads\/2022\/04\/ILI-Favicon_Gray-01-1.svg","width":512,"height":512,"caption":"Inca Link International"},"image":{"@id":"https:\/\/www.incalink.org\/es\/#\/schema\/logo\/image\/"}}]}},"_links":{"self":[{"href":"https:\/\/www.incalink.org\/es\/wp-json\/wp\/v2\/product\/63522","targetHints":{"allow":["GET"]}}],"collection":[{"href":"https:\/\/www.incalink.org\/es\/wp-json\/wp\/v2\/product"}],"about":[{"href":"https:\/\/www.incalink.org\/es\/wp-json\/wp\/v2\/types\/product"}],"wp:featuredmedia":[{"embeddable":true,"href":"https:\/\/www.incalink.org\/es\/wp-json\/wp\/v2\/media\/63606"}],"wp:attachment":[{"href":"https:\/\/www.incalink.org\/es\/wp-json\/wp\/v2\/media?parent=63522"}],"wp:term":[{"taxonomy":"product_brand","embeddable":true,"href":"https:\/\/www.incalink.org\/es\/wp-json\/wp\/v2\/product_brand?post=63522"},{"taxonomy":"product_cat","embeddable":true,"href":"https:\/\/www.incalink.org\/es\/wp-json\/wp\/v2\/product_cat?post=63522"},{"taxonomy":"product_tag","embeddable":true,"href":"https:\/\/www.incalink.org\/es\/wp-json\/wp\/v2\/product_tag?post=63522"}],"curies":[{"name":"wp","href":"https:\/\/api.w.org\/{rel}","templated":true}]}}