{"id":65268,"date":"2024-05-07T13:32:23","date_gmt":"2024-05-07T17:32:23","guid":{"rendered":"https:\/\/www.incalink.org\/shop\/uncategorized\/choose-joy"},"modified":"2024-05-09T13:03:12","modified_gmt":"2024-05-09T17:03:12","slug":"choose-joy","status":"publish","type":"product","link":"https:\/\/www.incalink.org\/es\/shop\/ili\/choose-joy","title":{"rendered":"Choose Joy (Elige la Alegr\u00eda)"},"content":{"rendered":"<p>La felicidad depende de las circunstancias, algo que no siempre podemos controlar. La alegr\u00eda nos la da Dios y la alimentamos nosotros para apoyarnos en ella.<\/p>\n<p>Esta cl\u00e1sica camiseta de manga corta de punto unisex se adapta como una favorita. El algod\u00f3n suave y el estampado de calidad hacen que los usuarios se enamoren de \u00e9l una y otra vez.<\/p>\n<p>.: Venta al por menor<br \/>\n.: Funciona fiel al tama\u00f1o<\/p>","protected":false},"excerpt":{"rendered":"<p>Happiness relies on circumstances, something we can&#8217;t always control. Joy is given by God and nurtured by us to lean on. This classic unisex jersey short sleeve tee fits like a well-loved favorite. Soft cotton and quality print make users fall in love with it over and over again. .: Retail Fit .: Runs true [&hellip;]<\/p>\n","protected":false},"featured_media":65839,"template":"","meta":{"_monsterinsights_skip_tracking":false,"_monsterinsights_sitenote_active":false,"_monsterinsights_sitenote_note":"","_monsterinsights_sitenote_category":0,"site-sidebar-layout":"default","site-content-layout":"","ast-site-content-layout":"default","site-content-style":"default","site-sidebar-style":"default","ast-global-header-display":"","ast-banner-title-visibility":"","ast-main-header-display":"","ast-hfb-above-header-display":"","ast-hfb-below-header-display":"","ast-hfb-mobile-header-display":"","site-post-title":"","ast-breadcrumbs-content":"","ast-featured-img":"","footer-sml-layout":"","ast-disable-related-posts":"","theme-transparent-header-meta":"default","adv-header-id-meta":"","stick-header-meta":"","header-above-stick-meta":"","header-main-stick-meta":"","header-below-stick-meta":"","astra-migrate-meta-layouts":"set","ast-page-background-enabled":"default","ast-page-background-meta":{"desktop":{"background-color":"var(--ast-global-color-4)","background-image":"","background-repeat":"repeat","background-position":"center center","background-size":"auto","background-attachment":"scroll","background-type":"","background-media":"","overlay-type":"","overlay-color":"","overlay-opacity":"","overlay-gradient":""},"tablet":{"background-color":"","background-image":"","background-repeat":"repeat","background-position":"center center","background-size":"auto","background-attachment":"scroll","background-type":"","background-media":"","overlay-type":"","overlay-color":"","overlay-opacity":"","overlay-gradient":""},"mobile":{"background-color":"","background-image":"","background-repeat":"repeat","background-position":"center center","background-size":"auto","background-attachment":"scroll","background-type":"","background-media":"","overlay-type":"","overlay-color":"","overlay-opacity":"","overlay-gradient":""}},"ast-content-background-meta":{"desktop":{"background-color":"var(--ast-global-color-5)","background-image":"","background-repeat":"repeat","background-position":"center center","background-size":"auto","background-attachment":"scroll","background-type":"","background-media":"","overlay-type":"","overlay-color":"","overlay-opacity":"","overlay-gradient":""},"tablet":{"background-color":"var(--ast-global-color-5)","background-image":"","background-repeat":"repeat","background-position":"center center","background-size":"auto","background-attachment":"scroll","background-type":"","background-media":"","overlay-type":"","overlay-color":"","overlay-opacity":"","overlay-gradient":""},"mobile":{"background-color":"var(--ast-global-color-5)","background-image":"","background-repeat":"repeat","background-position":"center center","background-size":"auto","background-attachment":"scroll","background-type":"","background-media":"","overlay-type":"","overlay-color":"","overlay-opacity":"","overlay-gradient":""}}},"product_brand":[],"product_cat":[397],"product_tag":[],"class_list":{"0":"post-65268","1":"product","2":"type-product","3":"status-publish","4":"has-post-thumbnail","6":"product_cat-ili","7":"pa_color-white","8":"pa_color-silver","9":"pa_color-athletic-heather","10":"pa_color-asphalt","11":"pa_color-dark-grey","12":"pa_color-dark-grey-heather","13":"pa_color-heather-red","14":"pa_color-red","15":"pa_color-maroon","16":"pa_color-gold","17":"pa_color-natural","18":"pa_color-heather-kelly","19":"pa_color-turquoise","20":"pa_color-aqua","21":"pa_color-heather-navy","22":"pa_color-navy","23":"pa_size-s","24":"pa_size-m","25":"pa_size-l","26":"pa_size-xl","27":"pa_size-2xl","28":"pa_size-3xl","29":"desktop-align-center","30":"tablet-align-left","31":"mobile-align-left","33":"first","34":"instock","35":"taxable","36":"shipping-taxable","37":"purchasable","38":"product-type-variable","39":"has-default-attributes","40":"rtwpvg-product"},"yoast_head":"<!-- This site is optimized with the Yoast SEO plugin v27.1.1 - https:\/\/yoast.com\/product\/yoast-seo-wordpress\/ -->\n<title>Choose Joy | Inca Link International<\/title>\n<meta name=\"robots\" content=\"index, follow, max-snippet:-1, max-image-preview:large, max-video-preview:-1\" \/>\n<link rel=\"canonical\" href=\"https:\/\/www.incalink.org\/es\/shop\/ili\/choose-joy\/\" \/>\n<meta property=\"og:locale\" content=\"es_ES\" \/>\n<meta property=\"og:type\" content=\"article\" \/>\n<meta property=\"og:title\" content=\"Choose Joy | Inca Link International\" \/>\n<meta property=\"og:description\" content=\"Happiness relies on circumstances, something we can&#8217;t always control. Joy is given by God and nurtured by us to lean on. This classic unisex jersey short sleeve tee fits like a well-loved favorite. Soft cotton and quality print make users fall in love with it over and over again. .: Retail Fit .: Runs true [&hellip;]\" \/>\n<meta property=\"og:url\" content=\"https:\/\/www.incalink.org\/es\/shop\/ili\/choose-joy\/\" \/>\n<meta property=\"og:site_name\" content=\"Inca Link International\" \/>\n<meta property=\"article:modified_time\" content=\"2024-05-09T17:03:12+00:00\" \/>\n<meta property=\"og:image\" content=\"https:\/\/www.incalink.org\/wp-content\/uploads\/2024\/05\/18526-e1715109489242.jpg\" \/>\n\t<meta property=\"og:image:width\" content=\"1200\" \/>\n\t<meta property=\"og:image:height\" content=\"1200\" \/>\n\t<meta property=\"og:image:type\" content=\"image\/jpeg\" \/>\n<meta name=\"twitter:card\" content=\"summary_large_image\" \/>\n<meta name=\"twitter:label1\" content=\"Est. reading time\" \/>\n\t<meta name=\"twitter:data1\" content=\"1 minuto\" \/>\n<script type=\"application\/ld+json\" class=\"yoast-schema-graph\">{\"@context\":\"https:\/\/schema.org\",\"@graph\":[{\"@type\":\"WebPage\",\"@id\":\"https:\/\/www.incalink.org\/shop\/ili\/choose-joy\",\"url\":\"https:\/\/www.incalink.org\/shop\/ili\/choose-joy\",\"name\":\"Choose Joy | Inca Link International\",\"isPartOf\":{\"@id\":\"https:\/\/www.incalink.org\/es\/#website\"},\"primaryImageOfPage\":{\"@id\":\"https:\/\/www.incalink.org\/shop\/ili\/choose-joy#primaryimage\"},\"image\":{\"@id\":\"https:\/\/www.incalink.org\/shop\/ili\/choose-joy#primaryimage\"},\"thumbnailUrl\":\"https:\/\/www.incalink.org\/wp-content\/uploads\/2024\/05\/18526-e1715109489242.jpg\",\"datePublished\":\"2024-05-07T17:32:23+00:00\",\"dateModified\":\"2024-05-09T17:03:12+00:00\",\"breadcrumb\":{\"@id\":\"https:\/\/www.incalink.org\/shop\/ili\/choose-joy#breadcrumb\"},\"inLanguage\":\"es\",\"potentialAction\":[{\"@type\":\"ReadAction\",\"target\":[\"https:\/\/www.incalink.org\/shop\/ili\/choose-joy\"]}]},{\"@type\":\"ImageObject\",\"inLanguage\":\"es\",\"@id\":\"https:\/\/www.incalink.org\/shop\/ili\/choose-joy#primaryimage\",\"url\":\"https:\/\/www.incalink.org\/wp-content\/uploads\/2024\/05\/18526-e1715109489242.jpg\",\"contentUrl\":\"https:\/\/www.incalink.org\/wp-content\/uploads\/2024\/05\/18526-e1715109489242.jpg\",\"width\":1200,\"height\":1200},{\"@type\":\"BreadcrumbList\",\"@id\":\"https:\/\/www.incalink.org\/shop\/ili\/choose-joy#breadcrumb\",\"itemListElement\":[{\"@type\":\"ListItem\",\"position\":1,\"name\":\"Home\",\"item\":\"https:\/\/www.incalink.org\/\"},{\"@type\":\"ListItem\",\"position\":2,\"name\":\"Shop\",\"item\":\"https:\/\/www.incalink.org\/es\/shop\"},{\"@type\":\"ListItem\",\"position\":3,\"name\":\"Choose Joy\"}]},{\"@type\":\"WebSite\",\"@id\":\"https:\/\/www.incalink.org\/es\/#website\",\"url\":\"https:\/\/www.incalink.org\/es\/\",\"name\":\"Inca Link International\",\"description\":\"Reaching the 300 million youth of Latin America with Christ\u2019s irresistible love.\",\"publisher\":{\"@id\":\"https:\/\/www.incalink.org\/es\/#organization\"},\"potentialAction\":[{\"@type\":\"SearchAction\",\"target\":{\"@type\":\"EntryPoint\",\"urlTemplate\":\"https:\/\/www.incalink.org\/es\/?s={search_term_string}\"},\"query-input\":{\"@type\":\"PropertyValueSpecification\",\"valueRequired\":true,\"valueName\":\"search_term_string\"}}],\"inLanguage\":\"es\"},{\"@type\":\"Organization\",\"@id\":\"https:\/\/www.incalink.org\/es\/#organization\",\"name\":\"Inca Link International\",\"url\":\"https:\/\/www.incalink.org\/es\/\",\"logo\":{\"@type\":\"ImageObject\",\"inLanguage\":\"es\",\"@id\":\"https:\/\/www.incalink.org\/es\/#\/schema\/logo\/image\/\",\"url\":\"https:\/\/www.incalink.org\/wp-content\/uploads\/2022\/04\/ILI-Favicon_Gray-01-1.svg\",\"contentUrl\":\"https:\/\/www.incalink.org\/wp-content\/uploads\/2022\/04\/ILI-Favicon_Gray-01-1.svg\",\"width\":512,\"height\":512,\"caption\":\"Inca Link International\"},\"image\":{\"@id\":\"https:\/\/www.incalink.org\/es\/#\/schema\/logo\/image\/\"}}]}<\/script>\n<!-- \/ Yoast SEO plugin. -->","yoast_head_json":{"title":"Choose Joy | Inca Link International","robots":{"index":"index","follow":"follow","max-snippet":"max-snippet:-1","max-image-preview":"max-image-preview:large","max-video-preview":"max-video-preview:-1"},"canonical":"https:\/\/www.incalink.org\/es\/shop\/ili\/choose-joy\/","og_locale":"es_ES","og_type":"article","og_title":"Choose Joy | Inca Link International","og_description":"Happiness relies on circumstances, something we can&#8217;t always control. Joy is given by God and nurtured by us to lean on. This classic unisex jersey short sleeve tee fits like a well-loved favorite. Soft cotton and quality print make users fall in love with it over and over again. .: Retail Fit .: Runs true [&hellip;]","og_url":"https:\/\/www.incalink.org\/es\/shop\/ili\/choose-joy\/","og_site_name":"Inca Link International","article_modified_time":"2024-05-09T17:03:12+00:00","og_image":[{"width":1200,"height":1200,"url":"https:\/\/www.incalink.org\/wp-content\/uploads\/2024\/05\/18526-e1715109489242.jpg","type":"image\/jpeg"}],"twitter_card":"summary_large_image","twitter_misc":{"Est. reading time":"1 minuto"},"schema":{"@context":"https:\/\/schema.org","@graph":[{"@type":"WebPage","@id":"https:\/\/www.incalink.org\/shop\/ili\/choose-joy","url":"https:\/\/www.incalink.org\/shop\/ili\/choose-joy","name":"Choose Joy | Inca Link International","isPartOf":{"@id":"https:\/\/www.incalink.org\/es\/#website"},"primaryImageOfPage":{"@id":"https:\/\/www.incalink.org\/shop\/ili\/choose-joy#primaryimage"},"image":{"@id":"https:\/\/www.incalink.org\/shop\/ili\/choose-joy#primaryimage"},"thumbnailUrl":"https:\/\/www.incalink.org\/wp-content\/uploads\/2024\/05\/18526-e1715109489242.jpg","datePublished":"2024-05-07T17:32:23+00:00","dateModified":"2024-05-09T17:03:12+00:00","breadcrumb":{"@id":"https:\/\/www.incalink.org\/shop\/ili\/choose-joy#breadcrumb"},"inLanguage":"es","potentialAction":[{"@type":"ReadAction","target":["https:\/\/www.incalink.org\/shop\/ili\/choose-joy"]}]},{"@type":"ImageObject","inLanguage":"es","@id":"https:\/\/www.incalink.org\/shop\/ili\/choose-joy#primaryimage","url":"https:\/\/www.incalink.org\/wp-content\/uploads\/2024\/05\/18526-e1715109489242.jpg","contentUrl":"https:\/\/www.incalink.org\/wp-content\/uploads\/2024\/05\/18526-e1715109489242.jpg","width":1200,"height":1200},{"@type":"BreadcrumbList","@id":"https:\/\/www.incalink.org\/shop\/ili\/choose-joy#breadcrumb","itemListElement":[{"@type":"ListItem","position":1,"name":"Home","item":"https:\/\/www.incalink.org\/"},{"@type":"ListItem","position":2,"name":"Shop","item":"https:\/\/www.incalink.org\/es\/shop"},{"@type":"ListItem","position":3,"name":"Choose Joy"}]},{"@type":"WebSite","@id":"https:\/\/www.incalink.org\/es\/#website","url":"https:\/\/www.incalink.org\/es\/","name":"Inca Link Internacional","description":"Reaching the 300 million youth of Latin America with Christ\u2019s irresistible love.","publisher":{"@id":"https:\/\/www.incalink.org\/es\/#organization"},"potentialAction":[{"@type":"SearchAction","target":{"@type":"EntryPoint","urlTemplate":"https:\/\/www.incalink.org\/es\/?s={search_term_string}"},"query-input":{"@type":"PropertyValueSpecification","valueRequired":true,"valueName":"search_term_string"}}],"inLanguage":"es"},{"@type":"Organization","@id":"https:\/\/www.incalink.org\/es\/#organization","name":"Inca Link Internacional","url":"https:\/\/www.incalink.org\/es\/","logo":{"@type":"ImageObject","inLanguage":"es","@id":"https:\/\/www.incalink.org\/es\/#\/schema\/logo\/image\/","url":"https:\/\/www.incalink.org\/wp-content\/uploads\/2022\/04\/ILI-Favicon_Gray-01-1.svg","contentUrl":"https:\/\/www.incalink.org\/wp-content\/uploads\/2022\/04\/ILI-Favicon_Gray-01-1.svg","width":512,"height":512,"caption":"Inca Link International"},"image":{"@id":"https:\/\/www.incalink.org\/es\/#\/schema\/logo\/image\/"}}]}},"_links":{"self":[{"href":"https:\/\/www.incalink.org\/es\/wp-json\/wp\/v2\/product\/65268","targetHints":{"allow":["GET"]}}],"collection":[{"href":"https:\/\/www.incalink.org\/es\/wp-json\/wp\/v2\/product"}],"about":[{"href":"https:\/\/www.incalink.org\/es\/wp-json\/wp\/v2\/types\/product"}],"wp:featuredmedia":[{"embeddable":true,"href":"https:\/\/www.incalink.org\/es\/wp-json\/wp\/v2\/media\/65839"}],"wp:attachment":[{"href":"https:\/\/www.incalink.org\/es\/wp-json\/wp\/v2\/media?parent=65268"}],"wp:term":[{"taxonomy":"product_brand","embeddable":true,"href":"https:\/\/www.incalink.org\/es\/wp-json\/wp\/v2\/product_brand?post=65268"},{"taxonomy":"product_cat","embeddable":true,"href":"https:\/\/www.incalink.org\/es\/wp-json\/wp\/v2\/product_cat?post=65268"},{"taxonomy":"product_tag","embeddable":true,"href":"https:\/\/www.incalink.org\/es\/wp-json\/wp\/v2\/product_tag?post=65268"}],"curies":[{"name":"wp","href":"https:\/\/api.w.org\/{rel}","templated":true}]}}