{"id":69503,"date":"2024-09-27T14:19:22","date_gmt":"2024-09-27T18:19:22","guid":{"rendered":"https:\/\/www.incalink.org\/?post_type=product&#038;p=69503"},"modified":"2024-11-06T14:36:43","modified_gmt":"2024-11-06T19:36:43","slug":"logo-onesie","status":"publish","type":"product","link":"https:\/\/www.incalink.org\/es\/shop\/ili\/logo-onesie","title":{"rendered":"Logo Body"},"content":{"rendered":"<p>La ropa de beb\u00e9 tiene que ser duradera y suave a la vez. El tejido es 100% algod\u00f3n para los colores lisos. Para los colores jaspeados, se incluye poli\u00e9ster.<\/p>\n<p>.: 100% algod\u00f3n peinado hilado en anillos (el contenido de fibra puede variar seg\u00fan los colores)<br \/>\n.: Tejido ligero (153 g\/m\u00b2)<br \/>\n.: Etiqueta arrancable<\/p>","protected":false},"excerpt":{"rendered":"<p>Baby clothing needs to be both durable and soft. The fabric is 100% cotton for solid colors. For heather colors, polyester is included. .: 100% Combed ringspun cotton (fiber content may vary for different colors) .: Light fabric (4.5 oz\/yd\u00b2 (153 g\/m\u00b2)) .: Tear away label<\/p>","protected":false},"featured_media":69941,"template":"","meta":{"_monsterinsights_skip_tracking":false,"_monsterinsights_sitenote_active":false,"_monsterinsights_sitenote_note":"","_monsterinsights_sitenote_category":0,"site-sidebar-layout":"default","site-content-layout":"","ast-site-content-layout":"default","site-content-style":"default","site-sidebar-style":"default","ast-global-header-display":"","ast-banner-title-visibility":"","ast-main-header-display":"","ast-hfb-above-header-display":"","ast-hfb-below-header-display":"","ast-hfb-mobile-header-display":"","site-post-title":"","ast-breadcrumbs-content":"","ast-featured-img":"","footer-sml-layout":"","ast-disable-related-posts":"","theme-transparent-header-meta":"default","adv-header-id-meta":"","stick-header-meta":"","header-above-stick-meta":"","header-main-stick-meta":"","header-below-stick-meta":"","astra-migrate-meta-layouts":"set","ast-page-background-enabled":"default","ast-page-background-meta":{"desktop":{"background-color":"var(--ast-global-color-4)","background-image":"","background-repeat":"repeat","background-position":"center center","background-size":"auto","background-attachment":"scroll","background-type":"","background-media":"","overlay-type":"","overlay-color":"","overlay-opacity":"","overlay-gradient":""},"tablet":{"background-color":"","background-image":"","background-repeat":"repeat","background-position":"center center","background-size":"auto","background-attachment":"scroll","background-type":"","background-media":"","overlay-type":"","overlay-color":"","overlay-opacity":"","overlay-gradient":""},"mobile":{"background-color":"","background-image":"","background-repeat":"repeat","background-position":"center center","background-size":"auto","background-attachment":"scroll","background-type":"","background-media":"","overlay-type":"","overlay-color":"","overlay-opacity":"","overlay-gradient":""}},"ast-content-background-meta":{"desktop":{"background-color":"var(--ast-global-color-5)","background-image":"","background-repeat":"repeat","background-position":"center center","background-size":"auto","background-attachment":"scroll","background-type":"","background-media":"","overlay-type":"","overlay-color":"","overlay-opacity":"","overlay-gradient":""},"tablet":{"background-color":"var(--ast-global-color-5)","background-image":"","background-repeat":"repeat","background-position":"center center","background-size":"auto","background-attachment":"scroll","background-type":"","background-media":"","overlay-type":"","overlay-color":"","overlay-opacity":"","overlay-gradient":""},"mobile":{"background-color":"var(--ast-global-color-5)","background-image":"","background-repeat":"repeat","background-position":"center center","background-size":"auto","background-attachment":"scroll","background-type":"","background-media":"","overlay-type":"","overlay-color":"","overlay-opacity":"","overlay-gradient":""}}},"product_brand":[],"product_cat":[397],"product_tag":[],"class_list":{"0":"post-69503","1":"product","2":"type-product","3":"status-publish","4":"has-post-thumbnail","6":"product_cat-ili","7":"pa_color-asphalt","8":"pa_color-athletic-heather","9":"pa_color-black","10":"pa_color-light-blue","11":"pa_color-navy","12":"pa_color-pink","13":"pa_color-red","14":"pa_color-royal","15":"pa_color-white","16":"pa_size-12m","17":"pa_size-18m","18":"pa_size-24m","19":"pa_size-6m","20":"pa_size-nb","21":"desktop-align-center","22":"tablet-align-left","23":"mobile-align-left","25":"first","26":"instock","27":"taxable","28":"shipping-taxable","29":"purchasable","30":"product-type-variable","31":"has-default-attributes","32":"rtwpvg-product"},"yoast_head":"<!-- This site is optimized with the Yoast SEO plugin v27.3 - https:\/\/yoast.com\/product\/yoast-seo-wordpress\/ -->\n<title>Logo Onesie | Inca Link International<\/title>\n<meta name=\"robots\" content=\"index, follow, max-snippet:-1, max-image-preview:large, max-video-preview:-1\" \/>\n<link rel=\"canonical\" href=\"https:\/\/www.incalink.org\/es\/shop\/ili\/logo-onesie\" \/>\n<meta property=\"og:locale\" content=\"es_ES\" \/>\n<meta property=\"og:type\" content=\"article\" \/>\n<meta property=\"og:title\" content=\"Logo Onesie | Inca Link International\" \/>\n<meta property=\"og:description\" content=\"Baby clothing needs to be both durable and soft. The fabric is 100% cotton for solid colors. For heather colors, polyester is included. .: 100% Combed ringspun cotton (fiber content may vary for different colors) .: Light fabric (4.5 oz\/yd\u00b2 (153 g\/m\u00b2)) .: Tear away label\" \/>\n<meta property=\"og:url\" content=\"https:\/\/www.incalink.org\/es\/shop\/ili\/logo-onesie\" \/>\n<meta property=\"og:site_name\" content=\"Inca Link International\" \/>\n<meta property=\"article:modified_time\" content=\"2024-11-06T19:36:43+00:00\" \/>\n<meta property=\"og:image\" content=\"https:\/\/www.incalink.org\/wp-content\/uploads\/2024\/10\/17406354696316179331_2048.jpeg\" \/>\n\t<meta property=\"og:image:width\" content=\"2048\" \/>\n\t<meta property=\"og:image:height\" content=\"2048\" \/>\n\t<meta property=\"og:image:type\" content=\"image\/jpeg\" \/>\n<meta name=\"twitter:card\" content=\"summary_large_image\" \/>\n<meta name=\"twitter:label1\" content=\"Est. reading time\" \/>\n\t<meta name=\"twitter:data1\" content=\"1 minuto\" \/>\n<script type=\"application\/ld+json\" class=\"yoast-schema-graph\">{\"@context\":\"https:\\\/\\\/schema.org\",\"@graph\":[{\"@type\":\"WebPage\",\"@id\":\"https:\\\/\\\/www.incalink.org\\\/es\\\/shop\\\/ili\\\/logo-onesie\",\"url\":\"https:\\\/\\\/www.incalink.org\\\/es\\\/shop\\\/ili\\\/logo-onesie\",\"name\":\"Logo Onesie | Inca Link International\",\"isPartOf\":{\"@id\":\"https:\\\/\\\/www.incalink.org\\\/es\\\/#website\"},\"primaryImageOfPage\":{\"@id\":\"https:\\\/\\\/www.incalink.org\\\/es\\\/shop\\\/ili\\\/logo-onesie#primaryimage\"},\"image\":{\"@id\":\"https:\\\/\\\/www.incalink.org\\\/es\\\/shop\\\/ili\\\/logo-onesie#primaryimage\"},\"thumbnailUrl\":\"https:\\\/\\\/www.incalink.org\\\/wp-content\\\/uploads\\\/2024\\\/10\\\/17406354696316179331_2048.jpeg\",\"datePublished\":\"2024-09-27T18:19:22+00:00\",\"dateModified\":\"2024-11-06T19:36:43+00:00\",\"breadcrumb\":{\"@id\":\"https:\\\/\\\/www.incalink.org\\\/es\\\/shop\\\/ili\\\/logo-onesie#breadcrumb\"},\"inLanguage\":\"es\",\"potentialAction\":[{\"@type\":\"ReadAction\",\"target\":[\"https:\\\/\\\/www.incalink.org\\\/es\\\/shop\\\/ili\\\/logo-onesie\"]}]},{\"@type\":\"ImageObject\",\"inLanguage\":\"es\",\"@id\":\"https:\\\/\\\/www.incalink.org\\\/es\\\/shop\\\/ili\\\/logo-onesie#primaryimage\",\"url\":\"https:\\\/\\\/www.incalink.org\\\/wp-content\\\/uploads\\\/2024\\\/10\\\/17406354696316179331_2048.jpeg\",\"contentUrl\":\"https:\\\/\\\/www.incalink.org\\\/wp-content\\\/uploads\\\/2024\\\/10\\\/17406354696316179331_2048.jpeg\",\"width\":2048,\"height\":2048},{\"@type\":\"BreadcrumbList\",\"@id\":\"https:\\\/\\\/www.incalink.org\\\/es\\\/shop\\\/ili\\\/logo-onesie#breadcrumb\",\"itemListElement\":[{\"@type\":\"ListItem\",\"position\":1,\"name\":\"Home\",\"item\":\"https:\\\/\\\/www.incalink.org\\\/\"},{\"@type\":\"ListItem\",\"position\":2,\"name\":\"Shop\",\"item\":\"https:\\\/\\\/www.incalink.org\\\/es\\\/shop\"},{\"@type\":\"ListItem\",\"position\":3,\"name\":\"Logo Onesie\"}]},{\"@type\":\"WebSite\",\"@id\":\"https:\\\/\\\/www.incalink.org\\\/es\\\/#website\",\"url\":\"https:\\\/\\\/www.incalink.org\\\/es\\\/\",\"name\":\"Inca Link International\",\"description\":\"Reaching the 300 million youth of Latin America with Christ\u2019s irresistible love.\",\"publisher\":{\"@id\":\"https:\\\/\\\/www.incalink.org\\\/es\\\/#organization\"},\"potentialAction\":[{\"@type\":\"SearchAction\",\"target\":{\"@type\":\"EntryPoint\",\"urlTemplate\":\"https:\\\/\\\/www.incalink.org\\\/es\\\/?s={search_term_string}\"},\"query-input\":{\"@type\":\"PropertyValueSpecification\",\"valueRequired\":true,\"valueName\":\"search_term_string\"}}],\"inLanguage\":\"es\"},{\"@type\":\"Organization\",\"@id\":\"https:\\\/\\\/www.incalink.org\\\/es\\\/#organization\",\"name\":\"Inca Link International\",\"url\":\"https:\\\/\\\/www.incalink.org\\\/es\\\/\",\"logo\":{\"@type\":\"ImageObject\",\"inLanguage\":\"es\",\"@id\":\"https:\\\/\\\/www.incalink.org\\\/es\\\/#\\\/schema\\\/logo\\\/image\\\/\",\"url\":\"https:\\\/\\\/www.incalink.org\\\/wp-content\\\/uploads\\\/2022\\\/04\\\/ILI-Favicon_Gray-01-1.svg\",\"contentUrl\":\"https:\\\/\\\/www.incalink.org\\\/wp-content\\\/uploads\\\/2022\\\/04\\\/ILI-Favicon_Gray-01-1.svg\",\"width\":512,\"height\":512,\"caption\":\"Inca Link International\"},\"image\":{\"@id\":\"https:\\\/\\\/www.incalink.org\\\/es\\\/#\\\/schema\\\/logo\\\/image\\\/\"}}]}<\/script>\n<!-- \/ Yoast SEO plugin. -->","yoast_head_json":{"title":"Logo Onesie | Inca Link International","robots":{"index":"index","follow":"follow","max-snippet":"max-snippet:-1","max-image-preview":"max-image-preview:large","max-video-preview":"max-video-preview:-1"},"canonical":"https:\/\/www.incalink.org\/es\/shop\/ili\/logo-onesie","og_locale":"es_ES","og_type":"article","og_title":"Logo Onesie | Inca Link International","og_description":"Baby clothing needs to be both durable and soft. The fabric is 100% cotton for solid colors. For heather colors, polyester is included. .: 100% Combed ringspun cotton (fiber content may vary for different colors) .: Light fabric (4.5 oz\/yd\u00b2 (153 g\/m\u00b2)) .: Tear away label","og_url":"https:\/\/www.incalink.org\/es\/shop\/ili\/logo-onesie","og_site_name":"Inca Link International","article_modified_time":"2024-11-06T19:36:43+00:00","og_image":[{"width":2048,"height":2048,"url":"https:\/\/www.incalink.org\/wp-content\/uploads\/2024\/10\/17406354696316179331_2048.jpeg","type":"image\/jpeg"}],"twitter_card":"summary_large_image","twitter_misc":{"Est. reading time":"1 minuto"},"schema":{"@context":"https:\/\/schema.org","@graph":[{"@type":"WebPage","@id":"https:\/\/www.incalink.org\/es\/shop\/ili\/logo-onesie","url":"https:\/\/www.incalink.org\/es\/shop\/ili\/logo-onesie","name":"Logo Onesie | Inca Link International","isPartOf":{"@id":"https:\/\/www.incalink.org\/es\/#website"},"primaryImageOfPage":{"@id":"https:\/\/www.incalink.org\/es\/shop\/ili\/logo-onesie#primaryimage"},"image":{"@id":"https:\/\/www.incalink.org\/es\/shop\/ili\/logo-onesie#primaryimage"},"thumbnailUrl":"https:\/\/www.incalink.org\/wp-content\/uploads\/2024\/10\/17406354696316179331_2048.jpeg","datePublished":"2024-09-27T18:19:22+00:00","dateModified":"2024-11-06T19:36:43+00:00","breadcrumb":{"@id":"https:\/\/www.incalink.org\/es\/shop\/ili\/logo-onesie#breadcrumb"},"inLanguage":"es","potentialAction":[{"@type":"ReadAction","target":["https:\/\/www.incalink.org\/es\/shop\/ili\/logo-onesie"]}]},{"@type":"ImageObject","inLanguage":"es","@id":"https:\/\/www.incalink.org\/es\/shop\/ili\/logo-onesie#primaryimage","url":"https:\/\/www.incalink.org\/wp-content\/uploads\/2024\/10\/17406354696316179331_2048.jpeg","contentUrl":"https:\/\/www.incalink.org\/wp-content\/uploads\/2024\/10\/17406354696316179331_2048.jpeg","width":2048,"height":2048},{"@type":"BreadcrumbList","@id":"https:\/\/www.incalink.org\/es\/shop\/ili\/logo-onesie#breadcrumb","itemListElement":[{"@type":"ListItem","position":1,"name":"Home","item":"https:\/\/www.incalink.org\/"},{"@type":"ListItem","position":2,"name":"Shop","item":"https:\/\/www.incalink.org\/es\/shop"},{"@type":"ListItem","position":3,"name":"Logo Onesie"}]},{"@type":"WebSite","@id":"https:\/\/www.incalink.org\/es\/#website","url":"https:\/\/www.incalink.org\/es\/","name":"Inca Link Internacional","description":"Reaching the 300 million youth of Latin America with Christ\u2019s irresistible love.","publisher":{"@id":"https:\/\/www.incalink.org\/es\/#organization"},"potentialAction":[{"@type":"SearchAction","target":{"@type":"EntryPoint","urlTemplate":"https:\/\/www.incalink.org\/es\/?s={search_term_string}"},"query-input":{"@type":"PropertyValueSpecification","valueRequired":true,"valueName":"search_term_string"}}],"inLanguage":"es"},{"@type":"Organization","@id":"https:\/\/www.incalink.org\/es\/#organization","name":"Inca Link Internacional","url":"https:\/\/www.incalink.org\/es\/","logo":{"@type":"ImageObject","inLanguage":"es","@id":"https:\/\/www.incalink.org\/es\/#\/schema\/logo\/image\/","url":"https:\/\/www.incalink.org\/wp-content\/uploads\/2022\/04\/ILI-Favicon_Gray-01-1.svg","contentUrl":"https:\/\/www.incalink.org\/wp-content\/uploads\/2022\/04\/ILI-Favicon_Gray-01-1.svg","width":512,"height":512,"caption":"Inca Link International"},"image":{"@id":"https:\/\/www.incalink.org\/es\/#\/schema\/logo\/image\/"}}]}},"_links":{"self":[{"href":"https:\/\/www.incalink.org\/es\/wp-json\/wp\/v2\/product\/69503","targetHints":{"allow":["GET"]}}],"collection":[{"href":"https:\/\/www.incalink.org\/es\/wp-json\/wp\/v2\/product"}],"about":[{"href":"https:\/\/www.incalink.org\/es\/wp-json\/wp\/v2\/types\/product"}],"wp:featuredmedia":[{"embeddable":true,"href":"https:\/\/www.incalink.org\/es\/wp-json\/wp\/v2\/media\/69941"}],"wp:attachment":[{"href":"https:\/\/www.incalink.org\/es\/wp-json\/wp\/v2\/media?parent=69503"}],"wp:term":[{"taxonomy":"product_brand","embeddable":true,"href":"https:\/\/www.incalink.org\/es\/wp-json\/wp\/v2\/product_brand?post=69503"},{"taxonomy":"product_cat","embeddable":true,"href":"https:\/\/www.incalink.org\/es\/wp-json\/wp\/v2\/product_cat?post=69503"},{"taxonomy":"product_tag","embeddable":true,"href":"https:\/\/www.incalink.org\/es\/wp-json\/wp\/v2\/product_tag?post=69503"}],"curies":[{"name":"wp","href":"https:\/\/api.w.org\/{rel}","templated":true}]}}