{"id":71037,"date":"2025-02-17T15:19:59","date_gmt":"2025-02-17T20:19:59","guid":{"rendered":"https:\/\/www.incalink.org\/shop\/uncategorized\/become-an-ant-el-hormiguero"},"modified":"2025-02-17T15:59:56","modified_gmt":"2025-02-17T20:59:56","slug":"become-an-ant-el-hormiguero","status":"publish","type":"product","link":"https:\/\/www.incalink.org\/es\/shop\/ile\/become-an-ant-el-hormiguero","title":{"rendered":"El Hormiguero"},"content":{"rendered":"<p>El Hormiguero reaches and disciples teenagers by serving other teenagers and children from vulnerable families, providing them with food, and supporting their education.<\/p>\n<p>Esta cl\u00e1sica camiseta de manga corta de punto unisex se adapta como una favorita. El algod\u00f3n suave y el estampado de calidad hacen que los usuarios se enamoren de \u00e9l una y otra vez.<\/p>\n<p>.: Funciona fiel al tama\u00f1o<br \/>\n.: The retail fit that is perfect for casual and semi-formal settings. The crew neckline adds a classic, neat style that&#8217;s perfect for accessorizing.<br \/>\n.: Bella+Canvas manufactures all its products in the US and internationally in humane, no-sweat-shop, sustainable way and is part of the Fair Labor Association as well as Platinum WRAP certified.<\/p>","protected":false},"excerpt":{"rendered":"<p>El Hormiguero reaches and disciples teenagers by serving other teenagers and children from vulnerable families, providing them with food, and supporting their education. This classic unisex jersey short sleeve tee fits like a well-loved favorite. Soft cotton and quality print make users fall in love with it over and over again. .: Runs true to [&hellip;]<\/p>\n","protected":false},"featured_media":71079,"template":"","meta":{"_monsterinsights_skip_tracking":false,"_monsterinsights_sitenote_active":false,"_monsterinsights_sitenote_note":"","_monsterinsights_sitenote_category":0,"site-sidebar-layout":"default","site-content-layout":"","ast-site-content-layout":"default","site-content-style":"default","site-sidebar-style":"default","ast-global-header-display":"","ast-banner-title-visibility":"","ast-main-header-display":"","ast-hfb-above-header-display":"","ast-hfb-below-header-display":"","ast-hfb-mobile-header-display":"","site-post-title":"","ast-breadcrumbs-content":"","ast-featured-img":"","footer-sml-layout":"","ast-disable-related-posts":"","theme-transparent-header-meta":"default","adv-header-id-meta":"","stick-header-meta":"","header-above-stick-meta":"","header-main-stick-meta":"","header-below-stick-meta":"","astra-migrate-meta-layouts":"set","ast-page-background-enabled":"default","ast-page-background-meta":{"desktop":{"background-color":"var(--ast-global-color-4)","background-image":"","background-repeat":"repeat","background-position":"center center","background-size":"auto","background-attachment":"scroll","background-type":"","background-media":"","overlay-type":"","overlay-color":"","overlay-opacity":"","overlay-gradient":""},"tablet":{"background-color":"","background-image":"","background-repeat":"repeat","background-position":"center center","background-size":"auto","background-attachment":"scroll","background-type":"","background-media":"","overlay-type":"","overlay-color":"","overlay-opacity":"","overlay-gradient":""},"mobile":{"background-color":"","background-image":"","background-repeat":"repeat","background-position":"center center","background-size":"auto","background-attachment":"scroll","background-type":"","background-media":"","overlay-type":"","overlay-color":"","overlay-opacity":"","overlay-gradient":""}},"ast-content-background-meta":{"desktop":{"background-color":"var(--ast-global-color-5)","background-image":"","background-repeat":"repeat","background-position":"center center","background-size":"auto","background-attachment":"scroll","background-type":"","background-media":"","overlay-type":"","overlay-color":"","overlay-opacity":"","overlay-gradient":""},"tablet":{"background-color":"var(--ast-global-color-5)","background-image":"","background-repeat":"repeat","background-position":"center center","background-size":"auto","background-attachment":"scroll","background-type":"","background-media":"","overlay-type":"","overlay-color":"","overlay-opacity":"","overlay-gradient":""},"mobile":{"background-color":"var(--ast-global-color-5)","background-image":"","background-repeat":"repeat","background-position":"center center","background-size":"auto","background-attachment":"scroll","background-type":"","background-media":"","overlay-type":"","overlay-color":"","overlay-opacity":"","overlay-gradient":""}}},"product_brand":[],"product_cat":[400],"product_tag":[],"class_list":{"0":"post-71037","1":"product","2":"type-product","3":"status-publish","4":"has-post-thumbnail","6":"product_cat-ile","7":"pa_color-black","8":"pa_color-forest-green","9":"pa_color-kelly-green","10":"pa_color-white","11":"pa_size-2xl","12":"pa_size-3xl","13":"pa_size-l","14":"pa_size-m","15":"pa_size-s","16":"pa_size-xl","17":"desktop-align-center","18":"tablet-align-left","19":"mobile-align-left","21":"first","22":"instock","23":"taxable","24":"shipping-taxable","25":"purchasable","26":"product-type-variable","27":"has-default-attributes","28":"rtwpvg-product"},"yoast_head":"<!-- This site is optimized with the Yoast SEO plugin v27.3 - https:\/\/yoast.com\/product\/yoast-seo-wordpress\/ -->\n<title>El Hormiguero | Inca Link International<\/title>\n<meta name=\"robots\" content=\"index, follow, max-snippet:-1, max-image-preview:large, max-video-preview:-1\" \/>\n<link rel=\"canonical\" href=\"https:\/\/www.incalink.org\/es\/shop\/ile\/become-an-ant-el-hormiguero\" \/>\n<meta property=\"og:locale\" content=\"es_ES\" \/>\n<meta property=\"og:type\" content=\"article\" \/>\n<meta property=\"og:title\" content=\"El Hormiguero | Inca Link International\" \/>\n<meta property=\"og:description\" content=\"El Hormiguero reaches and disciples teenagers by serving other teenagers and children from vulnerable families, providing them with food, and supporting their education. This classic unisex jersey short sleeve tee fits like a well-loved favorite. Soft cotton and quality print make users fall in love with it over and over again. .: Runs true to [&hellip;]\" \/>\n<meta property=\"og:url\" content=\"https:\/\/www.incalink.org\/es\/shop\/ile\/become-an-ant-el-hormiguero\" \/>\n<meta property=\"og:site_name\" content=\"Inca Link International\" \/>\n<meta property=\"article:modified_time\" content=\"2025-02-17T20:59:56+00:00\" \/>\n<meta property=\"og:image\" content=\"https:\/\/www.incalink.org\/wp-content\/uploads\/2025\/02\/9142299790672550423_2048.jpeg\" \/>\n\t<meta property=\"og:image:width\" content=\"2048\" \/>\n\t<meta property=\"og:image:height\" content=\"2048\" \/>\n\t<meta property=\"og:image:type\" content=\"image\/jpeg\" \/>\n<meta name=\"twitter:card\" content=\"summary_large_image\" \/>\n<meta name=\"twitter:label1\" content=\"Est. reading time\" \/>\n\t<meta name=\"twitter:data1\" content=\"1 minuto\" \/>\n<script type=\"application\/ld+json\" class=\"yoast-schema-graph\">{\"@context\":\"https:\\\/\\\/schema.org\",\"@graph\":[{\"@type\":\"WebPage\",\"@id\":\"https:\\\/\\\/www.incalink.org\\\/es\\\/shop\\\/ile\\\/become-an-ant-el-hormiguero\",\"url\":\"https:\\\/\\\/www.incalink.org\\\/es\\\/shop\\\/ile\\\/become-an-ant-el-hormiguero\",\"name\":\"El Hormiguero | Inca Link International\",\"isPartOf\":{\"@id\":\"https:\\\/\\\/www.incalink.org\\\/es\\\/#website\"},\"primaryImageOfPage\":{\"@id\":\"https:\\\/\\\/www.incalink.org\\\/es\\\/shop\\\/ile\\\/become-an-ant-el-hormiguero#primaryimage\"},\"image\":{\"@id\":\"https:\\\/\\\/www.incalink.org\\\/es\\\/shop\\\/ile\\\/become-an-ant-el-hormiguero#primaryimage\"},\"thumbnailUrl\":\"https:\\\/\\\/www.incalink.org\\\/wp-content\\\/uploads\\\/2025\\\/02\\\/9142299790672550423_2048.jpeg\",\"datePublished\":\"2025-02-17T20:19:59+00:00\",\"dateModified\":\"2025-02-17T20:59:56+00:00\",\"breadcrumb\":{\"@id\":\"https:\\\/\\\/www.incalink.org\\\/es\\\/shop\\\/ile\\\/become-an-ant-el-hormiguero#breadcrumb\"},\"inLanguage\":\"es\",\"potentialAction\":[{\"@type\":\"ReadAction\",\"target\":[\"https:\\\/\\\/www.incalink.org\\\/es\\\/shop\\\/ile\\\/become-an-ant-el-hormiguero\"]}]},{\"@type\":\"ImageObject\",\"inLanguage\":\"es\",\"@id\":\"https:\\\/\\\/www.incalink.org\\\/es\\\/shop\\\/ile\\\/become-an-ant-el-hormiguero#primaryimage\",\"url\":\"https:\\\/\\\/www.incalink.org\\\/wp-content\\\/uploads\\\/2025\\\/02\\\/9142299790672550423_2048.jpeg\",\"contentUrl\":\"https:\\\/\\\/www.incalink.org\\\/wp-content\\\/uploads\\\/2025\\\/02\\\/9142299790672550423_2048.jpeg\",\"width\":2048,\"height\":2048},{\"@type\":\"BreadcrumbList\",\"@id\":\"https:\\\/\\\/www.incalink.org\\\/es\\\/shop\\\/ile\\\/become-an-ant-el-hormiguero#breadcrumb\",\"itemListElement\":[{\"@type\":\"ListItem\",\"position\":1,\"name\":\"Home\",\"item\":\"https:\\\/\\\/www.incalink.org\\\/\"},{\"@type\":\"ListItem\",\"position\":2,\"name\":\"Shop\",\"item\":\"https:\\\/\\\/www.incalink.org\\\/es\\\/shop\"},{\"@type\":\"ListItem\",\"position\":3,\"name\":\"El Hormiguero\"}]},{\"@type\":\"WebSite\",\"@id\":\"https:\\\/\\\/www.incalink.org\\\/es\\\/#website\",\"url\":\"https:\\\/\\\/www.incalink.org\\\/es\\\/\",\"name\":\"Inca Link International\",\"description\":\"Reaching the 300 million youth of Latin America with Christ\u2019s irresistible love.\",\"publisher\":{\"@id\":\"https:\\\/\\\/www.incalink.org\\\/es\\\/#organization\"},\"potentialAction\":[{\"@type\":\"SearchAction\",\"target\":{\"@type\":\"EntryPoint\",\"urlTemplate\":\"https:\\\/\\\/www.incalink.org\\\/es\\\/?s={search_term_string}\"},\"query-input\":{\"@type\":\"PropertyValueSpecification\",\"valueRequired\":true,\"valueName\":\"search_term_string\"}}],\"inLanguage\":\"es\"},{\"@type\":\"Organization\",\"@id\":\"https:\\\/\\\/www.incalink.org\\\/es\\\/#organization\",\"name\":\"Inca Link International\",\"url\":\"https:\\\/\\\/www.incalink.org\\\/es\\\/\",\"logo\":{\"@type\":\"ImageObject\",\"inLanguage\":\"es\",\"@id\":\"https:\\\/\\\/www.incalink.org\\\/es\\\/#\\\/schema\\\/logo\\\/image\\\/\",\"url\":\"https:\\\/\\\/www.incalink.org\\\/wp-content\\\/uploads\\\/2022\\\/04\\\/ILI-Favicon_Gray-01-1.svg\",\"contentUrl\":\"https:\\\/\\\/www.incalink.org\\\/wp-content\\\/uploads\\\/2022\\\/04\\\/ILI-Favicon_Gray-01-1.svg\",\"width\":512,\"height\":512,\"caption\":\"Inca Link International\"},\"image\":{\"@id\":\"https:\\\/\\\/www.incalink.org\\\/es\\\/#\\\/schema\\\/logo\\\/image\\\/\"}}]}<\/script>\n<!-- \/ Yoast SEO plugin. -->","yoast_head_json":{"title":"El Hormiguero | Inca Link International","robots":{"index":"index","follow":"follow","max-snippet":"max-snippet:-1","max-image-preview":"max-image-preview:large","max-video-preview":"max-video-preview:-1"},"canonical":"https:\/\/www.incalink.org\/es\/shop\/ile\/become-an-ant-el-hormiguero","og_locale":"es_ES","og_type":"article","og_title":"El Hormiguero | Inca Link International","og_description":"El Hormiguero reaches and disciples teenagers by serving other teenagers and children from vulnerable families, providing them with food, and supporting their education. This classic unisex jersey short sleeve tee fits like a well-loved favorite. Soft cotton and quality print make users fall in love with it over and over again. .: Runs true to [&hellip;]","og_url":"https:\/\/www.incalink.org\/es\/shop\/ile\/become-an-ant-el-hormiguero","og_site_name":"Inca Link International","article_modified_time":"2025-02-17T20:59:56+00:00","og_image":[{"width":2048,"height":2048,"url":"https:\/\/www.incalink.org\/wp-content\/uploads\/2025\/02\/9142299790672550423_2048.jpeg","type":"image\/jpeg"}],"twitter_card":"summary_large_image","twitter_misc":{"Est. reading time":"1 minuto"},"schema":{"@context":"https:\/\/schema.org","@graph":[{"@type":"WebPage","@id":"https:\/\/www.incalink.org\/es\/shop\/ile\/become-an-ant-el-hormiguero","url":"https:\/\/www.incalink.org\/es\/shop\/ile\/become-an-ant-el-hormiguero","name":"El Hormiguero | Inca Link International","isPartOf":{"@id":"https:\/\/www.incalink.org\/es\/#website"},"primaryImageOfPage":{"@id":"https:\/\/www.incalink.org\/es\/shop\/ile\/become-an-ant-el-hormiguero#primaryimage"},"image":{"@id":"https:\/\/www.incalink.org\/es\/shop\/ile\/become-an-ant-el-hormiguero#primaryimage"},"thumbnailUrl":"https:\/\/www.incalink.org\/wp-content\/uploads\/2025\/02\/9142299790672550423_2048.jpeg","datePublished":"2025-02-17T20:19:59+00:00","dateModified":"2025-02-17T20:59:56+00:00","breadcrumb":{"@id":"https:\/\/www.incalink.org\/es\/shop\/ile\/become-an-ant-el-hormiguero#breadcrumb"},"inLanguage":"es","potentialAction":[{"@type":"ReadAction","target":["https:\/\/www.incalink.org\/es\/shop\/ile\/become-an-ant-el-hormiguero"]}]},{"@type":"ImageObject","inLanguage":"es","@id":"https:\/\/www.incalink.org\/es\/shop\/ile\/become-an-ant-el-hormiguero#primaryimage","url":"https:\/\/www.incalink.org\/wp-content\/uploads\/2025\/02\/9142299790672550423_2048.jpeg","contentUrl":"https:\/\/www.incalink.org\/wp-content\/uploads\/2025\/02\/9142299790672550423_2048.jpeg","width":2048,"height":2048},{"@type":"BreadcrumbList","@id":"https:\/\/www.incalink.org\/es\/shop\/ile\/become-an-ant-el-hormiguero#breadcrumb","itemListElement":[{"@type":"ListItem","position":1,"name":"Home","item":"https:\/\/www.incalink.org\/"},{"@type":"ListItem","position":2,"name":"Shop","item":"https:\/\/www.incalink.org\/es\/shop"},{"@type":"ListItem","position":3,"name":"El Hormiguero"}]},{"@type":"WebSite","@id":"https:\/\/www.incalink.org\/es\/#website","url":"https:\/\/www.incalink.org\/es\/","name":"Inca Link Internacional","description":"Reaching the 300 million youth of Latin America with Christ\u2019s irresistible love.","publisher":{"@id":"https:\/\/www.incalink.org\/es\/#organization"},"potentialAction":[{"@type":"SearchAction","target":{"@type":"EntryPoint","urlTemplate":"https:\/\/www.incalink.org\/es\/?s={search_term_string}"},"query-input":{"@type":"PropertyValueSpecification","valueRequired":true,"valueName":"search_term_string"}}],"inLanguage":"es"},{"@type":"Organization","@id":"https:\/\/www.incalink.org\/es\/#organization","name":"Inca Link Internacional","url":"https:\/\/www.incalink.org\/es\/","logo":{"@type":"ImageObject","inLanguage":"es","@id":"https:\/\/www.incalink.org\/es\/#\/schema\/logo\/image\/","url":"https:\/\/www.incalink.org\/wp-content\/uploads\/2022\/04\/ILI-Favicon_Gray-01-1.svg","contentUrl":"https:\/\/www.incalink.org\/wp-content\/uploads\/2022\/04\/ILI-Favicon_Gray-01-1.svg","width":512,"height":512,"caption":"Inca Link International"},"image":{"@id":"https:\/\/www.incalink.org\/es\/#\/schema\/logo\/image\/"}}]}},"_links":{"self":[{"href":"https:\/\/www.incalink.org\/es\/wp-json\/wp\/v2\/product\/71037","targetHints":{"allow":["GET"]}}],"collection":[{"href":"https:\/\/www.incalink.org\/es\/wp-json\/wp\/v2\/product"}],"about":[{"href":"https:\/\/www.incalink.org\/es\/wp-json\/wp\/v2\/types\/product"}],"wp:featuredmedia":[{"embeddable":true,"href":"https:\/\/www.incalink.org\/es\/wp-json\/wp\/v2\/media\/71079"}],"wp:attachment":[{"href":"https:\/\/www.incalink.org\/es\/wp-json\/wp\/v2\/media?parent=71037"}],"wp:term":[{"taxonomy":"product_brand","embeddable":true,"href":"https:\/\/www.incalink.org\/es\/wp-json\/wp\/v2\/product_brand?post=71037"},{"taxonomy":"product_cat","embeddable":true,"href":"https:\/\/www.incalink.org\/es\/wp-json\/wp\/v2\/product_cat?post=71037"},{"taxonomy":"product_tag","embeddable":true,"href":"https:\/\/www.incalink.org\/es\/wp-json\/wp\/v2\/product_tag?post=71037"}],"curies":[{"name":"wp","href":"https:\/\/api.w.org\/{rel}","templated":true}]}}